{"id":15,"date":"2025-05-19T21:10:55","date_gmt":"2025-05-20T00:10:55","guid":{"rendered":"https:\/\/www.ufpb.br\/pf-ufpb\/?page_id=15"},"modified":"2026-04-13T12:47:01","modified_gmt":"2026-04-13T15:47:01","slug":"quem-e-quem","status":"publish","type":"page","link":"https:\/\/www.ufpb.br\/pf-ufpb\/quem-e-quem\/","title":{"rendered":"Quem \u00e9 quem?"},"content":{"rendered":"\n<!-- SE\u00c7\u00c3O: PROCURADORES -->\n<table style=\"width:100%;max-width:860px;border-collapse:collapse;font-family:Arial,sans-serif;margin-bottom:12px\">\n  <tr>\n    <td style=\"padding:0 0 10px 0\">\n      <p style=\"color:#aaa;font-size:11px;letter-spacing:2px;text-transform:uppercase;margin:0 0 4px 0\">Corpo Jur\u00eddico<\/p>\n      <h3 style=\"color:#1a237e;font-size:18px;margin:0;font-weight:700\">Procuradores<\/h3>\n    <\/td>\n  <\/tr>\n<\/table>\n\n<table style=\"width:100%;max-width:860px;border-collapse:collapse;font-family:Arial,sans-serif;margin-bottom:20px;background:#fff;border-radius:12px;border:1px solid #e8eaf6\">\n  <tr>\n\n    <td style=\"width:33%;padding:30px 10px 30px 10px;text-align:center;vertical-align:bottom\">\n      <p style=\"color:#333;font-size:15px;font-style:italic;font-weight:700;margin:0 0 12px 0\">Fl\u00e1vio Pereira Gomes<\/p>\n      <img decoding=\"async\" src=\"http:\/\/www.ufpb.br\/pf-ufpb\/wp-content\/uploads\/sites\/79\/sites\/308\/2025\/07\/flavio_site-1.png\" style=\"width:150px;height:150px;border-radius:50%;object-fit:cover;border:4px solid #fff;margin:0 auto\">\n      <p style=\"color:#888;font-size:13px;font-style:italic;margin:10px 0 4px 0\">Procurador-Chefe<\/p>\n      <p style=\"color:#555;font-size:13px;margin:0\">\u2709 <a href=\"mailto:flavio.pereira@agu.gov.br\" style=\"color:#333;text-decoration:none\">flavio.pereira@agu.gov.br<\/a><\/p>\n    <\/td>\n\n    <td style=\"width:33%;padding:30px 10px 30px 10px;text-align:center;vertical-align:bottom\">\n      <p style=\"color:#333;font-size:15px;font-style:italic;font-weight:700;margin:0 0 12px 0\">Daniel Oliveira N\u00f3brega<\/p>\n      <img decoding=\"async\" src=\"http:\/\/www.ufpb.br\/pf-ufpb\/wp-content\/uploads\/sites\/79\/sites\/308\/2025\/09\/daniel-e1758547945366.png\" style=\"width:170px;height:170px;border-radius:50%;object-fit:cover;border:4px solid #fff;margin:0 auto\">\n      <p style=\"color:#888;font-size:13px;font-style:italic;margin:10px 0 4px 0\">Subprocurador-Chefe<\/p>\n      <p style=\"color:#555;font-size:13px;margin:0\">\u2709 <a href=\"mailto:daniel.nobrega@agu.gov.br\" style=\"color:#333;text-decoration:none\">daniel.nobrega@agu.gov.br<\/a><\/p>\n    <\/td>\n\n    <td style=\"width:33%;padding:30px 10px 30px 10px;text-align:center;vertical-align:bottom\">\n      <p style=\"color:#333;font-size:15px;font-style:italic;font-weight:700;margin:0 0 12px 0\">Andreia Graziela Gadelha<\/p>\n      <img decoding=\"async\" src=\"http:\/\/www.ufpb.br\/pf-ufpb\/wp-content\/uploads\/sites\/79\/sites\/308\/2025\/07\/andreia_site-4.png\" style=\"width:150px;height:150px;border-radius:50%;object-fit:cover;border:4px solid #fff;margin:0 auto\">\n      <p style=\"color:#888;font-size:13px;font-style:italic;margin:10px 0 4px 0\">Coordenadora Judicial<\/p>\n      <p style=\"color:#555;font-size:13px;margin:0\">\u2709 <a href=\"mailto:andreia.andrade@agu.gov.br\" style=\"color:#333;text-decoration:none\">andreia.andrade@agu.gov.br<\/a><\/p>\n    <\/td>\n\n  <\/tr>\n<\/table>\n\n<!-- SE\u00c7\u00c3O: ASSESSORIA JUR\u00cdDICA -->\n<table style=\"width:100%;max-width:860px;border-collapse:collapse;font-family:Arial,sans-serif;margin-bottom:12px;margin-top:10px\">\n  <tr>\n    <td style=\"padding:0 0 10px 0\">\n      <p style=\"color:#aaa;font-size:11px;letter-spacing:2px;text-transform:uppercase;margin:0 0 4px 0\">Assessoria<\/p>\n      <h3 style=\"color:#1a237e;font-size:18px;margin:0;font-weight:700\">Assessoria Jur\u00eddica<\/h3>\n    <\/td>\n  <\/tr>\n<\/table>\n\n<table style=\"width:100%;max-width:860px;border-collapse:collapse;font-family:Arial,sans-serif;margin-bottom:20px;background:#fff;border-radius:12px;border:1px solid #e8eaf6\">\n  <tr>\n\n    <td style=\"width:33%;padding:30px 10px 30px 10px;text-align:center;vertical-align:bottom\">\n      <p style=\"color:#333;font-size:15px;font-style:italic;font-weight:700;margin:0 0 12px 0\">Thiago Brito Franco<\/p>\n      <img decoding=\"async\" src=\"http:\/\/www.ufpb.br\/pf-ufpb\/wp-content\/uploads\/sites\/79\/sites\/308\/2025\/07\/THIAGO.png\" style=\"width:150px;height:150px;border-radius:50%;object-fit:cover;border:4px solid #fff;margin:0 auto\">\n      <p style=\"color:#888;font-size:13px;font-style:italic;margin:10px 0 0 0\">Coordenador<\/p>\n    <\/td>\n\n    <td style=\"width:33%;padding:30px 10px 30px 10px;text-align:center;vertical-align:bottom\"><\/td>\n    <td style=\"width:33%;padding:30px 10px 30px 10px;text-align:center;vertical-align:bottom\"><\/td>\n\n  <\/tr>\n<\/table>\n\n<!-- SE\u00c7\u00c3O: ASSESSORIA ADMINISTRATIVA -->\n<table style=\"width:100%;max-width:860px;border-collapse:collapse;font-family:Arial,sans-serif;margin-bottom:12px;margin-top:10px\">\n  <tr>\n    <td style=\"padding:0 0 10px 0\">\n      <p style=\"color:#aaa;font-size:11px;letter-spacing:2px;text-transform:uppercase;margin:0 0 4px 0\">Assessoria<\/p>\n      <h3 style=\"color:#1a237e;font-size:18px;margin:0;font-weight:700\">Assessoria Administrativa<\/h3>\n    <\/td>\n  <\/tr>\n<\/table>\n\n<table style=\"width:100%;max-width:860px;border-collapse:collapse;font-family:Arial,sans-serif;margin-bottom:20px;background:#fff;border-radius:12px;border:1px solid #e8eaf6\">\n  <tr>\n\n    <td style=\"width:33%;padding:30px 10px 10px 10px;text-align:center;vertical-align:bottom\">\n      <p style=\"color:#333;font-size:15px;font-style:italic;font-weight:700;margin:0 0 12px 0\">Anderson Lima<\/p>\n      <img decoding=\"async\" src=\"http:\/\/www.ufpb.br\/pf-ufpb\/wp-content\/uploads\/sites\/79\/sites\/308\/2026\/04\/anderson_-site.png\" style=\"width:150px;height:150px;border-radius:50%;object-fit:cover;border:4px solid #fff;margin:0 auto\">\n      <p style=\"color:#888;font-size:13px;font-style:italic;margin:10px 0 0 0\">Coordenador<\/p>\n    <\/td>\n\n    <td style=\"width:33%;padding:30px 10px 10px 10px;text-align:center;vertical-align:bottom\">\n      <p style=\"color:#333;font-size:15px;font-style:italic;font-weight:700;margin:0 0 12px 0\">Christiane Fragoso<\/p>\n      <img decoding=\"async\" src=\"http:\/\/www.ufpb.br\/pf-ufpb\/wp-content\/uploads\/sites\/79\/sites\/308\/2025\/07\/chris_site-1.png\" style=\"width:170px;height:170px;border-radius:50%;object-fit:cover;border:4px solid #fff;margin:0 auto\">\n    <\/td>\n\n    <td style=\"width:33%;padding:30px 10px 10px 10px;text-align:center;vertical-align:bottom\">\n      <p style=\"color:#333;font-size:15px;font-style:italic;font-weight:700;margin:0 0 12px 0\">Gabriela Barbosa<\/p>\n      <img decoding=\"async\" src=\"http:\/\/www.ufpb.br\/pf-ufpb\/wp-content\/uploads\/sites\/79\/sites\/308\/2025\/07\/gabi_site-1.png\" style=\"width:150px;height:150px;border-radius:50%;object-fit:cover;border:4px solid #fff;margin:0 auto\">\n    <\/td>\n\n  <\/tr>\n  <tr>\n\n    <td style=\"width:33%;padding:30px 10px 30px 10px;text-align:center;vertical-align:bottom\">\n      <p style=\"color:#333;font-size:15px;font-style:italic;font-weight:700;margin:0 0 12px 0\">Juliana Fin\u00edzola<\/p>\n      <img decoding=\"async\" src=\"http:\/\/www.ufpb.br\/pf-ufpb\/wp-content\/uploads\/sites\/79\/sites\/308\/2025\/07\/juliana_site-1.png\" style=\"width:150px;height:150px;border-radius:50%;object-fit:cover;border:4px solid #fff;margin:0 auto\">\n    <\/td>\n\n    <td style=\"width:33%;padding:30px 10px 30px 10px;text-align:center;vertical-align:bottom\">\n      <p style=\"color:#333;font-size:15px;font-style:italic;font-weight:700;margin:0 0 12px 0\">Rany Augusto<\/p>\n      <img decoding=\"async\" src=\"http:\/\/www.ufpb.br\/pf-ufpb\/wp-content\/uploads\/sites\/79\/sites\/308\/2025\/07\/rany_site-1.png\" style=\"width:170px;height:170px;border-radius:50%;object-fit:cover;border:4px solid #fff;margin:0 auto\">\n    <\/td>\n\n    <td style=\"width:33%;padding:30px 10px 30px 10px;text-align:center;vertical-align:bottom\">\n      <p style=\"color:#333;font-size:15px;font-style:italic;font-weight:700;margin:0 0 12px 0\">Severino Viegas<\/p>\n      <img decoding=\"async\" src=\"http:\/\/www.ufpb.br\/pf-ufpb\/wp-content\/uploads\/sites\/79\/sites\/308\/2026\/04\/imagem-Severino-site_redondo.png\" style=\"width:150px;height:150px;border-radius:50%;object-fit:cover;border:4px solid #fff;margin:0 auto\">\n    <\/td>\n\n  <\/tr>\n<\/table>\n\n\n\n<p><\/p>\n","protected":false},"excerpt":{"rendered":"<p>Corpo Jur\u00eddico Procuradores Fl\u00e1vio Pereira Gomes Procurador-Chefe \u2709 flavio.pereira@agu.gov.br Daniel Oliveira N\u00f3brega Subprocurador-Chefe \u2709 daniel.nobrega@agu.gov.br [&hellip;]<\/p>\n","protected":false},"author":47,"featured_media":0,"parent":0,"menu_order":0,"comment_status":"closed","ping_status":"closed","template":"","meta":{"footnotes":""},"class_list":["post-15","page","type-page","status-publish","hentry"],"_links":{"self":[{"href":"https:\/\/www.ufpb.br\/pf-ufpb\/wp-json\/wp\/v2\/pages\/15","targetHints":{"allow":["GET"]}}],"collection":[{"href":"https:\/\/www.ufpb.br\/pf-ufpb\/wp-json\/wp\/v2\/pages"}],"about":[{"href":"https:\/\/www.ufpb.br\/pf-ufpb\/wp-json\/wp\/v2\/types\/page"}],"author":[{"embeddable":true,"href":"https:\/\/www.ufpb.br\/pf-ufpb\/wp-json\/wp\/v2\/users\/47"}],"replies":[{"embeddable":true,"href":"https:\/\/www.ufpb.br\/pf-ufpb\/wp-json\/wp\/v2\/comments?post=15"}],"version-history":[{"count":33,"href":"https:\/\/www.ufpb.br\/pf-ufpb\/wp-json\/wp\/v2\/pages\/15\/revisions"}],"predecessor-version":[{"id":715,"href":"https:\/\/www.ufpb.br\/pf-ufpb\/wp-json\/wp\/v2\/pages\/15\/revisions\/715"}],"wp:attachment":[{"href":"https:\/\/www.ufpb.br\/pf-ufpb\/wp-json\/wp\/v2\/media?parent=15"}],"curies":[{"name":"wp","href":"https:\/\/api.w.org\/{rel}","templated":true}]}}