{"id":19,"date":"2025-09-26T12:18:32","date_gmt":"2025-09-26T15:18:32","guid":{"rendered":"https:\/\/www.ufpb.br\/pf-ufpb\/?page_id=19"},"modified":"2026-04-13T14:08:10","modified_gmt":"2026-04-13T17:08:10","slug":"carta-de-servicos","status":"publish","type":"page","link":"https:\/\/www.ufpb.br\/pf-ufpb\/carta-de-servicos\/","title":{"rendered":"Carta de Servi\u00e7os"},"content":{"rendered":"\n<p><\/p>\n\n\n\n<!-- HERO -->\n<div style=\"max-width:860px;background:#1a237e;border-radius:12px;padding:40px 36px;margin-bottom:24px;font-family:Arial,sans-serif\">\n  <table style=\"width:100%;border-collapse:collapse\">\n    <tr>\n      <td style=\"padding:0\">\n        <p style=\"color:#c5cae9;font-size:11px;letter-spacing:2px;text-transform:uppercase;margin:0 0 8px 0\">Procuradoria Federal \u2014 UFPB<\/p>\n        <p style=\"color:#ffffff;font-size:26px;font-weight:700;margin:0 0 12px 0;line-height:1.3\">Carta de Servi\u00e7os<\/p>\n        <p style=\"color:#c5cae9;font-size:15px;line-height:1.7;margin:0\">A Procuradoria Federal junto \u00e0 Universidade Federal da Para\u00edba (PF\/UFPB) \u00e9 o \u00f3rg\u00e3o respons\u00e1vel pela representa\u00e7\u00e3o judicial e extrajudicial da UFPB, bem como pela consultoria e assessoramento jur\u00eddico em todas as mat\u00e9rias de interesse institucional. Subordinada \u00e0 PGF e vinculada \u00e0 AGU, atua com base na legisla\u00e7\u00e3o vigente e nas normas internas da Universidade.<\/p>\n      <\/td>\n    <\/tr>\n  <\/table>\n<\/div>\n\n<!-- O QUE FAZ -->\n<table style=\"width:100%;max-width:860px;border-collapse:collapse;font-family:Arial,sans-serif;margin-bottom:12px\">\n  <tr>\n    <td style=\"padding:0 0 10px 0\">\n      <p style=\"color:#545353;font-size:10px;letter-spacing:2px;text-transform:uppercase;margin:0 0 4px 0\">Atua\u00e7\u00e3o<\/p>\n      <p style=\"color:#1a237e;font-size:18px;font-weight:700;margin:0\">O que a PF\/UFPB faz?<\/p>\n    <\/td>\n  <\/tr>\n<\/table>\n\n<table style=\"width:100%;max-width:860px;border-collapse:separate;border-spacing:0 10px;font-family:Arial,sans-serif;margin-bottom:8px\">\n  <tr>\n    <td style=\"width:50%;padding-right:6px;vertical-align:top\">\n      <table style=\"width:100%;border-collapse:collapse;background:#fff;border-radius:10px;border:1px solid #e8eaf6;border-left:4px solid #1a237e\">\n        <tr>\n          <td style=\"padding:22px 24px\">\n            <p style=\"background:#1a237e;color:#fff;font-size:12px;font-weight:700;width:28px;height:28px;border-radius:50%;text-align:center;line-height:28px;margin:0 0 10px 0\">01<\/p>\n            <p style=\"color:#1a237e;font-size:15px;font-weight:700;margin:0 0 6px 0\">Consultoria e Assessoramento Jur\u00eddico<\/p>\n            <p style=\"color:#555;font-size:14px;line-height:1.7;margin:0\">An\u00e1lise de processos administrativos, participa\u00e7\u00e3o em reuni\u00f5es e emiss\u00e3o de pareceres.<\/p>\n          <\/td>\n        <\/tr>\n      <\/table>\n    <\/td>\n    <td style=\"width:50%;padding-left:6px;vertical-align:top\">\n      <table style=\"width:100%;border-collapse:collapse;background:#fff;border-radius:10px;border:1px solid #e8eaf6;border-left:4px solid #1a237e\">\n        <tr>\n          <td style=\"padding:22px 24px\">\n            <p style=\"background:#1a237e;color:#fff;font-size:12px;font-weight:700;width:28px;height:28px;border-radius:50%;text-align:center;line-height:28px;margin:0 0 10px 0\">02<\/p>\n            <p style=\"color:#1a237e;font-size:15px;font-weight:700;margin:0 0 6px 0\">Acompanhamento de Processos Judiciais<\/p>\n            <p style=\"color:#555;font-size:14px;line-height:1.7;margin:0\">Coordena\u00e7\u00e3o da defesa judicial da UFPB e orienta\u00e7\u00e3o para o cumprimento de decis\u00f5es.<\/p>\n          <\/td>\n        <\/tr>\n      <\/table>\n    <\/td>\n  <\/tr>\n  <tr>\n    <td style=\"width:50%;padding-right:6px;vertical-align:top\">\n      <table style=\"width:100%;border-collapse:collapse;background:#fff;border-radius:10px;border:1px solid #e8eaf6;border-left:4px solid #1a237e\">\n        <tr>\n          <td style=\"padding:22px 24px\">\n            <p style=\"background:#1a237e;color:#fff;font-size:12px;font-weight:700;width:28px;height:28px;border-radius:50%;text-align:center;line-height:28px;margin:0 0 10px 0\">03<\/p>\n            <p style=\"color:#1a237e;font-size:15px;font-weight:700;margin:0 0 6px 0\">An\u00e1lise de Atos Administrativos<\/p>\n            <p style=\"color:#555;font-size:14px;line-height:1.7;margin:0\">Editais, contratos, conv\u00eanios, portarias e normas internas.<\/p>\n          <\/td>\n        <\/tr>\n      <\/table>\n    <\/td>\n    <td style=\"width:50%;padding-left:6px;vertical-align:top\">\n      <table style=\"width:100%;border-collapse:collapse;background:#fff;border-radius:10px;border:1px solid #e8eaf6;border-left:4px solid #1a237e\">\n        <tr>\n          <td style=\"padding:22px 24px\">\n            <p style=\"background:#1a237e;color:#fff;font-size:12px;font-weight:700;width:28px;height:28px;border-radius:50%;text-align:center;line-height:28px;margin:0 0 10px 0\">04<\/p>\n            <p style=\"color:#1a237e;font-size:15px;font-weight:700;margin:0 0 6px 0\">Representa\u00e7\u00e3o Judicial de Servidores<\/p>\n            <p style=\"color:#555;font-size:14px;line-height:1.7;margin:0\">Quando demandados por atos praticados no exerc\u00edcio regular de suas fun\u00e7\u00f5es p\u00fablicas.<\/p>\n          <\/td>\n        <\/tr>\n      <\/table>\n    <\/td>\n  <\/tr>\n<\/table>\n\n<!-- SERVI\u00c7OS PRESTADOS -->\n<table style=\"width:100%;max-width:860px;border-collapse:collapse;font-family:Arial,sans-serif;margin:20px 0 10px 0\">\n  <tr>\n    <td style=\"padding:0 0 10px 0\">\n      <p style=\"color:#545353;font-size:10px;letter-spacing:2px;text-transform:uppercase;margin:0 0 4px 0\">Servi\u00e7os<\/p>\n      <p style=\"color:#1a237e;font-size:18px;font-weight:700;margin:0\">Servi\u00e7os Prestados<\/p>\n    <\/td>\n  <\/tr>\n<\/table>\n\n<table style=\"width:100%;max-width:860px;border-collapse:separate;border-spacing:12px 0;font-family:Arial,sans-serif;margin-bottom:20px\">\n  <tr>\n    <td style=\"width:50%;vertical-align:top;background:#fff;border-radius:10px;border:1px solid #e8eaf6;border-left:4px solid #1a237e;padding:22px 24px\">\n      <p style=\"background:#e8eaf6;color:#1a237e;font-size:11px;font-weight:700;padding:3px 10px;border-radius:4px;margin:0 0 10px 0\">Consultoria<\/p>\n      <p style=\"color:#1a237e;font-size:15px;font-weight:700;margin:0 0 10px 0\">Consultoria e Assessoramento Jur\u00eddico<\/p>\n      <p style=\"color:#555;font-size:14px;line-height:1.7;margin:0 0 8px 0\"><strong>Com parecer formal:<\/strong> minutas de editais e contratos, conv\u00eanios, termos aditivos, atos normativos, processos disciplinares, arbitragem.<\/p>\n      <p style=\"color:#555;font-size:14px;line-height:1.7;margin:0 0 12px 0\"><strong>Sem parecer formal:<\/strong> reuni\u00f5es, grupos de trabalho, capacita\u00e7\u00f5es e orienta\u00e7\u00f5es preliminares.<\/p>\n      <table style=\"width:100%;border-collapse:collapse;background:#fff8e1;border:1px solid #ffe082;border-left:3px solid #f9a825;border-radius:8px\">\n        <tr>\n          <td style=\"padding:10px 14px\">\n            <p style=\"color:#5d4037;font-size:13px;line-height:1.6;margin:0\">Quem pode solicitar: apenas as autoridades elencadas na Portaria Normativa Conjunta.<\/p>\n          <\/td>\n        <\/tr>\n      <\/table>\n    <\/td>\n    <td style=\"width:50%;vertical-align:top;background:#fff;border-radius:10px;border:1px solid #e8eaf6;border-left:4px solid #1a237e;padding:22px 24px\">\n      <p style=\"background:#e8eaf6;color:#1a237e;font-size:11px;font-weight:700;padding:3px 10px;border-radius:4px;margin:0 0 10px 0\">Defesa Judicial<\/p>\n      <p style=\"color:#1a237e;font-size:15px;font-weight:700;margin:0 0 10px 0\">Defesa Judicial da UFPB<\/p>\n      <p style=\"color:#555;font-size:14px;line-height:1.7;margin:0 0 4px 0\">\u2022 Coordena\u00e7\u00e3o da presta\u00e7\u00e3o de subs\u00eddios para defesa judicial da UFPB.<\/p>\n      <p style=\"color:#555;font-size:14px;line-height:1.7;margin:0 0 4px 0\">\u2022 Orienta\u00e7\u00e3o para cumprimento de decis\u00f5es judiciais.<\/p>\n      <p style=\"color:#555;font-size:14px;line-height:1.7;margin:0 0 14px 0\">\u2022 Elabora\u00e7\u00e3o de informa\u00e7\u00f5es em Mandado de Seguran\u00e7a.<\/p>\n      <p style=\"background:#e8eaf6;color:#1a237e;font-size:11px;font-weight:700;padding:3px 10px;border-radius:4px;margin:0 0 10px 0\">Representa\u00e7\u00e3o de Agentes<\/p>\n      <p style=\"color:#555;font-size:14px;line-height:1.7;margin:0\">Servidores federais demandados em raz\u00e3o de atos praticados no interesse p\u00fablico, desde que no exerc\u00edcio regular de suas atribui\u00e7\u00f5es.<\/p>\n    <\/td>\n  <\/tr>\n<\/table>\n\n<!-- ENVIO E PRAZOS -->\n<table style=\"width:100%;max-width:860px;border-collapse:separate;border-spacing:12px 0;font-family:Arial,sans-serif;margin-bottom:20px\">\n  <tr>\n    <td style=\"width:55%;vertical-align:top;background:#fff;border-radius:10px;border:1px solid #e8eaf6;border-left:4px solid #1a237e;padding:22px 24px\">\n      <p style=\"color:#545353;font-size:10px;letter-spacing:2px;text-transform:uppercase;margin:0 0 4px 0\">Envio<\/p>\n      <p style=\"color:#1a237e;font-size:15px;font-weight:700;margin:0 0 12px 0\">Como enviar processos \u00e0 Procuradoria?<\/p>\n      <p style=\"color:#555;font-size:14px;line-height:1.7;margin:0 0 10px 0\">Exclusivamente via <strong>processo eletr\u00f4nico no SIPAC\/UFPB<\/strong>, instru\u00eddo com:<\/p>\n      <p style=\"color:#555;font-size:14px;line-height:1.7;margin:0 0 4px 0\">\u2022 Nota t\u00e9cnica ou despacho formal e fundamentado<\/p>\n      <p style=\"color:#555;font-size:14px;line-height:1.7;margin:0 0 4px 0\">\u2022 Atos normativos e diplomas legais aplic\u00e1veis<\/p>\n      <p style=\"color:#555;font-size:14px;line-height:1.7;margin:0 0 4px 0\">\u2022 Indica\u00e7\u00e3o das normas utilizadas nas minutas<\/p>\n      <p style=\"color:#555;font-size:14px;line-height:1.7;margin:0 0 14px 0\">\u2022 Quesitos relacionados \u00e0 situa\u00e7\u00e3o concreta<\/p>\n      <table style=\"width:100%;border-collapse:collapse;background:#fff8e1;border:1px solid #ffe082;border-left:3px solid #f9a825;border-radius:8px\">\n        <tr>\n          <td style=\"padding:10px 14px\">\n            <p style=\"color:#5d4037;font-size:13px;line-height:1.6;margin:0\">N\u00e3o s\u00e3o aceitas consultas por e-mail, telefone ou of\u00edcio. Processos com instru\u00e7\u00e3o insuficiente ser\u00e3o devolvidos sem manifesta\u00e7\u00e3o de m\u00e9rito.<\/p>\n          <\/td>\n        <\/tr>\n      <\/table>\n    <\/td>\n    <td style=\"width:45%;vertical-align:top;background:#fff;border-radius:10px;border:1px solid #e8eaf6;border-left:4px solid #1a237e;padding:22px 24px\">\n      <p style=\"color:#545353;font-size:10px;letter-spacing:2px;text-transform:uppercase;margin:0 0 4px 0\">Prazos<\/p>\n      <p style=\"color:#1a237e;font-size:15px;font-weight:700;margin:0 0 12px 0\">Prazos de Manifesta\u00e7\u00e3o<\/p>\n      <table style=\"width:100%;border-collapse:collapse;background:#f5f6ff;border-radius:8px;border:1px solid #e8eaf6;margin-bottom:10px\">\n        <tr>\n          <td style=\"padding:12px 16px\">\n            <p style=\"background:#1a237e;color:#fff;font-size:12px;font-weight:700;padding:4px 12px;border-radius:20px;margin:0 10px 0 0\">Padr\u00e3o<\/p>\n            <span style=\"color:#333;font-size:14px;font-weight:700\">15 dias \u00fateis<\/span>\n          <\/td>\n        <\/tr>\n      <\/table>\n      <table style=\"width:100%;border-collapse:collapse;background:#f5f6ff;border-radius:8px;border:1px solid #e8eaf6;margin-bottom:12px\">\n        <tr>\n          <td style=\"padding:12px 16px\">\n            <p style=\"background:#e65100;color:#fff;font-size:12px;font-weight:700;padding:4px 12px;border-radius:20px;margin:0 10px 0 0\">Urg\u00eancia<\/p>\n            <span style=\"color:#333;font-size:14px;font-weight:700\">5 dias \u00fateis<\/span>\n          <\/td>\n        <\/tr>\n      <\/table>\n      <table style=\"width:100%;border-collapse:collapse;background:#fff8e1;border:1px solid #ffe082;border-left:3px solid #f9a825;border-radius:8px\">\n        <tr>\n          <td style=\"padding:10px 14px\">\n            <p style=\"color:#5d4037;font-size:13px;line-height:1.6;margin:0\">Recomenda\u00e7\u00e3o: encaminhe o processo com anteced\u00eancia m\u00ednima de <strong>30 dias<\/strong> antes da data limite.<\/p>\n          <\/td>\n        <\/tr>\n      <\/table>\n    <\/td>\n  <\/tr>\n<\/table>\n\n\n\n<p><\/p>\n","protected":false},"excerpt":{"rendered":"<p>Procuradoria Federal \u2014 UFPB Carta de Servi\u00e7os A Procuradoria Federal junto \u00e0 Universidade Federal da [&hellip;]<\/p>\n","protected":false},"author":47,"featured_media":23,"parent":0,"menu_order":0,"comment_status":"closed","ping_status":"closed","template":"","meta":{"footnotes":""},"class_list":["post-19","page","type-page","status-publish","has-post-thumbnail","hentry"],"_links":{"self":[{"href":"https:\/\/www.ufpb.br\/pf-ufpb\/wp-json\/wp\/v2\/pages\/19","targetHints":{"allow":["GET"]}}],"collection":[{"href":"https:\/\/www.ufpb.br\/pf-ufpb\/wp-json\/wp\/v2\/pages"}],"about":[{"href":"https:\/\/www.ufpb.br\/pf-ufpb\/wp-json\/wp\/v2\/types\/page"}],"author":[{"embeddable":true,"href":"https:\/\/www.ufpb.br\/pf-ufpb\/wp-json\/wp\/v2\/users\/47"}],"replies":[{"embeddable":true,"href":"https:\/\/www.ufpb.br\/pf-ufpb\/wp-json\/wp\/v2\/comments?post=19"}],"version-history":[{"count":57,"href":"https:\/\/www.ufpb.br\/pf-ufpb\/wp-json\/wp\/v2\/pages\/19\/revisions"}],"predecessor-version":[{"id":722,"href":"https:\/\/www.ufpb.br\/pf-ufpb\/wp-json\/wp\/v2\/pages\/19\/revisions\/722"}],"wp:featuredmedia":[{"embeddable":true,"href":"https:\/\/www.ufpb.br\/pf-ufpb\/wp-json\/wp\/v2\/media\/23"}],"wp:attachment":[{"href":"https:\/\/www.ufpb.br\/pf-ufpb\/wp-json\/wp\/v2\/media?parent=19"}],"curies":[{"name":"wp","href":"https:\/\/api.w.org\/{rel}","templated":true}]}}