{"id":26,"date":"2025-05-19T21:16:40","date_gmt":"2025-05-20T00:16:40","guid":{"rendered":"https:\/\/www.ufpb.br\/pf-ufpb\/?page_id=26"},"modified":"2025-05-28T19:26:19","modified_gmt":"2025-05-28T22:26:19","slug":"solicitacao-de-reuniao","status":"publish","type":"page","link":"https:\/\/www.ufpb.br\/pf-ufpb\/solicitacao-de-reuniao\/","title":{"rendered":"Solicita\u00e7\u00e3o de reuni\u00e3o"},"content":{"rendered":"\n<p>Ap\u00f3s o preenchimento do formul\u00e1rio para solicitar o agendamento de reuni\u00e3o com o Procurador-Chefe, entraremos em contato para confirma\u00e7\u00e3o da disponibilidade do dia e hor\u00e1rio solicitado.<\/p>\n\n\n\n<iframe loading=\"lazy\" src=\"https:\/\/docs.google.com\/forms\/d\/e\/1FAIpQLSf-pEcJ0tKF2o1GOudkL72MTtAeMcGRH0vDRh8e6qTwAxwTbA\/viewform?embedded=true\" \n        width=\"640\" \n        height=\"800\" \n        frameborder=\"0\" \n        marginheight=\"0\" \n        marginwidth=\"0\">\n    Carregando\u2026\n<\/iframe>\n","protected":false},"excerpt":{"rendered":"<p>Ap\u00f3s o preenchimento do formul\u00e1rio para solicitar o agendamento de reuni\u00e3o com o Procurador-Chefe, entraremos [&hellip;]<\/p>\n","protected":false},"author":47,"featured_media":0,"parent":0,"menu_order":0,"comment_status":"closed","ping_status":"closed","template":"","meta":{"footnotes":""},"class_list":["post-26","page","type-page","status-publish","hentry"],"_links":{"self":[{"href":"https:\/\/www.ufpb.br\/pf-ufpb\/wp-json\/wp\/v2\/pages\/26","targetHints":{"allow":["GET"]}}],"collection":[{"href":"https:\/\/www.ufpb.br\/pf-ufpb\/wp-json\/wp\/v2\/pages"}],"about":[{"href":"https:\/\/www.ufpb.br\/pf-ufpb\/wp-json\/wp\/v2\/types\/page"}],"author":[{"embeddable":true,"href":"https:\/\/www.ufpb.br\/pf-ufpb\/wp-json\/wp\/v2\/users\/47"}],"replies":[{"embeddable":true,"href":"https:\/\/www.ufpb.br\/pf-ufpb\/wp-json\/wp\/v2\/comments?post=26"}],"version-history":[{"count":29,"href":"https:\/\/www.ufpb.br\/pf-ufpb\/wp-json\/wp\/v2\/pages\/26\/revisions"}],"predecessor-version":[{"id":238,"href":"https:\/\/www.ufpb.br\/pf-ufpb\/wp-json\/wp\/v2\/pages\/26\/revisions\/238"}],"wp:attachment":[{"href":"https:\/\/www.ufpb.br\/pf-ufpb\/wp-json\/wp\/v2\/media?parent=26"}],"curies":[{"name":"wp","href":"https:\/\/api.w.org\/{rel}","templated":true}]}}