{"id":29,"date":"2025-05-19T21:17:18","date_gmt":"2025-05-20T00:17:18","guid":{"rendered":"https:\/\/www.ufpb.br\/pf-ufpb\/?page_id=29"},"modified":"2026-04-13T15:28:14","modified_gmt":"2026-04-13T18:28:14","slug":"atos-normativos","status":"publish","type":"page","link":"https:\/\/www.ufpb.br\/pf-ufpb\/atos-normativos\/","title":{"rendered":"Normativos"},"content":{"rendered":"\n<!-- HERO -->\n<div style=\"max-width:860px;background:#1a237e;border-radius:12px;padding:40px 36px;margin-bottom:24px;font-family:Arial,sans-serif\">\n  <table style=\"width:100%;border-collapse:collapse\">\n    <tr>\n      <td style=\"padding:0\">\n        <p style=\"color:#c5cae9;font-size:11px;letter-spacing:2px;text-transform:uppercase;margin:0 0 8px 0\">Acesso \u00e0 Informa\u00e7\u00e3o<\/p>\n        <p style=\"color:#ffffff;font-size:26px;font-weight:700;margin:0 0 12px 0;line-height:1.3\">Pareceres Referenciais<\/p>\n        <p style=\"color:#c5cae9;font-size:15px;line-height:1.7;margin:0 0 16px 0\">Manifesta\u00e7\u00f5es jur\u00eddicas com car\u00e1ter referencial elaboradas pela PGF e pela PF\/UFPB, destinadas a orientar a atua\u00e7\u00e3o uniforme em mat\u00e9rias recorrentes.<\/p>\n        <a href=\"https:\/\/www.ufpb.br\/pf-ufpb\/o-que-sao\/\" style=\"color:#ffffff;font-size:13px;font-weight:700;padding:8px 16px;border-radius:20px;text-decoration:none\">O que s\u00e3o Pareceres Referenciais?<\/a>\n      <\/td>\n    <\/tr>\n  <\/table>\n<\/div>\n\n<!-- CARDS -->\n<table style=\"width:100%;max-width:860px;border-collapse:collapse;font-family:Arial,sans-serif;margin-bottom:8px\">\n  <tr>\n    <td style=\"padding:0 0 10px 0\">\n      <p style=\"color:#545353;font-size:10px;letter-spacing:2px;text-transform:uppercase;margin:0 0 4px 0\">Reposit\u00f3rios<\/p>\n      <p style=\"color:#1a237e;font-size:18px;font-weight:700;margin:0\">Acesso aos Pareceres<\/p>\n    <\/td>\n  <\/tr>\n<\/table>\n\n<table style=\"width:100%;max-width:860px;border-collapse:collapse;font-family:Arial,sans-serif\">\n  <tr>\n    <td style=\"width:50%;padding:6px;vertical-align:top\">\n      <table style=\"width:100%;border-collapse:collapse;background:#fff;border-radius:10px;border:1px solid #e8eaf6;border-top:4px solid #0277bd\">\n        <tr>\n          <td style=\"padding:24px 22px\">\n            <p style=\"background:#e3f2fd;color:#0277bd;font-size:11px;font-weight:700;padding:3px 10px;border-radius:4px;margin:0 0 10px 0\">ELIC \/ SUBCONSU \/ PGF<\/p>\n            <p style=\"color:#545353;font-size:16px;font-weight:700;margin:0 0 8px 0;line-height:1.3\">Licita\u00e7\u00e3o e Contratos<\/p>\n            <p style=\"color:#777;font-size:14px;line-height:1.6;margin:0 0 18px 0\">Pareceres da Consultoria-Geral da Uni\u00e3o sobre licita\u00e7\u00f5es e contratos administrativos federais.<\/p>\n            <a href=\"https:\/\/www.ufpb.br\/pf-ufpb\/licitacao-e-contratos-elic-subconsu-pgf\/\" style=\"background:#0277bd;color:#fff;font-size:13px;font-weight:700;padding:8px 18px;border-radius:6px;text-decoration:none\">Acessar \u2192<\/a>\n          <\/td>\n        <\/tr>\n      <\/table>\n    <\/td>\n    <td style=\"width:50%;padding:6px;vertical-align:top\">\n      <table style=\"width:100%;border-collapse:collapse;background:#fff;border-radius:10px;border:1px solid #e8eaf6;border-top:4px solid #1a237e\">\n        <tr>\n          <td style=\"padding:24px 22px\">\n            <p style=\"background:#e8eaf6;color:#1a237e;font-size:11px;font-weight:700;padding:3px 10px;border-radius:4px;margin:0 0 10px 0\">PF \/ UFPB<\/p>\n            <p style=\"color:#545353;font-size:16px;font-weight:700;margin:0 0 8px 0;line-height:1.3\">Procuradoria Federal na UFPB<\/p>\n            <p style=\"color:#777;font-size:14px;line-height:1.6;margin:0 0 18px 0\">Pareceres referenciais elaborados pela Procuradoria Federal junto \u00e0 Universidade Federal da Para\u00edba.<\/p>\n            <a href=\"https:\/\/www.ufpb.br\/pf-ufpb\/pf-ufpb\/\" style=\"background:#1a237e;color:#fff;font-size:13px;font-weight:700;padding:8px 18px;border-radius:6px;text-decoration:none\">Acessar \u2192<\/a>\n          <\/td>\n        <\/tr>\n      <\/table>\n    <\/td>\n  <\/tr>\n<\/table>\n\n\n\n<p><\/p>\n\n\n\n<p style=\"text-decoration:underline\"><\/p>\n\n\n\n<p><\/p>\n\n\n\n<p><\/p>\n\n\n\n<p style=\"text-decoration:underline;text-transform:uppercase\"><\/p>\n\n\n\n<p><\/p>\n\n\n\n<p><\/p>\n\n\n\n<p><\/p>\n\n\n\n<p><\/p>\n\n\n\n<p><\/p>\n\n\n\n<p style=\"text-decoration:underline\"><\/p>\n\n\n\n<p><\/p>\n\n\n\n<p><\/p>\n\n\n\n<p><\/p>\n\n\n\n<p><\/p>\n\n\n\n<p><\/p>\n\n\n\n<p style=\"text-decoration:underline\"><\/p>\n\n\n\n<p><\/p>\n\n\n\n<p><\/p>\n","protected":false},"excerpt":{"rendered":"<p>Acesso \u00e0 Informa\u00e7\u00e3o Pareceres Referenciais Manifesta\u00e7\u00f5es jur\u00eddicas com car\u00e1ter referencial elaboradas pela PGF e pela [&hellip;]<\/p>\n","protected":false},"author":47,"featured_media":0,"parent":0,"menu_order":0,"comment_status":"closed","ping_status":"closed","template":"","meta":{"footnotes":""},"class_list":["post-29","page","type-page","status-publish","hentry"],"_links":{"self":[{"href":"https:\/\/www.ufpb.br\/pf-ufpb\/wp-json\/wp\/v2\/pages\/29","targetHints":{"allow":["GET"]}}],"collection":[{"href":"https:\/\/www.ufpb.br\/pf-ufpb\/wp-json\/wp\/v2\/pages"}],"about":[{"href":"https:\/\/www.ufpb.br\/pf-ufpb\/wp-json\/wp\/v2\/types\/page"}],"author":[{"embeddable":true,"href":"https:\/\/www.ufpb.br\/pf-ufpb\/wp-json\/wp\/v2\/users\/47"}],"replies":[{"embeddable":true,"href":"https:\/\/www.ufpb.br\/pf-ufpb\/wp-json\/wp\/v2\/comments?post=29"}],"version-history":[{"count":12,"href":"https:\/\/www.ufpb.br\/pf-ufpb\/wp-json\/wp\/v2\/pages\/29\/revisions"}],"predecessor-version":[{"id":727,"href":"https:\/\/www.ufpb.br\/pf-ufpb\/wp-json\/wp\/v2\/pages\/29\/revisions\/727"}],"wp:attachment":[{"href":"https:\/\/www.ufpb.br\/pf-ufpb\/wp-json\/wp\/v2\/media?parent=29"}],"curies":[{"name":"wp","href":"https:\/\/api.w.org\/{rel}","templated":true}]}}