{"id":367,"date":"2025-08-26T10:06:30","date_gmt":"2025-08-26T13:06:30","guid":{"rendered":"https:\/\/www.ufpb.br\/pf-ufpb\/?page_id=367"},"modified":"2025-08-27T10:48:03","modified_gmt":"2025-08-27T13:48:03","slug":"licitacao-e-contratos-elic-subconsu-pgf","status":"publish","type":"page","link":"https:\/\/www.ufpb.br\/pf-ufpb\/licitacao-e-contratos-elic-subconsu-pgf\/","title":{"rendered":"Licita\u00e7\u00e3o e Contratos (ELIC\/SUBCONSU\/PGF)"},"content":{"rendered":"\n<p><\/p>\n\n\n\n<p>Nos casos em que <strong>n\u00e3o houver d\u00favida jur\u00eddica<\/strong>, os processos que se enquadrem em um dos pareceres listados ficam <strong>dispensados de an\u00e1lise individualizada<\/strong> pela Equipe de Licita\u00e7\u00f5es e Contratos (ELIC), vinculada \u00e0 Subprocuradoria Federal de Consultoria Jur\u00eddica, <strong>desde que a \u00e1rea t\u00e9cnica ateste expressamente a compatibilidade do caso concreto<\/strong>.<\/p>\n\n\n\n<p>\u27a4Al\u00e9m disso, devem ser utilizados os<strong> modelos de termo de refer\u00eancia e lista de verifica\u00e7\u00e3o atualizados,<\/strong> quando disponibilizados pela AGU, em seu s\u00edtio eletr\u00f4nico.<\/p>\n\n\n\n<p>Abaixo, est\u00e3o disponibilizados os <strong>pareceres referenciais<\/strong> que podem ser aplicados em processos licitat\u00f3rios:<\/p>\n\n\n\n<div class=\"wp-block-group\"><div class=\"wp-block-group__inner-container is-layout-constrained wp-block-group-is-layout-constrained\">\n<hr class=\"wp-block-separator has-alpha-channel-opacity is-style-dots\" \/>\n<\/div><\/div>\n\n\n\n<p class=\"has-background\" style=\"background-color:#f0f1f1\"><a href=\"http:\/\/www.ufpb.br\/pf-ufpb\/wp-content\/uploads\/sites\/79\/sites\/308\/2025\/08\/document-11.pdf\"><strong>\ud83d\udcd1<\/strong><\/a> <strong><a href=\"http:\/\/www.ufpb.br\/pf-ufpb\/wp-content\/uploads\/sites\/79\/sites\/308\/2025\/08\/document-11.pdf\" data-type=\"link\" data-id=\"http:\/\/www.ufpb.br\/pf-ufpb\/wp-content\/uploads\/sites\/79\/sites\/308\/2025\/08\/document-11.pdf\" target=\"_blank\" rel=\"noreferrer noopener\">PARECER REFERENCIAL N\u00ba 00001\/2025\/GERTEC\/ELIC\/PGF\/AGU<\/a><\/strong><br><strong>Objeto:<\/strong> Contrato de presta\u00e7\u00e3o de servi\u00e7os e fornecimentos continuados. Termo aditivo.<br><br><strong>\u2705<\/strong>Aplica-se \u00e0s hip\u00f3teses de prorroga\u00e7\u00e3o do prazo de vig\u00eancia em contratos de presta\u00e7\u00e3o de servi\u00e7os e fornecimentos cont\u00ednuos, conforme art. 107 da Lei n\u00ba 14.133\/2021.<br><strong>\u274c<\/strong> N\u00e3o se aplica a contratos por escopo, nem \u00e0s situa\u00e7\u00f5es de prorroga\u00e7\u00e3o cumulada com altera\u00e7\u00e3o ou revis\u00e3o contratual.<\/p>\n\n\n\n<p class=\"has-background\" style=\"background-color:#d7e4f7\"><a href=\"http:\/\/www.ufpb.br\/pf-ufpb\/wp-content\/uploads\/sites\/79\/sites\/308\/2025\/08\/document-11.pdf\"><strong>\ud83d\udcd1<\/strong><\/a><strong><a href=\"http:\/\/www.ufpb.br\/pf-ufpb\/wp-content\/uploads\/sites\/79\/sites\/308\/2025\/08\/document-12.pdf\" data-type=\"link\" data-id=\"http:\/\/www.ufpb.br\/pf-ufpb\/wp-content\/uploads\/sites\/79\/sites\/308\/2025\/08\/document-12.pdf\" target=\"_blank\" rel=\"noreferrer noopener\">PARECER REFERENCIAL N\u00ba 00002\/2025\/GERTEC\/ELIC\/PGF\/AGU<\/a><br>Objeto:<\/strong>&nbsp;Contrato de presta\u00e7\u00e3o de servi\u00e7os continuados. Termo aditivo.<br><br><strong>\u2705<\/strong>Aplica-se \u00e0 prorroga\u00e7\u00e3o de vig\u00eancia de contratos de servi\u00e7os cont\u00ednuos com fundamento no art. 57, II, da Lei 8.666\/1993 ou no art. 57, \u00a74\u00ba, da mesma lei.<\/p>\n\n\n\n<p class=\"has-background\" style=\"background-color:#f0f1f1\"><a href=\"http:\/\/www.ufpb.br\/pf-ufpb\/wp-content\/uploads\/sites\/79\/sites\/308\/2025\/08\/document-11.pdf\"><strong>\ud83d\udcd1<\/strong><\/a> <strong><a href=\"http:\/\/www.ufpb.br\/pf-ufpb\/wp-content\/uploads\/sites\/79\/sites\/308\/2025\/08\/document-13.pdf\" data-type=\"link\" data-id=\"http:\/\/www.ufpb.br\/pf-ufpb\/wp-content\/uploads\/sites\/79\/sites\/308\/2025\/08\/document-11.pdf\" target=\"_blank\" rel=\"noreferrer noopener\">PARECER REFERENCIAL N\u00ba 00003\/2025\/GERTEC\/ELIC\/PGF\/AGU<\/a><\/strong><br><strong>Objeto:<\/strong>&nbsp;Contrata\u00e7\u00e3o direta de servi\u00e7o p\u00fablico essencial de fornecimento de \u00e1gua tratada e esgotamento sanit\u00e1rio.<br><br><strong>\u2705<\/strong>Aplica-se \u00e0 inexigibilidade de licita\u00e7\u00e3o com fundamento no art. 74, I, da Lei 14.133\/2021, desde que comprovada exclusividade da concession\u00e1ria local.<\/p>\n\n\n\n<p class=\"has-background\" style=\"background-color:#d7e4f7\"><a href=\"http:\/\/www.ufpb.br\/pf-ufpb\/wp-content\/uploads\/sites\/79\/sites\/308\/2025\/08\/document-11.pdf\"><strong>\ud83d\udcd1<\/strong><\/a> <strong><a href=\"http:\/\/www.ufpb.br\/pf-ufpb\/wp-content\/uploads\/sites\/79\/sites\/308\/2025\/08\/document-14.pdf\" data-type=\"link\" data-id=\"http:\/\/www.ufpb.br\/pf-ufpb\/wp-content\/uploads\/sites\/79\/sites\/308\/2025\/08\/document-11.pdf\" target=\"_blank\" rel=\"noreferrer noopener\">PARECER REFERENCIAL N\u00ba 00004\/2025\/GERTEC\/ELIC\/PGF\/AGU<\/a><\/strong><br><strong>Objeto:<\/strong>\u00a0Contrata\u00e7\u00e3o direta de fornecimento de energia el\u00e9trica no ACR.<br><br><strong>\u2705<\/strong>Aplica-se \u00e0 inexigibilidade de licita\u00e7\u00e3o fundamentada no art. 74, I, da Lei 14.133\/2021, desde que comprovada exclusividade da concession\u00e1ria local. <br><strong>\u274c<\/strong> Esta Manifesta\u00e7\u00e3o Jur\u00eddica Referencial N\u00c3O se aplica quando a contrata\u00e7\u00e3o ocorrer pelo mercado<br>livre (ACL).<\/p>\n\n\n\n<p class=\"has-background\" style=\"background-color:#f0f1f1\"><a href=\"http:\/\/www.ufpb.br\/pf-ufpb\/wp-content\/uploads\/sites\/79\/sites\/308\/2025\/08\/document-11.pdf\"><strong>\ud83d\udcd1<\/strong><\/a> <strong><a href=\"http:\/\/www.ufpb.br\/pf-ufpb\/wp-content\/uploads\/sites\/79\/sites\/308\/2025\/08\/document-15.pdf\" data-type=\"link\" data-id=\"http:\/\/www.ufpb.br\/pf-ufpb\/wp-content\/uploads\/sites\/79\/sites\/308\/2025\/08\/document-11.pdf\" target=\"_blank\" rel=\"noreferrer noopener\">PARECER REFERENCIAL n. 00005\/2025\/GERTEC\/ELIC\/PGF\/AGU<\/a><\/strong><br><strong>Objeto:<\/strong>&nbsp;Ata de Registro de Pre\u00e7os. Termo aditivo. Prorroga\u00e7\u00e3o de vig\u00eancia.<br><br><strong>\u2705<\/strong>Aplica-se a prorroga\u00e7\u00e3o da vig\u00eancia da ARP, com ou sem renova\u00e7\u00e3o dos quantitativos, com base no art. 84 da Lei 14.133\/2021 e art. 22 do Decreto 11.462\/2023. <br><strong>\u274c<\/strong> N\u00e3o se aplica a casos com reequil\u00edbrio econ\u00f4mico-financeiro nem a prorroga\u00e7\u00e3o de contratos decorrentes da ARP.<\/p>\n\n\n\n<p class=\"has-background\" style=\"background-color:#d7e4f7\"><a href=\"http:\/\/www.ufpb.br\/pf-ufpb\/wp-content\/uploads\/sites\/79\/sites\/308\/2025\/08\/document-11.pdf\"><strong>\ud83d\udcd1<\/strong><\/a> <strong><a href=\"http:\/\/www.ufpb.br\/pf-ufpb\/wp-content\/uploads\/sites\/79\/sites\/308\/2025\/08\/document-16.pdf\" data-type=\"link\" data-id=\"http:\/\/www.ufpb.br\/pf-ufpb\/wp-content\/uploads\/sites\/79\/sites\/308\/2025\/08\/document-11.pdf\" target=\"_blank\" rel=\"noreferrer noopener\">PARECER REFERENCIAL n. 00006\/2025\/GERTEC\/ELIC\/PGF\/AGU<\/a><\/strong><br><strong>Objeto:<\/strong>\u00a0Procedimento licitat\u00f3rio \u2013 aquisi\u00e7\u00e3o de bens comuns via preg\u00e3o eletr\u00f4nico (\u2264 R$1.000.000,00).<br><br><strong>\u2705<\/strong>Aplica-se a preg\u00f5es eletr\u00f4nicos, processados ou n\u00e3o pelo SRP, com julgamento por menor pre\u00e7o e valor estimado da contrata\u00e7\u00e3o igual ou inferior a R$ 1.000.000,00 (um milh\u00e3o de reais).<br><strong>\u274c<\/strong> N\u00e3o se aplica a g\u00eaneros aliment\u00edcios, TIC, GLP, bens com servi\u00e7os agregados e que estejam sendo licitados como itens separados ou aquisi\u00e7\u00e3o internacional.<\/p>\n\n\n\n<p class=\"has-background\" style=\"background-color:#f0f1f1\"><a href=\"http:\/\/www.ufpb.br\/pf-ufpb\/wp-content\/uploads\/sites\/79\/sites\/308\/2025\/08\/document-11.pdf\"><strong>\ud83d\udcd1<\/strong><\/a> <strong><a href=\"http:\/\/www.ufpb.br\/pf-ufpb\/wp-content\/uploads\/sites\/79\/sites\/308\/2025\/08\/document-17.pdf\" data-type=\"link\" data-id=\"http:\/\/www.ufpb.br\/pf-ufpb\/wp-content\/uploads\/sites\/79\/sites\/308\/2025\/08\/document-11.pdf\" target=\"_blank\" rel=\"noreferrer noopener\">PARECER REFERENCIAL n. 00007\/2025\/GERTEC\/ELIC\/PGF\/AGU<\/a><\/strong><br><strong>Objeto:<\/strong>\u00a0Termo aditivo para altera\u00e7\u00e3o quantitativa com\u00a0<strong>supress\u00e3o do objeto<\/strong>\u00a0do contrato.<br><br><strong>\u2705<\/strong>Aplica-se exclusivamente a contratos de presta\u00e7\u00e3o de servi\u00e7os continuados ou n\u00e3o, bem como a contratos de fornecimento (continuado ou n\u00e3o), quando houver supress\u00e3o do objeto, com fundamento no\u00a0<strong>art. 124, I, \u201cb\u201d, da Lei n\u00ba 14.133\/2021<\/strong>.<br><strong>\u274c<\/strong> <em>N\u00e3o se aplica<\/em>\u00a0aos seguintes casos:<br><strong>a.<\/strong> termos aditivos fundamentados na Lei n\u00ba 8.666\/1993,<br><strong>b.<\/strong> supress\u00e3o cumulada com acr\u00e9scimo do objeto, altera\u00e7\u00e3o qualitativa, prorroga\u00e7\u00e3o ou qualquer outra modifica\u00e7\u00e3o contratual,<br><strong>c.<\/strong> supress\u00e3o em contratos de obra ou servi\u00e7os de engenharia.<\/p>\n\n\n\n<p class=\"has-background\" style=\"background-color:#d7e4f7\"><a href=\"http:\/\/www.ufpb.br\/pf-ufpb\/wp-content\/uploads\/sites\/79\/sites\/308\/2025\/08\/document-11.pdf\"><strong>\ud83d\udcd1<\/strong><\/a> <strong><a href=\"http:\/\/www.ufpb.br\/pf-ufpb\/wp-content\/uploads\/sites\/79\/sites\/308\/2025\/08\/document-18.pdf\" data-type=\"link\" data-id=\"http:\/\/www.ufpb.br\/pf-ufpb\/wp-content\/uploads\/sites\/79\/sites\/308\/2025\/08\/document-11.pdf\" target=\"_blank\" rel=\"noreferrer noopener\">PARECER REFERENCIAL N\u00ba. 00008\/2025\/GERTEC\/ELIC\/PGF\/AGU<\/a><\/strong><br><strong>Objeto:<\/strong>\u00a0Preg\u00e3o Eletr\u00f4nico (com ou sem SRP) para\u00a0<strong>aquisi\u00e7\u00e3o de g\u00eaneros aliment\u00edcios e produtos de limpeza<\/strong>, com crit\u00e9rio de julgamento pelo menor pre\u00e7o e valor estimado \u2264 R$ 1.000.000,00.<br><br><strong>\u2705Aplica-se:<\/strong>\u00a0a procedimentos licitat\u00f3rios, na modalidade preg\u00e3o eletr\u00f4nico, processados ou n\u00e3o pelo Sistema de Registro de Pre\u00e7os (SRP), para aquisi\u00e7\u00e3o de g\u00eaneros aliment\u00edcios e produtos de limpeza.<br><strong>\u274c<\/strong> <strong>N\u00e3o se aplica:<\/strong><br><strong>a. <\/strong>procedimento de\u00a0<strong>chamada p\u00fablica<\/strong>\u00a0(dispensa de licita\u00e7\u00e3o) para aquisi\u00e7\u00e3o de g\u00eaneros aliment\u00edcios destinados a programas espec\u00edficos (ex.: PNAE e PAA).<br><strong>b. <\/strong>fornecimento de\u00a0<strong>refei\u00e7\u00f5es prontas<\/strong>;<br><strong>c.<\/strong> <strong>GLP<\/strong>\u00a0(mesmo que em conjunto com g\u00eaneros aliment\u00edcios);<br><strong>d.<\/strong> <strong>ra\u00e7\u00e3o animal<\/strong>\u00a0e\u00a0<strong>sementes<\/strong>;<br><strong>e. terapia enteral nutricional<\/strong>\u00a0(alimento para fins especiais, RDC n\u00ba 21\/2015 \u2013 ANVISA);<\/p>\n\n\n\n<p class=\"has-background\" style=\"background-color:#f0f1f1\"><a href=\"http:\/\/www.ufpb.br\/pf-ufpb\/wp-content\/uploads\/sites\/79\/sites\/308\/2025\/08\/document-11.pdf\"><strong>\ud83d\udcd1<\/strong><\/a> <strong><a href=\"http:\/\/www.ufpb.br\/pf-ufpb\/wp-content\/uploads\/sites\/79\/sites\/308\/2025\/08\/document-19.pdf\" data-type=\"link\" data-id=\"http:\/\/www.ufpb.br\/pf-ufpb\/wp-content\/uploads\/sites\/79\/sites\/308\/2025\/08\/document-19.pdf\" target=\"_blank\" rel=\"noreferrer noopener\">PARECER REFERENCIAL n. 00009\/2025\/GERTEC\/ELIC\/PGF\/AGU<\/a><\/strong><br><strong>Objeto:<\/strong>\u00a0Procedimentos de\u00a0<strong>ades\u00e3o \u00e0 ata de registro de pre\u00e7os (ARP)<\/strong>, com fundamento na Lei n\u00ba 14.133\/2021 e no Decreto n\u00ba 11.462\/2023.<br><br><strong>\u2705Aplica-se:<\/strong>\u00a0\u00e0 ades\u00e3o \u00e0 ata de registro de pre\u00e7os, desde que observadas as condi\u00e7\u00f5es legais e que n\u00e3o haja d\u00favidas jur\u00eddicas relevantes.<br><strong>\u274c<\/strong> <strong>N\u00e3o se aplica:<\/strong><br><strong>a. <\/strong>solu\u00e7\u00f5es de tecnologia da informa\u00e7\u00e3o (TIC);<br><strong>b. <\/strong>obras e servi\u00e7os de engenharia;<br><strong>c.<\/strong> aquisi\u00e7\u00e3o de bens para entrega imediata;<br><strong>d.<\/strong> contrata\u00e7\u00f5es cujo valor esteja abaixo de 1% do limite de grande vulto (art. 6\u00ba, XXII, Lei n\u00ba 14.133\/2021);<br><strong>e. <\/strong>atas regidas pela Lei n\u00ba 8.666\/1993 e pelo Decreto n\u00ba 7.892\/2013 (an\u00e1lise jur\u00eddica dispensada pela ON AGU n\u00ba 64).<\/p>\n\n\n\n<p><br><\/p>\n\n\n\n<p><\/p>\n","protected":false},"excerpt":{"rendered":"<p>Nos casos em que n\u00e3o houver d\u00favida jur\u00eddica, os processos que se enquadrem em um [&hellip;]<\/p>\n","protected":false},"author":47,"featured_media":0,"parent":0,"menu_order":0,"comment_status":"closed","ping_status":"closed","template":"","meta":{"footnotes":""},"class_list":["post-367","page","type-page","status-publish","hentry"],"_links":{"self":[{"href":"https:\/\/www.ufpb.br\/pf-ufpb\/wp-json\/wp\/v2\/pages\/367","targetHints":{"allow":["GET"]}}],"collection":[{"href":"https:\/\/www.ufpb.br\/pf-ufpb\/wp-json\/wp\/v2\/pages"}],"about":[{"href":"https:\/\/www.ufpb.br\/pf-ufpb\/wp-json\/wp\/v2\/types\/page"}],"author":[{"embeddable":true,"href":"https:\/\/www.ufpb.br\/pf-ufpb\/wp-json\/wp\/v2\/users\/47"}],"replies":[{"embeddable":true,"href":"https:\/\/www.ufpb.br\/pf-ufpb\/wp-json\/wp\/v2\/comments?post=367"}],"version-history":[{"count":44,"href":"https:\/\/www.ufpb.br\/pf-ufpb\/wp-json\/wp\/v2\/pages\/367\/revisions"}],"predecessor-version":[{"id":680,"href":"https:\/\/www.ufpb.br\/pf-ufpb\/wp-json\/wp\/v2\/pages\/367\/revisions\/680"}],"wp:attachment":[{"href":"https:\/\/www.ufpb.br\/pf-ufpb\/wp-json\/wp\/v2\/media?parent=367"}],"curies":[{"name":"wp","href":"https:\/\/api.w.org\/{rel}","templated":true}]}}