{"id":52,"date":"2025-05-19T21:29:05","date_gmt":"2025-05-20T00:29:05","guid":{"rendered":"https:\/\/www.ufpb.br\/pf-ufpb\/?page_id=52"},"modified":"2025-08-25T09:51:15","modified_gmt":"2025-08-25T12:51:15","slug":"manuais-e-cartilhas","status":"publish","type":"page","link":"https:\/\/www.ufpb.br\/pf-ufpb\/manuais-e-cartilhas\/","title":{"rendered":"Manuais e Cartilhas"},"content":{"rendered":"\n<p><strong>ATUA\u00c7\u00c3O EXTRAJUDICIAL<\/strong><\/p>\n\n\n\n<p><a href=\"https:\/\/agudf.sharepoint.com\/sites\/PGF-DEPCONSU\/Documentos\/Forms\/AllItems.aspx?id=%2Fsites%2FPGF%2DDEPCONSU%2FDocumentos%2F2021%2FPDF%2FManualGestores%2Dconvertido%2Dmesclado%20%281%29%2Epdf&amp;parent=%2Fsites%2FPGF%2DDEPCONSU%2FDocumentos%2F2021%2FPDF\" target=\"_blank\" rel=\"noreferrer noopener\">Manual de Representa\u00e7\u00e3o Extrajudicial &#8211; GESTORES<\/a><\/p>\n\n\n\n<p><strong>REPRESENTA\u00c7\u00c3O JUDICIAL DE AGENTES P\u00daBLICOS<\/strong><\/p>\n\n\n\n<p><a href=\"https:\/\/www.gov.br\/agu\/pt-br\/assuntos-1\/Publicacoes\/cartilhas\/CartilhaRepresentacaodeAgentesPublicospelaAGU.pdf\" target=\"_blank\" rel=\"noreferrer noopener\">Representa\u00e7\u00e3o judicial de agentes p\u00fablicos pela AGU<\/a><\/p>\n\n\n\n<p><strong>COBRAN\u00c7A<\/strong><\/p>\n\n\n\n<p><a href=\"https:\/\/agudf.sharepoint.com\/sites\/PGF-DEPCONSU\/SiteAssets\/Forms\/AllItems.aspx?id=%2Fsites%2FPGF%2DDEPCONSU%2FSiteAssets%2FSitePages%2FManuais%2Dda%2DConsultoria%2FManual%2Dde%2Dcobran%C3%A7a%2Epdf&amp;parent=%2Fsites%2FPGF%2DDEPCONSU%2FSiteAssets%2FSitePages%2FManuais%2Dda%2DConsultoria\" target=\"_blank\" rel=\"noreferrer noopener\">Manual de Constitui\u00e7\u00e3o de Cr\u00e9ditos n\u00e3o Tribut\u00e1rios<\/a><\/p>\n\n\n\n<p><strong>BOAS PR\u00c1TICAS<\/strong><\/p>\n\n\n\n<p><a href=\"https:\/\/www.gov.br\/agu\/pt-br\/composicao\/cgu\/cgu\/modelos\/licitacoesecontratos\/licitacoes-sustentaveis\" target=\"_blank\" rel=\"noreferrer noopener\">Guia de Licita\u00e7\u00f5es Sustent\u00e1veis<\/a><\/p>\n\n\n\n<p><strong>REDA\u00c7\u00c3O<\/strong><\/p>\n\n\n\n<p><a href=\"http:\/\/www4.planalto.gov.br\/centrodeestudos\/assuntos\/manual-de-redacao-da-presidencia-da-republica\/manual-de-redacao.pdf\" target=\"_blank\" rel=\"noreferrer noopener\">Manual de Reda\u00e7\u00e3o da Presid\u00eancia da Rep\u00fablica<\/a><\/p>\n\n\n\n<p><strong>PROCESSOS DISCIPLINARES<\/strong><\/p>\n\n\n\n<p><a href=\"https:\/\/www.gov.br\/agu\/pt-br\/composicao\/corregedoria-geral-da-advocacia-da-uniao\/orientacoesenormativos\/Manual.pdf\" target=\"_blank\" rel=\"noreferrer noopener\">Manual Pr\u00e1tico de Processo Administrativo Disciplinar e Sindic\u00e2ncia<\/a><\/p>\n\n\n\n<p><a href=\"https:\/\/repositorio.cgu.gov.br\/bitstream\/1\/68219\/10\/Manual_PAD%20_2022%20%281%29.pdf\" target=\"_blank\" rel=\"noreferrer noopener\">Manual de Processo Disciplinar &#8211; Controladoria Geral da Uni\u00e3o<\/a><\/p>\n\n\n\n<p><strong>ELEI\u00c7\u00d5ES<\/strong><\/p>\n\n\n\n<p><a href=\"https:\/\/agudf.sharepoint.com\/sites\/PGF-DEPCONSU\/SiteAssets\/Forms\/AllItems.aspx?id=%2Fsites%2FPGF%2DDEPCONSU%2FSiteAssets%2FSitePages%2FManuais%2Dda%2DConsultoria%2FCondutas%2DVedadas%2Daos%2DAgentes%2DP%C3%BAblicos%2DFederais%2Dem%2DElei%C3%A7%C3%B5es%2D%2D%2D2022%2Epdf&amp;parent=%2Fsites%2FPGF%2DDEPCONSU%2FSiteAssets%2FSitePages%2FManuais%2Dda%2DConsultoria\" target=\"_blank\" rel=\"noreferrer noopener\">Condutas Vedadas aos Agentes P\u00fablicos Federais em Elei\u00e7\u00f5es 2022<\/a><\/p>\n\n\n\n<p><strong>PROGRAMA DE AUX\u00cdLIO \u00c0 PREVEN\u00c7\u00c3O E ENFRENTAMENTO AO ASS\u00c9DIO SEXUAL DA PROCURADORIA-GERAL FEDERAL (PGF)&nbsp;<\/strong><\/p>\n\n\n\n<p class=\" \"><a href=\"http:\/\/www.ufpb.br\/pf-ufpb\/wp-content\/uploads\/sites\/79\/sites\/308\/2025\/05\/parecern-01-2023-pgassedio-subconsu-pgf-aguuniformizaenquadramentojurdicodoassdioparafinsdaresponsabilidadedisciplinar.pdf\">PARECER n. 00001\/2023\/PG-ASSEDIO\/SUBCONSU\/PGF\/AGU<\/a><\/p>\n\n\n\n<p class=\" \"><a href=\"http:\/\/www.ufpb.br\/pf-ufpb\/wp-content\/uploads\/sites\/79\/sites\/308\/2025\/05\/cartilha_compressed.pdf\">CARTILHA &#8211; Programa de Preven\u00e7\u00e3o e Enfrentamento ao Ass\u00e9dio Sexual no \u00e2mbito das Autarquias e Funda\u00e7\u00f5es P\u00fablicas Federais<\/a><\/p>\n\n\n\n<p><\/p>\n","protected":false},"excerpt":{"rendered":"<p>ATUA\u00c7\u00c3O EXTRAJUDICIAL Manual de Representa\u00e7\u00e3o Extrajudicial &#8211; GESTORES REPRESENTA\u00c7\u00c3O JUDICIAL DE AGENTES P\u00daBLICOS Representa\u00e7\u00e3o judicial [&hellip;]<\/p>\n","protected":false},"author":47,"featured_media":0,"parent":0,"menu_order":0,"comment_status":"closed","ping_status":"closed","template":"","meta":{"footnotes":""},"class_list":["post-52","page","type-page","status-publish","hentry"],"_links":{"self":[{"href":"https:\/\/www.ufpb.br\/pf-ufpb\/wp-json\/wp\/v2\/pages\/52","targetHints":{"allow":["GET"]}}],"collection":[{"href":"https:\/\/www.ufpb.br\/pf-ufpb\/wp-json\/wp\/v2\/pages"}],"about":[{"href":"https:\/\/www.ufpb.br\/pf-ufpb\/wp-json\/wp\/v2\/types\/page"}],"author":[{"embeddable":true,"href":"https:\/\/www.ufpb.br\/pf-ufpb\/wp-json\/wp\/v2\/users\/47"}],"replies":[{"embeddable":true,"href":"https:\/\/www.ufpb.br\/pf-ufpb\/wp-json\/wp\/v2\/comments?post=52"}],"version-history":[{"count":3,"href":"https:\/\/www.ufpb.br\/pf-ufpb\/wp-json\/wp\/v2\/pages\/52\/revisions"}],"predecessor-version":[{"id":348,"href":"https:\/\/www.ufpb.br\/pf-ufpb\/wp-json\/wp\/v2\/pages\/52\/revisions\/348"}],"wp:attachment":[{"href":"https:\/\/www.ufpb.br\/pf-ufpb\/wp-json\/wp\/v2\/media?parent=52"}],"curies":[{"name":"wp","href":"https:\/\/api.w.org\/{rel}","templated":true}]}}