{"id":9,"date":"2025-05-19T21:06:21","date_gmt":"2025-05-20T00:06:21","guid":{"rendered":"https:\/\/www.ufpb.br\/pf-ufpb\/?page_id=9"},"modified":"2026-04-13T13:28:53","modified_gmt":"2026-04-13T16:28:53","slug":"apresentacao","status":"publish","type":"page","link":"https:\/\/www.ufpb.br\/pf-ufpb\/apresentacao\/","title":{"rendered":"Apresenta\u00e7\u00e3o"},"content":{"rendered":"\n<p><\/p>\n\n\n\n<!-- SE\u00c7\u00c3O: APRESENTA\u00c7\u00c3O -->\n\n<div style=\"max-width:860px;background:#1a237e;border-radius:12px;padding:40px 36px;margin-bottom:28px\">\n  <table style=\"width:100%;border-collapse:collapse\">\n    <tr>\n      <td style=\"padding:0\">\n        <p style=\"color:#ccccff;font-size:11px;letter-spacing:2px;text-transform:uppercase;margin:0 0 8px 0\">Procuradoria Federal \u2014 UFPB<\/p>\n        <p style=\"color:#ffffff;font-size:26px;font-weight:700;margin:0 0 12px 0;line-height:1.3\">Apresenta\u00e7\u00e3o<\/p>\n        <p style=\"color:#c5cae9;font-size:15px;line-height:1.7;margin:0 0 14px 0\">A Procuradoria Federal junto \u00e0 Universidade Federal da Para\u00edba (PF\/UFPB) \u00e9 o \u00f3rg\u00e3o respons\u00e1vel pela representa\u00e7\u00e3o judicial e extrajudicial, bem como pela consultoria e assessoramento jur\u00eddico da Universidade.<\/p>\n        <p style=\"margin:0\"><span style=\"background:#3949ab;color:#ffffff;font-size:12px;padding:4px 12px;border-radius:20px;border:1px solid #5c6bc0\">Portaria PGF n\u00ba 172, de 21 de mar\u00e7o de 2016<\/span><\/p>\n      <\/td>\n    <\/tr>\n  <\/table>\n<\/div>\n\n<table style=\"width:100%;max-width:860px;border-collapse:separate;border-spacing:0 14px;font-family:Arial,sans-serif;margin-bottom:4px\">\n\n  <tr>\n    <td style=\"background:#fff;border-radius:10px;border:1px solid #e8eaf6;border-left:4px solid #1a237e;padding:24px 28px\">\n      <p style=\"color:#706f6f;font-size:10px;letter-spacing:2px;text-transform:uppercase;margin:0 0 6px 0\">Vincula\u00e7\u00e3o Institucional<\/p>\n      <p style=\"color:#1a237e;font-size:16px;font-weight:700;margin:0 0 10px 0\">Base Legal<\/p>\n      <p style=\"color:#555;font-size:14px;line-height:1.7;margin:0 0 12px 0\">A atua\u00e7\u00e3o da Procuradoria Federal segue as diretrizes estabelecidas pela <strong>Lei n\u00ba 10.480, de 2 de julho de 2002<\/strong>, que define a composi\u00e7\u00e3o e compet\u00eancias da PGF. Nos termos do art. 10 dessa Lei, compete \u00e0 PGF:<\/p>\n      <div style=\"background:#f5f6ff;border-left:3px solid #3949ab;padding:12px 16px;border-radius:0 6px 6px 0\">\n        <p style=\"color:#444;font-size:13px;font-style:italic;line-height:1.6;margin:0 0 6px 0\">&#8220;A representa\u00e7\u00e3o judicial e extrajudicial das autarquias e funda\u00e7\u00f5es p\u00fablicas federais, as respectivas atividades de consultoria e assessoramento jur\u00eddicos, a apura\u00e7\u00e3o da liquidez e certeza dos cr\u00e9ditos, de qualquer natureza, inerentes \u00e0s suas atividades, inscrevendo-os em d\u00edvida ativa, para fins de cobran\u00e7a amig\u00e1vel ou judicial.&#8221;<\/p>\n        <span style=\"color:#706f6f;font-size:12px\">Art. 10, Lei n\u00ba 10.480\/2002<\/span>\n      <\/div>\n    <\/td>\n  <\/tr>\n\n  <tr>\n    <td style=\"background:#fff;border-radius:10px;border:1px solid #e8eaf6;border-left:4px solid #1a237e;padding:24px 28px\">\n      <p style=\"color:#706f6f;font-size:10px;letter-spacing:2px;text-transform:uppercase;margin:0 0 6px 0\">Compet\u00eancias Internas<\/p>\n      <p style=\"color:#1a237e;font-size:16px;font-weight:700;margin:0 0 10px 0\">Atua\u00e7\u00e3o na UFPB<\/p>\n      <p style=\"color:#555;font-size:14px;line-height:1.7;margin:0 0 10px 0\">No \u00e2mbito da UFPB, a Procuradoria Federal atua como unidade descentralizada da PGF, com compet\u00eancias definidas internamente pela <strong>Portaria Normativa n\u00ba 00001\/2025\/DEPJUR\/PFUFPB\/PGF\/AGU<\/strong>.<\/p>\n      <p style=\"color:#555;font-size:14px;line-height:1.7;margin:0 0 10px 0\">Esse normativo disciplina as atribui\u00e7\u00f5es da PF\/UFPB, que incluem a coordena\u00e7\u00e3o, supervis\u00e3o, execu\u00e7\u00e3o e acompanhamento de todas as mat\u00e9rias de natureza jur\u00eddica no \u00e2mbito da Universidade.<\/p>\n      <span style=\"background:#e8eaf6;color:#1a237e;font-size:12px;padding:3px 10px;border-radius:4px;font-weight:700\">Portaria Normativa n\u00ba 00001\/2025<\/span>\n    <\/td>\n  <\/tr>\n\n<\/table>\n\n<div style=\"max-width:860px;background:linear-gradient(135deg,#e8f5e9,#f1f8e9);border:1px solid #c8e6c9;border-left:4px solid #2e7d32;border-radius:10px;padding:24px 28px;font-family:Arial,sans-serif\">\n  <p style=\"color:#558b2f;font-size:10px;letter-spacing:2px;text-transform:uppercase;margin:0 0 6px 0\">Finalidade Institucional<\/p>\n  <p style=\"color:#2e7d32;font-size:16px;font-weight:700;margin:0 0 10px 0\">Miss\u00e3o<\/p>\n  <p style=\"color:#444;font-size:14px;line-height:1.7;margin:0\">Por meio dessa atua\u00e7\u00e3o, a PF\/UFPB assegura a <strong>conformidade jur\u00eddica<\/strong> das a\u00e7\u00f5es institucionais da UFPB, promovendo a seguran\u00e7a jur\u00eddica necess\u00e1ria ao bom funcionamento da institui\u00e7\u00e3o e \u00e0 defesa do interesse p\u00fablico.<\/p>\n<\/div>\n\n\n\n<p><\/p>\n","protected":false},"excerpt":{"rendered":"<p>Procuradoria Federal \u2014 UFPB Apresenta\u00e7\u00e3o A Procuradoria Federal junto \u00e0 Universidade Federal da Para\u00edba (PF\/UFPB) [&hellip;]<\/p>\n","protected":false},"author":47,"featured_media":0,"parent":0,"menu_order":0,"comment_status":"closed","ping_status":"closed","template":"","meta":{"footnotes":""},"class_list":["post-9","page","type-page","status-publish","hentry"],"_links":{"self":[{"href":"https:\/\/www.ufpb.br\/pf-ufpb\/wp-json\/wp\/v2\/pages\/9","targetHints":{"allow":["GET"]}}],"collection":[{"href":"https:\/\/www.ufpb.br\/pf-ufpb\/wp-json\/wp\/v2\/pages"}],"about":[{"href":"https:\/\/www.ufpb.br\/pf-ufpb\/wp-json\/wp\/v2\/types\/page"}],"author":[{"embeddable":true,"href":"https:\/\/www.ufpb.br\/pf-ufpb\/wp-json\/wp\/v2\/users\/47"}],"replies":[{"embeddable":true,"href":"https:\/\/www.ufpb.br\/pf-ufpb\/wp-json\/wp\/v2\/comments?post=9"}],"version-history":[{"count":11,"href":"https:\/\/www.ufpb.br\/pf-ufpb\/wp-json\/wp\/v2\/pages\/9\/revisions"}],"predecessor-version":[{"id":719,"href":"https:\/\/www.ufpb.br\/pf-ufpb\/wp-json\/wp\/v2\/pages\/9\/revisions\/719"}],"wp:attachment":[{"href":"https:\/\/www.ufpb.br\/pf-ufpb\/wp-json\/wp\/v2\/media?parent=9"}],"curies":[{"name":"wp","href":"https:\/\/api.w.org\/{rel}","templated":true}]}}