{"id":104,"date":"2024-09-26T08:43:02","date_gmt":"2024-09-26T11:43:02","guid":{"rendered":"https:\/\/www.ufpb.br\/pinacoteca2\/?page_id=104"},"modified":"2025-04-23T09:43:44","modified_gmt":"2025-04-23T12:43:44","slug":"celene-sitonio","status":"publish","type":"page","link":"https:\/\/www.ufpb.br\/pinacoteca\/acervo\/colecao-pinacoteca-ufpb\/celene-sitonio\/","title":{"rendered":"Celene Sit\u00f4nio"},"content":{"rendered":"\n<div style=\"height:30px\" aria-hidden=\"true\" class=\"wp-block-spacer\"><\/div>\n\n\n\n<p><strong>Triunfo &#8211; PE, 1939.<\/strong><\/p>\n\n\n\n<p>&nbsp;Celene Sit\u00f4nio Borges Alves, nascida em Triunfo-PB, 1939, atualmente vive e trabalha em Jo\u00e3o Pessoa desde 1941. \u00c9 artista visual, designer de moda, estilista, modelista em artigos de couro e foi professora (aposentada) do curso de Artes Visuais da UFPB. Tem sua primeira gradua\u00e7\u00e3o em Letras (FAFI\/UFPB, Jo\u00e3o Pessoa 1965-1968) e P\u00f3s-Gradua\u00e7\u00e3o em Design de Moda [Couro] (PISIE, It\u00e1lia). E possui diversos cursos desenho e pintura com renomados artistas, alguns como: Domenico Lazzarini, J\u00e3o C\u00e2mara, Raul C\u00f3rdula, Archidy Picado.<\/p>\n\n\n\n<p>Realizou diversas exposi\u00e7\u00f5es de arte, moda e desfiles nas principais capitais brasileiras e em pa\u00edses como Fran\u00e7a, It\u00e1lia, Estados Unidos, Ir\u00e3 e Austr\u00e1lia.<\/p>\n\n\n\n<p>[Fonte: Dicion\u00e1rio das Artes Visuais na Para\u00edba, 2004, Dy\u00f3genes Chaves Gomes]<\/p>\n\n\n\n<h2 class=\"wp-block-heading\"><div class=\"linha-header\">Obras:<\/div><\/h2>\n\n\n\n<figure class=\"wp-block-image size-full is-resized\"><img loading=\"lazy\" decoding=\"async\" width=\"768\" height=\"537\" src=\"https:\/\/www.ufpb.br\/pinacoteca2\/wp-content\/uploads\/sites\/79\/sites\/210\/2024\/10\/4269bb42-d76b-4af0-8b79-742c719ad07b.jpeg\" alt=\"\" class=\"wp-image-649\" style=\"width:740px;height:auto\" srcset=\"https:\/\/www.ufpb.br\/pinacoteca\/wp-content\/uploads\/sites\/79\/sites\/210\/2024\/10\/4269bb42-d76b-4af0-8b79-742c719ad07b.jpeg 768w, https:\/\/www.ufpb.br\/pinacoteca\/wp-content\/uploads\/sites\/79\/sites\/210\/2024\/10\/4269bb42-d76b-4af0-8b79-742c719ad07b-300x210.jpeg 300w\" sizes=\"auto, (max-width: 768px) 100vw, 768px\" \/><figcaption class=\"wp-element-caption\">Sem t\u00edtulo. T\u00e9cnica: T\u00e9cnica mista: colagem e acr\u00edlica sobre tecido. Dimens\u00f5es: 64,5&#215;92 cm. N\u00famero de registro: 011. Origem: Galerias Extintas.<\/figcaption><\/figure>\n","protected":false},"excerpt":{"rendered":"<p>Triunfo &#8211; PE, 1939. &nbsp;Celene Sit\u00f4nio Borges Alves, nascida em Triunfo-PB, 1939, atualmente vive e [&hellip;]<\/p>\n","protected":false},"author":143,"featured_media":0,"parent":71,"menu_order":0,"comment_status":"closed","ping_status":"closed","template":"","meta":{"footnotes":""},"class_list":["post-104","page","type-page","status-publish","hentry"],"_links":{"self":[{"href":"https:\/\/www.ufpb.br\/pinacoteca\/wp-json\/wp\/v2\/pages\/104","targetHints":{"allow":["GET"]}}],"collection":[{"href":"https:\/\/www.ufpb.br\/pinacoteca\/wp-json\/wp\/v2\/pages"}],"about":[{"href":"https:\/\/www.ufpb.br\/pinacoteca\/wp-json\/wp\/v2\/types\/page"}],"author":[{"embeddable":true,"href":"https:\/\/www.ufpb.br\/pinacoteca\/wp-json\/wp\/v2\/users\/143"}],"replies":[{"embeddable":true,"href":"https:\/\/www.ufpb.br\/pinacoteca\/wp-json\/wp\/v2\/comments?post=104"}],"version-history":[{"count":3,"href":"https:\/\/www.ufpb.br\/pinacoteca\/wp-json\/wp\/v2\/pages\/104\/revisions"}],"predecessor-version":[{"id":3003,"href":"https:\/\/www.ufpb.br\/pinacoteca\/wp-json\/wp\/v2\/pages\/104\/revisions\/3003"}],"up":[{"embeddable":true,"href":"https:\/\/www.ufpb.br\/pinacoteca\/wp-json\/wp\/v2\/pages\/71"}],"wp:attachment":[{"href":"https:\/\/www.ufpb.br\/pinacoteca\/wp-json\/wp\/v2\/media?parent=104"}],"curies":[{"name":"wp","href":"https:\/\/api.w.org\/{rel}","templated":true}]}}