{"id":108,"date":"2024-09-26T08:43:27","date_gmt":"2024-09-26T11:43:27","guid":{"rendered":"https:\/\/www.ufpb.br\/pinacoteca2\/?page_id=108"},"modified":"2026-05-04T09:58:31","modified_gmt":"2026-05-04T12:58:31","slug":"chico-dantas","status":"publish","type":"page","link":"https:\/\/www.ufpb.br\/pinacoteca\/acervo\/colecao-pinacoteca-ufpb\/chico-dantas\/","title":{"rendered":"Chico Dantas"},"content":{"rendered":"\n<div style=\"height:30px\" aria-hidden=\"true\" class=\"wp-block-spacer\"><\/div>\n\n\n\n<p><strong>Santa Luzia &#8211; PB, 1950.<\/strong><\/p>\n\n\n\n<p>Francisco Dantas Filho, nascido em Santa Luzia-PB, 1950, atualmente, vive e trabalha em Jo\u00e3o Pessoa. \u00c9 artista visual,&nbsp;<em>videomaker&nbsp;<\/em>e Design de Couro. Autodidata. Se mudou para Jo\u00e3o Pessoa nos anos de 1964, onde estudou Pedagogia e Educa\u00e7\u00e3o Art\u00edstica (UFPB). Durante sua carreira teve diversos cargos de relev\u00e2ncia na esfera das artes, um deles sendo Presidente da Associa\u00e7\u00e3o dos Artistas Pl\u00e1sticos Profissionais da Para\u00edba (1983-1985).<\/p>\n\n\n\n<p>Com sua repercuss\u00e3o e reconhecimento teve o privil\u00e9gio de ministrar curso de pintura e desenho em institui\u00e7\u00f5es e festivais de Arte pelo Nordeste. Foi, tamb\u00e9m, diretor da Galeria Archidy Picado (Funesc, Jo\u00e3o Pessoa, 1983-1990). Teve participa\u00e7\u00e3o em sal\u00f5es de arte e bienais no Brasil e no exterior, onde realizou exposi\u00e7\u00f5es individuais e coletivas.<\/p>\n\n\n\n<p>[Fonte: Dicion\u00e1rio das Artes Visuais na Para\u00edba, 2004, Dy\u00f3genes Chaves Gomes]<\/p>\n\n\n\n<h2 class=\"wp-block-heading\"><div class=\"linha-header\">Obras:<\/div><\/h2>\n\n\n\n<figure class=\"wp-block-image size-full\"><img loading=\"lazy\" decoding=\"async\" width=\"518\" height=\"768\" src=\"https:\/\/www.ufpb.br\/pinacoteca2\/wp-content\/uploads\/sites\/79\/sites\/210\/2024\/10\/f7acb26c-163d-4a1d-87b6-d4351abcc0d2.jpeg\" alt=\"\" class=\"wp-image-663\" srcset=\"https:\/\/www.ufpb.br\/pinacoteca\/wp-content\/uploads\/sites\/79\/sites\/210\/2024\/10\/f7acb26c-163d-4a1d-87b6-d4351abcc0d2.jpeg 518w, https:\/\/www.ufpb.br\/pinacoteca\/wp-content\/uploads\/sites\/79\/sites\/210\/2024\/10\/f7acb26c-163d-4a1d-87b6-d4351abcc0d2-202x300.jpeg 202w\" sizes=\"auto, (max-width: 518px) 100vw, 518px\" \/><figcaption class=\"wp-element-caption\"><strong>3\u00aa passagem do cavaleiro<\/strong>, 1979. T\u00e9cnica: \u00d3leo S\/ tela. Dimens\u00f5es: 87&#215;58 cm. N\u00famero de registro: 015. Doa\u00e7\u00e3o: Gabriel Bechara.<\/figcaption><\/figure>\n\n\n\n<div style=\"height:30px\" aria-hidden=\"true\" class=\"wp-block-spacer\"><\/div>\n\n\n\n<figure class=\"wp-block-image size-full\"><img loading=\"lazy\" decoding=\"async\" width=\"768\" height=\"764\" src=\"https:\/\/www.ufpb.br\/pinacoteca2\/wp-content\/uploads\/sites\/79\/sites\/210\/2024\/10\/29994099-d8ab-4346-b4e9-3877a3bd4903.jpeg\" alt=\"\" class=\"wp-image-665\" srcset=\"https:\/\/www.ufpb.br\/pinacoteca\/wp-content\/uploads\/sites\/79\/sites\/210\/2024\/10\/29994099-d8ab-4346-b4e9-3877a3bd4903.jpeg 768w, https:\/\/www.ufpb.br\/pinacoteca\/wp-content\/uploads\/sites\/79\/sites\/210\/2024\/10\/29994099-d8ab-4346-b4e9-3877a3bd4903-300x298.jpeg 300w, https:\/\/www.ufpb.br\/pinacoteca\/wp-content\/uploads\/sites\/79\/sites\/210\/2024\/10\/29994099-d8ab-4346-b4e9-3877a3bd4903-150x150.jpeg 150w\" sizes=\"auto, (max-width: 768px) 100vw, 768px\" \/><figcaption class=\"wp-element-caption\">Sem titulo, 1984. T\u00e9cnica: \u00d3leo sobre tela. Dimens\u00f5es: 45,5 x 45,5 cm. N\u00famero de registro: 018. Doa\u00e7\u00e3o: Gabriel Bechara.<\/figcaption><\/figure>\n\n\n\n<div style=\"height:30px\" aria-hidden=\"true\" class=\"wp-block-spacer\"><\/div>\n\n\n\n<figure class=\"wp-block-image size-full\"><img loading=\"lazy\" decoding=\"async\" width=\"626\" height=\"768\" src=\"https:\/\/www.ufpb.br\/pinacoteca2\/wp-content\/uploads\/sites\/79\/sites\/210\/2024\/10\/8b34a4d0-cf51-4c2f-b5cd-1adb1f8e2bdf.jpeg\" alt=\"\" class=\"wp-image-666\" srcset=\"https:\/\/www.ufpb.br\/pinacoteca\/wp-content\/uploads\/sites\/79\/sites\/210\/2024\/10\/8b34a4d0-cf51-4c2f-b5cd-1adb1f8e2bdf.jpeg 626w, https:\/\/www.ufpb.br\/pinacoteca\/wp-content\/uploads\/sites\/79\/sites\/210\/2024\/10\/8b34a4d0-cf51-4c2f-b5cd-1adb1f8e2bdf-245x300.jpeg 245w\" sizes=\"auto, (max-width: 626px) 100vw, 626px\" \/><figcaption class=\"wp-element-caption\">Sem titulo, 1984. T\u00e9cnica: \u00d3leo sobre tela. Dimens\u00f5es: 29,5 x 23,5 cm. N\u00famero de registro: 019. Doa\u00e7\u00e3o: Gabriel Bechara.<\/figcaption><\/figure>\n\n\n\n<div style=\"height:30px\" aria-hidden=\"true\" class=\"wp-block-spacer\"><\/div>\n\n\n\n<figure class=\"wp-block-image size-full\"><img loading=\"lazy\" decoding=\"async\" width=\"768\" height=\"524\" src=\"https:\/\/www.ufpb.br\/pinacoteca2\/wp-content\/uploads\/sites\/79\/sites\/210\/2024\/10\/f72534fc-62f8-4960-9c9a-1fe439b885a9.jpeg\" alt=\"\" class=\"wp-image-667\" srcset=\"https:\/\/www.ufpb.br\/pinacoteca\/wp-content\/uploads\/sites\/79\/sites\/210\/2024\/10\/f72534fc-62f8-4960-9c9a-1fe439b885a9.jpeg 768w, https:\/\/www.ufpb.br\/pinacoteca\/wp-content\/uploads\/sites\/79\/sites\/210\/2024\/10\/f72534fc-62f8-4960-9c9a-1fe439b885a9-300x205.jpeg 300w\" sizes=\"auto, (max-width: 768px) 100vw, 768px\" \/><figcaption class=\"wp-element-caption\"><strong>Sem t\u00edtulo<\/strong>, 2016. Pintura em p\u00f3 de caf\u00e9.<\/figcaption><\/figure>\n\n\n\n<div style=\"height:30px\" aria-hidden=\"true\" class=\"wp-block-spacer\"><\/div>\n\n\n\n<figure class=\"wp-block-image size-full\"><img loading=\"lazy\" decoding=\"async\" width=\"768\" height=\"575\" src=\"https:\/\/www.ufpb.br\/pinacoteca\/wp-content\/uploads\/sites\/79\/sites\/210\/2025\/04\/b65132dd-5cf6-4d87-a2a2-cf5888051ea7.jpeg\" alt=\"\" class=\"wp-image-3007\" srcset=\"https:\/\/www.ufpb.br\/pinacoteca\/wp-content\/uploads\/sites\/79\/sites\/210\/2025\/04\/b65132dd-5cf6-4d87-a2a2-cf5888051ea7.jpeg 768w, https:\/\/www.ufpb.br\/pinacoteca\/wp-content\/uploads\/sites\/79\/sites\/210\/2025\/04\/b65132dd-5cf6-4d87-a2a2-cf5888051ea7-300x225.jpeg 300w\" sizes=\"auto, (max-width: 768px) 100vw, 768px\" \/><figcaption class=\"wp-element-caption\"><strong>Sem t\u00edtulo<\/strong>, 1983. Serigrafia a cores. Dimens\u00f5es: 48 cm x 63,3 cm. Doa\u00e7\u00e3o Rosires Andrade. Foto: Maycon Albuquerque.<\/figcaption><\/figure>\n\n\n\n<div style=\"height:30px\" aria-hidden=\"true\" class=\"wp-block-spacer\"><\/div>\n\n\n\n<figure class=\"wp-block-image size-full\"><img loading=\"lazy\" decoding=\"async\" width=\"476\" height=\"627\" src=\"https:\/\/www.ufpb.br\/pinacoteca\/wp-content\/uploads\/sites\/79\/sites\/210\/2026\/04\/image-29.png\" alt=\"\" class=\"wp-image-4308\" srcset=\"https:\/\/www.ufpb.br\/pinacoteca\/wp-content\/uploads\/sites\/79\/sites\/210\/2026\/04\/image-29.png 476w, https:\/\/www.ufpb.br\/pinacoteca\/wp-content\/uploads\/sites\/79\/sites\/210\/2026\/04\/image-29-228x300.png 228w\" sizes=\"auto, (max-width: 476px) 100vw, 476px\" \/><figcaption class=\"wp-element-caption\">Sem t\u00edtulo, 1989. T\u00e9cnica: Ol\u00e9o s\/ tela. Dimens\u00f5es: 58 X 69cm. Doa\u00e7\u00e3o feita por Eudes Rocha. <\/figcaption><\/figure>\n","protected":false},"excerpt":{"rendered":"<p>Santa Luzia &#8211; PB, 1950. Francisco Dantas Filho, nascido em Santa Luzia-PB, 1950, atualmente, vive [&hellip;]<\/p>\n","protected":false},"author":143,"featured_media":0,"parent":71,"menu_order":0,"comment_status":"closed","ping_status":"closed","template":"","meta":{"footnotes":""},"class_list":["post-108","page","type-page","status-publish","hentry"],"_links":{"self":[{"href":"https:\/\/www.ufpb.br\/pinacoteca\/wp-json\/wp\/v2\/pages\/108","targetHints":{"allow":["GET"]}}],"collection":[{"href":"https:\/\/www.ufpb.br\/pinacoteca\/wp-json\/wp\/v2\/pages"}],"about":[{"href":"https:\/\/www.ufpb.br\/pinacoteca\/wp-json\/wp\/v2\/types\/page"}],"author":[{"embeddable":true,"href":"https:\/\/www.ufpb.br\/pinacoteca\/wp-json\/wp\/v2\/users\/143"}],"replies":[{"embeddable":true,"href":"https:\/\/www.ufpb.br\/pinacoteca\/wp-json\/wp\/v2\/comments?post=108"}],"version-history":[{"count":7,"href":"https:\/\/www.ufpb.br\/pinacoteca\/wp-json\/wp\/v2\/pages\/108\/revisions"}],"predecessor-version":[{"id":4345,"href":"https:\/\/www.ufpb.br\/pinacoteca\/wp-json\/wp\/v2\/pages\/108\/revisions\/4345"}],"up":[{"embeddable":true,"href":"https:\/\/www.ufpb.br\/pinacoteca\/wp-json\/wp\/v2\/pages\/71"}],"wp:attachment":[{"href":"https:\/\/www.ufpb.br\/pinacoteca\/wp-json\/wp\/v2\/media?parent=108"}],"curies":[{"name":"wp","href":"https:\/\/api.w.org\/{rel}","templated":true}]}}