{"id":124,"date":"2024-09-26T08:46:16","date_gmt":"2024-09-26T11:46:16","guid":{"rendered":"https:\/\/www.ufpb.br\/pinacoteca2\/?page_id=124"},"modified":"2026-04-07T10:10:13","modified_gmt":"2026-04-07T13:10:13","slug":"cris-peres","status":"publish","type":"page","link":"https:\/\/www.ufpb.br\/pinacoteca\/acervo\/colecao-pinacoteca-ufpb\/cris-peres\/","title":{"rendered":"Cris Peres"},"content":{"rendered":"\n<hr class=\"wp-block-separator has-alpha-channel-opacity\" \/>\n\n\n\n<div style=\"height:10px\" aria-hidden=\"true\" class=\"wp-block-spacer\"><\/div>\n\n\n\n<p><strong>Jo\u00e3o Pessoa &#8211; PB, 1988.<\/strong><\/p>\n\n\n\n<p>Cris Peres \u00e9 artista visual, pesquisadora e bacharel em Artes Visuais pela Universidade Federal da Para\u00edba. Tem o trabalho voltado para a experimenta\u00e7\u00e3o, partindo do princ\u00edpio da gravura no campo ampliado. Utiliza o produto industrial, principalmente o pl\u00e1stico, como plataforma de processo. Interessa-se pela inquietude do ser no meio em que ele se projeta, discutindo o liame produto\/indiv\u00edduo. Participou de exposi\u00e7\u00f5es coletivas na cidade, sendo sua primeira individual realizada em julho de 2019 na Galeria Casar\u00e3o 34, titulada Vocabul\u00e1rio do Vazio.<\/p>\n\n\n\n<h3 class=\"wp-block-heading\">Obras:<\/h3>\n\n\n\n<figure class=\"wp-block-image size-full\"><img loading=\"lazy\" decoding=\"async\" width=\"511\" height=\"361\" src=\"https:\/\/www.ufpb.br\/pinacoteca2\/wp-content\/uploads\/sites\/79\/sites\/210\/2024\/10\/5d8e0259-a032-4dab-a6a7-ad625875a2f8.jpeg\" alt=\"\" class=\"wp-image-696\" srcset=\"https:\/\/www.ufpb.br\/pinacoteca\/wp-content\/uploads\/sites\/79\/sites\/210\/2024\/10\/5d8e0259-a032-4dab-a6a7-ad625875a2f8.jpeg 511w, https:\/\/www.ufpb.br\/pinacoteca\/wp-content\/uploads\/sites\/79\/sites\/210\/2024\/10\/5d8e0259-a032-4dab-a6a7-ad625875a2f8-300x212.jpeg 300w\" sizes=\"auto, (max-width: 511px) 100vw, 511px\" \/><figcaption class=\"wp-element-caption\">Da s\u00e9rie &#8220;<strong>Impress\u00e3o Errada<\/strong>&#8220;. Sem t\u00edtulo, 2019. T\u00e9cnica: monotipia. Dimens\u00f5es: 29,7 x 42 cm. Doa\u00e7\u00e3o da artista.<\/figcaption><\/figure>\n\n\n\n<div style=\"height:7px\" aria-hidden=\"true\" class=\"wp-block-spacer\"><\/div>\n\n\n\n<figure class=\"wp-block-image size-full is-resized\"><img loading=\"lazy\" decoding=\"async\" width=\"255\" height=\"442\" src=\"https:\/\/www.ufpb.br\/pinacoteca\/wp-content\/uploads\/sites\/79\/sites\/210\/2026\/04\/image-17.png\" alt=\"\" class=\"wp-image-4258\" style=\"width:316px;height:auto\" srcset=\"https:\/\/www.ufpb.br\/pinacoteca\/wp-content\/uploads\/sites\/79\/sites\/210\/2026\/04\/image-17.png 255w, https:\/\/www.ufpb.br\/pinacoteca\/wp-content\/uploads\/sites\/79\/sites\/210\/2026\/04\/image-17-173x300.png 173w\" sizes=\"auto, (max-width: 255px) 100vw, 255px\" \/><figcaption class=\"wp-element-caption\">Da S\u00e9rie &#8220;<strong>Tiragem Errada<\/strong>&#8220;. Sem t\u00edtulo, 2019. T\u00e9cnica: Monotipia. Dimens\u00f5es: 103 X 81cm. Doa\u00e7\u00e3o da artista.<\/figcaption><\/figure>\n","protected":false},"excerpt":{"rendered":"<p>Jo\u00e3o Pessoa &#8211; PB, 1988. Cris Peres \u00e9 artista visual, pesquisadora e bacharel em Artes [&hellip;]<\/p>\n","protected":false},"author":143,"featured_media":0,"parent":71,"menu_order":0,"comment_status":"closed","ping_status":"closed","template":"","meta":{"footnotes":""},"class_list":["post-124","page","type-page","status-publish","hentry"],"_links":{"self":[{"href":"https:\/\/www.ufpb.br\/pinacoteca\/wp-json\/wp\/v2\/pages\/124","targetHints":{"allow":["GET"]}}],"collection":[{"href":"https:\/\/www.ufpb.br\/pinacoteca\/wp-json\/wp\/v2\/pages"}],"about":[{"href":"https:\/\/www.ufpb.br\/pinacoteca\/wp-json\/wp\/v2\/types\/page"}],"author":[{"embeddable":true,"href":"https:\/\/www.ufpb.br\/pinacoteca\/wp-json\/wp\/v2\/users\/143"}],"replies":[{"embeddable":true,"href":"https:\/\/www.ufpb.br\/pinacoteca\/wp-json\/wp\/v2\/comments?post=124"}],"version-history":[{"count":5,"href":"https:\/\/www.ufpb.br\/pinacoteca\/wp-json\/wp\/v2\/pages\/124\/revisions"}],"predecessor-version":[{"id":4259,"href":"https:\/\/www.ufpb.br\/pinacoteca\/wp-json\/wp\/v2\/pages\/124\/revisions\/4259"}],"up":[{"embeddable":true,"href":"https:\/\/www.ufpb.br\/pinacoteca\/wp-json\/wp\/v2\/pages\/71"}],"wp:attachment":[{"href":"https:\/\/www.ufpb.br\/pinacoteca\/wp-json\/wp\/v2\/media?parent=124"}],"curies":[{"name":"wp","href":"https:\/\/api.w.org\/{rel}","templated":true}]}}