{"id":1367,"date":"2024-10-23T09:57:51","date_gmt":"2024-10-23T12:57:51","guid":{"rendered":"https:\/\/www.ufpb.br\/pinacoteca2\/?page_id=1367"},"modified":"2026-03-18T10:28:17","modified_gmt":"2026-03-18T13:28:17","slug":"doacoes","status":"publish","type":"page","link":"https:\/\/www.ufpb.br\/pinacoteca\/acervo\/doacoes\/","title":{"rendered":"Doa\u00e7\u00f5es"},"content":{"rendered":"\n<p>As doa\u00e7\u00f5es recebidas \u00e0 Pinacoteca.<\/p>\n\n\n\n<div style=\"height:40px\" aria-hidden=\"true\" class=\"wp-block-spacer\"><\/div>\n\n\n\n<h2 class=\"wp-block-heading\"><div class=\"linha-header\"><a href=\"https:\/\/www.ufpb.br\/pinacoteca\/acervo\/doacoes\/doacoes-2017\/\" data-type=\"page\" data-id=\"1590\">Doa\u00e7\u00f5es 2017 <\/a><\/div><\/h2>\n\n\n\n<div style=\"height:30px\" aria-hidden=\"true\" class=\"wp-block-spacer\"><\/div>\n\n\n\n<h2 class=\"wp-block-heading\"><div class=\"linha-header\"><a href=\"https:\/\/www.ufpb.br\/pinacoteca\/arquivo\/doacoes-2018\/\" data-type=\"page\" data-id=\"1597\">Doa\u00e7\u00f5es 2018<\/a><\/div><\/h2>\n\n\n\n<div style=\"height:30px\" aria-hidden=\"true\" class=\"wp-block-spacer\"><\/div>\n\n\n\n<h2 class=\"wp-block-heading\"><div class=\"linha-header\"><a href=\"https:\/\/www.ufpb.br\/pinacoteca\/arquivo\/doacoes-2019\/\" data-type=\"page\" data-id=\"1777\">Doa\u00e7\u00f5es 2019<\/a> <\/div><\/h2>\n\n\n\n<div style=\"height:30px\" aria-hidden=\"true\" class=\"wp-block-spacer\"><\/div>\n\n\n\n<h2 class=\"wp-block-heading\"><div class=\"linha-header\"><a href=\"https:\/\/www.ufpb.br\/pinacoteca\/arquivo\/doacoes-2020\/\" data-type=\"page\" data-id=\"1897\">Doa\u00e7\u00f5es 2020 <\/a><\/div><\/h2>\n\n\n\n<div style=\"height:30px\" aria-hidden=\"true\" class=\"wp-block-spacer\"><\/div>\n\n\n\n<h2 class=\"wp-block-heading\"><div class=\"linha-header\"><a href=\"https:\/\/www.ufpb.br\/pinacoteca\/arquivo\/doacoes-2021\/\" data-type=\"page\" data-id=\"1939\">Doa\u00e7\u00f5es 2021<\/a> <\/div><\/h2>\n\n\n\n<div style=\"height:30px\" aria-hidden=\"true\" class=\"wp-block-spacer\"><\/div>\n\n\n\n<h2 class=\"wp-block-heading\"><div class=\"linha-header\"><a href=\"https:\/\/www.ufpb.br\/pinacoteca\/arquivo\/doacoes-2022\/\" data-type=\"page\" data-id=\"1952\">Doa\u00e7\u00f5es 2022<\/a><\/div><\/h2>\n\n\n\n<div style=\"height:30px\" aria-hidden=\"true\" class=\"wp-block-spacer\"><\/div>\n\n\n\n<h2 class=\"wp-block-heading\"><div class=\"linha-header\"><a href=\"https:\/\/www.ufpb.br\/pinacoteca\/arquivo\/doacoes-2023\/\" data-type=\"page\" data-id=\"1980\">Doa\u00e7\u00f5es 2023 <\/a><\/div><\/h2>\n\n\n\n<div style=\"height:32px\" aria-hidden=\"true\" class=\"wp-block-spacer\"><\/div>\n\n\n\n<h2 class=\"wp-block-heading\"><div class=\"linha-header\"><a href=\"https:\/\/www.ufpb.br\/pinacoteca\/acervo\/doacoes\/doacoes-2024\/\" data-type=\"page\" data-id=\"1374\">Doa\u00e7\u00f5es 2024<\/a><\/div><\/h2>\n\n\n\n<div style=\"height:31px\" aria-hidden=\"true\" class=\"wp-block-spacer\"><\/div>\n\n\n\n<h2 class=\"wp-block-heading\"><div class=\"linha-header\"><a href=\"https:\/\/www.ufpb.br\/pinacoteca\/acervo\/doacoes\/doacoes-2025\/\" data-type=\"page\" data-id=\"2055\">Doa\u00e7\u00f5es 2025<\/a><\/div><\/h2>\n\n\n\n<div style=\"height:31px\" aria-hidden=\"true\" class=\"wp-block-spacer\"><\/div>\n\n\n\n<h2 class=\"wp-block-heading\"><div class=\"linha-header\"><a href=\"https:\/\/www.ufpb.br\/pinacoteca\/doacoes-2026\/\" data-type=\"link\" data-id=\"https:\/\/www.ufpb.br\/pinacoteca\/doacoes-2026\/\">Doa\u00e7\u00f5es 2026<\/a><\/div><\/h2>\n\n\n\n<div style=\"height:31px\" aria-hidden=\"true\" class=\"wp-block-spacer\"><\/div>\n","protected":false},"excerpt":{"rendered":"<p>As doa\u00e7\u00f5es recebidas \u00e0 Pinacoteca. Doa\u00e7\u00f5es 2017 Doa\u00e7\u00f5es 2018 Doa\u00e7\u00f5es 2019 Doa\u00e7\u00f5es 2020 Doa\u00e7\u00f5es 2021 [&hellip;]<\/p>\n","protected":false},"author":143,"featured_media":0,"parent":24,"menu_order":0,"comment_status":"closed","ping_status":"closed","template":"","meta":{"footnotes":""},"class_list":["post-1367","page","type-page","status-publish","hentry"],"_links":{"self":[{"href":"https:\/\/www.ufpb.br\/pinacoteca\/wp-json\/wp\/v2\/pages\/1367","targetHints":{"allow":["GET"]}}],"collection":[{"href":"https:\/\/www.ufpb.br\/pinacoteca\/wp-json\/wp\/v2\/pages"}],"about":[{"href":"https:\/\/www.ufpb.br\/pinacoteca\/wp-json\/wp\/v2\/types\/page"}],"author":[{"embeddable":true,"href":"https:\/\/www.ufpb.br\/pinacoteca\/wp-json\/wp\/v2\/users\/143"}],"replies":[{"embeddable":true,"href":"https:\/\/www.ufpb.br\/pinacoteca\/wp-json\/wp\/v2\/comments?post=1367"}],"version-history":[{"count":13,"href":"https:\/\/www.ufpb.br\/pinacoteca\/wp-json\/wp\/v2\/pages\/1367\/revisions"}],"predecessor-version":[{"id":3982,"href":"https:\/\/www.ufpb.br\/pinacoteca\/wp-json\/wp\/v2\/pages\/1367\/revisions\/3982"}],"up":[{"embeddable":true,"href":"https:\/\/www.ufpb.br\/pinacoteca\/wp-json\/wp\/v2\/pages\/24"}],"wp:attachment":[{"href":"https:\/\/www.ufpb.br\/pinacoteca\/wp-json\/wp\/v2\/media?parent=1367"}],"curies":[{"name":"wp","href":"https:\/\/api.w.org\/{rel}","templated":true}]}}