{"id":137,"date":"2024-09-26T08:49:12","date_gmt":"2024-09-26T11:49:12","guid":{"rendered":"https:\/\/www.ufpb.br\/pinacoteca2\/?page_id=137"},"modified":"2025-06-27T10:48:12","modified_gmt":"2025-06-27T13:48:12","slug":"everton-david","status":"publish","type":"page","link":"https:\/\/www.ufpb.br\/pinacoteca\/acervo\/colecao-pinacoteca-ufpb\/everton-david\/","title":{"rendered":"Everton David"},"content":{"rendered":"\n<hr class=\"wp-block-separator has-alpha-channel-opacity\" \/>\n\n\n\n<div style=\"height:30px\" aria-hidden=\"true\" class=\"wp-block-spacer\"><\/div>\n\n\n\n<p><strong>Arara \u2013 PB<\/strong>, <strong>1989.<\/strong><\/p>\n\n\n\n<p>Everton David \u00e9 artista visual, jornalista e mestre em culturas midi\u00e1ticas audiovisuais pela Universidade Federal da Para\u00edba (UFPB). Nasceu em 10 de julho de 1989, na cidade de Arara, na Para\u00edba. Atualmente, vive e trabalha na cidade de Jo\u00e3o Pessoa. Seu trabalho busca explorar as rela\u00e7\u00f5es afetivas contempor\u00e2neas a partir de uma leitura de iconografia m\u00e9dica e farmac\u00eautica, relacionando-as \u00e0s ideias de cura e doen\u00e7a. Desse modo, o artista busca formar uma esp\u00e9cie de geografia da organicidade do corpo e dos sentimentos, fundamentando sua pesquisa po\u00e9tica na rela\u00e7\u00e3o humana, meio ambiente e seus desdobramentos sociais. David trabalha com linguagens e suportes variados, como escultura, instala\u00e7\u00e3o, performance, fotografia e v\u00eddeo, mas compreende que n\u00e3o h\u00e1 uma s\u00f3 t\u00e9cnica que move toda a sua pesquisa e produ\u00e7\u00e3o, mas sim um conjunto de temas que lhe interessam e que, a partir deles, suas ideias v\u00e3o se desdobrando em diversas t\u00e9cnicas Sua trajet\u00f3ria art\u00edstica se iniciou em 2014, quando participou da exposi\u00e7\u00e3o coletiva Conex\u00f5es Exposesc, do Sesc Para\u00edba, em Jo\u00e3o Pessoa e Campina Grande. <\/p>\n\n\n\n<p>Desde ent\u00e3o, tem tido suas obras expostas em v\u00e1rios eventos pelo Nordeste. Recebeu, em 2016, o Pr\u00eamio Aquisi\u00e7\u00e3o no Sal\u00e3o de Artes Visuais do Sesc Para\u00edba. Participou, no ano de 2019, da resid\u00eancia art\u00edstica Arapuca, na cidade do Conde, Para\u00edba, coordenada pelo artista Serge Huot. Sua mais recente exposi\u00e7\u00e3o individual, Apontamentos de cura, realizada no ano de 2024, na Galeria Casar\u00e3o 34, na cidade de Jo\u00e3o Pessoa, na Para\u00edba, com curadoria de Walter Arcela, reuniu cerca de 10 obras suas. A oportunidade de ocupar esse espa\u00e7o se deu por meio da recente implementa\u00e7\u00e3o de um processo de ocupa\u00e7\u00e3o art\u00edstica, pela prefeitura da cidade de Jo\u00e3o Pessoa, para todos os equipamentos de cultura dispon\u00edveis na cidade por meio de editais.<\/p>\n\n\n\n<div style=\"height:9px\" aria-hidden=\"true\" class=\"wp-block-spacer\"><\/div>\n\n\n\n<h2 class=\"wp-block-heading\"><div class=\"linha-header\">Obras:<\/div><\/h2>\n\n\n\n<figure class=\"wp-block-image size-full\"><img loading=\"lazy\" decoding=\"async\" width=\"510\" height=\"266\" src=\"https:\/\/www.ufpb.br\/pinacoteca2\/wp-content\/uploads\/sites\/79\/sites\/210\/2024\/10\/db46a61e-10a1-440e-917e-d1cb34ec5923.jpeg\" alt=\"\" class=\"wp-image-713\" srcset=\"https:\/\/www.ufpb.br\/pinacoteca\/wp-content\/uploads\/sites\/79\/sites\/210\/2024\/10\/db46a61e-10a1-440e-917e-d1cb34ec5923.jpeg 510w, https:\/\/www.ufpb.br\/pinacoteca\/wp-content\/uploads\/sites\/79\/sites\/210\/2024\/10\/db46a61e-10a1-440e-917e-d1cb34ec5923-300x156.jpeg 300w\" sizes=\"auto, (max-width: 510px) 100vw, 510px\" \/><figcaption class=\"wp-element-caption\"><strong>Sem t\u00edtulo #1<\/strong> (S\u00e9rie: n\u00e3o houve qu\u00edmica), 2017. T\u00e9cnica: pasta de papel a cores. Dimens\u00f5es: 31,5 x 60 cm. Doa\u00e7\u00e3o do artista.<\/figcaption><\/figure>\n\n\n\n<div style=\"height:30px\" aria-hidden=\"true\" class=\"wp-block-spacer\"><\/div>\n","protected":false},"excerpt":{"rendered":"<p>Arara \u2013 PB, 1989. Everton David \u00e9 artista visual, jornalista e mestre em culturas midi\u00e1ticas [&hellip;]<\/p>\n","protected":false},"author":143,"featured_media":0,"parent":71,"menu_order":0,"comment_status":"closed","ping_status":"closed","template":"","meta":{"footnotes":""},"class_list":["post-137","page","type-page","status-publish","hentry"],"_links":{"self":[{"href":"https:\/\/www.ufpb.br\/pinacoteca\/wp-json\/wp\/v2\/pages\/137","targetHints":{"allow":["GET"]}}],"collection":[{"href":"https:\/\/www.ufpb.br\/pinacoteca\/wp-json\/wp\/v2\/pages"}],"about":[{"href":"https:\/\/www.ufpb.br\/pinacoteca\/wp-json\/wp\/v2\/types\/page"}],"author":[{"embeddable":true,"href":"https:\/\/www.ufpb.br\/pinacoteca\/wp-json\/wp\/v2\/users\/143"}],"replies":[{"embeddable":true,"href":"https:\/\/www.ufpb.br\/pinacoteca\/wp-json\/wp\/v2\/comments?post=137"}],"version-history":[{"count":7,"href":"https:\/\/www.ufpb.br\/pinacoteca\/wp-json\/wp\/v2\/pages\/137\/revisions"}],"predecessor-version":[{"id":3258,"href":"https:\/\/www.ufpb.br\/pinacoteca\/wp-json\/wp\/v2\/pages\/137\/revisions\/3258"}],"up":[{"embeddable":true,"href":"https:\/\/www.ufpb.br\/pinacoteca\/wp-json\/wp\/v2\/pages\/71"}],"wp:attachment":[{"href":"https:\/\/www.ufpb.br\/pinacoteca\/wp-json\/wp\/v2\/media?parent=137"}],"curies":[{"name":"wp","href":"https:\/\/api.w.org\/{rel}","templated":true}]}}