{"id":1501,"date":"2024-12-05T09:16:40","date_gmt":"2024-12-05T12:16:40","guid":{"rendered":"https:\/\/www.ufpb.br\/pinacoteca2\/?page_id=1501"},"modified":"2025-02-28T09:00:30","modified_gmt":"2025-02-28T12:00:30","slug":"colecao-helle-bessa","status":"publish","type":"page","link":"https:\/\/www.ufpb.br\/pinacoteca\/acervo\/colecao-helle-bessa\/","title":{"rendered":"Cole\u00e7\u00e3o Helle Bessa"},"content":{"rendered":"\n<h2 class=\"wp-block-heading\"><div class=\"linha-header\">Hele Bessa (Irm\u00e3 Margarida Henriques Bessa)<\/div><\/h2>\n\n\n\n<p><br><strong>Data de Nascimento:<\/strong> 14\/06\/1926 \u2013 28\/06\/2013<br><strong>Local: <\/strong>Esperan\u00e7a, Para\u00edba, PB<\/p>\n\n\n\n<p><br><strong>Sobre a Artista<\/strong><\/p>\n\n\n\n<p>Aos 17 anos, Hele Bessa ingressou na Congrega\u00e7\u00e3o das Irm\u00e3s Franciscanas de Dillingen,<br>em Areia-PB, onde iniciou seus estudos fundamentais e concluiu o Curso Pedag\u00f3gico. Ela<br>integrou a primeira turma de Irm\u00e3s brasileiras da Congrega\u00e7\u00e3o, recebendo o nome de Irm\u00e3<br>Margarida. Atuou como professora de Educa\u00e7\u00e3o Art\u00edstica no Curso Ginasial e no<br>Pedag\u00f3gico do Col\u00e9gio Santa Rita, em Areia.<br>Em 1972, foi transferida para a Comunidade do Instituto Jo\u00e3o XXIII, em Jo\u00e3o Pessoa, onde<br>continuou sua carreira como professora de Educa\u00e7\u00e3o Art\u00edstica nas primeiras s\u00e9ries do<br>Ensino Fundamental . Al\u00e9m disso, trabalhou na Biblioteca do Col\u00e9gio por 30 anos. Durante<br>esse per\u00edodo, participou de cursos livres de artes visuais oferecidos pela COEX e pela<br>Universidade Federal da Para\u00edba (UFPB), momento em que produziu e experimentou<br>diversas linguagens art\u00edsticas como pintura, gravura, colagem e cianotipia.<br>Como franciscana, demonstrou grande amor pelas pessoas e pela natureza, sendo tam\u00e9m<br>uma defensora do meio ambiente. Cuidava dos jardins, especialmente do orquid\u00e1rio e dos<br>p\u00e1ssaros. Produzia mudas a partir de sementes para serem transplantadas no Parque<br>Arruda C\u00e2mara (Bica) e, em datas relacionadas ao meio ambiente, distribu\u00eda mudas de<br>canela, Ninimbau ( planta asi\u00e1tica) e sementes. Esse ativismo ambiental tamb\u00e9m se reflete<br>em diversas de suas obras, onde s\u00e3o apontados temas pol\u00edticos relacionados \u00e0 ca\u00e7a<br>indevida das baleias e ao desmatamento.<br>Durante sua trajet\u00f3ria art\u00edstica, Hele Bessa recebeu pr\u00eamios importantes, como o I Pr\u00eamio<br>de Gravura da FUNARTE, em Campina Grande (PB), e o Trof\u00e9u Francisco Matias Rolim, no<br>I Sal\u00e3o de Arte Contempor\u00e2nea de Cajazeiras (PB), em 1978. Ela possui obras em museus<br>como o Museu de Artes Pl\u00e1sticas de Mococa (S\u00e3o Paulo), o Museu de Arte Contempor\u00e2nea<br>de Americana (S\u00e3o Paulo) e a Pinacoteca da UFPB.<br>Em 11 de outubro de 2024, a Casa Provincial, representada pela Ir. Ma. Zeneide Dias dos<br>Santos, gentilmente formalizou a doa\u00e7\u00e3o permanente do acervo de Irm\u00e3 Margarida (Hele<br>Bessa) \u00e0 Pinacoteca da Universidade Federal da Para\u00edba (UFPB). O acervo de Hele Bessa<br>representa um importante testemunho da trajet\u00f3ria art\u00edstica e do compromisso social e<br>ambiental dessa importante artista para o cen\u00e1rio paraibano.<br>A doa\u00e7\u00e3o permanente deste conjunto de obras, garante a preserva\u00e7\u00e3o e o acesso \u00e0<br>produ\u00e7\u00e3o de uma artista que atuou n\u00e3o apenas como educadora, mas tamb\u00e9m como<br>pesquisadora e ativista ambiental. Composto por 211 itens, incluindo pinturas, desenhos,<br>gravuras, stencil, carimbos, cianotipia e cadernos, o acervo abarca diferentes fases de sua<br>produ\u00e7\u00e3o, refletindo a diversidade de linguagens e t\u00e9cnicas com as quais Hele Bessa<br>trabalhou no decorrer de sua trajet\u00f3ria. O acervo, que j\u00e1 foi inventariado e atualmente<br>passa pelo processo de documenta\u00e7\u00e3o, em breve estar\u00e1 dispon\u00edvel para pesquisa.<\/p>\n\n\n\n<p><\/p>\n\n\n\n<p><em>Fonte:  livro Mulheres Artistas Visuais na Para\u00edba.v( MELO, Sabrina; ZACCARA, Madalena, 2025), no prelo.<\/em><\/p>\n\n\n\n<p><\/p>\n","protected":false},"excerpt":{"rendered":"<p>Hele Bessa (Irm\u00e3 Margarida Henriques Bessa) Data de Nascimento: 14\/06\/1926 \u2013 28\/06\/2013Local: Esperan\u00e7a, Para\u00edba, PB [&hellip;]<\/p>\n","protected":false},"author":143,"featured_media":0,"parent":24,"menu_order":0,"comment_status":"closed","ping_status":"closed","template":"","meta":{"footnotes":""},"class_list":["post-1501","page","type-page","status-publish","hentry"],"_links":{"self":[{"href":"https:\/\/www.ufpb.br\/pinacoteca\/wp-json\/wp\/v2\/pages\/1501","targetHints":{"allow":["GET"]}}],"collection":[{"href":"https:\/\/www.ufpb.br\/pinacoteca\/wp-json\/wp\/v2\/pages"}],"about":[{"href":"https:\/\/www.ufpb.br\/pinacoteca\/wp-json\/wp\/v2\/types\/page"}],"author":[{"embeddable":true,"href":"https:\/\/www.ufpb.br\/pinacoteca\/wp-json\/wp\/v2\/users\/143"}],"replies":[{"embeddable":true,"href":"https:\/\/www.ufpb.br\/pinacoteca\/wp-json\/wp\/v2\/comments?post=1501"}],"version-history":[{"count":2,"href":"https:\/\/www.ufpb.br\/pinacoteca\/wp-json\/wp\/v2\/pages\/1501\/revisions"}],"predecessor-version":[{"id":2188,"href":"https:\/\/www.ufpb.br\/pinacoteca\/wp-json\/wp\/v2\/pages\/1501\/revisions\/2188"}],"up":[{"embeddable":true,"href":"https:\/\/www.ufpb.br\/pinacoteca\/wp-json\/wp\/v2\/pages\/24"}],"wp:attachment":[{"href":"https:\/\/www.ufpb.br\/pinacoteca\/wp-json\/wp\/v2\/media?parent=1501"}],"curies":[{"name":"wp","href":"https:\/\/api.w.org\/{rel}","templated":true}]}}