{"id":164,"date":"2024-09-26T09:34:43","date_gmt":"2024-09-26T12:34:43","guid":{"rendered":"https:\/\/www.ufpb.br\/pinacoteca2\/?page_id=164"},"modified":"2025-04-25T10:25:59","modified_gmt":"2025-04-25T13:25:59","slug":"fabiano-gonper","status":"publish","type":"page","link":"https:\/\/www.ufpb.br\/pinacoteca\/acervo\/colecao-pinacoteca-ufpb\/fabiano-gonper\/","title":{"rendered":"Fabiano Gonper"},"content":{"rendered":"\n<div style=\"height:30px\" aria-hidden=\"true\" class=\"wp-block-spacer\"><\/div>\n\n\n\n<p><strong>Jo\u00e3o Pessoa &#8211; PB, 1970.<\/strong><\/p>\n\n\n\n<p>Fabiano Gon\u00e7alves Pereira, nascido em Jo\u00e3o Pessoa (1970), atualmente vive e trabalha em S\u00e3o Paulo. \u00c9 artista visual.&nbsp;Voltando-se a questionamentos internos acerca de seu p\u00fablico e de si mesmo, seu trabalho se desenvolve no entorno de quest\u00f5es acerca do indiv\u00edduo como um ser que transita obrigatoriamente entre as dimens\u00f5es do eu individual e do coletivo. Oscilando, assim, entre o imagin\u00e1rio de cunho surreal e o real, introduzindo o mist\u00e9rio sem que haja a exclus\u00e3o da possibilidade de comunica\u00e7\u00e3o com o p\u00fablico.<\/p>\n\n\n\n<p>Conhecido pela sua produ\u00e7\u00e3o&nbsp;<em>Gonper Museum<\/em>, no qual alimenta reflex\u00f5es sobre as rela\u00e7\u00f5es travadas entre o artista, a institui\u00e7\u00e3o de Arte e a estrutura museol\u00f3gica. Tamb\u00e9m costuma juntar em suas obras, desenhos e frases de car\u00e1ter ir\u00f4nico ou po\u00e9tica, buscando sempre ter uma maior intera\u00e7\u00e3o com o p\u00fablico, fazendo sempre essas &#8221;brincadeiras&#8221; em suas obras.<\/p>\n\n\n\n<p>[Fonte: Dicion\u00e1rio das Artes Visuais na Para\u00edba, 2004, Dy\u00f3genes Chaves Gomes]<\/p>\n\n\n\n<p><\/p>\n\n\n\n<h3 class=\"wp-block-heading\">Obras:<\/h3>\n\n\n\n<figure class=\"wp-block-image size-full\"><img loading=\"lazy\" decoding=\"async\" width=\"768\" height=\"546\" src=\"https:\/\/www.ufpb.br\/pinacoteca2\/wp-content\/uploads\/sites\/79\/sites\/210\/2024\/10\/fcf066a6-f995-4361-a64f-64405910ff26.jpeg\" alt=\"\" class=\"wp-image-715\" srcset=\"https:\/\/www.ufpb.br\/pinacoteca\/wp-content\/uploads\/sites\/79\/sites\/210\/2024\/10\/fcf066a6-f995-4361-a64f-64405910ff26.jpeg 768w, https:\/\/www.ufpb.br\/pinacoteca\/wp-content\/uploads\/sites\/79\/sites\/210\/2024\/10\/fcf066a6-f995-4361-a64f-64405910ff26-300x213.jpeg 300w\" sizes=\"auto, (max-width: 768px) 100vw, 768px\" \/><figcaption class=\"wp-element-caption\">&#8220;Gonper Museum &#8211; Antonio Dias: A ilustra\u00e7\u00e3o da arte (Project)&#8221;, 2005. T\u00e9cnica: impress\u00e3o em papel algod\u00e3o. Dimens\u00f5es: 90 x 150 cm. Edi\u00e7\u00e3o 05\/10. Doa\u00e7\u00e3o do artista.<\/figcaption><\/figure>\n\n\n\n<div style=\"height:30px\" aria-hidden=\"true\" class=\"wp-block-spacer\"><\/div>\n\n\n\n<figure class=\"wp-block-image size-full\"><img loading=\"lazy\" decoding=\"async\" width=\"768\" height=\"544\" src=\"https:\/\/www.ufpb.br\/pinacoteca2\/wp-content\/uploads\/sites\/79\/sites\/210\/2024\/10\/b1a39092-0916-491b-935f-c1cd08085039.jpeg\" alt=\"\" class=\"wp-image-716\" srcset=\"https:\/\/www.ufpb.br\/pinacoteca\/wp-content\/uploads\/sites\/79\/sites\/210\/2024\/10\/b1a39092-0916-491b-935f-c1cd08085039.jpeg 768w, https:\/\/www.ufpb.br\/pinacoteca\/wp-content\/uploads\/sites\/79\/sites\/210\/2024\/10\/b1a39092-0916-491b-935f-c1cd08085039-300x213.jpeg 300w\" sizes=\"auto, (max-width: 768px) 100vw, 768px\" \/><figcaption class=\"wp-element-caption\">&#8220;Gonper Museum &#8211; Antonio Dias: A ilustra\u00e7\u00e3o da arte (Site specific)&#8221;, 2005. Instala\u00e7\u00e3o (adesivo de recorte sobre papel). Dimens\u00f5es: 195 x 400 cm. Edi\u00e7\u00e3o 02\/05. Doa\u00e7\u00e3o do artista.<\/figcaption><\/figure>\n\n\n\n<div style=\"height:30px\" aria-hidden=\"true\" class=\"wp-block-spacer\"><\/div>\n","protected":false},"excerpt":{"rendered":"<p>Jo\u00e3o Pessoa &#8211; PB, 1970. Fabiano Gon\u00e7alves Pereira, nascido em Jo\u00e3o Pessoa (1970), atualmente vive [&hellip;]<\/p>\n","protected":false},"author":143,"featured_media":0,"parent":71,"menu_order":0,"comment_status":"closed","ping_status":"closed","template":"","meta":{"footnotes":""},"class_list":["post-164","page","type-page","status-publish","hentry"],"_links":{"self":[{"href":"https:\/\/www.ufpb.br\/pinacoteca\/wp-json\/wp\/v2\/pages\/164","targetHints":{"allow":["GET"]}}],"collection":[{"href":"https:\/\/www.ufpb.br\/pinacoteca\/wp-json\/wp\/v2\/pages"}],"about":[{"href":"https:\/\/www.ufpb.br\/pinacoteca\/wp-json\/wp\/v2\/types\/page"}],"author":[{"embeddable":true,"href":"https:\/\/www.ufpb.br\/pinacoteca\/wp-json\/wp\/v2\/users\/143"}],"replies":[{"embeddable":true,"href":"https:\/\/www.ufpb.br\/pinacoteca\/wp-json\/wp\/v2\/comments?post=164"}],"version-history":[{"count":5,"href":"https:\/\/www.ufpb.br\/pinacoteca\/wp-json\/wp\/v2\/pages\/164\/revisions"}],"predecessor-version":[{"id":3086,"href":"https:\/\/www.ufpb.br\/pinacoteca\/wp-json\/wp\/v2\/pages\/164\/revisions\/3086"}],"up":[{"embeddable":true,"href":"https:\/\/www.ufpb.br\/pinacoteca\/wp-json\/wp\/v2\/pages\/71"}],"wp:attachment":[{"href":"https:\/\/www.ufpb.br\/pinacoteca\/wp-json\/wp\/v2\/media?parent=164"}],"curies":[{"name":"wp","href":"https:\/\/api.w.org\/{rel}","templated":true}]}}