{"id":167,"date":"2024-09-26T09:38:49","date_gmt":"2024-09-26T12:38:49","guid":{"rendered":"https:\/\/www.ufpb.br\/pinacoteca2\/?page_id=167"},"modified":"2025-04-25T10:29:30","modified_gmt":"2025-04-25T13:29:30","slug":"fabio-de-brito","status":"publish","type":"page","link":"https:\/\/www.ufpb.br\/pinacoteca\/acervo\/colecao-pinacoteca-ufpb\/fabio-de-brito\/","title":{"rendered":"F\u00e1bio de Brito"},"content":{"rendered":"\n<div style=\"height:30px\" aria-hidden=\"true\" class=\"wp-block-spacer\"><\/div>\n\n\n\n<p><strong>Puxinan\u00e3-PB, 1976<\/strong><\/p>\n\n\n\n<p>F\u00e1bio de Brito Inoc\u00eancio, nascido em Puxinan\u00e3-PB&nbsp; (1976), atualmente vive e trabalha em Campina Grande\/PB, atuando como artista visual. Tem gradua\u00e7\u00e3o em Artes Visuais (UFPB, Jo\u00e3o Pessoa, 2014) e frequentou cursos de artes pl\u00e1sticas (Departamento de Artes\/UFCG, Campina Grande, 1989). Em sua carreira conquistou diversos pr\u00eamios nacionais e internacionais, alguns como: Men\u00e7\u00e3o Honrosa na III Mostra Internacional de Pintura Art\u00edstica &#8211; Cem Anos de Avia\u00e7\u00e3o [AGAPA] (Gramado-RS, 2006).<\/p>\n\n\n\n<p>Presentemente, sua produ\u00e7\u00e3o art\u00edstica busca se apropriar de objetos\/imagens utilizando meios tradicionais e contempor\u00e2neos das artes visuais, como desenho, escultura, gravura, instala\u00e7\u00e3o, site specific, assemblages, etc.<\/p>\n\n\n\n<p>[Fonte: Dicion\u00e1rio das Artes Visuais na Para\u00edba, 2004, Dy\u00f3genes Chaves Gomes]<\/p>\n\n\n\n<p><\/p>\n\n\n\n<h4 class=\"wp-block-heading\">Obras:<\/h4>\n\n\n\n<figure class=\"wp-block-image size-full\"><img loading=\"lazy\" decoding=\"async\" width=\"545\" height=\"768\" src=\"https:\/\/www.ufpb.br\/pinacoteca2\/wp-content\/uploads\/sites\/79\/sites\/210\/2024\/10\/116e8d11-dedf-4763-8726-4ee3eac01478.jpeg\" alt=\"\" class=\"wp-image-720\" srcset=\"https:\/\/www.ufpb.br\/pinacoteca\/wp-content\/uploads\/sites\/79\/sites\/210\/2024\/10\/116e8d11-dedf-4763-8726-4ee3eac01478.jpeg 545w, https:\/\/www.ufpb.br\/pinacoteca\/wp-content\/uploads\/sites\/79\/sites\/210\/2024\/10\/116e8d11-dedf-4763-8726-4ee3eac01478-213x300.jpeg 213w\" sizes=\"auto, (max-width: 545px) 100vw, 545px\" \/><figcaption class=\"wp-element-caption\">Sem t\u00edtulo, 2012. T\u00e9cnica: gravura em lin\u00f3leo. Dimens\u00f5es: 42 x 29 cm. Doa\u00e7\u00e3o do artista. Foto: Maycon Albuquerque.<\/figcaption><\/figure>\n\n\n\n<div style=\"height:30px\" aria-hidden=\"true\" class=\"wp-block-spacer\"><\/div>\n","protected":false},"excerpt":{"rendered":"<p>1976<\/p>\n","protected":false},"author":143,"featured_media":0,"parent":71,"menu_order":0,"comment_status":"closed","ping_status":"closed","template":"","meta":{"footnotes":""},"class_list":["post-167","page","type-page","status-publish","hentry"],"_links":{"self":[{"href":"https:\/\/www.ufpb.br\/pinacoteca\/wp-json\/wp\/v2\/pages\/167","targetHints":{"allow":["GET"]}}],"collection":[{"href":"https:\/\/www.ufpb.br\/pinacoteca\/wp-json\/wp\/v2\/pages"}],"about":[{"href":"https:\/\/www.ufpb.br\/pinacoteca\/wp-json\/wp\/v2\/types\/page"}],"author":[{"embeddable":true,"href":"https:\/\/www.ufpb.br\/pinacoteca\/wp-json\/wp\/v2\/users\/143"}],"replies":[{"embeddable":true,"href":"https:\/\/www.ufpb.br\/pinacoteca\/wp-json\/wp\/v2\/comments?post=167"}],"version-history":[{"count":8,"href":"https:\/\/www.ufpb.br\/pinacoteca\/wp-json\/wp\/v2\/pages\/167\/revisions"}],"predecessor-version":[{"id":3088,"href":"https:\/\/www.ufpb.br\/pinacoteca\/wp-json\/wp\/v2\/pages\/167\/revisions\/3088"}],"up":[{"embeddable":true,"href":"https:\/\/www.ufpb.br\/pinacoteca\/wp-json\/wp\/v2\/pages\/71"}],"wp:attachment":[{"href":"https:\/\/www.ufpb.br\/pinacoteca\/wp-json\/wp\/v2\/media?parent=167"}],"curies":[{"name":"wp","href":"https:\/\/api.w.org\/{rel}","templated":true}]}}