{"id":184,"date":"2024-09-26T09:51:58","date_gmt":"2024-09-26T12:51:58","guid":{"rendered":"https:\/\/www.ufpb.br\/pinacoteca2\/?page_id=184"},"modified":"2026-04-27T10:44:55","modified_gmt":"2026-04-27T13:44:55","slug":"francisco-neves","status":"publish","type":"page","link":"https:\/\/www.ufpb.br\/pinacoteca\/acervo\/colecao-pinacoteca-ufpb\/francisco-neves\/","title":{"rendered":"Francisco Neves"},"content":{"rendered":"\n<hr class=\"wp-block-separator has-alpha-channel-opacity\" \/>\n\n\n\n<div style=\"height:30px\" aria-hidden=\"true\" class=\"wp-block-spacer\"><\/div>\n\n\n\n<p><strong>Campina Grande \u2013 PB, 1949<\/strong><\/p>\n\n\n\n<p>Francisco Neves de Andrade nasceu em Campina Grande, na Para\u00edba, em 1949, mas radicou-se em Recife-PE. Juntamente com outros artistas, fundou em 1979 a Oficina Guaianases de Gravura, da qual \u00e9 diretor t\u00e9cnico e art\u00edstico, no pr\u00f3prio Recife. Francisco Neves tamb\u00e9m \u00e9 s\u00f3cio-fundador da Associa\u00e7\u00e3o de Artistas Pl\u00e1sticos Profissionais de Pernambuco, que iniciou suas atividades em 1980. Tem participado, desde 1967, de in\u00fameras exposi\u00e7\u00f5es coletivas e individuais realizadas por todo o pa\u00eds e tamb\u00e9m no exterior, tendo recebido v\u00e1rios pr\u00eamios e men\u00e7\u00f5es honrosas.&nbsp;Fez parcerias tamb\u00e9m com&nbsp; outros artistas pl\u00e1sticos, como Jo\u00e3o C\u00e2mara, Delano, Inalda Xavier e Gil Vicente. Entre as suas exposi\u00e7\u00f5es, destacamos o&nbsp; Sal\u00e3o de Artes Pl\u00e1sticas de Pernambuco, no Recife, nos anos de 1967, 1969, 1976, 1981, 1983, 1985 e 1987; Exposi\u00e7\u00e3o Jovem de Arte Contempor\u00e2nea MAC\/USP, em S\u00e3o Paulo, em 1973; 4\u00b0 Sal\u00e3o de Artistas de Pernambuco, Galeria Ranulpho, em Bras\u00edlia, em 1977; Sal\u00e3o de Arte Contempor\u00e2nea, em Santo Andr\u00e9, S\u00e3o Paulo, em 1977; Artistas de Pernambuco, Museu Guido Viaro, em Curitiba, em 1979.&nbsp;Tamb\u00e9m fez parte do&nbsp; Sal\u00e3o Nacional de Artes Pl\u00e1sticas, no Rio de Janeiro, em 1979; Exposi\u00e7\u00e3o de Arte \u2013 Door, no Recife, 1981; Exposi\u00e7\u00e3o de Arte em Nancy, Fran\u00e7a, em 1994; Galeria Artespa\u00e7o, no Recife, em 1996; IX Feira Nacional de Artesanato \u2013 M\u00e3o de Minas, em Belo Horizonte, Minas Gerais, em 2000; Exposi\u00e7\u00e3o de Quadros de Artistas Pernambucanos, IMIP \u2013 Museu do Estado de Pernambuco, Espa\u00e7o Cultural Bandepe, em Recife, nos anos de 2000 a 2003; Mostra de Artes Tacaruna, Recife, nos anos de 2000 a 2003.<\/p>\n\n\n\n<p>Recebeu reconhecimento ao seu trabalho, entre os quais se destacam: Sal\u00e3o de Pintura, Museu do Estado de Pernambuco, Recife. Primeiro Pr\u00eamio (desenho) 1967; Primeiro Pr\u00eamio (gravura) 1969; Sal\u00e3o de Arte Global de Pernambuco, Viagem ao Pa\u00eds (desenho), 1974; Sal\u00e3o de Artes Pl\u00e1sticas de Pernambuco, Pr\u00eamio EMPETUR, 1981; Pr\u00eamio Nacional Telles J\u00fanior e Pr\u00eamio Secretaria de Cultura (pintura) 1983; Pr\u00eamio Shell (pintura), 1985; Mostra de Arte e Ecologia, Recife; Pr\u00eamio CPRH (desenho); Pr\u00eamio Listel (pintura), 1986; Concurso C &amp; A de Arte, Galeria Metropolitana Alu\u00edsio Magalh\u00e3es, Men\u00e7\u00e3o Especial do J\u00fari (mural); Pr\u00eamio Projeto para Petrolina (arte mural), 1987; Mostra Jardim Cultural \u2013 Belo Jardim \u2013 PE, 2001 e 2002.<\/p>\n\n\n\n<p>Em 2003, foi assessor t\u00e9cnico da Escolinha de Arte do Recife. Suas obras t\u00eam sido expostas em v\u00e1rias partes do mundo.<\/p>\n\n\n\n<p>[Fonte: Para\u00edba Criativa, 2024]<\/p>\n\n\n\n<div style=\"height:10px\" aria-hidden=\"true\" class=\"wp-block-spacer\"><\/div>\n\n\n\n<h2 class=\"wp-block-heading\"><div class=\"linha-header\">Obras:<\/div><\/h2>\n\n\n\n<figure class=\"wp-block-image size-full\"><img loading=\"lazy\" decoding=\"async\" width=\"360\" height=\"511\" src=\"https:\/\/www.ufpb.br\/pinacoteca\/wp-content\/uploads\/sites\/79\/sites\/210\/2025\/04\/image-13.jpeg\" alt=\"\" class=\"wp-image-3105\" srcset=\"https:\/\/www.ufpb.br\/pinacoteca\/wp-content\/uploads\/sites\/79\/sites\/210\/2025\/04\/image-13.jpeg 360w, https:\/\/www.ufpb.br\/pinacoteca\/wp-content\/uploads\/sites\/79\/sites\/210\/2025\/04\/image-13-211x300.jpeg 211w\" sizes=\"auto, (max-width: 360px) 100vw, 360px\" \/><figcaption class=\"wp-element-caption\"><strong>Sem t\u00edtulo<\/strong>, 1973. T\u00e9cnica: nanquim a cores sobre papel. Dimens\u00f5es: 61 cm x 43,5 cm. Doa\u00e7\u00e3o Rosires Andrade.<\/figcaption><\/figure>\n\n\n\n<div style=\"height:30px\" aria-hidden=\"true\" class=\"wp-block-spacer\"><\/div>\n\n\n\n<figure class=\"wp-block-image size-full\"><img loading=\"lazy\" decoding=\"async\" width=\"526\" height=\"768\" src=\"https:\/\/www.ufpb.br\/pinacoteca\/wp-content\/uploads\/sites\/79\/sites\/210\/2026\/03\/image-38.png\" alt=\"\" class=\"wp-image-3904\" srcset=\"https:\/\/www.ufpb.br\/pinacoteca\/wp-content\/uploads\/sites\/79\/sites\/210\/2026\/03\/image-38.png 526w, https:\/\/www.ufpb.br\/pinacoteca\/wp-content\/uploads\/sites\/79\/sites\/210\/2026\/03\/image-38-205x300.png 205w\" sizes=\"auto, (max-width: 526px) 100vw, 526px\" \/><figcaption class=\"wp-element-caption\">T\u00edtulo:\u00a0<strong>Olinda.\u00a0<\/strong>T\u00e9cnica: acr\u00edlica sobre chapa de fibra de madeira. Dimens\u00e3o: 76,5cm x 52,2cm. Data: 1982. Doa\u00e7\u00e3o de Gabriel Bechara Filho<\/figcaption><\/figure>\n\n\n\n<div style=\"height:30px\" aria-hidden=\"true\" class=\"wp-block-spacer\"><\/div>\n\n\n\n<figure class=\"wp-block-image size-large\"><img loading=\"lazy\" decoding=\"async\" width=\"1024\" height=\"819\" src=\"https:\/\/www.ufpb.br\/pinacoteca\/wp-content\/uploads\/sites\/79\/sites\/210\/2026\/04\/image-34-1024x819.png\" alt=\"\" class=\"wp-image-4324\" srcset=\"https:\/\/www.ufpb.br\/pinacoteca\/wp-content\/uploads\/sites\/79\/sites\/210\/2026\/04\/image-34-1024x819.png 1024w, https:\/\/www.ufpb.br\/pinacoteca\/wp-content\/uploads\/sites\/79\/sites\/210\/2026\/04\/image-34-300x240.png 300w, https:\/\/www.ufpb.br\/pinacoteca\/wp-content\/uploads\/sites\/79\/sites\/210\/2026\/04\/image-34-768x614.png 768w, https:\/\/www.ufpb.br\/pinacoteca\/wp-content\/uploads\/sites\/79\/sites\/210\/2026\/04\/image-34-1536x1229.png 1536w, https:\/\/www.ufpb.br\/pinacoteca\/wp-content\/uploads\/sites\/79\/sites\/210\/2026\/04\/image-34.png 1600w\" sizes=\"auto, (max-width: 1024px) 100vw, 1024px\" \/><figcaption class=\"wp-element-caption\">Sem t\u00edtulo, 2987. T\u00e9cnica: Giz pastel oleoso s\/ papel fabriano colado em duratex. Dimens\u00f5es: 33,5 X 43,5cm. Doa\u00e7\u00e3o feita por Gabriel Bechara Filho. <\/figcaption><\/figure>\n","protected":false},"excerpt":{"rendered":"<p>Campina Grande \u2013 PB, 1949 Francisco Neves de Andrade nasceu em Campina Grande, na Para\u00edba, [&hellip;]<\/p>\n","protected":false},"author":143,"featured_media":0,"parent":71,"menu_order":0,"comment_status":"closed","ping_status":"closed","template":"","meta":{"footnotes":""},"class_list":["post-184","page","type-page","status-publish","hentry"],"_links":{"self":[{"href":"https:\/\/www.ufpb.br\/pinacoteca\/wp-json\/wp\/v2\/pages\/184","targetHints":{"allow":["GET"]}}],"collection":[{"href":"https:\/\/www.ufpb.br\/pinacoteca\/wp-json\/wp\/v2\/pages"}],"about":[{"href":"https:\/\/www.ufpb.br\/pinacoteca\/wp-json\/wp\/v2\/types\/page"}],"author":[{"embeddable":true,"href":"https:\/\/www.ufpb.br\/pinacoteca\/wp-json\/wp\/v2\/users\/143"}],"replies":[{"embeddable":true,"href":"https:\/\/www.ufpb.br\/pinacoteca\/wp-json\/wp\/v2\/comments?post=184"}],"version-history":[{"count":6,"href":"https:\/\/www.ufpb.br\/pinacoteca\/wp-json\/wp\/v2\/pages\/184\/revisions"}],"predecessor-version":[{"id":4326,"href":"https:\/\/www.ufpb.br\/pinacoteca\/wp-json\/wp\/v2\/pages\/184\/revisions\/4326"}],"up":[{"embeddable":true,"href":"https:\/\/www.ufpb.br\/pinacoteca\/wp-json\/wp\/v2\/pages\/71"}],"wp:attachment":[{"href":"https:\/\/www.ufpb.br\/pinacoteca\/wp-json\/wp\/v2\/media?parent=184"}],"curies":[{"name":"wp","href":"https:\/\/api.w.org\/{rel}","templated":true}]}}