{"id":2055,"date":"2025-02-25T09:07:35","date_gmt":"2025-02-25T12:07:35","guid":{"rendered":"https:\/\/www.ufpb.br\/pinacoteca\/?page_id=2055"},"modified":"2026-03-18T10:36:01","modified_gmt":"2026-03-18T13:36:01","slug":"doacoes-2025","status":"publish","type":"page","link":"https:\/\/www.ufpb.br\/pinacoteca\/acervo\/doacoes\/doacoes-2025\/","title":{"rendered":"Doa\u00e7\u00f5es 2025"},"content":{"rendered":"\n<hr class=\"wp-block-separator has-alpha-channel-opacity\" \/>\n\n\n\n<div style=\"height:30px\" aria-hidden=\"true\" class=\"wp-block-spacer\"><\/div>\n\n\n\n<p>As doa\u00e7\u00f5es que a Pinacoteca recebeu no ano de 2025<\/p>\n\n\n\n<h2 class=\"wp-block-heading\"><div class=\"linha-header\">Gustavo Maia<\/div><\/h2>\n\n\n\n<figure class=\"wp-block-image size-large\"><img loading=\"lazy\" decoding=\"async\" width=\"1024\" height=\"755\" src=\"http:\/\/www.ufpb.br\/pinacoteca\/wp-content\/uploads\/sites\/79\/sites\/210\/2025\/02\/fe724179-9aa3-4e21-a029-3a393c57de93-1024x755.jpg\" alt=\"\" class=\"wp-image-2062\" srcset=\"https:\/\/www.ufpb.br\/pinacoteca\/wp-content\/uploads\/sites\/79\/sites\/210\/2025\/02\/fe724179-9aa3-4e21-a029-3a393c57de93-1024x755.jpg 1024w, https:\/\/www.ufpb.br\/pinacoteca\/wp-content\/uploads\/sites\/79\/sites\/210\/2025\/02\/fe724179-9aa3-4e21-a029-3a393c57de93-300x221.jpg 300w, https:\/\/www.ufpb.br\/pinacoteca\/wp-content\/uploads\/sites\/79\/sites\/210\/2025\/02\/fe724179-9aa3-4e21-a029-3a393c57de93-768x566.jpg 768w, https:\/\/www.ufpb.br\/pinacoteca\/wp-content\/uploads\/sites\/79\/sites\/210\/2025\/02\/fe724179-9aa3-4e21-a029-3a393c57de93-1536x1132.jpg 1536w, https:\/\/www.ufpb.br\/pinacoteca\/wp-content\/uploads\/sites\/79\/sites\/210\/2025\/02\/fe724179-9aa3-4e21-a029-3a393c57de93-2048x1509.jpg 2048w\" sizes=\"auto, (max-width: 1024px) 100vw, 1024px\" \/><figcaption class=\"wp-element-caption\">&#8220;<strong>Sem t\u00edtulo<\/strong>&#8220;, 2007. Impress\u00e3o fotogr\u00e1fica; Pigmento mineral sobre papel 100 % algod\u00e3o. Doa\u00e7\u00e3o do artista e do CCTA<\/figcaption><\/figure>\n\n\n\n<div style=\"height:35px\" aria-hidden=\"true\" class=\"wp-block-spacer\"><\/div>\n\n\n\n<h2 class=\"wp-block-heading\"><div class=\"linha-header\">Jos\u00e9 Costa Leite<\/div><\/h2>\n\n\n\n<figure class=\"wp-block-image size-large\"><img loading=\"lazy\" decoding=\"async\" width=\"1024\" height=\"766\" src=\"http:\/\/www.ufpb.br\/pinacoteca\/wp-content\/uploads\/sites\/79\/sites\/210\/2025\/02\/jose-costa-leite-reisado-arte-na-escola-1024x766.jpg\" alt=\"\" class=\"wp-image-2005\" srcset=\"https:\/\/www.ufpb.br\/pinacoteca\/wp-content\/uploads\/sites\/79\/sites\/210\/2025\/02\/jose-costa-leite-reisado-arte-na-escola-1024x766.jpg 1024w, https:\/\/www.ufpb.br\/pinacoteca\/wp-content\/uploads\/sites\/79\/sites\/210\/2025\/02\/jose-costa-leite-reisado-arte-na-escola-300x224.jpg 300w, https:\/\/www.ufpb.br\/pinacoteca\/wp-content\/uploads\/sites\/79\/sites\/210\/2025\/02\/jose-costa-leite-reisado-arte-na-escola-768x575.jpg 768w, https:\/\/www.ufpb.br\/pinacoteca\/wp-content\/uploads\/sites\/79\/sites\/210\/2025\/02\/jose-costa-leite-reisado-arte-na-escola-1536x1149.jpg 1536w, https:\/\/www.ufpb.br\/pinacoteca\/wp-content\/uploads\/sites\/79\/sites\/210\/2025\/02\/jose-costa-leite-reisado-arte-na-escola.jpg 1600w\" sizes=\"auto, (max-width: 1024px) 100vw, 1024px\" \/><figcaption class=\"wp-element-caption\">&#8220;<strong>Reinado<\/strong>&#8220;, s\/d. Xilogravura. 33 x 23 cm. Transfer\u00eancia do acervo do Arte na Escola<\/figcaption><\/figure>\n\n\n\n<div style=\"height:35px\" aria-hidden=\"true\" class=\"wp-block-spacer\"><\/div>\n\n\n\n<h2 class=\"wp-block-heading\"><div class=\"linha-header\">Madriano Basilio<\/div><\/h2>\n\n\n\n<figure class=\"wp-block-image size-full\"><img loading=\"lazy\" decoding=\"async\" width=\"899\" height=\"942\" src=\"http:\/\/www.ufpb.br\/pinacoteca\/wp-content\/uploads\/sites\/79\/sites\/210\/2025\/02\/madriano-basilio-ceramica.jpeg\" alt=\"\" class=\"wp-image-1864\" srcset=\"https:\/\/www.ufpb.br\/pinacoteca\/wp-content\/uploads\/sites\/79\/sites\/210\/2025\/02\/madriano-basilio-ceramica.jpeg 899w, https:\/\/www.ufpb.br\/pinacoteca\/wp-content\/uploads\/sites\/79\/sites\/210\/2025\/02\/madriano-basilio-ceramica-286x300.jpeg 286w, https:\/\/www.ufpb.br\/pinacoteca\/wp-content\/uploads\/sites\/79\/sites\/210\/2025\/02\/madriano-basilio-ceramica-768x805.jpeg 768w\" sizes=\"auto, (max-width: 899px) 100vw, 899px\" \/><figcaption class=\"wp-element-caption\"><strong>Sem t\u00edtulo<\/strong>, 2018. Cer\u00e2mica. Dimens\u00f5es variadas.<\/figcaption><\/figure>\n\n\n\n<div style=\"height:35px\" aria-hidden=\"true\" class=\"wp-block-spacer\"><\/div>\n\n\n\n<h2 class=\"wp-block-heading\"><div class=\"linha-header\">Rodolfo Athayde<\/div><\/h2>\n\n\n\n<figure class=\"wp-block-image size-large\"><img loading=\"lazy\" decoding=\"async\" width=\"766\" height=\"1024\" src=\"http:\/\/www.ufpb.br\/pinacoteca\/wp-content\/uploads\/sites\/79\/sites\/210\/2025\/02\/rodolfo-athayde-nandejara-lisboa-766x1024.jpeg\" alt=\"\" class=\"wp-image-1869\" srcset=\"https:\/\/www.ufpb.br\/pinacoteca\/wp-content\/uploads\/sites\/79\/sites\/210\/2025\/02\/rodolfo-athayde-nandejara-lisboa-766x1024.jpeg 766w, https:\/\/www.ufpb.br\/pinacoteca\/wp-content\/uploads\/sites\/79\/sites\/210\/2025\/02\/rodolfo-athayde-nandejara-lisboa-224x300.jpeg 224w, https:\/\/www.ufpb.br\/pinacoteca\/wp-content\/uploads\/sites\/79\/sites\/210\/2025\/02\/rodolfo-athayde-nandejara-lisboa-768x1027.jpeg 768w, https:\/\/www.ufpb.br\/pinacoteca\/wp-content\/uploads\/sites\/79\/sites\/210\/2025\/02\/rodolfo-athayde-nandejara-lisboa-1149x1536.jpeg 1149w, https:\/\/www.ufpb.br\/pinacoteca\/wp-content\/uploads\/sites\/79\/sites\/210\/2025\/02\/rodolfo-athayde-nandejara-lisboa-1532x2048.jpeg 1532w, https:\/\/www.ufpb.br\/pinacoteca\/wp-content\/uploads\/sites\/79\/sites\/210\/2025\/02\/rodolfo-athayde-nandejara-lisboa-scaled.jpeg 1915w\" sizes=\"auto, (max-width: 766px) 100vw, 766px\" \/><figcaption class=\"wp-element-caption\"><strong>Nandejara Lisboa<\/strong>, 2001. Impress\u00e3o fotogr\u00e1fica. Dimens\u00f5es: 76,6 x 50,6 cm. Doa\u00e7\u00e3o do artista e do CCTA<\/figcaption><\/figure>\n\n\n\n<div style=\"height:35px\" aria-hidden=\"true\" class=\"wp-block-spacer\"><\/div>\n\n\n\n<h2 class=\"wp-block-heading\"><div class=\"linha-header\">Alberto Moreira<\/div><\/h2>\n\n\n\n<figure class=\"wp-block-image size-large\"><img loading=\"lazy\" decoding=\"async\" width=\"1024\" height=\"959\" src=\"http:\/\/www.ufpb.br\/pinacoteca\/wp-content\/uploads\/sites\/79\/sites\/210\/2025\/03\/alberto-moreira-habitat-7-1024x959.jpeg\" alt=\"\" class=\"wp-image-2205\" srcset=\"https:\/\/www.ufpb.br\/pinacoteca\/wp-content\/uploads\/sites\/79\/sites\/210\/2025\/03\/alberto-moreira-habitat-7-1024x959.jpeg 1024w, https:\/\/www.ufpb.br\/pinacoteca\/wp-content\/uploads\/sites\/79\/sites\/210\/2025\/03\/alberto-moreira-habitat-7-300x281.jpeg 300w, https:\/\/www.ufpb.br\/pinacoteca\/wp-content\/uploads\/sites\/79\/sites\/210\/2025\/03\/alberto-moreira-habitat-7-768x719.jpeg 768w, https:\/\/www.ufpb.br\/pinacoteca\/wp-content\/uploads\/sites\/79\/sites\/210\/2025\/03\/alberto-moreira-habitat-7.jpeg 1280w\" sizes=\"auto, (max-width: 1024px) 100vw, 1024px\" \/><figcaption class=\"wp-element-caption\"><strong>Habitat 7<\/strong>, 2011. Sangu\u00ednea s\/ papel. 42 x 29,7 cm. Doa\u00e7\u00e3o do artista.<\/figcaption><\/figure>\n\n\n\n<div style=\"height:35px\" aria-hidden=\"true\" class=\"wp-block-spacer\"><\/div>\n\n\n\n<figure class=\"wp-block-image size-large\"><img loading=\"lazy\" decoding=\"async\" width=\"1024\" height=\"804\" src=\"https:\/\/www.ufpb.br\/pinacoteca\/wp-content\/uploads\/sites\/79\/sites\/210\/2025\/03\/alberto-moreira-habitat-10-1024x804.jpeg\" alt=\"\" class=\"wp-image-2208\" srcset=\"https:\/\/www.ufpb.br\/pinacoteca\/wp-content\/uploads\/sites\/79\/sites\/210\/2025\/03\/alberto-moreira-habitat-10-1024x804.jpeg 1024w, https:\/\/www.ufpb.br\/pinacoteca\/wp-content\/uploads\/sites\/79\/sites\/210\/2025\/03\/alberto-moreira-habitat-10-300x236.jpeg 300w, https:\/\/www.ufpb.br\/pinacoteca\/wp-content\/uploads\/sites\/79\/sites\/210\/2025\/03\/alberto-moreira-habitat-10-768x603.jpeg 768w, https:\/\/www.ufpb.br\/pinacoteca\/wp-content\/uploads\/sites\/79\/sites\/210\/2025\/03\/alberto-moreira-habitat-10.jpeg 1280w\" sizes=\"auto, (max-width: 1024px) 100vw, 1024px\" \/><figcaption class=\"wp-element-caption\"><strong>Habitat 10<\/strong>, 2012. Carv\u00e3o s\/ papel. 41,9 x 29,8 cm. Doa\u00e7\u00e3o do artista.<\/figcaption><\/figure>\n\n\n\n<figure class=\"wp-block-image size-full is-resized\"><img loading=\"lazy\" decoding=\"async\" width=\"269\" height=\"343\" src=\"https:\/\/www.ufpb.br\/pinacoteca\/wp-content\/uploads\/sites\/79\/sites\/210\/2026\/03\/image-69.png\" alt=\"\" class=\"wp-image-3983\" style=\"width:337px;height:auto\" srcset=\"https:\/\/www.ufpb.br\/pinacoteca\/wp-content\/uploads\/sites\/79\/sites\/210\/2026\/03\/image-69.png 269w, https:\/\/www.ufpb.br\/pinacoteca\/wp-content\/uploads\/sites\/79\/sites\/210\/2026\/03\/image-69-235x300.png 235w\" sizes=\"auto, (max-width: 269px) 100vw, 269px\" \/><figcaption class=\"wp-element-caption\">Sem t\u00edtulo, s\/d. 1,60cm X 1,24cm. Doa\u00e7\u00e3o do Artista.<\/figcaption><\/figure>\n\n\n\n<h2 class=\"wp-block-heading\"><div class=\"linha-header\">Ren\u00e9 Portocarrero<\/div><\/h2>\n\n\n\n<figure class=\"wp-block-image size-large\"><img loading=\"lazy\" decoding=\"async\" width=\"766\" height=\"1024\" src=\"http:\/\/www.ufpb.br\/pinacoteca\/wp-content\/uploads\/sites\/79\/sites\/210\/2025\/06\/WhatsApp-Image-2025-06-13-at-11.07.00-766x1024.jpeg\" alt=\"\" class=\"wp-image-3176\" srcset=\"https:\/\/www.ufpb.br\/pinacoteca\/wp-content\/uploads\/sites\/79\/sites\/210\/2025\/06\/WhatsApp-Image-2025-06-13-at-11.07.00-766x1024.jpeg 766w, https:\/\/www.ufpb.br\/pinacoteca\/wp-content\/uploads\/sites\/79\/sites\/210\/2025\/06\/WhatsApp-Image-2025-06-13-at-11.07.00-224x300.jpeg 224w, https:\/\/www.ufpb.br\/pinacoteca\/wp-content\/uploads\/sites\/79\/sites\/210\/2025\/06\/WhatsApp-Image-2025-06-13-at-11.07.00-768x1027.jpeg 768w, https:\/\/www.ufpb.br\/pinacoteca\/wp-content\/uploads\/sites\/79\/sites\/210\/2025\/06\/WhatsApp-Image-2025-06-13-at-11.07.00-1149x1536.jpeg 1149w, https:\/\/www.ufpb.br\/pinacoteca\/wp-content\/uploads\/sites\/79\/sites\/210\/2025\/06\/WhatsApp-Image-2025-06-13-at-11.07.00-1532x2048.jpeg 1532w, https:\/\/www.ufpb.br\/pinacoteca\/wp-content\/uploads\/sites\/79\/sites\/210\/2025\/06\/WhatsApp-Image-2025-06-13-at-11.07.00-scaled.jpeg 1915w\" sizes=\"auto, (max-width: 766px) 100vw, 766px\" \/><figcaption class=\"wp-element-caption\"><strong>Sem t\u00edtulo<\/strong>, 1943. Serigrafia. Dimens\u00f5es: 30 x 21cm. Doa\u00e7\u00e3o de Gabriel Bechara.<\/figcaption><\/figure>\n\n\n\n<div style=\"height:35px\" aria-hidden=\"true\" class=\"wp-block-spacer\"><\/div>\n\n\n\n<h2 class=\"wp-block-heading\"><div class=\"linha-header\">Lisbet Corvo Alderete<\/div><\/h2>\n\n\n\n<figure class=\"wp-block-image size-large\"><img loading=\"lazy\" decoding=\"async\" width=\"1024\" height=\"766\" src=\"http:\/\/www.ufpb.br\/pinacoteca\/wp-content\/uploads\/sites\/79\/sites\/210\/2025\/06\/WhatsApp-Image-2025-06-16-at-09.37.55-edited-1024x766.jpeg\" alt=\"\" class=\"wp-image-3182\" srcset=\"https:\/\/www.ufpb.br\/pinacoteca\/wp-content\/uploads\/sites\/79\/sites\/210\/2025\/06\/WhatsApp-Image-2025-06-16-at-09.37.55-edited-1024x766.jpeg 1024w, https:\/\/www.ufpb.br\/pinacoteca\/wp-content\/uploads\/sites\/79\/sites\/210\/2025\/06\/WhatsApp-Image-2025-06-16-at-09.37.55-edited-300x224.jpeg 300w, https:\/\/www.ufpb.br\/pinacoteca\/wp-content\/uploads\/sites\/79\/sites\/210\/2025\/06\/WhatsApp-Image-2025-06-16-at-09.37.55-edited-768x574.jpeg 768w, https:\/\/www.ufpb.br\/pinacoteca\/wp-content\/uploads\/sites\/79\/sites\/210\/2025\/06\/WhatsApp-Image-2025-06-16-at-09.37.55-edited-1536x1149.jpeg 1536w, https:\/\/www.ufpb.br\/pinacoteca\/wp-content\/uploads\/sites\/79\/sites\/210\/2025\/06\/WhatsApp-Image-2025-06-16-at-09.37.55-edited-2048x1532.jpeg 2048w\" sizes=\"auto, (max-width: 1024px) 100vw, 1024px\" \/><figcaption class=\"wp-element-caption\"><strong>La Calma<\/strong>, 2018. Serigrafia. Dimens\u00f5es: 33,5 x 41,5 cm. Doa\u00e7\u00e3o de Gabriel Bechara.<\/figcaption><\/figure>\n\n\n\n<div style=\"height:35px\" aria-hidden=\"true\" class=\"wp-block-spacer\"><\/div>\n\n\n\n<h2 class=\"wp-block-heading\"><div class=\"linha-header\">Nena Borges <\/div><\/h2>\n\n\n\n<figure class=\"wp-block-image size-large\"><img loading=\"lazy\" decoding=\"async\" width=\"1024\" height=\"719\" src=\"https:\/\/www.ufpb.br\/pinacoteca\/wp-content\/uploads\/sites\/79\/sites\/210\/2025\/09\/WhatsApp-Image-2025-07-18-at-09.39.55-2-1024x719.jpeg\" alt=\"\" class=\"wp-image-3490\" srcset=\"https:\/\/www.ufpb.br\/pinacoteca\/wp-content\/uploads\/sites\/79\/sites\/210\/2025\/09\/WhatsApp-Image-2025-07-18-at-09.39.55-2-1024x719.jpeg 1024w, https:\/\/www.ufpb.br\/pinacoteca\/wp-content\/uploads\/sites\/79\/sites\/210\/2025\/09\/WhatsApp-Image-2025-07-18-at-09.39.55-2-300x211.jpeg 300w, https:\/\/www.ufpb.br\/pinacoteca\/wp-content\/uploads\/sites\/79\/sites\/210\/2025\/09\/WhatsApp-Image-2025-07-18-at-09.39.55-2-768x539.jpeg 768w, https:\/\/www.ufpb.br\/pinacoteca\/wp-content\/uploads\/sites\/79\/sites\/210\/2025\/09\/WhatsApp-Image-2025-07-18-at-09.39.55-2-1536x1078.jpeg 1536w, https:\/\/www.ufpb.br\/pinacoteca\/wp-content\/uploads\/sites\/79\/sites\/210\/2025\/09\/WhatsApp-Image-2025-07-18-at-09.39.55-2-2048x1437.jpeg 2048w\" sizes=\"auto, (max-width: 1024px) 100vw, 1024px\" \/><figcaption class=\"wp-element-caption\"><strong>NENA BORGES<\/strong>. Frevando, s\/d. Xilogravura. 33,5cm x 48cm Doa\u00e7\u00e3o: Gabriel Bechara. Assinada.<\/figcaption><\/figure>\n\n\n\n<div style=\"height:35px\" aria-hidden=\"true\" class=\"wp-block-spacer\"><\/div>\n\n\n\n<figure class=\"wp-block-image size-large\"><img loading=\"lazy\" decoding=\"async\" width=\"1024\" height=\"713\" src=\"https:\/\/www.ufpb.br\/pinacoteca\/wp-content\/uploads\/sites\/79\/sites\/210\/2025\/09\/WhatsApp-Image-2025-07-18-at-09.39.53-1-1024x713.jpeg\" alt=\"\" class=\"wp-image-3491\" srcset=\"https:\/\/www.ufpb.br\/pinacoteca\/wp-content\/uploads\/sites\/79\/sites\/210\/2025\/09\/WhatsApp-Image-2025-07-18-at-09.39.53-1-1024x713.jpeg 1024w, https:\/\/www.ufpb.br\/pinacoteca\/wp-content\/uploads\/sites\/79\/sites\/210\/2025\/09\/WhatsApp-Image-2025-07-18-at-09.39.53-1-300x209.jpeg 300w, https:\/\/www.ufpb.br\/pinacoteca\/wp-content\/uploads\/sites\/79\/sites\/210\/2025\/09\/WhatsApp-Image-2025-07-18-at-09.39.53-1-768x534.jpeg 768w, https:\/\/www.ufpb.br\/pinacoteca\/wp-content\/uploads\/sites\/79\/sites\/210\/2025\/09\/WhatsApp-Image-2025-07-18-at-09.39.53-1-1536x1069.jpeg 1536w, https:\/\/www.ufpb.br\/pinacoteca\/wp-content\/uploads\/sites\/79\/sites\/210\/2025\/09\/WhatsApp-Image-2025-07-18-at-09.39.53-1-2048x1425.jpeg 2048w\" sizes=\"auto, (max-width: 1024px) 100vw, 1024px\" \/><\/figure>\n\n\n\n<p><strong>NENA BORGES<\/strong>. Papangus na folia, s\/d. Xilogravura. 24 cm x 33,4 cm Doa\u00e7\u00e3o: Gabriel Bechara. Assinada.<\/p>\n\n\n\n<div style=\"height:36px\" aria-hidden=\"true\" class=\"wp-block-spacer\"><\/div>\n\n\n\n<figure class=\"wp-block-image size-large\"><img loading=\"lazy\" decoding=\"async\" width=\"754\" height=\"1024\" src=\"https:\/\/www.ufpb.br\/pinacoteca\/wp-content\/uploads\/sites\/79\/sites\/210\/2025\/09\/WhatsApp-Image-2025-07-18-at-09.39.55-1-754x1024.jpeg\" alt=\"\" class=\"wp-image-3492\" srcset=\"https:\/\/www.ufpb.br\/pinacoteca\/wp-content\/uploads\/sites\/79\/sites\/210\/2025\/09\/WhatsApp-Image-2025-07-18-at-09.39.55-1-754x1024.jpeg 754w, https:\/\/www.ufpb.br\/pinacoteca\/wp-content\/uploads\/sites\/79\/sites\/210\/2025\/09\/WhatsApp-Image-2025-07-18-at-09.39.55-1-221x300.jpeg 221w, https:\/\/www.ufpb.br\/pinacoteca\/wp-content\/uploads\/sites\/79\/sites\/210\/2025\/09\/WhatsApp-Image-2025-07-18-at-09.39.55-1-768x1043.jpeg 768w, https:\/\/www.ufpb.br\/pinacoteca\/wp-content\/uploads\/sites\/79\/sites\/210\/2025\/09\/WhatsApp-Image-2025-07-18-at-09.39.55-1-1131x1536.jpeg 1131w, https:\/\/www.ufpb.br\/pinacoteca\/wp-content\/uploads\/sites\/79\/sites\/210\/2025\/09\/WhatsApp-Image-2025-07-18-at-09.39.55-1-1507x2048.jpeg 1507w, https:\/\/www.ufpb.br\/pinacoteca\/wp-content\/uploads\/sites\/79\/sites\/210\/2025\/09\/WhatsApp-Image-2025-07-18-at-09.39.55-1-scaled.jpeg 1884w\" sizes=\"auto, (max-width: 754px) 100vw, 754px\" \/><figcaption class=\"wp-element-caption\"><strong>NENA BORGES<\/strong> S\u00e3o Jorge, s\/d. Xilogravura. 58cm x 43cm Doa\u00e7\u00e3o: Gabriel Bechara. Assinada.<\/figcaption><\/figure>\n\n\n\n<div style=\"height:36px\" aria-hidden=\"true\" class=\"wp-block-spacer\"><\/div>\n\n\n\n<figure class=\"wp-block-image size-large\"><img loading=\"lazy\" decoding=\"async\" width=\"1024\" height=\"715\" src=\"https:\/\/www.ufpb.br\/pinacoteca\/wp-content\/uploads\/sites\/79\/sites\/210\/2025\/09\/WhatsApp-Image-2025-07-18-at-09.39.53-2-1024x715.jpeg\" alt=\"\" class=\"wp-image-3493\" srcset=\"https:\/\/www.ufpb.br\/pinacoteca\/wp-content\/uploads\/sites\/79\/sites\/210\/2025\/09\/WhatsApp-Image-2025-07-18-at-09.39.53-2-1024x715.jpeg 1024w, https:\/\/www.ufpb.br\/pinacoteca\/wp-content\/uploads\/sites\/79\/sites\/210\/2025\/09\/WhatsApp-Image-2025-07-18-at-09.39.53-2-300x210.jpeg 300w, https:\/\/www.ufpb.br\/pinacoteca\/wp-content\/uploads\/sites\/79\/sites\/210\/2025\/09\/WhatsApp-Image-2025-07-18-at-09.39.53-2-768x536.jpeg 768w, https:\/\/www.ufpb.br\/pinacoteca\/wp-content\/uploads\/sites\/79\/sites\/210\/2025\/09\/WhatsApp-Image-2025-07-18-at-09.39.53-2-1536x1073.jpeg 1536w, https:\/\/www.ufpb.br\/pinacoteca\/wp-content\/uploads\/sites\/79\/sites\/210\/2025\/09\/WhatsApp-Image-2025-07-18-at-09.39.53-2-2048x1431.jpeg 2048w\" sizes=\"auto, (max-width: 1024px) 100vw, 1024px\" \/><figcaption class=\"wp-element-caption\"><strong>NENA BORGES<\/strong>. <em>Girassol da Vida<\/em> , s\/d. Xilogravura. 48cm x 66cm Doa\u00e7\u00e3o: Gabriel Bechara. Assinada.<\/figcaption><\/figure>\n\n\n\n<p><\/p>\n","protected":false},"excerpt":{"rendered":"<p>As doa\u00e7\u00f5es que a Pinacoteca recebeu no ano de 2025 Gustavo Maia Jos\u00e9 Costa Leite [&hellip;]<\/p>\n","protected":false},"author":143,"featured_media":0,"parent":1367,"menu_order":0,"comment_status":"closed","ping_status":"closed","template":"","meta":{"footnotes":""},"class_list":["post-2055","page","type-page","status-publish","hentry"],"_links":{"self":[{"href":"https:\/\/www.ufpb.br\/pinacoteca\/wp-json\/wp\/v2\/pages\/2055","targetHints":{"allow":["GET"]}}],"collection":[{"href":"https:\/\/www.ufpb.br\/pinacoteca\/wp-json\/wp\/v2\/pages"}],"about":[{"href":"https:\/\/www.ufpb.br\/pinacoteca\/wp-json\/wp\/v2\/types\/page"}],"author":[{"embeddable":true,"href":"https:\/\/www.ufpb.br\/pinacoteca\/wp-json\/wp\/v2\/users\/143"}],"replies":[{"embeddable":true,"href":"https:\/\/www.ufpb.br\/pinacoteca\/wp-json\/wp\/v2\/comments?post=2055"}],"version-history":[{"count":8,"href":"https:\/\/www.ufpb.br\/pinacoteca\/wp-json\/wp\/v2\/pages\/2055\/revisions"}],"predecessor-version":[{"id":3985,"href":"https:\/\/www.ufpb.br\/pinacoteca\/wp-json\/wp\/v2\/pages\/2055\/revisions\/3985"}],"up":[{"embeddable":true,"href":"https:\/\/www.ufpb.br\/pinacoteca\/wp-json\/wp\/v2\/pages\/1367"}],"wp:attachment":[{"href":"https:\/\/www.ufpb.br\/pinacoteca\/wp-json\/wp\/v2\/media?parent=2055"}],"curies":[{"name":"wp","href":"https:\/\/api.w.org\/{rel}","templated":true}]}}