{"id":218,"date":"2024-09-26T10:16:19","date_gmt":"2024-09-26T13:16:19","guid":{"rendered":"https:\/\/www.ufpb.br\/pinacoteca2\/?page_id=218"},"modified":"2024-10-10T09:13:08","modified_gmt":"2024-10-10T12:13:08","slug":"joao-camara","status":"publish","type":"page","link":"https:\/\/www.ufpb.br\/pinacoteca\/acervo\/colecao-pinacoteca-ufpb\/joao-camara\/","title":{"rendered":"Jo\u00e3o C\u00e2mara"},"content":{"rendered":"\n<div class=\"documentDescription description\">Jo\u00e3o Pessoa &#8211; PB, 1944.<\/div>\n\n\n\n<div id=\"viewlet-above-content-body\">&nbsp;<\/div>\n\n\n\n<div id=\"content-core\">\n<div id=\"parent-fieldname-text\">\n<p>Jo\u00e3o C\u00e2mara Filho, nascido em Jo\u00e3o Pessoa-PB (1944), vive e trabalha em Olinda-PE. Atua como artista visual, professor e cr\u00edtico de arte (ABCA\/AICA). Estudou pintura no curso livre da Escola de Belas Artes (UFPE, 1960-1963). Participou de um curso de xilogravura que foi ministrado pelos mestres Henrique Oswald e Emanoel Araujo na escola de Belas Artes de Salvador. Durante sua carreira foi Presidente da Sociedade de Arte Moderna do Recife-SAMR (1963). J\u00e1 em 1964 criou o Ateli\u00ea Coletivo da Ribeira com os artistas Ad\u00e3o Pinheiro, Jos\u00e9 Tavares e Guita Charifker; E em 1965, criou o Ateli\u00ea +Dez, em Olinda.<\/p>\n<p>Lecionou pintura na Coex\/UFPB (Jo\u00e3o Pessoa, 1967-1970). Foi a partir dos anos 1960 que sua produ\u00e7\u00e3o caracterizou-se por apresentar, ao lado de figuras humanas com seus corpos estruturados, representa\u00e7\u00e3o de corpos fragmentados, o que conferia um car\u00e1ter de estranheza aos trabalhos.<\/p>\n<p>&nbsp;<\/p>\n<p><span class=\"discreet\">[Fonte: Dicion\u00e1rio das Artes Visuais na Para\u00edba, 2004, Dy\u00f3genes Chaves Gomes]<\/span><\/p>\n<\/div>\n<\/div>\n\n\n\n<figure class=\"wp-block-gallery has-nested-images columns-default is-cropped wp-block-gallery-1 is-layout-flex wp-block-gallery-is-layout-flex\">\n<figure class=\"wp-block-image size-large\"><img loading=\"lazy\" decoding=\"async\" width=\"529\" height=\"768\" data-id=\"920\" src=\"https:\/\/www.ufpb.br\/pinacoteca2\/wp-content\/uploads\/sites\/79\/sites\/210\/2024\/10\/254d2e26-1da2-4ddb-98ba-348d4de42927-1.jpeg\" alt=\"\" class=\"wp-image-920\" srcset=\"https:\/\/www.ufpb.br\/pinacoteca\/wp-content\/uploads\/sites\/79\/sites\/210\/2024\/10\/254d2e26-1da2-4ddb-98ba-348d4de42927-1.jpeg 529w, https:\/\/www.ufpb.br\/pinacoteca\/wp-content\/uploads\/sites\/79\/sites\/210\/2024\/10\/254d2e26-1da2-4ddb-98ba-348d4de42927-1-207x300.jpeg 207w\" sizes=\"auto, (max-width: 529px) 100vw, 529px\" \/><figcaption class=\"wp-element-caption\">Sem t\u00edtulo, 1966. T\u00e9cnica: \u00d3leo s\/ Madeira Dimens\u00f5es: 159cm x 109cm N\u00famero de registro: 066 Origem: Galerias Extintas.<\/figcaption><\/figure>\n<\/figure>\n\n\n\n<p><\/p>\n","protected":false},"excerpt":{"rendered":"<p>Jo\u00e3o Pessoa &#8211; PB, 1944. &nbsp; Jo\u00e3o C\u00e2mara Filho, nascido em Jo\u00e3o Pessoa-PB (1944), vive [&hellip;]<\/p>\n","protected":false},"author":143,"featured_media":0,"parent":71,"menu_order":0,"comment_status":"closed","ping_status":"closed","template":"","meta":{"footnotes":""},"class_list":["post-218","page","type-page","status-publish","hentry"],"_links":{"self":[{"href":"https:\/\/www.ufpb.br\/pinacoteca\/wp-json\/wp\/v2\/pages\/218","targetHints":{"allow":["GET"]}}],"collection":[{"href":"https:\/\/www.ufpb.br\/pinacoteca\/wp-json\/wp\/v2\/pages"}],"about":[{"href":"https:\/\/www.ufpb.br\/pinacoteca\/wp-json\/wp\/v2\/types\/page"}],"author":[{"embeddable":true,"href":"https:\/\/www.ufpb.br\/pinacoteca\/wp-json\/wp\/v2\/users\/143"}],"replies":[{"embeddable":true,"href":"https:\/\/www.ufpb.br\/pinacoteca\/wp-json\/wp\/v2\/comments?post=218"}],"version-history":[{"count":4,"href":"https:\/\/www.ufpb.br\/pinacoteca\/wp-json\/wp\/v2\/pages\/218\/revisions"}],"predecessor-version":[{"id":923,"href":"https:\/\/www.ufpb.br\/pinacoteca\/wp-json\/wp\/v2\/pages\/218\/revisions\/923"}],"up":[{"embeddable":true,"href":"https:\/\/www.ufpb.br\/pinacoteca\/wp-json\/wp\/v2\/pages\/71"}],"wp:attachment":[{"href":"https:\/\/www.ufpb.br\/pinacoteca\/wp-json\/wp\/v2\/media?parent=218"}],"curies":[{"name":"wp","href":"https:\/\/api.w.org\/{rel}","templated":true}]}}