{"id":236,"date":"2024-09-26T10:27:36","date_gmt":"2024-09-26T13:27:36","guid":{"rendered":"https:\/\/www.ufpb.br\/pinacoteca2\/?page_id=236"},"modified":"2024-12-18T09:49:03","modified_gmt":"2024-12-18T12:49:03","slug":"jose-lyra","status":"publish","type":"page","link":"https:\/\/www.ufpb.br\/pinacoteca\/acervo\/colecao-pinacoteca-ufpb\/jose-lyra\/","title":{"rendered":"Jos\u00e9 Lyra"},"content":{"rendered":"\n<p><strong>Vila Nova &#8211; RN, 1912 &#8211; 1983<\/strong><\/p>\n\n\n\n<p>Jos\u00e9 Carlos Serrano Lyra, nascido em Vila Nova-RN (1912), veio a \u00f3bito em 1983 (Jo\u00e3o Pessoa-PB). Foi pintor e fot\u00f3grafo autodidata. Foi um dos artistas pl\u00e1sticos mais atuantes em Jo\u00e3o Pessoa, a partir dos anos 1940. Mudou-se para Jo\u00e3o Pessoa em 1932, atuando como fot\u00f3grafo e l\u00e1 abriu seu ateli\u00ea que era respons\u00e1vel por receber diversas encomendas de importantes personalidades da \u00e9poca em Jo\u00e3o Pessoa. Al\u00e9m, tamb\u00e9m, de ser um ponto de encontro para artistas locais, onde podiam discutir e comentar sobre a arte.<\/p>\n\n\n\n<p>Lyra atuou principalmente na pintura \u00e0 \u00f3leo preferindo o retrato, realizou tamb\u00e9m os primeiros nus da pintura paraibana, depois de Pedro Am\u00e9rico. Por\u00e9m, junto a Hermano Jos\u00e9, redescobriu a paisagem das praias litor\u00e2neas de Jo\u00e3o Pessoa, pintando as gameleiras de Tamba\u00fa e a Barra de Gramame. Foi um importante elo entra a velha guarda e a nova gera\u00e7\u00e3o de artistas da Para\u00edba. Passou por momentos impressionistas em sua pintura que afunilou para um expressionismo no fim da sua vida.<\/p>\n\n\n\n<p>[Fonte: Dicion\u00e1rio das Artes Visuais na Para\u00edba, 2004, Dy\u00f3genes Chaves Gomes]<\/p>\n\n\n\n<div id=\"viewlet-above-content-body\">&nbsp;<\/div>\n\n\n\n<figure class=\"wp-block-image size-full\"><img loading=\"lazy\" decoding=\"async\" width=\"601\" height=\"768\" src=\"https:\/\/www.ufpb.br\/pinacoteca2\/wp-content\/uploads\/sites\/79\/sites\/210\/2024\/10\/baad17fa-997b-4a08-8c8f-91e17540d8c3.jpeg\" alt=\"\" class=\"wp-image-992\" srcset=\"https:\/\/www.ufpb.br\/pinacoteca\/wp-content\/uploads\/sites\/79\/sites\/210\/2024\/10\/baad17fa-997b-4a08-8c8f-91e17540d8c3.jpeg 601w, https:\/\/www.ufpb.br\/pinacoteca\/wp-content\/uploads\/sites\/79\/sites\/210\/2024\/10\/baad17fa-997b-4a08-8c8f-91e17540d8c3-235x300.jpeg 235w\" sizes=\"auto, (max-width: 601px) 100vw, 601px\" \/><figcaption class=\"wp-element-caption\"><strong>Retrato de Tinet, 1947.<\/strong> T\u00e9cnica: \u00d3leo sobre tela. Dimens\u00f5es: 48,2 x 38 cm. N\u00famero de registro: 020.<\/figcaption><\/figure>\n\n\n\n<div id=\"viewlet-above-content-body\">&nbsp;<\/div>\n\n\n\n<figure class=\"wp-block-image size-full\"><img loading=\"lazy\" decoding=\"async\" width=\"636\" height=\"768\" src=\"https:\/\/www.ufpb.br\/pinacoteca2\/wp-content\/uploads\/sites\/79\/sites\/210\/2024\/10\/129c422a-e76a-44bf-a893-ca1bbc2ff0d7.jpeg\" alt=\"\" class=\"wp-image-995\" srcset=\"https:\/\/www.ufpb.br\/pinacoteca\/wp-content\/uploads\/sites\/79\/sites\/210\/2024\/10\/129c422a-e76a-44bf-a893-ca1bbc2ff0d7.jpeg 636w, https:\/\/www.ufpb.br\/pinacoteca\/wp-content\/uploads\/sites\/79\/sites\/210\/2024\/10\/129c422a-e76a-44bf-a893-ca1bbc2ff0d7-248x300.jpeg 248w\" sizes=\"auto, (max-width: 636px) 100vw, 636px\" \/><figcaption class=\"wp-element-caption\"><strong>Retrato de Juarez da Gama Batista, 1955.<\/strong> T\u00e9cnica: \u00d3leo sobre tela. Dimens\u00f5es: 53,5 x 44,5 cm. N\u00famero de registro: 021. Doa\u00e7\u00e3o Gra\u00e7a Lyra.<\/figcaption><\/figure>\n\n\n\n<div id=\"viewlet-above-content-body\">&nbsp;<\/div>\n\n\n\n<figure class=\"wp-block-image size-full\"><img loading=\"lazy\" decoding=\"async\" width=\"632\" height=\"768\" src=\"https:\/\/www.ufpb.br\/pinacoteca2\/wp-content\/uploads\/sites\/79\/sites\/210\/2024\/10\/ea4252e6-5928-4222-9bb0-8edcc7bf7064.jpeg\" alt=\"\" class=\"wp-image-997\" srcset=\"https:\/\/www.ufpb.br\/pinacoteca\/wp-content\/uploads\/sites\/79\/sites\/210\/2024\/10\/ea4252e6-5928-4222-9bb0-8edcc7bf7064.jpeg 632w, https:\/\/www.ufpb.br\/pinacoteca\/wp-content\/uploads\/sites\/79\/sites\/210\/2024\/10\/ea4252e6-5928-4222-9bb0-8edcc7bf7064-247x300.jpeg 247w\" sizes=\"auto, (max-width: 632px) 100vw, 632px\" \/><figcaption class=\"wp-element-caption\"><strong>Sem t\u00edtulo, 1980.<\/strong> T\u00e9cnica: \u00d3leo sobre tela. Dimens\u00f5es: 70 x 58 cm. Numero de registro: 022.&nbsp;<\/figcaption><\/figure>\n\n\n\n<div id=\"viewlet-above-content-body\">&nbsp;<\/div>\n\n\n\n<figure class=\"wp-block-image size-full\"><img loading=\"lazy\" decoding=\"async\" width=\"626\" height=\"768\" src=\"https:\/\/www.ufpb.br\/pinacoteca2\/wp-content\/uploads\/sites\/79\/sites\/210\/2024\/10\/6bc5edf0-1535-46fa-b0e6-00f481c300d8.jpeg\" alt=\"\" class=\"wp-image-999\" srcset=\"https:\/\/www.ufpb.br\/pinacoteca\/wp-content\/uploads\/sites\/79\/sites\/210\/2024\/10\/6bc5edf0-1535-46fa-b0e6-00f481c300d8.jpeg 626w, https:\/\/www.ufpb.br\/pinacoteca\/wp-content\/uploads\/sites\/79\/sites\/210\/2024\/10\/6bc5edf0-1535-46fa-b0e6-00f481c300d8-245x300.jpeg 245w\" sizes=\"auto, (max-width: 626px) 100vw, 626px\" \/><figcaption class=\"wp-element-caption\"><strong>Sem t\u00edtulo, 1980.<\/strong> T\u00e9cnica: \u00d3leo sobre tela. Dimens\u00f5es: 70 x 58 cm. Numero de registro: 022.&nbsp;<\/figcaption><\/figure>\n","protected":false},"excerpt":{"rendered":"<p>Vila Nova &#8211; RN, 1912 &#8211; 1983 Jos\u00e9 Carlos Serrano Lyra, nascido em Vila Nova-RN [&hellip;]<\/p>\n","protected":false},"author":143,"featured_media":0,"parent":71,"menu_order":0,"comment_status":"closed","ping_status":"closed","template":"","meta":{"footnotes":""},"class_list":["post-236","page","type-page","status-publish","hentry"],"_links":{"self":[{"href":"https:\/\/www.ufpb.br\/pinacoteca\/wp-json\/wp\/v2\/pages\/236","targetHints":{"allow":["GET"]}}],"collection":[{"href":"https:\/\/www.ufpb.br\/pinacoteca\/wp-json\/wp\/v2\/pages"}],"about":[{"href":"https:\/\/www.ufpb.br\/pinacoteca\/wp-json\/wp\/v2\/types\/page"}],"author":[{"embeddable":true,"href":"https:\/\/www.ufpb.br\/pinacoteca\/wp-json\/wp\/v2\/users\/143"}],"replies":[{"embeddable":true,"href":"https:\/\/www.ufpb.br\/pinacoteca\/wp-json\/wp\/v2\/comments?post=236"}],"version-history":[{"count":4,"href":"https:\/\/www.ufpb.br\/pinacoteca\/wp-json\/wp\/v2\/pages\/236\/revisions"}],"predecessor-version":[{"id":1646,"href":"https:\/\/www.ufpb.br\/pinacoteca\/wp-json\/wp\/v2\/pages\/236\/revisions\/1646"}],"up":[{"embeddable":true,"href":"https:\/\/www.ufpb.br\/pinacoteca\/wp-json\/wp\/v2\/pages\/71"}],"wp:attachment":[{"href":"https:\/\/www.ufpb.br\/pinacoteca\/wp-json\/wp\/v2\/media?parent=236"}],"curies":[{"name":"wp","href":"https:\/\/api.w.org\/{rel}","templated":true}]}}