{"id":308,"date":"2024-09-26T11:01:48","date_gmt":"2024-09-26T14:01:48","guid":{"rendered":"https:\/\/www.ufpb.br\/pinacoteca2\/?page_id=308"},"modified":"2024-10-11T09:12:52","modified_gmt":"2024-10-11T12:12:52","slug":"moacyr","status":"publish","type":"page","link":"https:\/\/www.ufpb.br\/pinacoteca\/acervo\/colecao-pinacoteca-ufpb\/moacyr\/","title":{"rendered":"Moacyr"},"content":{"rendered":"\n<p>Obras<\/p>\n\n\n\n<figure class=\"wp-block-image size-full is-resized\"><img loading=\"lazy\" decoding=\"async\" width=\"592\" height=\"768\" src=\"https:\/\/www.ufpb.br\/pinacoteca2\/wp-content\/uploads\/sites\/79\/sites\/210\/2024\/10\/1fff6141-da16-4da8-9d7c-b682fa00e547.jpeg\" alt=\"\" class=\"wp-image-1090\" style=\"width:592px;height:auto\" srcset=\"https:\/\/www.ufpb.br\/pinacoteca\/wp-content\/uploads\/sites\/79\/sites\/210\/2024\/10\/1fff6141-da16-4da8-9d7c-b682fa00e547.jpeg 592w, https:\/\/www.ufpb.br\/pinacoteca\/wp-content\/uploads\/sites\/79\/sites\/210\/2024\/10\/1fff6141-da16-4da8-9d7c-b682fa00e547-231x300.jpeg 231w\" sizes=\"auto, (max-width: 592px) 100vw, 592px\" \/><figcaption class=\"wp-element-caption\"><strong>Sem t\u00edtulo, 1967.<\/strong> T\u00e9cnica: \u00f3leo sobre eucatex. Dimens\u00f5es: 61 x 45 cm. N\u00famero de registro: 061. Origem: Ex Departamento Cultural. Foto: Maycon Albuquerque. <\/figcaption><\/figure>\n","protected":false},"excerpt":{"rendered":"<p>Obras<\/p>\n","protected":false},"author":143,"featured_media":0,"parent":71,"menu_order":0,"comment_status":"closed","ping_status":"closed","template":"","meta":{"footnotes":""},"class_list":["post-308","page","type-page","status-publish","hentry"],"_links":{"self":[{"href":"https:\/\/www.ufpb.br\/pinacoteca\/wp-json\/wp\/v2\/pages\/308","targetHints":{"allow":["GET"]}}],"collection":[{"href":"https:\/\/www.ufpb.br\/pinacoteca\/wp-json\/wp\/v2\/pages"}],"about":[{"href":"https:\/\/www.ufpb.br\/pinacoteca\/wp-json\/wp\/v2\/types\/page"}],"author":[{"embeddable":true,"href":"https:\/\/www.ufpb.br\/pinacoteca\/wp-json\/wp\/v2\/users\/143"}],"replies":[{"embeddable":true,"href":"https:\/\/www.ufpb.br\/pinacoteca\/wp-json\/wp\/v2\/comments?post=308"}],"version-history":[{"count":3,"href":"https:\/\/www.ufpb.br\/pinacoteca\/wp-json\/wp\/v2\/pages\/308\/revisions"}],"predecessor-version":[{"id":1092,"href":"https:\/\/www.ufpb.br\/pinacoteca\/wp-json\/wp\/v2\/pages\/308\/revisions\/1092"}],"up":[{"embeddable":true,"href":"https:\/\/www.ufpb.br\/pinacoteca\/wp-json\/wp\/v2\/pages\/71"}],"wp:attachment":[{"href":"https:\/\/www.ufpb.br\/pinacoteca\/wp-json\/wp\/v2\/media?parent=308"}],"curies":[{"name":"wp","href":"https:\/\/api.w.org\/{rel}","templated":true}]}}