{"id":321,"date":"2024-09-26T11:04:53","date_gmt":"2024-09-26T14:04:53","guid":{"rendered":"https:\/\/www.ufpb.br\/pinacoteca2\/?page_id=321"},"modified":"2024-10-11T10:14:34","modified_gmt":"2024-10-11T13:14:34","slug":"pepo","status":"publish","type":"page","link":"https:\/\/www.ufpb.br\/pinacoteca\/acervo\/colecao-pinacoteca-ufpb\/pepo\/","title":{"rendered":"PePo"},"content":{"rendered":"\n<h4 class=\"wp-block-heading\">Obras<\/h4>\n\n\n\n<figure class=\"wp-block-image size-full\"><img loading=\"lazy\" decoding=\"async\" width=\"768\" height=\"520\" src=\"https:\/\/www.ufpb.br\/pinacoteca2\/wp-content\/uploads\/sites\/79\/sites\/210\/2024\/10\/pepo-ordem-caos-fusao.jpeg\" alt=\"\" class=\"wp-image-1143\" srcset=\"https:\/\/www.ufpb.br\/pinacoteca\/wp-content\/uploads\/sites\/79\/sites\/210\/2024\/10\/pepo-ordem-caos-fusao.jpeg 768w, https:\/\/www.ufpb.br\/pinacoteca\/wp-content\/uploads\/sites\/79\/sites\/210\/2024\/10\/pepo-ordem-caos-fusao-300x203.jpeg 300w\" sizes=\"auto, (max-width: 768px) 100vw, 768px\" \/><\/figure>\n\n\n\n<p>&#8220;<strong>ORDEM x CAOS &#8211; FUS\u00c3O x EXPANS\u00c3O<\/strong>&#8220;, 1995. T\u00e9cnica: T\u00eampera sobre tela. Dimens\u00f5es: 75,5 x 110 cm. Numero de registro: 012. Doa\u00e7\u00e3o do Artista.<\/p>\n","protected":false},"excerpt":{"rendered":"<p>Obras &#8220;ORDEM x CAOS &#8211; FUS\u00c3O x EXPANS\u00c3O&#8220;, 1995. T\u00e9cnica: T\u00eampera sobre tela. Dimens\u00f5es: 75,5 [&hellip;]<\/p>\n","protected":false},"author":143,"featured_media":0,"parent":71,"menu_order":0,"comment_status":"closed","ping_status":"closed","template":"","meta":{"footnotes":""},"class_list":["post-321","page","type-page","status-publish","hentry"],"_links":{"self":[{"href":"https:\/\/www.ufpb.br\/pinacoteca\/wp-json\/wp\/v2\/pages\/321","targetHints":{"allow":["GET"]}}],"collection":[{"href":"https:\/\/www.ufpb.br\/pinacoteca\/wp-json\/wp\/v2\/pages"}],"about":[{"href":"https:\/\/www.ufpb.br\/pinacoteca\/wp-json\/wp\/v2\/types\/page"}],"author":[{"embeddable":true,"href":"https:\/\/www.ufpb.br\/pinacoteca\/wp-json\/wp\/v2\/users\/143"}],"replies":[{"embeddable":true,"href":"https:\/\/www.ufpb.br\/pinacoteca\/wp-json\/wp\/v2\/comments?post=321"}],"version-history":[{"count":4,"href":"https:\/\/www.ufpb.br\/pinacoteca\/wp-json\/wp\/v2\/pages\/321\/revisions"}],"predecessor-version":[{"id":1145,"href":"https:\/\/www.ufpb.br\/pinacoteca\/wp-json\/wp\/v2\/pages\/321\/revisions\/1145"}],"up":[{"embeddable":true,"href":"https:\/\/www.ufpb.br\/pinacoteca\/wp-json\/wp\/v2\/pages\/71"}],"wp:attachment":[{"href":"https:\/\/www.ufpb.br\/pinacoteca\/wp-json\/wp\/v2\/media?parent=321"}],"curies":[{"name":"wp","href":"https:\/\/api.w.org\/{rel}","templated":true}]}}