{"id":3231,"date":"2025-06-27T09:37:54","date_gmt":"2025-06-27T12:37:54","guid":{"rendered":"https:\/\/www.ufpb.br\/pinacoteca\/?page_id=3231"},"modified":"2025-06-27T09:37:55","modified_gmt":"2025-06-27T12:37:55","slug":"manasses-borges","status":"publish","type":"page","link":"https:\/\/www.ufpb.br\/pinacoteca\/acervo\/colecao-pinacoteca-ufpb\/manasses-borges\/","title":{"rendered":"Manass\u00e9s Borges"},"content":{"rendered":"\n<hr class=\"wp-block-separator has-alpha-channel-opacity\" \/>\n\n\n\n<div style=\"height:30px\" aria-hidden=\"true\" class=\"wp-block-spacer\"><\/div>\n\n\n\n<p><strong>Bezerros, PE, 1968 \u2013 2017<\/strong><\/p>\n\n\n\n<p>Manasses Borges foi um importante artista popular brasileiro, mestre da xilogravura, t\u00e9cnica tradicionalmente associada \u00e0 cultura nordestina. Natural de Bezerros, cidade conhecida por sua rica produ\u00e7\u00e3o artesanal e gr\u00e1fica, Borges dedicou-se \u00e0 arte da gravura em madeira, tornando-se um dos principais nomes dessa express\u00e3o art\u00edstica no pa\u00eds.<\/p>\n\n\n\n<p>Sua obra, profundamente vinculada ao imagin\u00e1rio do sert\u00e3o nordestino, retratava cenas do cotidiano rural, festividades populares, figuras m\u00edticas e temas religiosos, sempre com um tra\u00e7o marcante e composi\u00e7\u00f5es cheias de movimento. Autodidata, ele se inspirou na tradi\u00e7\u00e3o da literatura de cordel e na produ\u00e7\u00e3o gr\u00e1fica de xilogravuristas como J. Borges (seu pai) e Mestre Noza, mas desenvolveu um estilo pr\u00f3prio, reconhecido pela precis\u00e3o do entalhe e pela for\u00e7a expressiva.<\/p>\n\n\n\n<p>Dentre seus trabalhos de maior visibilidade, destacam-se as xilogravuras criadas para a campanha \u201cMandacaru\u201d de L\u2019Occitane au Br\u00e9sil, onde sua arte traduziu visualmente a ess\u00eancia da flora e da cultura nordestina para uma grife internacional, demonstrando a versatilidade de sua linguagem art\u00edstica.<\/p>\n\n\n\n<p>Al\u00e9m de produzir suas pr\u00f3prias obras, Manasses Borges trabalhou como ilustrador de folhetos de cordel, colaborando com poetas populares e editoras especializadas. Suas xilogravuras foram expostas em mostras nacionais e internacionais, contribuindo para a valoriza\u00e7\u00e3o da arte popular brasileira. Sua produ\u00e7\u00e3o manteve-se fiel \u00e0s ra\u00edzes tradicionais, mas tamb\u00e9m incorporou elementos contempor\u00e2neos, demonstrando a vitalidade dessa linguagem art\u00edstica.<\/p>\n\n\n\n<p>Manasses Borges faleceu em 2017, deixando um importante legado para a cultura pernambucana e brasileira. Sua obra continua a ser refer\u00eancia para novos artistas, e suas gravuras integram acervos de museus e cole\u00e7\u00f5es particulares, perpetuando assim a tradi\u00e7\u00e3o da xilogravura no Nordeste.<\/p>\n\n\n\n<div style=\"height:10px\" aria-hidden=\"true\" class=\"wp-block-spacer\"><\/div>\n\n\n\n<h2 class=\"wp-block-heading\"><div class=\"linha-header\">Obras:<\/div><\/h2>\n\n\n\n<figure class=\"wp-block-image size-large\"><img loading=\"lazy\" decoding=\"async\" width=\"983\" height=\"1024\" src=\"http:\/\/www.ufpb.br\/pinacoteca\/wp-content\/uploads\/sites\/79\/sites\/210\/2024\/10\/Manasses-Borges-A-Pomba-da-Paz-983x1024.jpeg\" alt=\"\" class=\"wp-image-1406\" srcset=\"https:\/\/www.ufpb.br\/pinacoteca\/wp-content\/uploads\/sites\/79\/sites\/210\/2024\/10\/Manasses-Borges-A-Pomba-da-Paz-983x1024.jpeg 983w, https:\/\/www.ufpb.br\/pinacoteca\/wp-content\/uploads\/sites\/79\/sites\/210\/2024\/10\/Manasses-Borges-A-Pomba-da-Paz-288x300.jpeg 288w, https:\/\/www.ufpb.br\/pinacoteca\/wp-content\/uploads\/sites\/79\/sites\/210\/2024\/10\/Manasses-Borges-A-Pomba-da-Paz-768x800.jpeg 768w, https:\/\/www.ufpb.br\/pinacoteca\/wp-content\/uploads\/sites\/79\/sites\/210\/2024\/10\/Manasses-Borges-A-Pomba-da-Paz-1474x1536.jpeg 1474w, https:\/\/www.ufpb.br\/pinacoteca\/wp-content\/uploads\/sites\/79\/sites\/210\/2024\/10\/Manasses-Borges-A-Pomba-da-Paz-1965x2048.jpeg 1965w\" sizes=\"auto, (max-width: 983px) 100vw, 983px\" \/><figcaption class=\"wp-element-caption\">&#8220;<strong>A Pomba da Paz<\/strong>&#8220;, (s\/d). T\u00e9cnica: Gravura em cer\u00e2mica. Dimens\u00f5es: 15,5 x 15,5 cm<\/figcaption><\/figure>\n\n\n\n<div style=\"height:30px\" aria-hidden=\"true\" class=\"wp-block-spacer\"><\/div>\n\n\n\n<p><\/p>\n","protected":false},"excerpt":{"rendered":"<p>Bezerros, PE, 1968 \u2013 2017 Manasses Borges foi um importante artista popular brasileiro, mestre da [&hellip;]<\/p>\n","protected":false},"author":143,"featured_media":0,"parent":71,"menu_order":0,"comment_status":"closed","ping_status":"closed","template":"","meta":{"footnotes":""},"class_list":["post-3231","page","type-page","status-publish","hentry"],"_links":{"self":[{"href":"https:\/\/www.ufpb.br\/pinacoteca\/wp-json\/wp\/v2\/pages\/3231","targetHints":{"allow":["GET"]}}],"collection":[{"href":"https:\/\/www.ufpb.br\/pinacoteca\/wp-json\/wp\/v2\/pages"}],"about":[{"href":"https:\/\/www.ufpb.br\/pinacoteca\/wp-json\/wp\/v2\/types\/page"}],"author":[{"embeddable":true,"href":"https:\/\/www.ufpb.br\/pinacoteca\/wp-json\/wp\/v2\/users\/143"}],"replies":[{"embeddable":true,"href":"https:\/\/www.ufpb.br\/pinacoteca\/wp-json\/wp\/v2\/comments?post=3231"}],"version-history":[{"count":1,"href":"https:\/\/www.ufpb.br\/pinacoteca\/wp-json\/wp\/v2\/pages\/3231\/revisions"}],"predecessor-version":[{"id":3232,"href":"https:\/\/www.ufpb.br\/pinacoteca\/wp-json\/wp\/v2\/pages\/3231\/revisions\/3232"}],"up":[{"embeddable":true,"href":"https:\/\/www.ufpb.br\/pinacoteca\/wp-json\/wp\/v2\/pages\/71"}],"wp:attachment":[{"href":"https:\/\/www.ufpb.br\/pinacoteca\/wp-json\/wp\/v2\/media?parent=3231"}],"curies":[{"name":"wp","href":"https:\/\/api.w.org\/{rel}","templated":true}]}}