{"id":3243,"date":"2025-06-27T10:17:16","date_gmt":"2025-06-27T13:17:16","guid":{"rendered":"https:\/\/www.ufpb.br\/pinacoteca\/?page_id=3243"},"modified":"2025-06-27T11:05:11","modified_gmt":"2025-06-27T14:05:11","slug":"blecaute","status":"publish","type":"page","link":"https:\/\/www.ufpb.br\/pinacoteca\/acervo\/colecao-pinacoteca-ufpb\/blecaute\/","title":{"rendered":"Blecaute"},"content":{"rendered":"\n<hr class=\"wp-block-separator has-alpha-channel-opacity\" \/>\n\n\n\n<div style=\"height:30px\" aria-hidden=\"true\" class=\"wp-block-spacer\"><\/div>\n\n\n\n<p><strong>Fortaleza &#8211; CE<\/strong><\/p>\n\n\n\n<p>Nascido e criado no Conjunto Riacho Doce &#8211; Passar\u00e9 &#8211; Fortaleza, CE, Blecaute \u00e9 Licenciado em Filosofia pela UFCE. Atrav\u00e9s das artes Visuais explora sua vis\u00e3o de mundo enquanto preto perif\u00e9rico. inicia sua jornada pela pintura digital em 2019, atualmente trabalhando com diversas linguagens. Participou da 2\u00aa edi\u00e7\u00e3o do Programa de Resid\u00eancias e Interc\u00e2mbios (PRIS) do Hub Cultural Porto Drag\u00e3o, 2022; Participante tamb\u00e9m da exposi\u00e7\u00e3o coletiva \u201cFUNK: Um grito de ousadia e liberdade\u201d do Museu de Arte de Rio (MAR), 2023.<\/p>\n\n\n\n<div style=\"height:10px\" aria-hidden=\"true\" class=\"wp-block-spacer\"><\/div>\n\n\n\n<h2 class=\"wp-block-heading\"><div class=\"linha-header\">Obras:<\/div><\/h2>\n\n\n\n<figure class=\"wp-block-image size-large\"><img loading=\"lazy\" decoding=\"async\" width=\"782\" height=\"1024\" src=\"http:\/\/www.ufpb.br\/pinacoteca\/wp-content\/uploads\/sites\/79\/sites\/210\/2024\/10\/WhatsApp-Image-2024-09-23-at-10.34.37-782x1024.jpeg\" alt=\"\" class=\"wp-image-555\" srcset=\"https:\/\/www.ufpb.br\/pinacoteca\/wp-content\/uploads\/sites\/79\/sites\/210\/2024\/10\/WhatsApp-Image-2024-09-23-at-10.34.37-782x1024.jpeg 782w, https:\/\/www.ufpb.br\/pinacoteca\/wp-content\/uploads\/sites\/79\/sites\/210\/2024\/10\/WhatsApp-Image-2024-09-23-at-10.34.37-229x300.jpeg 229w, https:\/\/www.ufpb.br\/pinacoteca\/wp-content\/uploads\/sites\/79\/sites\/210\/2024\/10\/WhatsApp-Image-2024-09-23-at-10.34.37-768x1006.jpeg 768w, https:\/\/www.ufpb.br\/pinacoteca\/wp-content\/uploads\/sites\/79\/sites\/210\/2024\/10\/WhatsApp-Image-2024-09-23-at-10.34.37-1173x1536.jpeg 1173w, https:\/\/www.ufpb.br\/pinacoteca\/wp-content\/uploads\/sites\/79\/sites\/210\/2024\/10\/WhatsApp-Image-2024-09-23-at-10.34.37.jpeg 1222w\" sizes=\"auto, (max-width: 782px) 100vw, 782px\" \/><figcaption class=\"wp-element-caption\">&#8220;<strong>Passeio com Anastasia<\/strong>&#8220;, 2024. T\u00e9cnica: Impress\u00e3o em tecido. Dimens\u00f5es: 84 x 60 cm<\/figcaption><\/figure>\n\n\n\n<div style=\"height:30px\" aria-hidden=\"true\" class=\"wp-block-spacer\"><\/div>\n\n\n\n<p><\/p>\n","protected":false},"excerpt":{"rendered":"<p>Fortaleza &#8211; CE Nascido e criado no Conjunto Riacho Doce &#8211; Passar\u00e9 &#8211; Fortaleza, CE, [&hellip;]<\/p>\n","protected":false},"author":143,"featured_media":0,"parent":71,"menu_order":0,"comment_status":"closed","ping_status":"closed","template":"","meta":{"footnotes":""},"class_list":["post-3243","page","type-page","status-publish","hentry"],"_links":{"self":[{"href":"https:\/\/www.ufpb.br\/pinacoteca\/wp-json\/wp\/v2\/pages\/3243","targetHints":{"allow":["GET"]}}],"collection":[{"href":"https:\/\/www.ufpb.br\/pinacoteca\/wp-json\/wp\/v2\/pages"}],"about":[{"href":"https:\/\/www.ufpb.br\/pinacoteca\/wp-json\/wp\/v2\/types\/page"}],"author":[{"embeddable":true,"href":"https:\/\/www.ufpb.br\/pinacoteca\/wp-json\/wp\/v2\/users\/143"}],"replies":[{"embeddable":true,"href":"https:\/\/www.ufpb.br\/pinacoteca\/wp-json\/wp\/v2\/comments?post=3243"}],"version-history":[{"count":1,"href":"https:\/\/www.ufpb.br\/pinacoteca\/wp-json\/wp\/v2\/pages\/3243\/revisions"}],"predecessor-version":[{"id":3244,"href":"https:\/\/www.ufpb.br\/pinacoteca\/wp-json\/wp\/v2\/pages\/3243\/revisions\/3244"}],"up":[{"embeddable":true,"href":"https:\/\/www.ufpb.br\/pinacoteca\/wp-json\/wp\/v2\/pages\/71"}],"wp:attachment":[{"href":"https:\/\/www.ufpb.br\/pinacoteca\/wp-json\/wp\/v2\/media?parent=3243"}],"curies":[{"name":"wp","href":"https:\/\/api.w.org\/{rel}","templated":true}]}}