{"id":359,"date":"2024-09-26T11:14:59","date_gmt":"2024-09-26T14:14:59","guid":{"rendered":"https:\/\/www.ufpb.br\/pinacoteca2\/?page_id=359"},"modified":"2026-04-06T10:56:15","modified_gmt":"2026-04-06T13:56:15","slug":"rossini-perez","status":"publish","type":"page","link":"https:\/\/www.ufpb.br\/pinacoteca\/acervo\/colecao-pinacoteca-ufpb\/rossini-perez\/","title":{"rendered":"Rossini Perez"},"content":{"rendered":"\n<hr class=\"wp-block-separator has-alpha-channel-opacity\" \/>\n\n\n\n<p><strong>1931-2020.<\/strong><\/p>\n\n\n\n<p>Filho mais novo do casal formado por uma seridoense e um empreiteiro emigrante galego, oriundo de San Andr\u00e9s de Porqueir\u00f3s, conselho de Moinhos na Galiza, Quintas Perez nasceu em 1931 na cidade de Maca\u00edba, no estado do Rio Grande do Norte, distante 14 quil\u00f4metros da capital, Natal. Em 1934, por motivo de trabalho, o pai precisou se mudar com a mulher e os quatro filhos para Fortaleza, capital do estado vizinho, o Cear\u00e1. Mas os problemas de sa\u00fade de Rossini se agravavam. Em busca de tratamento, sempre acompanhado pela m\u00e3e, ia constantemente ao Rio de Janeiro at\u00e9 que em 1943 acabaram se estabelecendo em definitivo na cidade. O pai, a irm\u00e3 (Veleda) e os dois irm\u00e3os (Ruthenio e Renard Perez) juntaram-se a eles pouco tempo depois.Rossini Perez morreu em 18 de mar\u00e7o de 2020, aos 88 anos de idade, devido a pneumonia. Rossini Perez come\u00e7ou a desenhar e pintar por acaso. Devido aos problemas de sa\u00fade ainda na inf\u00e2ncia, demorou muito para ir \u00e0 escola, passando longas horas em casa sem ter o que fazer. Os m\u00e9dicos diziam que ele n\u00e3o passaria dos 15 anos de idade. Aos poucos foi se aproximando dos livros de arte dos pais e enquanto repousava, admirava as imagens. Dessa maneira o interesse pela pintura surgia. Radicado no Rio de Janeiro, passou a frequentar a Associa\u00e7\u00e3o Brasileira de Desenho e as primeiras aulas foram com Ado Malagoli, antigo integrante do N\u00facleo Bernardelli. Foi se integrando \u00e0 cena cultural local do in\u00edcio da d\u00e9cada de 1950, per\u00edodo marcado por significativas mudan\u00e7as no sistema das artes pl\u00e1sticas brasileiras. Assim que soube da segunda edi\u00e7\u00e3o da Bienal Internacional de S\u00e3o Paulo, viajou para a capital paulista, curioso para observar de perto as tend\u00eancias art\u00edsticas. Impressionado com as gravuras de autoria de Edvard Munch, naquele momento decidiu que iria se aprofundar na t\u00e9cnica, que embora fosse muito antiga, usada na reprodu\u00e7\u00e3o de mapas, plantas arquitet\u00f4nicas, bras\u00f5es, partituras musicais, fazia pouco tempo que passara a ter implica\u00e7\u00f5es de ordem est\u00e9tica. Ao voltar para o Rio de Janeiro, passou a estudar na Escolinha de Arte do Brasil, sob orienta\u00e7\u00e3o de Oswaldo Goeldi. Assim, em bem pouco tempo, participava da 1o Exposi\u00e7\u00e3o Nacional de Arte Abstrata, no Hotel Quitandinha, em Petr\u00f3polis. \u00c1vido por dominar a t\u00e9cnica de gravar, passou da Escolinha de Arte para o Instituto Municipal de Belas Artes, onde Iber\u00ea Camargo mantinha um pequeno grupo de alunos desenvolvendo gravuras em metal. E teve aulas de hist\u00f3ria da arte, an\u00e1lise cr\u00edtica e interpreta\u00e7\u00e3o de obras famosas com Fayga Ostrower.<\/p>\n\n\n\n<h4 class=\"wp-block-heading\">Obras<\/h4>\n\n\n\n<figure class=\"wp-block-image size-large\"><img loading=\"lazy\" decoding=\"async\" width=\"676\" height=\"1024\" src=\"https:\/\/www.ufpb.br\/pinacoteca2\/wp-content\/uploads\/sites\/79\/sites\/210\/2024\/10\/image-9-1-676x1024.jpeg\" alt=\"\" class=\"wp-image-1189\" srcset=\"https:\/\/www.ufpb.br\/pinacoteca\/wp-content\/uploads\/sites\/79\/sites\/210\/2024\/10\/image-9-1-676x1024.jpeg 676w, https:\/\/www.ufpb.br\/pinacoteca\/wp-content\/uploads\/sites\/79\/sites\/210\/2024\/10\/image-9-1-198x300.jpeg 198w, https:\/\/www.ufpb.br\/pinacoteca\/wp-content\/uploads\/sites\/79\/sites\/210\/2024\/10\/image-9-1-768x1163.jpeg 768w, https:\/\/www.ufpb.br\/pinacoteca\/wp-content\/uploads\/sites\/79\/sites\/210\/2024\/10\/image-9-1.jpeg 845w\" sizes=\"auto, (max-width: 676px) 100vw, 676px\" \/><figcaption class=\"wp-element-caption\">&#8220;<strong>Palafitas<\/strong>&#8220;, 1956. T\u00e9cnica: linoleogravura. Dimens\u00f5es: 37 cm x 27 cm. Doa\u00e7\u00e3o Gabriel Bechara Filho. Foto: Maycon Albuquerque.<br><br><\/figcaption><\/figure>\n","protected":false},"excerpt":{"rendered":"<p>1931-2020. Filho mais novo do casal formado por uma seridoense e um empreiteiro emigrante galego, [&hellip;]<\/p>\n","protected":false},"author":143,"featured_media":0,"parent":71,"menu_order":0,"comment_status":"closed","ping_status":"closed","template":"","meta":{"footnotes":""},"class_list":["post-359","page","type-page","status-publish","hentry"],"_links":{"self":[{"href":"https:\/\/www.ufpb.br\/pinacoteca\/wp-json\/wp\/v2\/pages\/359","targetHints":{"allow":["GET"]}}],"collection":[{"href":"https:\/\/www.ufpb.br\/pinacoteca\/wp-json\/wp\/v2\/pages"}],"about":[{"href":"https:\/\/www.ufpb.br\/pinacoteca\/wp-json\/wp\/v2\/types\/page"}],"author":[{"embeddable":true,"href":"https:\/\/www.ufpb.br\/pinacoteca\/wp-json\/wp\/v2\/users\/143"}],"replies":[{"embeddable":true,"href":"https:\/\/www.ufpb.br\/pinacoteca\/wp-json\/wp\/v2\/comments?post=359"}],"version-history":[{"count":4,"href":"https:\/\/www.ufpb.br\/pinacoteca\/wp-json\/wp\/v2\/pages\/359\/revisions"}],"predecessor-version":[{"id":4227,"href":"https:\/\/www.ufpb.br\/pinacoteca\/wp-json\/wp\/v2\/pages\/359\/revisions\/4227"}],"up":[{"embeddable":true,"href":"https:\/\/www.ufpb.br\/pinacoteca\/wp-json\/wp\/v2\/pages\/71"}],"wp:attachment":[{"href":"https:\/\/www.ufpb.br\/pinacoteca\/wp-json\/wp\/v2\/media?parent=359"}],"curies":[{"name":"wp","href":"https:\/\/api.w.org\/{rel}","templated":true}]}}