{"id":3618,"date":"2025-11-25T09:57:42","date_gmt":"2025-11-25T12:57:42","guid":{"rendered":"https:\/\/www.ufpb.br\/pinacoteca\/?page_id=3618"},"modified":"2025-11-25T09:57:42","modified_gmt":"2025-11-25T12:57:42","slug":"exposicao-voo-livre","status":"publish","type":"page","link":"https:\/\/www.ufpb.br\/pinacoteca\/exposicao-voo-livre\/","title":{"rendered":"Exposi\u00e7\u00e3o &#8220;Voo Livre&#8221;"},"content":{"rendered":"\n<p>Not\u00edcia publicada no dia: 03\/10\/2024<\/p>\n\n\n\n<hr class=\"wp-block-separator has-alpha-channel-opacity\" \/>\n\n\n\n<p>Abertura da exposi\u00e7\u00e3o coletiva &#8220;Voo Livre&#8221;, promovida pela Pinacoteca da UFPB na Galeria Lavandeira do CCTA, com curadoria dos alunos Allana Barros e Arthur Santiago Confessor. A mostra conta com obras de alunos artistas do curso de Artes Visuais.<br>A exposi\u00e7\u00e3o foi aberta ao p\u00fablico do dia 27 de outubro de 2024, de segunda a sexta-feira, de manh\u00e3 das 8h30 \u00e0s 12h e \u00e0 tarde das 14h \u00e0s 17h.<\/p>\n\n\n\n<div style=\"height:49px\" aria-hidden=\"true\" class=\"wp-block-spacer\"><\/div>\n\n\n\n<h2 class=\"wp-block-heading\" style=\"font-size:22px\"><div class=\"linha-header\"><strong>Fotos:<\/strong><\/div><\/h2>\n\n\n\n<hr class=\"wp-block-separator has-alpha-channel-opacity\" \/>\n\n\n\n<figure class=\"wp-block-image size-large is-resized\"><img loading=\"lazy\" decoding=\"async\" width=\"1024\" height=\"1024\" src=\"http:\/\/www.ufpb.br\/pinacoteca\/wp-content\/uploads\/sites\/79\/sites\/210\/2025\/11\/SaveClip.App_461638356_1131885051848719_2535694002244454121_n-1024x1024.jpg\" alt=\"\" class=\"wp-image-3632\" style=\"width:679px;height:auto\" srcset=\"https:\/\/www.ufpb.br\/pinacoteca\/wp-content\/uploads\/sites\/79\/sites\/210\/2025\/11\/SaveClip.App_461638356_1131885051848719_2535694002244454121_n-1024x1024.jpg 1024w, https:\/\/www.ufpb.br\/pinacoteca\/wp-content\/uploads\/sites\/79\/sites\/210\/2025\/11\/SaveClip.App_461638356_1131885051848719_2535694002244454121_n-300x300.jpg 300w, https:\/\/www.ufpb.br\/pinacoteca\/wp-content\/uploads\/sites\/79\/sites\/210\/2025\/11\/SaveClip.App_461638356_1131885051848719_2535694002244454121_n-150x150.jpg 150w, https:\/\/www.ufpb.br\/pinacoteca\/wp-content\/uploads\/sites\/79\/sites\/210\/2025\/11\/SaveClip.App_461638356_1131885051848719_2535694002244454121_n-768x768.jpg 768w, https:\/\/www.ufpb.br\/pinacoteca\/wp-content\/uploads\/sites\/79\/sites\/210\/2025\/11\/SaveClip.App_461638356_1131885051848719_2535694002244454121_n.jpg 1080w\" sizes=\"auto, (max-width: 1024px) 100vw, 1024px\" \/><\/figure>\n\n\n\n<div style=\"height:18px\" aria-hidden=\"true\" class=\"wp-block-spacer\"><\/div>\n\n\n\n<figure class=\"wp-block-image size-full is-resized\"><img loading=\"lazy\" decoding=\"async\" width=\"960\" height=\"960\" src=\"http:\/\/www.ufpb.br\/pinacoteca\/wp-content\/uploads\/sites\/79\/sites\/210\/2025\/11\/SaveClip.App_461814916_1009764747572815_3370133620827816299_n.jpg\" alt=\"\" class=\"wp-image-3631\" style=\"width:632px;height:auto\" srcset=\"https:\/\/www.ufpb.br\/pinacoteca\/wp-content\/uploads\/sites\/79\/sites\/210\/2025\/11\/SaveClip.App_461814916_1009764747572815_3370133620827816299_n.jpg 960w, https:\/\/www.ufpb.br\/pinacoteca\/wp-content\/uploads\/sites\/79\/sites\/210\/2025\/11\/SaveClip.App_461814916_1009764747572815_3370133620827816299_n-300x300.jpg 300w, https:\/\/www.ufpb.br\/pinacoteca\/wp-content\/uploads\/sites\/79\/sites\/210\/2025\/11\/SaveClip.App_461814916_1009764747572815_3370133620827816299_n-150x150.jpg 150w, https:\/\/www.ufpb.br\/pinacoteca\/wp-content\/uploads\/sites\/79\/sites\/210\/2025\/11\/SaveClip.App_461814916_1009764747572815_3370133620827816299_n-768x768.jpg 768w\" sizes=\"auto, (max-width: 960px) 100vw, 960px\" \/><\/figure>\n\n\n\n<div style=\"height:18px\" aria-hidden=\"true\" class=\"wp-block-spacer\"><\/div>\n\n\n\n<figure class=\"wp-block-image size-full is-resized\"><img loading=\"lazy\" decoding=\"async\" width=\"960\" height=\"960\" src=\"http:\/\/www.ufpb.br\/pinacoteca\/wp-content\/uploads\/sites\/79\/sites\/210\/2025\/11\/SaveClip.App_461976808_1504359253549376_7359179036453051489_n.jpg\" alt=\"\" class=\"wp-image-3629\" style=\"width:712px;height:auto\" srcset=\"https:\/\/www.ufpb.br\/pinacoteca\/wp-content\/uploads\/sites\/79\/sites\/210\/2025\/11\/SaveClip.App_461976808_1504359253549376_7359179036453051489_n.jpg 960w, https:\/\/www.ufpb.br\/pinacoteca\/wp-content\/uploads\/sites\/79\/sites\/210\/2025\/11\/SaveClip.App_461976808_1504359253549376_7359179036453051489_n-300x300.jpg 300w, https:\/\/www.ufpb.br\/pinacoteca\/wp-content\/uploads\/sites\/79\/sites\/210\/2025\/11\/SaveClip.App_461976808_1504359253549376_7359179036453051489_n-150x150.jpg 150w, https:\/\/www.ufpb.br\/pinacoteca\/wp-content\/uploads\/sites\/79\/sites\/210\/2025\/11\/SaveClip.App_461976808_1504359253549376_7359179036453051489_n-768x768.jpg 768w\" sizes=\"auto, (max-width: 960px) 100vw, 960px\" \/><\/figure>\n\n\n\n<div style=\"height:18px\" aria-hidden=\"true\" class=\"wp-block-spacer\"><\/div>\n\n\n\n<figure class=\"wp-block-image size-full\"><img loading=\"lazy\" decoding=\"async\" width=\"960\" height=\"960\" src=\"http:\/\/www.ufpb.br\/pinacoteca\/wp-content\/uploads\/sites\/79\/sites\/210\/2025\/11\/SaveClip.App_461987621_891558136368872_7536593351662910274_n.jpg\" alt=\"\" class=\"wp-image-3628\" srcset=\"https:\/\/www.ufpb.br\/pinacoteca\/wp-content\/uploads\/sites\/79\/sites\/210\/2025\/11\/SaveClip.App_461987621_891558136368872_7536593351662910274_n.jpg 960w, https:\/\/www.ufpb.br\/pinacoteca\/wp-content\/uploads\/sites\/79\/sites\/210\/2025\/11\/SaveClip.App_461987621_891558136368872_7536593351662910274_n-300x300.jpg 300w, https:\/\/www.ufpb.br\/pinacoteca\/wp-content\/uploads\/sites\/79\/sites\/210\/2025\/11\/SaveClip.App_461987621_891558136368872_7536593351662910274_n-150x150.jpg 150w, https:\/\/www.ufpb.br\/pinacoteca\/wp-content\/uploads\/sites\/79\/sites\/210\/2025\/11\/SaveClip.App_461987621_891558136368872_7536593351662910274_n-768x768.jpg 768w\" sizes=\"auto, (max-width: 960px) 100vw, 960px\" \/><\/figure>\n\n\n\n<div style=\"height:18px\" aria-hidden=\"true\" class=\"wp-block-spacer\"><\/div>\n\n\n\n<figure class=\"wp-block-image size-full\"><img loading=\"lazy\" decoding=\"async\" width=\"960\" height=\"960\" src=\"http:\/\/www.ufpb.br\/pinacoteca\/wp-content\/uploads\/sites\/79\/sites\/210\/2025\/11\/SaveClip.App_461965422_1271565683853462_7559672037649235106_n.jpg\" alt=\"\" class=\"wp-image-3625\" srcset=\"https:\/\/www.ufpb.br\/pinacoteca\/wp-content\/uploads\/sites\/79\/sites\/210\/2025\/11\/SaveClip.App_461965422_1271565683853462_7559672037649235106_n.jpg 960w, https:\/\/www.ufpb.br\/pinacoteca\/wp-content\/uploads\/sites\/79\/sites\/210\/2025\/11\/SaveClip.App_461965422_1271565683853462_7559672037649235106_n-300x300.jpg 300w, https:\/\/www.ufpb.br\/pinacoteca\/wp-content\/uploads\/sites\/79\/sites\/210\/2025\/11\/SaveClip.App_461965422_1271565683853462_7559672037649235106_n-150x150.jpg 150w, https:\/\/www.ufpb.br\/pinacoteca\/wp-content\/uploads\/sites\/79\/sites\/210\/2025\/11\/SaveClip.App_461965422_1271565683853462_7559672037649235106_n-768x768.jpg 768w\" sizes=\"auto, (max-width: 960px) 100vw, 960px\" \/><\/figure>\n\n\n\n<div style=\"height:18px\" aria-hidden=\"true\" class=\"wp-block-spacer\"><\/div>\n\n\n\n<figure class=\"wp-block-image size-full\"><img loading=\"lazy\" decoding=\"async\" width=\"960\" height=\"960\" src=\"http:\/\/www.ufpb.br\/pinacoteca\/wp-content\/uploads\/sites\/79\/sites\/210\/2025\/11\/SaveClip.App_461595352_936618925151877_2959716494528076900_n.jpg\" alt=\"\" class=\"wp-image-3620\" srcset=\"https:\/\/www.ufpb.br\/pinacoteca\/wp-content\/uploads\/sites\/79\/sites\/210\/2025\/11\/SaveClip.App_461595352_936618925151877_2959716494528076900_n.jpg 960w, https:\/\/www.ufpb.br\/pinacoteca\/wp-content\/uploads\/sites\/79\/sites\/210\/2025\/11\/SaveClip.App_461595352_936618925151877_2959716494528076900_n-300x300.jpg 300w, https:\/\/www.ufpb.br\/pinacoteca\/wp-content\/uploads\/sites\/79\/sites\/210\/2025\/11\/SaveClip.App_461595352_936618925151877_2959716494528076900_n-150x150.jpg 150w, https:\/\/www.ufpb.br\/pinacoteca\/wp-content\/uploads\/sites\/79\/sites\/210\/2025\/11\/SaveClip.App_461595352_936618925151877_2959716494528076900_n-768x768.jpg 768w\" sizes=\"auto, (max-width: 960px) 100vw, 960px\" \/><\/figure>\n\n\n\n<div style=\"height:18px\" aria-hidden=\"true\" class=\"wp-block-spacer\"><\/div>\n\n\n\n<figure class=\"wp-block-image size-full\"><img loading=\"lazy\" decoding=\"async\" width=\"960\" height=\"960\" src=\"http:\/\/www.ufpb.br\/pinacoteca\/wp-content\/uploads\/sites\/79\/sites\/210\/2025\/11\/SaveClip.App_461637640_1524558285089794_6483857591285479339_n.jpg\" alt=\"\" class=\"wp-image-3627\" srcset=\"https:\/\/www.ufpb.br\/pinacoteca\/wp-content\/uploads\/sites\/79\/sites\/210\/2025\/11\/SaveClip.App_461637640_1524558285089794_6483857591285479339_n.jpg 960w, https:\/\/www.ufpb.br\/pinacoteca\/wp-content\/uploads\/sites\/79\/sites\/210\/2025\/11\/SaveClip.App_461637640_1524558285089794_6483857591285479339_n-300x300.jpg 300w, https:\/\/www.ufpb.br\/pinacoteca\/wp-content\/uploads\/sites\/79\/sites\/210\/2025\/11\/SaveClip.App_461637640_1524558285089794_6483857591285479339_n-150x150.jpg 150w, https:\/\/www.ufpb.br\/pinacoteca\/wp-content\/uploads\/sites\/79\/sites\/210\/2025\/11\/SaveClip.App_461637640_1524558285089794_6483857591285479339_n-768x768.jpg 768w\" sizes=\"auto, (max-width: 960px) 100vw, 960px\" \/><\/figure>\n\n\n\n<div style=\"height:18px\" aria-hidden=\"true\" class=\"wp-block-spacer\"><\/div>\n\n\n\n<figure class=\"wp-block-image size-full\"><img loading=\"lazy\" decoding=\"async\" width=\"960\" height=\"960\" src=\"http:\/\/www.ufpb.br\/pinacoteca\/wp-content\/uploads\/sites\/79\/sites\/210\/2025\/11\/SaveClip.App_461646044_1593921114844451_1489372723425275624_n.jpg\" alt=\"\" class=\"wp-image-3619\" srcset=\"https:\/\/www.ufpb.br\/pinacoteca\/wp-content\/uploads\/sites\/79\/sites\/210\/2025\/11\/SaveClip.App_461646044_1593921114844451_1489372723425275624_n.jpg 960w, https:\/\/www.ufpb.br\/pinacoteca\/wp-content\/uploads\/sites\/79\/sites\/210\/2025\/11\/SaveClip.App_461646044_1593921114844451_1489372723425275624_n-300x300.jpg 300w, https:\/\/www.ufpb.br\/pinacoteca\/wp-content\/uploads\/sites\/79\/sites\/210\/2025\/11\/SaveClip.App_461646044_1593921114844451_1489372723425275624_n-150x150.jpg 150w, https:\/\/www.ufpb.br\/pinacoteca\/wp-content\/uploads\/sites\/79\/sites\/210\/2025\/11\/SaveClip.App_461646044_1593921114844451_1489372723425275624_n-768x768.jpg 768w\" sizes=\"auto, (max-width: 960px) 100vw, 960px\" \/><\/figure>\n","protected":false},"excerpt":{"rendered":"<p>Not\u00edcia publicada no dia: 03\/10\/2024 Abertura da exposi\u00e7\u00e3o coletiva &#8220;Voo Livre&#8221;, promovida pela Pinacoteca da [&hellip;]<\/p>\n","protected":false},"author":332,"featured_media":0,"parent":0,"menu_order":0,"comment_status":"open","ping_status":"closed","template":"","meta":{"footnotes":""},"class_list":["post-3618","page","type-page","status-publish","hentry"],"_links":{"self":[{"href":"https:\/\/www.ufpb.br\/pinacoteca\/wp-json\/wp\/v2\/pages\/3618","targetHints":{"allow":["GET"]}}],"collection":[{"href":"https:\/\/www.ufpb.br\/pinacoteca\/wp-json\/wp\/v2\/pages"}],"about":[{"href":"https:\/\/www.ufpb.br\/pinacoteca\/wp-json\/wp\/v2\/types\/page"}],"author":[{"embeddable":true,"href":"https:\/\/www.ufpb.br\/pinacoteca\/wp-json\/wp\/v2\/users\/332"}],"replies":[{"embeddable":true,"href":"https:\/\/www.ufpb.br\/pinacoteca\/wp-json\/wp\/v2\/comments?post=3618"}],"version-history":[{"count":1,"href":"https:\/\/www.ufpb.br\/pinacoteca\/wp-json\/wp\/v2\/pages\/3618\/revisions"}],"predecessor-version":[{"id":3633,"href":"https:\/\/www.ufpb.br\/pinacoteca\/wp-json\/wp\/v2\/pages\/3618\/revisions\/3633"}],"wp:attachment":[{"href":"https:\/\/www.ufpb.br\/pinacoteca\/wp-json\/wp\/v2\/media?parent=3618"}],"curies":[{"name":"wp","href":"https:\/\/api.w.org\/{rel}","templated":true}]}}