{"id":3638,"date":"2025-11-25T10:35:58","date_gmt":"2025-11-25T13:35:58","guid":{"rendered":"https:\/\/www.ufpb.br\/pinacoteca\/?page_id=3638"},"modified":"2025-11-25T10:35:58","modified_gmt":"2025-11-25T13:35:58","slug":"exposicao-elixir","status":"publish","type":"page","link":"https:\/\/www.ufpb.br\/pinacoteca\/exposicao-elixir\/","title":{"rendered":"Exposi\u00e7\u00e3o &#8220;Elixir&#8221;"},"content":{"rendered":"\n<hr class=\"wp-block-separator has-alpha-channel-opacity\" \/>\n\n\n\n<p>Exposi\u00e7\u00e3o Elixir na galeria da Pinacoteca UFPB<\/p>\n\n\n\n<p><br>A exposi\u00e7\u00e3o do acervo trata dos temas cotidiano, fantasia e religiosidade e abarca linguagens como gravura, desenho, pintura e assemblagem. Participam da mostra artistas como S\u00e9rgio Lucena, Miguel dos Santos, Sofia Bauchwitz, Nivalson Miranda, Blecaute e J. Borges<\/p>\n\n\n\n<div style=\"height:51px\" aria-hidden=\"true\" class=\"wp-block-spacer\"><\/div>\n\n\n\n<h2 class=\"wp-block-heading\"><div class=\"linha-header\">V\u00eddeo:<\/div><\/h2>\n\n\n\n<hr class=\"wp-block-separator has-alpha-channel-opacity\" \/>\n\n\n\n<div style=\"height:39px\" aria-hidden=\"true\" class=\"wp-block-spacer\"><\/div>\n\n\n\n<figure class=\"wp-block-video\"><video height=\"640\" style=\"aspect-ratio: 360 \/ 640;\" width=\"360\" controls src=\"http:\/\/www.ufpb.br\/pinacoteca\/wp-content\/uploads\/sites\/79\/sites\/210\/2025\/11\/SaveClip.App_AQMD5SRHiOXOdjT-iEiMjfsSO9kyTiz5cZvxjGG8OV0I3lgFkk2vTJ8rsSiz4NWZkW4k9GCs0d6qO9kHJtRjkrXSBJxo65b5ZinT4Qc.mp4\"><\/video><\/figure>\n","protected":false},"excerpt":{"rendered":"<p>Exposi\u00e7\u00e3o Elixir na galeria da Pinacoteca UFPB A exposi\u00e7\u00e3o do acervo trata dos temas cotidiano, [&hellip;]<\/p>\n","protected":false},"author":332,"featured_media":0,"parent":0,"menu_order":0,"comment_status":"open","ping_status":"closed","template":"","meta":{"footnotes":""},"class_list":["post-3638","page","type-page","status-publish","hentry"],"_links":{"self":[{"href":"https:\/\/www.ufpb.br\/pinacoteca\/wp-json\/wp\/v2\/pages\/3638","targetHints":{"allow":["GET"]}}],"collection":[{"href":"https:\/\/www.ufpb.br\/pinacoteca\/wp-json\/wp\/v2\/pages"}],"about":[{"href":"https:\/\/www.ufpb.br\/pinacoteca\/wp-json\/wp\/v2\/types\/page"}],"author":[{"embeddable":true,"href":"https:\/\/www.ufpb.br\/pinacoteca\/wp-json\/wp\/v2\/users\/332"}],"replies":[{"embeddable":true,"href":"https:\/\/www.ufpb.br\/pinacoteca\/wp-json\/wp\/v2\/comments?post=3638"}],"version-history":[{"count":2,"href":"https:\/\/www.ufpb.br\/pinacoteca\/wp-json\/wp\/v2\/pages\/3638\/revisions"}],"predecessor-version":[{"id":3645,"href":"https:\/\/www.ufpb.br\/pinacoteca\/wp-json\/wp\/v2\/pages\/3638\/revisions\/3645"}],"wp:attachment":[{"href":"https:\/\/www.ufpb.br\/pinacoteca\/wp-json\/wp\/v2\/media?parent=3638"}],"curies":[{"name":"wp","href":"https:\/\/api.w.org\/{rel}","templated":true}]}}