{"id":365,"date":"2024-09-26T11:16:42","date_gmt":"2024-09-26T14:16:42","guid":{"rendered":"https:\/\/www.ufpb.br\/pinacoteca2\/?page_id=365"},"modified":"2025-06-27T09:51:00","modified_gmt":"2025-06-27T12:51:00","slug":"sergio-lucena","status":"publish","type":"page","link":"https:\/\/www.ufpb.br\/pinacoteca\/acervo\/colecao-pinacoteca-ufpb\/sergio-lucena\/","title":{"rendered":"S\u00e9rgio Lucena"},"content":{"rendered":"\n<hr class=\"wp-block-separator has-alpha-channel-opacity\" \/>\n\n\n\n<div style=\"height:30px\" aria-hidden=\"true\" class=\"wp-block-spacer\"><\/div>\n\n\n\n<p><strong>Jo\u00e3o Pessoa &#8211; PB, 1963.<\/strong><\/p>\n\n\n\n<p>S\u00e9rgio Lucena \u00e9 um artista pl\u00e1stico paraibano, nascido em Jo\u00e3o Pessoa, em 1963. Desde jovem demonstrou interesse pelas artes visuais e, em 1982, iniciou seus estudos de t\u00e9cnica com o artista Fl\u00e1vio Tavares. Antes de se dedicar integralmente \u00e0 pintura, chegou a cursar F\u00edsica e Psicologia na Universidade Federal da Para\u00edba, mas logo decidiu se dedicar ao meio art\u00edstico. Com o tempo, Lucena consolidou uma carreira que ultrapassou os limites regionais, ganhando visibilidade em diversas exposi\u00e7\u00f5es no Brasil e no exterior.<\/p>\n\n\n\n<p>Dois momentos marcantes de sua atua\u00e7\u00e3o p\u00fablica aconteceram na d\u00e9cada de 1980. Em 1986, participou, ao lado de Fl\u00e1vio Tavares, da pintura do painel A Pedra do Reino, inspirada no universo liter\u00e1rio de Ariano Suassuna. Em 1988, pintou o estandarte do bloco carnavalesco Muri\u00e7ocas do Miramar, um dos mais tradicionais de Jo\u00e3o Pessoa. Esses trabalhos ilustram o v\u00ednculo do artista com a cultura popular nordestina e com a produ\u00e7\u00e3o art\u00edstica coletiva.<\/p>\n\n\n\n<p>Nos seus primeiros anos de produ\u00e7\u00e3o, a obra de S\u00e9rgio Lucena era marcada por composi\u00e7\u00f5es repletas de figuras imagin\u00e1rias e seres fant\u00e1sticos. Essas imagens, criadas a partir do repert\u00f3rio simb\u00f3lico do Nordeste, apontavam para um fasc\u00ednio que o artista manteve ao longo do tempo, a investiga\u00e7\u00e3o da luz e da sombra como elementos de estrutura na pintura. Mais tarde, a figura\u00e7\u00e3o deu lugar a imagens mais contemplativas, centradas na paisagem, que passaram a ocupar o centro de sua pesquisa visual.<\/p>\n\n\n\n<p>No ano de 2003, S\u00e9rgio Lucena se mudou para S\u00e3o Paulo, o que marcou uma transforma\u00e7\u00e3o significativa em sua trajet\u00f3ria. A partir desse per\u00edodo, sua produ\u00e7\u00e3o passou a ser marcada por uma investiga\u00e7\u00e3o mais profunda sobre a luz, elemento que se tornou central em suas pinturas nas duas \u00faltimas d\u00e9cadas. Mesmo com essa mudan\u00e7a, sua liga\u00e7\u00e3o com o sert\u00e3o paraibano permaneceu presente, agora traduzida em paisagens que partem da mem\u00f3ria e da sensa\u00e7\u00e3o, mais do que da observa\u00e7\u00e3o direta. Lucena trabalha majoritariamente com tinta acr\u00edlica sobre tela, suas obras s\u00e3o constru\u00eddas em camadas, com o uso de muitas cores. Apesar da mat\u00e9ria vis\u00edvel e das texturas marcadas, suas pinceladas s\u00e3o delicadas e trazem efeitos de transpar\u00eancia e luz nas obras. Em 1987, Lucena se mudou para a Chapada dos Guimar\u00e3es no Mato Grosso e em 1992, realizou uma resid\u00eancia art\u00edstica em Berlim, na Alemanha, onde teve a oportunidade de trocar experi\u00eancias com outros artistas e ampliar sua vis\u00e3o sobre a arte contempor\u00e2nea.<\/p>\n\n\n\n<p>A po\u00e9tica de S\u00e9rgio Lucena se constr\u00f3i na intersec\u00e7\u00e3o entre mem\u00f3ria, natureza e percep\u00e7\u00e3o. Suas pinturas n\u00e3o apresentam cenas descritivas, mas sim estados sens\u00edveis, que se relacionam mais com o tempo do olhar do que com a narrativa. O espa\u00e7o pict\u00f3rico que ele prop\u00f5e \u00e9 silencioso, aberto e profundo, convidando \u00e0 contempla\u00e7\u00e3o. Atualmente, suas obras integram importantes cole\u00e7\u00f5es e acervos institucionais, como o Instituto Inhotim (MG), o Museu Afro Brasil Emanoel Araujo (SP), o Museu Nacional (DF) e o Museu Oscar Niemeyer (PR). Com uma trajet\u00f3ria s\u00f3lida e uma produ\u00e7\u00e3o coerente, S\u00e9rgio Lucena \u00e9 reconhecido como um dos principais nomes da arte contempor\u00e2nea paraibana.<\/p>\n\n\n\n<div style=\"height:10px\" aria-hidden=\"true\" class=\"wp-block-spacer\"><\/div>\n\n\n\n<h4 class=\"wp-block-heading\">Obras:<\/h4>\n\n\n\n<figure class=\"wp-block-image size-full\"><img loading=\"lazy\" decoding=\"async\" width=\"504\" height=\"768\" src=\"https:\/\/www.ufpb.br\/pinacoteca2\/wp-content\/uploads\/sites\/79\/sites\/210\/2024\/10\/sergio-lucena-salome.jpeg\" alt=\"\" class=\"wp-image-1204\" srcset=\"https:\/\/www.ufpb.br\/pinacoteca\/wp-content\/uploads\/sites\/79\/sites\/210\/2024\/10\/sergio-lucena-salome.jpeg 504w, https:\/\/www.ufpb.br\/pinacoteca\/wp-content\/uploads\/sites\/79\/sites\/210\/2024\/10\/sergio-lucena-salome-197x300.jpeg 197w\" sizes=\"auto, (max-width: 504px) 100vw, 504px\" \/><figcaption class=\"wp-element-caption\">&#8220;<strong>Salom\u00e9<\/strong>&#8220;, 1989\/1990. T\u00e9cnica: Acr\u00edlica sobre tela. Dimens\u00f5es: 177 x 117 cm. N\u00famero de registro: 035. Doa\u00e7\u00e3o do Artista. Foto: Maycon Albuquerque.<\/figcaption><\/figure>\n\n\n\n<div style=\"height:30px\" aria-hidden=\"true\" class=\"wp-block-spacer\"><\/div>\n\n\n\n<figure class=\"wp-block-image size-full\"><img loading=\"lazy\" decoding=\"async\" width=\"615\" height=\"768\" src=\"https:\/\/www.ufpb.br\/pinacoteca2\/wp-content\/uploads\/sites\/79\/sites\/210\/2024\/10\/sergio-lucena-s-titulo.jpeg\" alt=\"\" class=\"wp-image-1212\" srcset=\"https:\/\/www.ufpb.br\/pinacoteca\/wp-content\/uploads\/sites\/79\/sites\/210\/2024\/10\/sergio-lucena-s-titulo.jpeg 615w, https:\/\/www.ufpb.br\/pinacoteca\/wp-content\/uploads\/sites\/79\/sites\/210\/2024\/10\/sergio-lucena-s-titulo-240x300.jpeg 240w\" sizes=\"auto, (max-width: 615px) 100vw, 615px\" \/><figcaption class=\"wp-element-caption\">Sem t\u00edtulo, 1997. T\u00e9cnica: Acr\u00edlica sobre tela. Dimens\u00f5es: 80 x 64 cm. N\u00famero de registro: 034. Doa\u00e7\u00e3o do Artista. Foto: Maycon Albuquerque.<\/figcaption><\/figure>\n\n\n\n<div style=\"height:30px\" aria-hidden=\"true\" class=\"wp-block-spacer\"><\/div>\n","protected":false},"excerpt":{"rendered":"<p>Jo\u00e3o Pessoa &#8211; PB, 1963. S\u00e9rgio Lucena \u00e9 um artista pl\u00e1stico paraibano, nascido em Jo\u00e3o [&hellip;]<\/p>\n","protected":false},"author":143,"featured_media":0,"parent":71,"menu_order":0,"comment_status":"closed","ping_status":"closed","template":"","meta":{"footnotes":""},"class_list":["post-365","page","type-page","status-publish","hentry"],"_links":{"self":[{"href":"https:\/\/www.ufpb.br\/pinacoteca\/wp-json\/wp\/v2\/pages\/365","targetHints":{"allow":["GET"]}}],"collection":[{"href":"https:\/\/www.ufpb.br\/pinacoteca\/wp-json\/wp\/v2\/pages"}],"about":[{"href":"https:\/\/www.ufpb.br\/pinacoteca\/wp-json\/wp\/v2\/types\/page"}],"author":[{"embeddable":true,"href":"https:\/\/www.ufpb.br\/pinacoteca\/wp-json\/wp\/v2\/users\/143"}],"replies":[{"embeddable":true,"href":"https:\/\/www.ufpb.br\/pinacoteca\/wp-json\/wp\/v2\/comments?post=365"}],"version-history":[{"count":4,"href":"https:\/\/www.ufpb.br\/pinacoteca\/wp-json\/wp\/v2\/pages\/365\/revisions"}],"predecessor-version":[{"id":3237,"href":"https:\/\/www.ufpb.br\/pinacoteca\/wp-json\/wp\/v2\/pages\/365\/revisions\/3237"}],"up":[{"embeddable":true,"href":"https:\/\/www.ufpb.br\/pinacoteca\/wp-json\/wp\/v2\/pages\/71"}],"wp:attachment":[{"href":"https:\/\/www.ufpb.br\/pinacoteca\/wp-json\/wp\/v2\/media?parent=365"}],"curies":[{"name":"wp","href":"https:\/\/api.w.org\/{rel}","templated":true}]}}