{"id":3660,"date":"2025-11-25T11:09:07","date_gmt":"2025-11-25T14:09:07","guid":{"rendered":"https:\/\/www.ufpb.br\/pinacoteca\/?page_id=3660"},"modified":"2025-11-25T11:09:08","modified_gmt":"2025-11-25T14:09:08","slug":"exposicao-in-volucao","status":"publish","type":"page","link":"https:\/\/www.ufpb.br\/pinacoteca\/exposicao-in-volucao\/","title":{"rendered":"Exposi\u00e7\u00e3o &#8220;(IN) VOLU\u00c7\u00c3O&#8221;"},"content":{"rendered":"\n<hr class=\"wp-block-separator has-alpha-channel-opacity\" \/>\n\n\n\n<p>A Pinacoteca da UFPB apresenta a exposi\u00e7\u00e3o (IN) VOLU\u00c7\u00c3O, com recorte do acervo que ainda n\u00e3o foi mostrado. Com curadoria de Ariane Soares, artista e aluna do curso de Artes Visuais, a exposi\u00e7\u00e3o re\u00fane obras de artistas como Pierre Chalita, Chico Dantas, Clarice Lins, Mirabeau Menezes, entre outros. As obras se organizam em tr\u00eas momentos: natureza, transi\u00e7\u00e3o e ruptura, e o percurso revela o distanciamento do ser humano dos ciclos naturais, \u00e0 medida que cresce o foco no individualismo.<\/p>\n\n\n\n<div style=\"height:62px\" aria-hidden=\"true\" class=\"wp-block-spacer\"><\/div>\n\n\n\n<h2 class=\"wp-block-heading\"><div class=\"linha-header\">V\u00eddeo:<\/div><\/h2>\n\n\n\n<hr class=\"wp-block-separator has-alpha-channel-opacity\" \/>\n\n\n\n<div style=\"height:23px\" aria-hidden=\"true\" class=\"wp-block-spacer\"><\/div>\n\n\n\n<figure class=\"wp-block-video\"><video height=\"360\" style=\"aspect-ratio: 636 \/ 360;\" width=\"636\" controls src=\"http:\/\/www.ufpb.br\/pinacoteca\/wp-content\/uploads\/sites\/79\/sites\/210\/2025\/11\/SaveClip.App_AQNWGiv5_7Q0ziAvv5rdLjBw_EAJ2g-kn_FQC0-zQxuCOlcmENEEP3_kFfGwKHu-w8-ufBLmVR2b0Xd4lS8j6Yofe_tIR_P1vxug4IA.mp4\"><\/video><\/figure>\n","protected":false},"excerpt":{"rendered":"<p>A Pinacoteca da UFPB apresenta a exposi\u00e7\u00e3o (IN) VOLU\u00c7\u00c3O, com recorte do acervo que ainda [&hellip;]<\/p>\n","protected":false},"author":332,"featured_media":0,"parent":0,"menu_order":0,"comment_status":"open","ping_status":"closed","template":"","meta":{"footnotes":""},"class_list":["post-3660","page","type-page","status-publish","hentry"],"_links":{"self":[{"href":"https:\/\/www.ufpb.br\/pinacoteca\/wp-json\/wp\/v2\/pages\/3660","targetHints":{"allow":["GET"]}}],"collection":[{"href":"https:\/\/www.ufpb.br\/pinacoteca\/wp-json\/wp\/v2\/pages"}],"about":[{"href":"https:\/\/www.ufpb.br\/pinacoteca\/wp-json\/wp\/v2\/types\/page"}],"author":[{"embeddable":true,"href":"https:\/\/www.ufpb.br\/pinacoteca\/wp-json\/wp\/v2\/users\/332"}],"replies":[{"embeddable":true,"href":"https:\/\/www.ufpb.br\/pinacoteca\/wp-json\/wp\/v2\/comments?post=3660"}],"version-history":[{"count":1,"href":"https:\/\/www.ufpb.br\/pinacoteca\/wp-json\/wp\/v2\/pages\/3660\/revisions"}],"predecessor-version":[{"id":3662,"href":"https:\/\/www.ufpb.br\/pinacoteca\/wp-json\/wp\/v2\/pages\/3660\/revisions\/3662"}],"wp:attachment":[{"href":"https:\/\/www.ufpb.br\/pinacoteca\/wp-json\/wp\/v2\/media?parent=3660"}],"curies":[{"name":"wp","href":"https:\/\/api.w.org\/{rel}","templated":true}]}}