{"id":3676,"date":"2025-11-26T09:25:31","date_gmt":"2025-11-26T12:25:31","guid":{"rendered":"https:\/\/www.ufpb.br\/pinacoteca\/?page_id=3676"},"modified":"2025-11-26T09:32:33","modified_gmt":"2025-11-26T12:32:33","slug":"exposicoes-faces-de-si","status":"publish","type":"page","link":"https:\/\/www.ufpb.br\/pinacoteca\/exposicoes-faces-de-si\/","title":{"rendered":"Exposi\u00e7\u00f5es &#8220;Faces de si&#8221;"},"content":{"rendered":"\n<p>&#8220;Faces de si\u201d \u00e9 uma exposi\u00e7\u00e3o com tem\u00e1tica retratista, na qual diversificadas faces humanas s\u00e3o representadas por variados artistas, como Guto Oca, Fl\u00e1vio Tavares, Chico Dantas, Pontes da Silva, Walter Wagner e outros, transmitindo a pluralidade de casa ser. Esse recorte do acervo mostra obras jamais expostas e algumas rec\u00e9m chegadas, criando uma grande mistura que demonstra a sua singularidade simb\u00f3lica e cultural.<\/p>\n\n\n\n<div style=\"height:36px\" aria-hidden=\"true\" class=\"wp-block-spacer\"><\/div>\n\n\n\n<h2 class=\"wp-block-heading\"><div class=\"linha-header\">V\u00eddeo:<\/div><\/h2>\n\n\n\n<hr class=\"wp-block-separator has-alpha-channel-opacity\" \/>\n\n\n\n<div style=\"height:18px\" aria-hidden=\"true\" class=\"wp-block-spacer\"><\/div>\n\n\n\n<figure class=\"wp-block-video\"><video height=\"854\" style=\"aspect-ratio: 480 \/ 854;\" width=\"480\" controls src=\"http:\/\/www.ufpb.br\/pinacoteca\/wp-content\/uploads\/sites\/79\/sites\/210\/2025\/11\/get.mp4\"><\/video><\/figure>\n","protected":false},"excerpt":{"rendered":"<p>&#8220;Faces de si\u201d \u00e9 uma exposi\u00e7\u00e3o com tem\u00e1tica retratista, na qual diversificadas faces humanas s\u00e3o [&hellip;]<\/p>\n","protected":false},"author":332,"featured_media":0,"parent":0,"menu_order":0,"comment_status":"open","ping_status":"closed","template":"","meta":{"footnotes":""},"class_list":["post-3676","page","type-page","status-publish","hentry"],"_links":{"self":[{"href":"https:\/\/www.ufpb.br\/pinacoteca\/wp-json\/wp\/v2\/pages\/3676","targetHints":{"allow":["GET"]}}],"collection":[{"href":"https:\/\/www.ufpb.br\/pinacoteca\/wp-json\/wp\/v2\/pages"}],"about":[{"href":"https:\/\/www.ufpb.br\/pinacoteca\/wp-json\/wp\/v2\/types\/page"}],"author":[{"embeddable":true,"href":"https:\/\/www.ufpb.br\/pinacoteca\/wp-json\/wp\/v2\/users\/332"}],"replies":[{"embeddable":true,"href":"https:\/\/www.ufpb.br\/pinacoteca\/wp-json\/wp\/v2\/comments?post=3676"}],"version-history":[{"count":2,"href":"https:\/\/www.ufpb.br\/pinacoteca\/wp-json\/wp\/v2\/pages\/3676\/revisions"}],"predecessor-version":[{"id":3682,"href":"https:\/\/www.ufpb.br\/pinacoteca\/wp-json\/wp\/v2\/pages\/3676\/revisions\/3682"}],"wp:attachment":[{"href":"https:\/\/www.ufpb.br\/pinacoteca\/wp-json\/wp\/v2\/media?parent=3676"}],"curies":[{"name":"wp","href":"https:\/\/api.w.org\/{rel}","templated":true}]}}