{"id":3684,"date":"2025-11-26T09:36:45","date_gmt":"2025-11-26T12:36:45","guid":{"rendered":"https:\/\/www.ufpb.br\/pinacoteca\/?page_id=3684"},"modified":"2025-11-26T09:36:46","modified_gmt":"2025-11-26T12:36:46","slug":"exposicao-o-vermelho-como-passagem-gesto-e-presenca","status":"publish","type":"page","link":"https:\/\/www.ufpb.br\/pinacoteca\/exposicao-o-vermelho-como-passagem-gesto-e-presenca\/","title":{"rendered":"Exposi\u00e7\u00e3o &#8220;O vermelho como passagem, gesto e presen\u00e7a&#8221;"},"content":{"rendered":"\n<p>\u201cO vermelho como passagem, gesto e presen\u00e7a\u201d.<\/p>\n\n\n\n<p>Com curadoria de Millena Ferraz, discente do curso de Licenciatura em Artes Visuais, a mostra nos prop\u00f5e a pensar na cor como processo do sentir, transcendendo a no\u00e7\u00e3o de percep\u00e7\u00e3o visual e mergulhando mais profundamente na frequ\u00eancia da onda refletida no mundo.<\/p>\n\n\n\n<div style=\"height:19px\" aria-hidden=\"true\" class=\"wp-block-spacer\"><\/div>\n\n\n\n<h2 class=\"wp-block-heading\"><div class=\"linha-header\">V\u00eddeo:<\/div><\/h2>\n\n\n\n<hr class=\"wp-block-separator has-alpha-channel-opacity\" \/>\n\n\n\n<div style=\"height:19px\" aria-hidden=\"true\" class=\"wp-block-spacer\"><\/div>\n\n\n\n<figure class=\"wp-block-video\"><video height=\"1280\" style=\"aspect-ratio: 720 \/ 1280;\" width=\"720\" controls src=\"http:\/\/www.ufpb.br\/pinacoteca\/wp-content\/uploads\/sites\/79\/sites\/210\/2025\/11\/Exposicao-aberta-para-visitacao-O-vermelho-como-passagem-gesto-e-presencaGaleria-da-Pinacote.mp4\"><\/video><\/figure>\n","protected":false},"excerpt":{"rendered":"<p>\u201cO vermelho como passagem, gesto e presen\u00e7a\u201d. Com curadoria de Millena Ferraz, discente do curso [&hellip;]<\/p>\n","protected":false},"author":332,"featured_media":0,"parent":0,"menu_order":0,"comment_status":"open","ping_status":"closed","template":"","meta":{"footnotes":""},"class_list":["post-3684","page","type-page","status-publish","hentry"],"_links":{"self":[{"href":"https:\/\/www.ufpb.br\/pinacoteca\/wp-json\/wp\/v2\/pages\/3684","targetHints":{"allow":["GET"]}}],"collection":[{"href":"https:\/\/www.ufpb.br\/pinacoteca\/wp-json\/wp\/v2\/pages"}],"about":[{"href":"https:\/\/www.ufpb.br\/pinacoteca\/wp-json\/wp\/v2\/types\/page"}],"author":[{"embeddable":true,"href":"https:\/\/www.ufpb.br\/pinacoteca\/wp-json\/wp\/v2\/users\/332"}],"replies":[{"embeddable":true,"href":"https:\/\/www.ufpb.br\/pinacoteca\/wp-json\/wp\/v2\/comments?post=3684"}],"version-history":[{"count":1,"href":"https:\/\/www.ufpb.br\/pinacoteca\/wp-json\/wp\/v2\/pages\/3684\/revisions"}],"predecessor-version":[{"id":3686,"href":"https:\/\/www.ufpb.br\/pinacoteca\/wp-json\/wp\/v2\/pages\/3684\/revisions\/3686"}],"wp:attachment":[{"href":"https:\/\/www.ufpb.br\/pinacoteca\/wp-json\/wp\/v2\/media?parent=3684"}],"curies":[{"name":"wp","href":"https:\/\/api.w.org\/{rel}","templated":true}]}}