{"id":374,"date":"2024-09-26T11:25:56","date_gmt":"2024-09-26T14:25:56","guid":{"rendered":"https:\/\/www.ufpb.br\/pinacoteca2\/?page_id=374"},"modified":"2026-04-01T11:13:12","modified_gmt":"2026-04-01T14:13:12","slug":"thereza-carmen","status":"publish","type":"page","link":"https:\/\/www.ufpb.br\/pinacoteca\/acervo\/colecao-pinacoteca-ufpb\/thereza-carmen\/","title":{"rendered":"Thereza Carmen"},"content":{"rendered":"\n<hr class=\"wp-block-separator has-alpha-channel-opacity\" \/>\n\n\n\n<p>Thereza Carmen \u00e9 artista visual, gravadora e professora atuante no cen\u00e1rio art\u00edstico nordestino, com destaque para sua contribui\u00e7\u00e3o ao ensino e \u00e0 pr\u00e1tica da gravura. Sua trajet\u00f3ria est\u00e1 vinculada a institui\u00e7\u00f5es e iniciativas importantes para a forma\u00e7\u00e3o art\u00edstica na regi\u00e3o Nordeste, participando de<br>processos de ensino, forma\u00e7\u00e3o de artistas e circula\u00e7\u00e3o de obras em ambientes acad\u00eamicos e culturais.<br>Ao longo de sua carreira, Thereza Carmen desenvolveu produ\u00e7\u00e3o art\u00edstica relacionada principalmente \u00e0s t\u00e9cnicas de gravura e monotipia, linguagens que tiveram grande relev\u00e2ncia na forma\u00e7\u00e3o de artistas e na difus\u00e3o da produ\u00e7\u00e3o gr\u00e1fica no Brasil. Obras suas integram cole\u00e7\u00f5es institucionais, como a da<br>Pinacoteca da Universidade Federal da Para\u00edba, evidenciando a presen\u00e7a de sua produ\u00e7\u00e3o no contexto das artes visuais regionais.<br>Al\u00e9m da atua\u00e7\u00e3o art\u00edstica, a artista tamb\u00e9m teve papel relevante na forma\u00e7\u00e3o de novos artistas, participando de cursos e atividades de ensino ligadas a ateli\u00eas e institui\u00e7\u00f5es culturais. Registros hist\u00f3ricos indicam sua participa\u00e7\u00e3o em processos de forma\u00e7\u00e3o art\u00edstica na Escolinha de Arte do<br>Recife, espa\u00e7o reconhecido pela difus\u00e3o de pr\u00e1ticas experimentais de arte e educa\u00e7\u00e3o art\u00edstica na regi\u00e3o.<br>Sua atua\u00e7\u00e3o tamb\u00e9m esteve ligada ao ensino de arte na Universidade Federal da Para\u00edba, institui\u00e7\u00e3o que contou com sua presen\u00e7a entre artistas e docentes respons\u00e1veis pela consolida\u00e7\u00e3o do ensino de artes visuais e pela forma\u00e7\u00e3o de profissionais da \u00e1rea.<br>A presen\u00e7a de suas obras em acervos institucionais e exposi\u00e7\u00f5es relacionadas \u00e0 produ\u00e7\u00e3o feminina nas artes visuais reafirma a relev\u00e2ncia de sua trajet\u00f3ria no desenvolvimento da arte e da educa\u00e7\u00e3o art\u00edstica no Nordeste brasileiro.<\/p>\n\n\n\n<p><\/p>\n\n\n\n<h4 class=\"wp-block-heading\">Obras<\/h4>\n\n\n\n<figure class=\"wp-block-image size-full\"><img loading=\"lazy\" decoding=\"async\" width=\"768\" height=\"596\" src=\"https:\/\/www.ufpb.br\/pinacoteca2\/wp-content\/uploads\/sites\/79\/sites\/210\/2024\/10\/thereza-carnen-igreja.jpeg\" alt=\"\" class=\"wp-image-1218\" srcset=\"https:\/\/www.ufpb.br\/pinacoteca\/wp-content\/uploads\/sites\/79\/sites\/210\/2024\/10\/thereza-carnen-igreja.jpeg 768w, https:\/\/www.ufpb.br\/pinacoteca\/wp-content\/uploads\/sites\/79\/sites\/210\/2024\/10\/thereza-carnen-igreja-300x233.jpeg 300w\" sizes=\"auto, (max-width: 768px) 100vw, 768px\" \/><figcaption class=\"wp-element-caption\">&#8220;<strong>Igreja<\/strong>&#8220;, 1965. T\u00e9cnica: xilogravura. Dimens\u00f5es: 42 cm x 54 cm. Doa\u00e7\u00e3o do artista. Fotografia: Maycon Albuquerque.<\/figcaption><\/figure>\n\n\n\n<figure class=\"wp-block-image size-full\"><img loading=\"lazy\" decoding=\"async\" width=\"768\" height=\"553\" src=\"https:\/\/www.ufpb.br\/pinacoteca2\/wp-content\/uploads\/sites\/79\/sites\/210\/2024\/10\/thereza-carmem-adeus-adeus-amazonia.jpeg\" alt=\"\" class=\"wp-image-1226\" srcset=\"https:\/\/www.ufpb.br\/pinacoteca\/wp-content\/uploads\/sites\/79\/sites\/210\/2024\/10\/thereza-carmem-adeus-adeus-amazonia.jpeg 768w, https:\/\/www.ufpb.br\/pinacoteca\/wp-content\/uploads\/sites\/79\/sites\/210\/2024\/10\/thereza-carmem-adeus-adeus-amazonia-300x216.jpeg 300w\" sizes=\"auto, (max-width: 768px) 100vw, 768px\" \/><figcaption class=\"wp-element-caption\">&#8220;<strong>Adeus, adeus Amaz\u00f4nia VII<\/strong>&#8220;, 1985. T\u00e9cnica: monotipia a cores. Dimens\u00f5es: 20 cm x 14 cm. Doa\u00e7\u00e3o Rosires Andrade.<\/figcaption><\/figure>\n","protected":false},"excerpt":{"rendered":"<p>Thereza Carmen \u00e9 artista visual, gravadora e professora atuante no cen\u00e1rio art\u00edstico nordestino, com destaque [&hellip;]<\/p>\n","protected":false},"author":143,"featured_media":0,"parent":71,"menu_order":0,"comment_status":"closed","ping_status":"closed","template":"","meta":{"footnotes":""},"class_list":["post-374","page","type-page","status-publish","hentry"],"_links":{"self":[{"href":"https:\/\/www.ufpb.br\/pinacoteca\/wp-json\/wp\/v2\/pages\/374","targetHints":{"allow":["GET"]}}],"collection":[{"href":"https:\/\/www.ufpb.br\/pinacoteca\/wp-json\/wp\/v2\/pages"}],"about":[{"href":"https:\/\/www.ufpb.br\/pinacoteca\/wp-json\/wp\/v2\/types\/page"}],"author":[{"embeddable":true,"href":"https:\/\/www.ufpb.br\/pinacoteca\/wp-json\/wp\/v2\/users\/143"}],"replies":[{"embeddable":true,"href":"https:\/\/www.ufpb.br\/pinacoteca\/wp-json\/wp\/v2\/comments?post=374"}],"version-history":[{"count":4,"href":"https:\/\/www.ufpb.br\/pinacoteca\/wp-json\/wp\/v2\/pages\/374\/revisions"}],"predecessor-version":[{"id":4173,"href":"https:\/\/www.ufpb.br\/pinacoteca\/wp-json\/wp\/v2\/pages\/374\/revisions\/4173"}],"up":[{"embeddable":true,"href":"https:\/\/www.ufpb.br\/pinacoteca\/wp-json\/wp\/v2\/pages\/71"}],"wp:attachment":[{"href":"https:\/\/www.ufpb.br\/pinacoteca\/wp-json\/wp\/v2\/media?parent=374"}],"curies":[{"name":"wp","href":"https:\/\/api.w.org\/{rel}","templated":true}]}}