{"id":3914,"date":"2026-03-11T10:16:36","date_gmt":"2026-03-11T13:16:36","guid":{"rendered":"https:\/\/www.ufpb.br\/pinacoteca\/?page_id=3914"},"modified":"2026-03-31T09:03:01","modified_gmt":"2026-03-31T12:03:01","slug":"mane-gostoso","status":"publish","type":"page","link":"https:\/\/www.ufpb.br\/pinacoteca\/mane-gostoso\/","title":{"rendered":"Man\u00e9 Gostoso"},"content":{"rendered":"\n<hr class=\"wp-block-separator has-alpha-channel-opacity\" \/>\n\n\n\n<div style=\"height:23px\" aria-hidden=\"true\" class=\"wp-block-spacer\"><\/div>\n\n\n\n<p>Man\u00e9 Gostoso Neto, natural de Floresta-PE, desenvolveu sua carreira art\u00edstica influenciado pela cultura popular e pela arte do cordel, tendo se mudado para Juazeiro-BA e, posteriormente, Jo\u00e3o Pessoa-PB. Ele \u00e9 o alter ego de Leonardo de Farias Leal e come\u00e7ou a se dedicar \u00e0 xilogravura em 2018, ap\u00f3s ser inspirado por mestres da arte popular. Com v\u00e1rias exposi\u00e7\u00f5es em locais como Petrolina, Recife e at\u00e9 na Europa, sua primeira exposi\u00e7\u00e3o individual em Jo\u00e3o Pessoa ocorreu entre novembro e dezembro de 2022.<\/p>\n\n\n\n<h2 class=\"wp-block-heading\"><div class=\"linha-header\">Obras<\/div><\/h2>\n\n\n\n<figure class=\"wp-block-image size-full is-resized\"><img loading=\"lazy\" decoding=\"async\" width=\"305\" height=\"437\" src=\"https:\/\/www.ufpb.br\/pinacoteca\/wp-content\/uploads\/sites\/79\/sites\/210\/2026\/03\/image-46.png\" alt=\"\" class=\"wp-image-3923\" style=\"width:317px;height:auto\" srcset=\"https:\/\/www.ufpb.br\/pinacoteca\/wp-content\/uploads\/sites\/79\/sites\/210\/2026\/03\/image-46.png 305w, https:\/\/www.ufpb.br\/pinacoteca\/wp-content\/uploads\/sites\/79\/sites\/210\/2026\/03\/image-46-209x300.png 209w\" sizes=\"auto, (max-width: 305px) 100vw, 305px\" \/><figcaption class=\"wp-element-caption\"><strong>Cavaleiro<\/strong>, 2018. Xilogravura. 29,8cm x 21cm. 3\/3. Doa\u00e7\u00e3o de Gabriel Bechara Filho.<\/figcaption><\/figure>\n\n\n\n<div style=\"height:22px\" aria-hidden=\"true\" class=\"wp-block-spacer\"><\/div>\n\n\n\n<figure class=\"wp-block-image size-full\"><img loading=\"lazy\" decoding=\"async\" width=\"314\" height=\"454\" src=\"https:\/\/www.ufpb.br\/pinacoteca\/wp-content\/uploads\/sites\/79\/sites\/210\/2026\/03\/image-47.png\" alt=\"\" class=\"wp-image-3924\" srcset=\"https:\/\/www.ufpb.br\/pinacoteca\/wp-content\/uploads\/sites\/79\/sites\/210\/2026\/03\/image-47.png 314w, https:\/\/www.ufpb.br\/pinacoteca\/wp-content\/uploads\/sites\/79\/sites\/210\/2026\/03\/image-47-207x300.png 207w\" sizes=\"auto, (max-width: 314px) 100vw, 314px\" \/><figcaption class=\"wp-element-caption\">Sem t\u00edtulo, 2018. Xilogravura. 29,8cm x 21cm. 1\/3. Doa\u00e7\u00e3o de Gabriel Bechara Filho. <\/figcaption><\/figure>\n\n\n\n<div style=\"height:28px\" aria-hidden=\"true\" class=\"wp-block-spacer\"><\/div>\n\n\n\n<figure class=\"wp-block-image size-full\"><img loading=\"lazy\" decoding=\"async\" width=\"456\" height=\"325\" src=\"https:\/\/www.ufpb.br\/pinacoteca\/wp-content\/uploads\/sites\/79\/sites\/210\/2026\/03\/image-48.png\" alt=\"\" class=\"wp-image-3925\" srcset=\"https:\/\/www.ufpb.br\/pinacoteca\/wp-content\/uploads\/sites\/79\/sites\/210\/2026\/03\/image-48.png 456w, https:\/\/www.ufpb.br\/pinacoteca\/wp-content\/uploads\/sites\/79\/sites\/210\/2026\/03\/image-48-300x214.png 300w\" sizes=\"auto, (max-width: 456px) 100vw, 456px\" \/><figcaption class=\"wp-element-caption\"><strong>Tr\u00eas<\/strong>, 2019. Xilogravura. 20cm x 29,8cm. 2\/4. Doa\u00e7\u00e3o de Gabriel Bechara Filho. <\/figcaption><\/figure>\n\n\n\n<div style=\"height:24px\" aria-hidden=\"true\" class=\"wp-block-spacer\"><\/div>\n\n\n\n<figure class=\"wp-block-image size-full is-resized\"><img loading=\"lazy\" decoding=\"async\" width=\"284\" height=\"398\" src=\"https:\/\/www.ufpb.br\/pinacoteca\/wp-content\/uploads\/sites\/79\/sites\/210\/2026\/03\/image-49.png\" alt=\"\" class=\"wp-image-3926\" style=\"width:350px;height:auto\" srcset=\"https:\/\/www.ufpb.br\/pinacoteca\/wp-content\/uploads\/sites\/79\/sites\/210\/2026\/03\/image-49.png 284w, https:\/\/www.ufpb.br\/pinacoteca\/wp-content\/uploads\/sites\/79\/sites\/210\/2026\/03\/image-49-214x300.png 214w\" sizes=\"auto, (max-width: 284px) 100vw, 284px\" \/><figcaption class=\"wp-element-caption\"><strong>Afogado em L\u00e1grimas<\/strong>, 2019. Xilogravura. 29,8cm x 21cm. 1\/3. Doa\u00e7\u00e3o de Gabriel Bechara Filho. <\/figcaption><\/figure>\n\n\n\n<div style=\"height:25px\" aria-hidden=\"true\" class=\"wp-block-spacer\"><\/div>\n\n\n\n<figure class=\"wp-block-image size-full is-resized\"><img loading=\"lazy\" decoding=\"async\" width=\"277\" height=\"398\" src=\"https:\/\/www.ufpb.br\/pinacoteca\/wp-content\/uploads\/sites\/79\/sites\/210\/2026\/03\/image-50.png\" alt=\"\" class=\"wp-image-3927\" style=\"width:333px;height:auto\" srcset=\"https:\/\/www.ufpb.br\/pinacoteca\/wp-content\/uploads\/sites\/79\/sites\/210\/2026\/03\/image-50.png 277w, https:\/\/www.ufpb.br\/pinacoteca\/wp-content\/uploads\/sites\/79\/sites\/210\/2026\/03\/image-50-209x300.png 209w\" sizes=\"auto, (max-width: 277px) 100vw, 277px\" \/><figcaption class=\"wp-element-caption\"><strong>Proje\u00e7\u00e3o<\/strong>, 2019. Xilogravura. 30cm x 21cm. 2\/2. Doa\u00e7\u00e3o de Gabriel Bechara Filho. <\/figcaption><\/figure>\n\n\n\n<div style=\"height:24px\" aria-hidden=\"true\" class=\"wp-block-spacer\"><\/div>\n\n\n\n<figure class=\"wp-block-image size-full\"><img loading=\"lazy\" decoding=\"async\" width=\"469\" height=\"322\" src=\"https:\/\/www.ufpb.br\/pinacoteca\/wp-content\/uploads\/sites\/79\/sites\/210\/2026\/03\/image-51.png\" alt=\"\" class=\"wp-image-3928\" srcset=\"https:\/\/www.ufpb.br\/pinacoteca\/wp-content\/uploads\/sites\/79\/sites\/210\/2026\/03\/image-51.png 469w, https:\/\/www.ufpb.br\/pinacoteca\/wp-content\/uploads\/sites\/79\/sites\/210\/2026\/03\/image-51-300x206.png 300w\" sizes=\"auto, (max-width: 469px) 100vw, 469px\" \/><figcaption class=\"wp-element-caption\"><strong>Reflexo<\/strong>, 2019. Xilogravura. 21cm x 29,7cm. 1\/2. Doa\u00e7\u00e3o de Gabriel Bechara Filho. <\/figcaption><\/figure>\n\n\n\n<div style=\"height:28px\" aria-hidden=\"true\" class=\"wp-block-spacer\"><\/div>\n\n\n\n<figure class=\"wp-block-image size-full\"><img loading=\"lazy\" decoding=\"async\" width=\"378\" height=\"405\" src=\"https:\/\/www.ufpb.br\/pinacoteca\/wp-content\/uploads\/sites\/79\/sites\/210\/2026\/03\/image-52.png\" alt=\"\" class=\"wp-image-3929\" srcset=\"https:\/\/www.ufpb.br\/pinacoteca\/wp-content\/uploads\/sites\/79\/sites\/210\/2026\/03\/image-52.png 378w, https:\/\/www.ufpb.br\/pinacoteca\/wp-content\/uploads\/sites\/79\/sites\/210\/2026\/03\/image-52-280x300.png 280w\" sizes=\"auto, (max-width: 378px) 100vw, 378px\" \/><figcaption class=\"wp-element-caption\"><strong>Mamando Pepeito<\/strong>, 2019. Xilogravura. 23,9cm x 22cm. 1\/6. Doa\u00e7\u00e3o de Gabriel Bechara Filho.<\/figcaption><\/figure>\n\n\n\n<div style=\"height:26px\" aria-hidden=\"true\" class=\"wp-block-spacer\"><\/div>\n\n\n\n<figure class=\"wp-block-image size-full is-resized\"><img loading=\"lazy\" decoding=\"async\" width=\"261\" height=\"395\" src=\"https:\/\/www.ufpb.br\/pinacoteca\/wp-content\/uploads\/sites\/79\/sites\/210\/2026\/03\/image-53.png\" alt=\"\" class=\"wp-image-3930\" style=\"width:331px;height:auto\" srcset=\"https:\/\/www.ufpb.br\/pinacoteca\/wp-content\/uploads\/sites\/79\/sites\/210\/2026\/03\/image-53.png 261w, https:\/\/www.ufpb.br\/pinacoteca\/wp-content\/uploads\/sites\/79\/sites\/210\/2026\/03\/image-53-198x300.png 198w\" sizes=\"auto, (max-width: 261px) 100vw, 261px\" \/><figcaption class=\"wp-element-caption\"><strong>Boi Bumb\u00e1<\/strong>, 2021. Xilogravura. 29,8cm x 19,8cm. P. A. Doa\u00e7\u00e3o de Gabriel Bechara Filho. <\/figcaption><\/figure>\n\n\n\n<p><\/p>\n","protected":false},"excerpt":{"rendered":"<p>Man\u00e9 Gostoso Neto, natural de Floresta-PE, desenvolveu sua carreira art\u00edstica influenciado pela cultura popular e [&hellip;]<\/p>\n","protected":false},"author":332,"featured_media":0,"parent":0,"menu_order":0,"comment_status":"closed","ping_status":"closed","template":"","meta":{"footnotes":""},"class_list":["post-3914","page","type-page","status-publish","hentry"],"_links":{"self":[{"href":"https:\/\/www.ufpb.br\/pinacoteca\/wp-json\/wp\/v2\/pages\/3914","targetHints":{"allow":["GET"]}}],"collection":[{"href":"https:\/\/www.ufpb.br\/pinacoteca\/wp-json\/wp\/v2\/pages"}],"about":[{"href":"https:\/\/www.ufpb.br\/pinacoteca\/wp-json\/wp\/v2\/types\/page"}],"author":[{"embeddable":true,"href":"https:\/\/www.ufpb.br\/pinacoteca\/wp-json\/wp\/v2\/users\/332"}],"replies":[{"embeddable":true,"href":"https:\/\/www.ufpb.br\/pinacoteca\/wp-json\/wp\/v2\/comments?post=3914"}],"version-history":[{"count":3,"href":"https:\/\/www.ufpb.br\/pinacoteca\/wp-json\/wp\/v2\/pages\/3914\/revisions"}],"predecessor-version":[{"id":4048,"href":"https:\/\/www.ufpb.br\/pinacoteca\/wp-json\/wp\/v2\/pages\/3914\/revisions\/4048"}],"wp:attachment":[{"href":"https:\/\/www.ufpb.br\/pinacoteca\/wp-json\/wp\/v2\/media?parent=3914"}],"curies":[{"name":"wp","href":"https:\/\/api.w.org\/{rel}","templated":true}]}}