{"id":4093,"date":"2026-03-31T10:21:18","date_gmt":"2026-03-31T13:21:18","guid":{"rendered":"https:\/\/www.ufpb.br\/pinacoteca\/?page_id=4093"},"modified":"2026-03-31T10:21:19","modified_gmt":"2026-03-31T13:21:19","slug":"portocarrero","status":"publish","type":"page","link":"https:\/\/www.ufpb.br\/pinacoteca\/portocarrero\/","title":{"rendered":"Portocarrero"},"content":{"rendered":"\n<hr class=\"wp-block-separator has-alpha-channel-opacity\" \/>\n\n\n\n<p>Ren\u00e9 Portocarrero (1912\u20131985) foi um artista cubano autodidata, conhecido por suas pinturas vibrantes e ornamentais que celebram a cultura popular e a arquitetura colonial de Cuba. Destacou-se como pintor, muralista e ceramista, com obras expostas internacionalmente e murais em espa\u00e7os p\u00fablicos de Havana. \u00c9 uma figura central na arte moderna cubana.<\/p>\n\n\n\n<div style=\"height:19px\" aria-hidden=\"true\" class=\"wp-block-spacer\"><\/div>\n\n\n\n<h2 class=\"wp-block-heading\"><div class=\"linha-header\">Obras:<\/div><\/h2>\n\n\n\n<div style=\"height:6px\" aria-hidden=\"true\" class=\"wp-block-spacer\"><\/div>\n\n\n\n<figure class=\"wp-block-image size-full is-resized\"><img loading=\"lazy\" decoding=\"async\" width=\"307\" height=\"405\" src=\"https:\/\/www.ufpb.br\/pinacoteca\/wp-content\/uploads\/sites\/79\/sites\/210\/2026\/03\/image-98.png\" alt=\"\" class=\"wp-image-4095\" style=\"aspect-ratio:0.7580153555306918;width:337px;height:auto\" srcset=\"https:\/\/www.ufpb.br\/pinacoteca\/wp-content\/uploads\/sites\/79\/sites\/210\/2026\/03\/image-98.png 307w, https:\/\/www.ufpb.br\/pinacoteca\/wp-content\/uploads\/sites\/79\/sites\/210\/2026\/03\/image-98-227x300.png 227w\" sizes=\"auto, (max-width: 307px) 100vw, 307px\" \/><figcaption class=\"wp-element-caption\">Sem t\u00edtulo, 1943. T\u00e9cnica: Serigrafia. Dimens\u00f5es: 29,4 X 21cm. Doa\u00e7\u00e3o feita por Gabriel Bechara Filho.<\/figcaption><\/figure>\n\n\n\n<div style=\"height:4px\" aria-hidden=\"true\" class=\"wp-block-spacer\"><\/div>\n\n\n\n<figure class=\"wp-block-image size-full is-resized\"><img loading=\"lazy\" decoding=\"async\" width=\"314\" height=\"430\" src=\"https:\/\/www.ufpb.br\/pinacoteca\/wp-content\/uploads\/sites\/79\/sites\/210\/2026\/03\/image-99.png\" alt=\"\" class=\"wp-image-4096\" style=\"aspect-ratio:0.7302227551873252;width:338px;height:auto\" srcset=\"https:\/\/www.ufpb.br\/pinacoteca\/wp-content\/uploads\/sites\/79\/sites\/210\/2026\/03\/image-99.png 314w, https:\/\/www.ufpb.br\/pinacoteca\/wp-content\/uploads\/sites\/79\/sites\/210\/2026\/03\/image-99-219x300.png 219w\" sizes=\"auto, (max-width: 314px) 100vw, 314px\" \/><figcaption class=\"wp-element-caption\">Sem t\u00edtulo, 1955. T\u00e9cnica: Serigrafia. Dimens\u00f5es: 29,7 X 21cm. Doa\u00e7\u00e3o feita por Gabriel Bechara Filho.<\/figcaption><\/figure>\n","protected":false},"excerpt":{"rendered":"<p>Ren\u00e9 Portocarrero (1912\u20131985) foi um artista cubano autodidata, conhecido por suas pinturas vibrantes e ornamentais [&hellip;]<\/p>\n","protected":false},"author":332,"featured_media":0,"parent":0,"menu_order":0,"comment_status":"closed","ping_status":"closed","template":"","meta":{"footnotes":""},"class_list":["post-4093","page","type-page","status-publish","hentry"],"_links":{"self":[{"href":"https:\/\/www.ufpb.br\/pinacoteca\/wp-json\/wp\/v2\/pages\/4093","targetHints":{"allow":["GET"]}}],"collection":[{"href":"https:\/\/www.ufpb.br\/pinacoteca\/wp-json\/wp\/v2\/pages"}],"about":[{"href":"https:\/\/www.ufpb.br\/pinacoteca\/wp-json\/wp\/v2\/types\/page"}],"author":[{"embeddable":true,"href":"https:\/\/www.ufpb.br\/pinacoteca\/wp-json\/wp\/v2\/users\/332"}],"replies":[{"embeddable":true,"href":"https:\/\/www.ufpb.br\/pinacoteca\/wp-json\/wp\/v2\/comments?post=4093"}],"version-history":[{"count":1,"href":"https:\/\/www.ufpb.br\/pinacoteca\/wp-json\/wp\/v2\/pages\/4093\/revisions"}],"predecessor-version":[{"id":4097,"href":"https:\/\/www.ufpb.br\/pinacoteca\/wp-json\/wp\/v2\/pages\/4093\/revisions\/4097"}],"wp:attachment":[{"href":"https:\/\/www.ufpb.br\/pinacoteca\/wp-json\/wp\/v2\/media?parent=4093"}],"curies":[{"name":"wp","href":"https:\/\/api.w.org\/{rel}","templated":true}]}}