{"id":4102,"date":"2026-03-31T10:31:14","date_gmt":"2026-03-31T13:31:14","guid":{"rendered":"https:\/\/www.ufpb.br\/pinacoteca\/?page_id=4102"},"modified":"2026-03-31T10:31:15","modified_gmt":"2026-03-31T13:31:15","slug":"jorge-rigol","status":"publish","type":"page","link":"https:\/\/www.ufpb.br\/pinacoteca\/jorge-rigol\/","title":{"rendered":"Jorge Rigol"},"content":{"rendered":"\n<hr class=\"wp-block-separator has-alpha-channel-opacity\" \/>\n\n\n\n<p>Jorge Rigol (1910\u20131991) foi um artista cubano autodidata, conhecido por seu trabalho como gravador, ilustrador e cr\u00edtico. Atuou em publica\u00e7\u00f5es revolucion\u00e1rias, integrou o Taller de Gr\u00e1fica Popular no M\u00e9xico e, de volta a Cuba, ilustrou livros, fundou a Associa\u00e7\u00e3o de Grabadores e dirigiu a Escola Nacional de Arte. Sua obra combina engajamento pol\u00edtico e refinamento t\u00e9cnico, com destaque para a s\u00e9rie \u201cVietnam desde la mirada de Rigol\u201d.<\/p>\n\n\n\n<div style=\"height:6px\" aria-hidden=\"true\" class=\"wp-block-spacer\"><\/div>\n\n\n\n<h2 class=\"wp-block-heading\"><div class=\"linha-header\">Obras: <\/div><\/h2>\n\n\n\n<div style=\"height:8px\" aria-hidden=\"true\" class=\"wp-block-spacer\"><\/div>\n\n\n\n<figure class=\"wp-block-image size-full is-resized\"><img loading=\"lazy\" decoding=\"async\" width=\"402\" height=\"324\" src=\"https:\/\/www.ufpb.br\/pinacoteca\/wp-content\/uploads\/sites\/79\/sites\/210\/2026\/03\/image-101.png\" alt=\"\" class=\"wp-image-4104\" style=\"aspect-ratio:1.2407523510971787;width:533px;height:auto\" srcset=\"https:\/\/www.ufpb.br\/pinacoteca\/wp-content\/uploads\/sites\/79\/sites\/210\/2026\/03\/image-101.png 402w, https:\/\/www.ufpb.br\/pinacoteca\/wp-content\/uploads\/sites\/79\/sites\/210\/2026\/03\/image-101-300x242.png 300w\" sizes=\"auto, (max-width: 402px) 100vw, 402px\" \/><figcaption class=\"wp-element-caption\">Sem t\u00edtulo, 2019. T\u00e9cnica: Serigrafia. Dimens\u00f5es: 21,5 X 26,2cm. 19\/75. Doa\u00e7\u00e3o feita por Gabriel Bechara Filho. <\/figcaption><\/figure>\n","protected":false},"excerpt":{"rendered":"<p>Jorge Rigol (1910\u20131991) foi um artista cubano autodidata, conhecido por seu trabalho como gravador, ilustrador [&hellip;]<\/p>\n","protected":false},"author":332,"featured_media":0,"parent":0,"menu_order":0,"comment_status":"closed","ping_status":"closed","template":"","meta":{"footnotes":""},"class_list":["post-4102","page","type-page","status-publish","hentry"],"_links":{"self":[{"href":"https:\/\/www.ufpb.br\/pinacoteca\/wp-json\/wp\/v2\/pages\/4102","targetHints":{"allow":["GET"]}}],"collection":[{"href":"https:\/\/www.ufpb.br\/pinacoteca\/wp-json\/wp\/v2\/pages"}],"about":[{"href":"https:\/\/www.ufpb.br\/pinacoteca\/wp-json\/wp\/v2\/types\/page"}],"author":[{"embeddable":true,"href":"https:\/\/www.ufpb.br\/pinacoteca\/wp-json\/wp\/v2\/users\/332"}],"replies":[{"embeddable":true,"href":"https:\/\/www.ufpb.br\/pinacoteca\/wp-json\/wp\/v2\/comments?post=4102"}],"version-history":[{"count":1,"href":"https:\/\/www.ufpb.br\/pinacoteca\/wp-json\/wp\/v2\/pages\/4102\/revisions"}],"predecessor-version":[{"id":4105,"href":"https:\/\/www.ufpb.br\/pinacoteca\/wp-json\/wp\/v2\/pages\/4102\/revisions\/4105"}],"wp:attachment":[{"href":"https:\/\/www.ufpb.br\/pinacoteca\/wp-json\/wp\/v2\/media?parent=4102"}],"curies":[{"name":"wp","href":"https:\/\/api.w.org\/{rel}","templated":true}]}}