{"id":4108,"date":"2026-03-31T10:34:26","date_gmt":"2026-03-31T13:34:26","guid":{"rendered":"https:\/\/www.ufpb.br\/pinacoteca\/?page_id=4108"},"modified":"2026-03-31T10:35:03","modified_gmt":"2026-03-31T13:35:03","slug":"matias-faundez","status":"publish","type":"page","link":"https:\/\/www.ufpb.br\/pinacoteca\/matias-faundez\/","title":{"rendered":"Matias Faundez"},"content":{"rendered":"\n<hr class=\"wp-block-separator has-alpha-channel-opacity\" \/>\n\n\n\n<p><\/p>\n\n\n\n<p>Matias Isaac Faundez \u00e9 um artista visual chileno, natural de Santiago, conhecido por seu trabalho em xilogravura. Uma de suas obras foi incorporada ao acervo da Pinacoteca da UFPB em 2024. Al\u00e9m da produ\u00e7\u00e3o gr\u00e1fica, Matias tamb\u00e9m atua em plataformas digitais como YouTube e Behance, onde compartilha projetos visuais, v\u00eddeos criativos e registros de viagens. Seu trabalho transita entre o artesanal e o contempor\u00e2neo, refletindo a diversidade da arte latino-americana atual.<\/p>\n\n\n\n<div style=\"height:12px\" aria-hidden=\"true\" class=\"wp-block-spacer\"><\/div>\n\n\n\n<h2 class=\"wp-block-heading\"><div class=\"linha-header\">Obras:<\/div><\/h2>\n\n\n\n<div style=\"height:9px\" aria-hidden=\"true\" class=\"wp-block-spacer\"><\/div>\n\n\n\n<figure class=\"wp-block-image size-full is-resized\"><img loading=\"lazy\" decoding=\"async\" width=\"294\" height=\"488\" src=\"https:\/\/www.ufpb.br\/pinacoteca\/wp-content\/uploads\/sites\/79\/sites\/210\/2026\/03\/image-102.png\" alt=\"\" class=\"wp-image-4109\" style=\"aspect-ratio:0.6024462873427043;width:324px;height:auto\" srcset=\"https:\/\/www.ufpb.br\/pinacoteca\/wp-content\/uploads\/sites\/79\/sites\/210\/2026\/03\/image-102.png 294w, https:\/\/www.ufpb.br\/pinacoteca\/wp-content\/uploads\/sites\/79\/sites\/210\/2026\/03\/image-102-181x300.png 181w\" sizes=\"auto, (max-width: 294px) 100vw, 294px\" \/><figcaption class=\"wp-element-caption\"><strong>Caboclo de Lan\u00e7a<\/strong>, s\/d. T\u00e9cnica: Linoleogravura. Dimens\u00f5es: 60 X 36cm. Doa\u00e7\u00e3o feita por Gabriel Bechara Filho.<\/figcaption><\/figure>\n","protected":false},"excerpt":{"rendered":"<p>Matias Isaac Faundez \u00e9 um artista visual chileno, natural de Santiago, conhecido por seu trabalho [&hellip;]<\/p>\n","protected":false},"author":332,"featured_media":0,"parent":0,"menu_order":0,"comment_status":"closed","ping_status":"closed","template":"","meta":{"footnotes":""},"class_list":["post-4108","page","type-page","status-publish","hentry"],"_links":{"self":[{"href":"https:\/\/www.ufpb.br\/pinacoteca\/wp-json\/wp\/v2\/pages\/4108","targetHints":{"allow":["GET"]}}],"collection":[{"href":"https:\/\/www.ufpb.br\/pinacoteca\/wp-json\/wp\/v2\/pages"}],"about":[{"href":"https:\/\/www.ufpb.br\/pinacoteca\/wp-json\/wp\/v2\/types\/page"}],"author":[{"embeddable":true,"href":"https:\/\/www.ufpb.br\/pinacoteca\/wp-json\/wp\/v2\/users\/332"}],"replies":[{"embeddable":true,"href":"https:\/\/www.ufpb.br\/pinacoteca\/wp-json\/wp\/v2\/comments?post=4108"}],"version-history":[{"count":2,"href":"https:\/\/www.ufpb.br\/pinacoteca\/wp-json\/wp\/v2\/pages\/4108\/revisions"}],"predecessor-version":[{"id":4112,"href":"https:\/\/www.ufpb.br\/pinacoteca\/wp-json\/wp\/v2\/pages\/4108\/revisions\/4112"}],"wp:attachment":[{"href":"https:\/\/www.ufpb.br\/pinacoteca\/wp-json\/wp\/v2\/media?parent=4108"}],"curies":[{"name":"wp","href":"https:\/\/api.w.org\/{rel}","templated":true}]}}