{"id":4286,"date":"2026-04-08T09:54:00","date_gmt":"2026-04-08T12:54:00","guid":{"rendered":"https:\/\/www.ufpb.br\/pinacoteca\/?page_id=4286"},"modified":"2026-04-08T09:54:00","modified_gmt":"2026-04-08T12:54:00","slug":"gustavo-maia","status":"publish","type":"page","link":"https:\/\/www.ufpb.br\/pinacoteca\/gustavo-maia\/","title":{"rendered":"Gustavo Maia"},"content":{"rendered":"\n<hr class=\"wp-block-separator has-alpha-channel-opacity\" \/>\n\n\n\n<p><\/p>\n\n\n\n<p><\/p>\n\n\n\n<h2 class=\"wp-block-heading\"><div class=\"linha-header\">Obras<\/div><\/h2>\n\n\n\n<figure class=\"wp-block-image size-full\"><img loading=\"lazy\" decoding=\"async\" width=\"1024\" height=\"755\" src=\"https:\/\/www.ufpb.br\/pinacoteca\/wp-content\/uploads\/sites\/79\/sites\/210\/2026\/04\/image-23.png\" alt=\"\" class=\"wp-image-4287\" srcset=\"https:\/\/www.ufpb.br\/pinacoteca\/wp-content\/uploads\/sites\/79\/sites\/210\/2026\/04\/image-23.png 1024w, https:\/\/www.ufpb.br\/pinacoteca\/wp-content\/uploads\/sites\/79\/sites\/210\/2026\/04\/image-23-300x221.png 300w, https:\/\/www.ufpb.br\/pinacoteca\/wp-content\/uploads\/sites\/79\/sites\/210\/2026\/04\/image-23-768x566.png 768w\" sizes=\"auto, (max-width: 1024px) 100vw, 1024px\" \/><figcaption class=\"wp-element-caption\">Sem t\u00edtulo, 2007. T\u00e9cnica: Impress\u00e3o fotogr\u00e1fica; Pigmento mineral s\/ papel 100% algod\u00e3o. Dimens\u00f5es: 51 X 76,4cm. Doa\u00e7\u00e3o feita em conjunto do artista e do Centro de Comunica\u00e7\u00e3o, Turismo e Artes (CCTA). <\/figcaption><\/figure>\n","protected":false},"excerpt":{"rendered":"<p>Obras<\/p>\n","protected":false},"author":332,"featured_media":0,"parent":0,"menu_order":0,"comment_status":"closed","ping_status":"closed","template":"","meta":{"footnotes":""},"class_list":["post-4286","page","type-page","status-publish","hentry"],"_links":{"self":[{"href":"https:\/\/www.ufpb.br\/pinacoteca\/wp-json\/wp\/v2\/pages\/4286","targetHints":{"allow":["GET"]}}],"collection":[{"href":"https:\/\/www.ufpb.br\/pinacoteca\/wp-json\/wp\/v2\/pages"}],"about":[{"href":"https:\/\/www.ufpb.br\/pinacoteca\/wp-json\/wp\/v2\/types\/page"}],"author":[{"embeddable":true,"href":"https:\/\/www.ufpb.br\/pinacoteca\/wp-json\/wp\/v2\/users\/332"}],"replies":[{"embeddable":true,"href":"https:\/\/www.ufpb.br\/pinacoteca\/wp-json\/wp\/v2\/comments?post=4286"}],"version-history":[{"count":1,"href":"https:\/\/www.ufpb.br\/pinacoteca\/wp-json\/wp\/v2\/pages\/4286\/revisions"}],"predecessor-version":[{"id":4289,"href":"https:\/\/www.ufpb.br\/pinacoteca\/wp-json\/wp\/v2\/pages\/4286\/revisions\/4289"}],"wp:attachment":[{"href":"https:\/\/www.ufpb.br\/pinacoteca\/wp-json\/wp\/v2\/media?parent=4286"}],"curies":[{"name":"wp","href":"https:\/\/api.w.org\/{rel}","templated":true}]}}