{"id":433,"date":"2024-09-27T09:55:19","date_gmt":"2024-09-27T12:55:19","guid":{"rendered":"https:\/\/www.ufpb.br\/pinacoteca2\/?page_id=433"},"modified":"2024-10-04T09:46:14","modified_gmt":"2024-10-04T12:46:14","slug":"daniel-senise","status":"publish","type":"page","link":"https:\/\/www.ufpb.br\/pinacoteca\/acervo\/colecao-bozano-simonsen\/daniel-senise\/","title":{"rendered":"Daniel Senise"},"content":{"rendered":"\n<p class=\"has-text-align-left\"><strong>1955<\/strong>&nbsp;&nbsp;&nbsp;&nbsp;&nbsp;&nbsp;&nbsp;&nbsp;<\/p>\n\n\n\n<p class=\"has-text-align-left\">&nbsp;        <span class=\"span_bio_text\">Daniel Senise Portela<\/span>, nascido no Rio de Janeiro (1955), \u00e9 pintor e gravador. Inicia seus estudos em artes em 1980, na&nbsp;<span class=\"span_bio_text\">Escola de Artes Visuais do Parque Lage (EAV\/Parque Lage), mesma institui\u00e7\u00e3o na qual ir\u00e1 lecionar&nbsp;no N\u00facleo de Pintura, entre 1986 e 1991.&nbsp;Realiza sua primeira exposi\u00e7\u00e3o individual na Galeria do Centro Empresarial Rio, em 1984 e no mesmo ano integra o Ateli\u00ea da Lapa, com Angelo Venosa (1954), Luiz Pizarro (1958) e Jo\u00e3o Magalh\u00e3es (1945).<\/span><\/p>\n\n\n\n<p><span class=\"span_bio_text\">&nbsp;&nbsp;&nbsp;&nbsp;&nbsp;&nbsp;&nbsp;&nbsp;&nbsp; Ganha destaque ao participar da 18\u00aa Bienal Internacional de S\u00e3o Paulo. No ano seguinte, recebe medalha de ouro na 1\u00aa Bienal Latino-Americana de Arte sobre Papel. Em 1997, atua como coordenador das galerias do Centro Cultural Light, no Rio de Janeiro. Al\u00e9m de publicar alguns t\u00edtulos, como <em>Daniel Senise: Ela que n\u00e3o Est\u00e1&nbsp;<\/em>(1998) e&nbsp;<em>The Piano Factory<\/em>&nbsp;(2002).<\/span><\/p>\n\n\n\n<p>[Fonte: Dicion\u00e1rio das Artes Visuais na Para\u00edba, 2004, Dy\u00f3genes Chaves Gomes]<\/p>\n\n\n\n<div id=\"plone-content\">\n<div id=\"portal-columns\" class=\"row\">\n<div id=\"portal-column-content\" class=\"cell width-3:4 position-1:4\">\n<div class=\"\">\n<div id=\"content\">\n<div id=\"content-core\">\n<div id=\"parent-fieldname-text\">\n<p><span class=\"span_bio_text discreet\">[Fonte: Dicion\u00e1rio das Artes Visuais na Para\u00edba, 2004, Dy\u00f3genes Chaves Gomes]<\/span><\/p>\n<\/div>\n<\/div>\n<\/div>\n<\/div>\n<\/div>\n<\/div>\n<\/div>\n\n\n\n<figure class=\"wp-block-image size-large is-resized\"><img loading=\"lazy\" decoding=\"async\" width=\"711\" height=\"1024\" src=\"https:\/\/www.ufpb.br\/pinacoteca2\/wp-content\/uploads\/sites\/79\/sites\/210\/2024\/10\/daniel-senise-fogo-fatuo-711x1024.jpeg\" alt=\"\" class=\"wp-image-746\" style=\"width:740px;height:auto\" srcset=\"https:\/\/www.ufpb.br\/pinacoteca\/wp-content\/uploads\/sites\/79\/sites\/210\/2024\/10\/daniel-senise-fogo-fatuo-711x1024.jpeg 711w, https:\/\/www.ufpb.br\/pinacoteca\/wp-content\/uploads\/sites\/79\/sites\/210\/2024\/10\/daniel-senise-fogo-fatuo-208x300.jpeg 208w, https:\/\/www.ufpb.br\/pinacoteca\/wp-content\/uploads\/sites\/79\/sites\/210\/2024\/10\/daniel-senise-fogo-fatuo-768x1106.jpeg 768w, https:\/\/www.ufpb.br\/pinacoteca\/wp-content\/uploads\/sites\/79\/sites\/210\/2024\/10\/daniel-senise-fogo-fatuo-1066x1536.jpeg 1066w, https:\/\/www.ufpb.br\/pinacoteca\/wp-content\/uploads\/sites\/79\/sites\/210\/2024\/10\/daniel-senise-fogo-fatuo-1422x2048.jpeg 1422w, https:\/\/www.ufpb.br\/pinacoteca\/wp-content\/uploads\/sites\/79\/sites\/210\/2024\/10\/daniel-senise-fogo-fatuo-scaled.jpeg 1777w\" sizes=\"auto, (max-width: 711px) 100vw, 711px\" \/><figcaption class=\"wp-element-caption\">&#8220;F<strong>ogo-f\u00e1tuo<\/strong>&#8220;, 1992. T\u00e9cnica: serigrafia a cores. Dimens\u00f5es: 100 cm x 70 cm. Doa\u00e7\u00e3o Cia Bozano. Foto: Maycon Albuquerque.<\/figcaption><\/figure>\n","protected":false},"excerpt":{"rendered":"<p>1955&nbsp;&nbsp;&nbsp;&nbsp;&nbsp;&nbsp;&nbsp;&nbsp; &nbsp; Daniel Senise Portela, nascido no Rio de Janeiro (1955), \u00e9 pintor e gravador. [&hellip;]<\/p>\n","protected":false},"author":143,"featured_media":0,"parent":133,"menu_order":0,"comment_status":"closed","ping_status":"closed","template":"","meta":{"footnotes":""},"class_list":["post-433","page","type-page","status-publish","hentry"],"_links":{"self":[{"href":"https:\/\/www.ufpb.br\/pinacoteca\/wp-json\/wp\/v2\/pages\/433","targetHints":{"allow":["GET"]}}],"collection":[{"href":"https:\/\/www.ufpb.br\/pinacoteca\/wp-json\/wp\/v2\/pages"}],"about":[{"href":"https:\/\/www.ufpb.br\/pinacoteca\/wp-json\/wp\/v2\/types\/page"}],"author":[{"embeddable":true,"href":"https:\/\/www.ufpb.br\/pinacoteca\/wp-json\/wp\/v2\/users\/143"}],"replies":[{"embeddable":true,"href":"https:\/\/www.ufpb.br\/pinacoteca\/wp-json\/wp\/v2\/comments?post=433"}],"version-history":[{"count":6,"href":"https:\/\/www.ufpb.br\/pinacoteca\/wp-json\/wp\/v2\/pages\/433\/revisions"}],"predecessor-version":[{"id":748,"href":"https:\/\/www.ufpb.br\/pinacoteca\/wp-json\/wp\/v2\/pages\/433\/revisions\/748"}],"up":[{"embeddable":true,"href":"https:\/\/www.ufpb.br\/pinacoteca\/wp-json\/wp\/v2\/pages\/133"}],"wp:attachment":[{"href":"https:\/\/www.ufpb.br\/pinacoteca\/wp-json\/wp\/v2\/media?parent=433"}],"curies":[{"name":"wp","href":"https:\/\/api.w.org\/{rel}","templated":true}]}}