{"id":455,"date":"2024-09-27T10:01:06","date_gmt":"2024-09-27T13:01:06","guid":{"rendered":"https:\/\/www.ufpb.br\/pinacoteca2\/?page_id=455"},"modified":"2024-10-04T10:30:37","modified_gmt":"2024-10-04T13:30:37","slug":"flavio-shiro","status":"publish","type":"page","link":"https:\/\/www.ufpb.br\/pinacoteca\/acervo\/colecao-bozano-simonsen\/flavio-shiro\/","title":{"rendered":"Fl\u00e1vio Shir\u00f3"},"content":{"rendered":"<div class=\"documentDescription description\">1928<\/div>\n<div id=\"viewlet-above-content-body\"><\/div>\n<div id=\"content-core\">\n<div id=\"parent-fieldname-text\">\n<p><span class=\"span_bio_text\">\u00a0 \u00a0 \u00a0 \u00a0 <\/span>Fl\u00e1vio Shir\u00f3 Tanaka nasceu em 1928, em Sapporo, na ilha setentrional de Hokkaido, no Jap\u00e3o. O pintor, desenhista, gravador e cen\u00f3grafo \u00e9 caracterizado pelo realismo l\u00edrico n\u00e3o figurativo, onde \u00e9 poss\u00edvel notar a presen\u00e7a da natureza brasileira, atrav\u00e9s da vegeta\u00e7\u00e3o, fauna e o objeto humano.\u00a0 Muda-se para o Brasil em 1932 <span class=\"span_bio_text\">e instala-se com a fam\u00edlia numa col\u00f4nia japonesa em Tom\u00e9-A\u00e7u, no Par\u00e1. Mudando para S\u00e3o Paulo em 1940.<\/span><\/p>\n<p><span class=\"span_bio_text\">\u00a0\u00a0\u00a0\u00a0\u00a0\u00a0\u00a0\u00a0\u00a0 Estudou na escola nacional Profissional Get\u00falio Vargas,\u00a0onde conhece Oct\u00e1vio Ara\u00fajo, Marcelo Grassmann e Luiz Sacilotto. Adquire uma\u00a0bolsa de estudos e viaja a Paris, onde permanece de 1953 a 1983.\u00a0A partir dos anos 1970, suas telas apresentam sugest\u00f5es de figuras, por vezes seres fant\u00e1sticos ou monstruosos. Em 1990, \u00e9 publicado o livro\u00a0<em>Fl\u00e1vio-Shir\u00f3<\/em>, pela editora Salamandra. Foi integrante dos grupos: Seibi (1947) e\u00a0Grupo Austral (Movimento Phases) de S\u00e3o Paulo\u00a0(1960).<\/span><\/p>\n<p><span class=\"span_bio_text\">[Fonte: http:\/\/enciclopedia.itaucultural.org.br\/pessoa8624\/flavio-shiro]<\/span><\/p>\n<\/div>\n<\/div>\n\n\n<figure class=\"wp-block-image size-large\"><img loading=\"lazy\" decoding=\"async\" width=\"717\" height=\"1024\" src=\"https:\/\/www.ufpb.br\/pinacoteca2\/wp-content\/uploads\/sites\/79\/sites\/210\/2024\/10\/flavio-shiro-o-canto-da-terra-717x1024.jpeg\" alt=\"\" class=\"wp-image-756\" srcset=\"https:\/\/www.ufpb.br\/pinacoteca\/wp-content\/uploads\/sites\/79\/sites\/210\/2024\/10\/flavio-shiro-o-canto-da-terra-717x1024.jpeg 717w, https:\/\/www.ufpb.br\/pinacoteca\/wp-content\/uploads\/sites\/79\/sites\/210\/2024\/10\/flavio-shiro-o-canto-da-terra-210x300.jpeg 210w, https:\/\/www.ufpb.br\/pinacoteca\/wp-content\/uploads\/sites\/79\/sites\/210\/2024\/10\/flavio-shiro-o-canto-da-terra-768x1097.jpeg 768w, https:\/\/www.ufpb.br\/pinacoteca\/wp-content\/uploads\/sites\/79\/sites\/210\/2024\/10\/flavio-shiro-o-canto-da-terra-1076x1536.jpeg 1076w, https:\/\/www.ufpb.br\/pinacoteca\/wp-content\/uploads\/sites\/79\/sites\/210\/2024\/10\/flavio-shiro-o-canto-da-terra-1434x2048.jpeg 1434w, https:\/\/www.ufpb.br\/pinacoteca\/wp-content\/uploads\/sites\/79\/sites\/210\/2024\/10\/flavio-shiro-o-canto-da-terra-scaled.jpeg 1793w\" sizes=\"auto, (max-width: 717px) 100vw, 717px\" \/><figcaption class=\"wp-element-caption\">&#8220;<strong>O canto da terra<\/strong>&#8220;, 1992. T\u00e9cnica: serigrafia a cores. Dimens\u00f5es: 100 cm x 70 cm. Doa\u00e7\u00e3o Cia Bozano. Foto: Maycon Albuquerque.<\/figcaption><\/figure>\n","protected":false},"excerpt":{"rendered":"<p>1928 \u00a0 \u00a0 \u00a0 \u00a0 Fl\u00e1vio Shir\u00f3 Tanaka nasceu em 1928, em Sapporo, na ilha [&hellip;]<\/p>\n","protected":false},"author":143,"featured_media":0,"parent":133,"menu_order":0,"comment_status":"closed","ping_status":"closed","template":"","meta":{"footnotes":""},"class_list":["post-455","page","type-page","status-publish","hentry"],"_links":{"self":[{"href":"https:\/\/www.ufpb.br\/pinacoteca\/wp-json\/wp\/v2\/pages\/455","targetHints":{"allow":["GET"]}}],"collection":[{"href":"https:\/\/www.ufpb.br\/pinacoteca\/wp-json\/wp\/v2\/pages"}],"about":[{"href":"https:\/\/www.ufpb.br\/pinacoteca\/wp-json\/wp\/v2\/types\/page"}],"author":[{"embeddable":true,"href":"https:\/\/www.ufpb.br\/pinacoteca\/wp-json\/wp\/v2\/users\/143"}],"replies":[{"embeddable":true,"href":"https:\/\/www.ufpb.br\/pinacoteca\/wp-json\/wp\/v2\/comments?post=455"}],"version-history":[{"count":4,"href":"https:\/\/www.ufpb.br\/pinacoteca\/wp-json\/wp\/v2\/pages\/455\/revisions"}],"predecessor-version":[{"id":757,"href":"https:\/\/www.ufpb.br\/pinacoteca\/wp-json\/wp\/v2\/pages\/455\/revisions\/757"}],"up":[{"embeddable":true,"href":"https:\/\/www.ufpb.br\/pinacoteca\/wp-json\/wp\/v2\/pages\/133"}],"wp:attachment":[{"href":"https:\/\/www.ufpb.br\/pinacoteca\/wp-json\/wp\/v2\/media?parent=455"}],"curies":[{"name":"wp","href":"https:\/\/api.w.org\/{rel}","templated":true}]}}