{"id":464,"date":"2024-09-27T10:04:13","date_gmt":"2024-09-27T13:04:13","guid":{"rendered":"https:\/\/www.ufpb.br\/pinacoteca2\/?page_id=464"},"modified":"2024-10-04T10:36:51","modified_gmt":"2024-10-04T13:36:51","slug":"geoff-rees","status":"publish","type":"page","link":"https:\/\/www.ufpb.br\/pinacoteca\/acervo\/colecao-bozano-simonsen\/geoff-rees\/","title":{"rendered":"Geoff Rees"},"content":{"rendered":"\n<div class=\"documentDescription description\">1930-2018.<\/div>\n\n\n\n<div id=\"viewlet-above-content-body\">&nbsp;<\/div>\n\n\n\n<div id=\"content-core\">\n<div id=\"parent-fieldname-text\">\n<p>Geoff Rees, nasceu em Nelson-Canad\u00e1, 1930. Foi pintor, possuindo gradua\u00e7\u00e3o na Escola de Arte de Vancouver (Hoje&nbsp;Emily Carr Universiry of Art + Design) em 1950. Se tornou uma figura ic\u00f4nica na comunidade de pintura de Vancouver, tendo recebido diversos pr\u00eamios de arte no Canad\u00e1 e Internacionalmente. Se tornou professor da antiga&nbsp; Escola de Arte de Vancouver durante 35 anos, onde havia tamb\u00e9m sido estudante.<\/p>\n<p>Durante seu tempo como professor seu trabalho teve grande impacto nos seus alunos e colegas.Mesmo ap\u00f3s sua aposentadoria, Geoff continuou a produzir seus obras em seu est\u00fadio. Sua ultima exposi\u00e7\u00e3o foi sua maior exibi\u00e7\u00e3o individual em mais de 20 anos e teve como maior foco o seu estudo em trabalhos voltados ao movimento expressionistas.<\/p>\n<p>&nbsp;<\/p>\n<\/div>\n<\/div>\n\n\n\n<figure class=\"wp-block-image size-large\"><img loading=\"lazy\" decoding=\"async\" width=\"1024\" height=\"737\" src=\"https:\/\/www.ufpb.br\/pinacoteca2\/wp-content\/uploads\/sites\/79\/sites\/210\/2024\/10\/geoff-rees-beneath-reef-1024x737.jpeg\" alt=\"\" class=\"wp-image-758\" srcset=\"https:\/\/www.ufpb.br\/pinacoteca\/wp-content\/uploads\/sites\/79\/sites\/210\/2024\/10\/geoff-rees-beneath-reef-1024x737.jpeg 1024w, https:\/\/www.ufpb.br\/pinacoteca\/wp-content\/uploads\/sites\/79\/sites\/210\/2024\/10\/geoff-rees-beneath-reef-300x216.jpeg 300w, https:\/\/www.ufpb.br\/pinacoteca\/wp-content\/uploads\/sites\/79\/sites\/210\/2024\/10\/geoff-rees-beneath-reef-768x553.jpeg 768w, https:\/\/www.ufpb.br\/pinacoteca\/wp-content\/uploads\/sites\/79\/sites\/210\/2024\/10\/geoff-rees-beneath-reef-1536x1105.jpeg 1536w, https:\/\/www.ufpb.br\/pinacoteca\/wp-content\/uploads\/sites\/79\/sites\/210\/2024\/10\/geoff-rees-beneath-reef-2048x1474.jpeg 2048w\" sizes=\"auto, (max-width: 1024px) 100vw, 1024px\" \/><figcaption class=\"wp-element-caption\">&#8220;<strong>Beneath Reef<\/strong>&#8220;, 1992. T\u00e9cnica: serigrafia a cores. Dimens\u00f5es: 70 cm x 100 cm. Doa\u00e7\u00e3o Cia Bozano. Foto: Maycon Albuquerque.<br><br><\/figcaption><\/figure>\n","protected":false},"excerpt":{"rendered":"<p>1930-2018. &nbsp; Geoff Rees, nasceu em Nelson-Canad\u00e1, 1930. Foi pintor, possuindo gradua\u00e7\u00e3o na Escola de [&hellip;]<\/p>\n","protected":false},"author":143,"featured_media":0,"parent":133,"menu_order":0,"comment_status":"closed","ping_status":"closed","template":"","meta":{"footnotes":""},"class_list":["post-464","page","type-page","status-publish","hentry"],"_links":{"self":[{"href":"https:\/\/www.ufpb.br\/pinacoteca\/wp-json\/wp\/v2\/pages\/464","targetHints":{"allow":["GET"]}}],"collection":[{"href":"https:\/\/www.ufpb.br\/pinacoteca\/wp-json\/wp\/v2\/pages"}],"about":[{"href":"https:\/\/www.ufpb.br\/pinacoteca\/wp-json\/wp\/v2\/types\/page"}],"author":[{"embeddable":true,"href":"https:\/\/www.ufpb.br\/pinacoteca\/wp-json\/wp\/v2\/users\/143"}],"replies":[{"embeddable":true,"href":"https:\/\/www.ufpb.br\/pinacoteca\/wp-json\/wp\/v2\/comments?post=464"}],"version-history":[{"count":3,"href":"https:\/\/www.ufpb.br\/pinacoteca\/wp-json\/wp\/v2\/pages\/464\/revisions"}],"predecessor-version":[{"id":759,"href":"https:\/\/www.ufpb.br\/pinacoteca\/wp-json\/wp\/v2\/pages\/464\/revisions\/759"}],"up":[{"embeddable":true,"href":"https:\/\/www.ufpb.br\/pinacoteca\/wp-json\/wp\/v2\/pages\/133"}],"wp:attachment":[{"href":"https:\/\/www.ufpb.br\/pinacoteca\/wp-json\/wp\/v2\/media?parent=464"}],"curies":[{"name":"wp","href":"https:\/\/api.w.org\/{rel}","templated":true}]}}