{"id":488,"date":"2024-09-27T10:10:44","date_gmt":"2024-09-27T13:10:44","guid":{"rendered":"https:\/\/www.ufpb.br\/pinacoteca2\/?page_id=488"},"modified":"2024-10-04T10:46:41","modified_gmt":"2024-10-04T13:46:41","slug":"jorge-tacla","status":"publish","type":"page","link":"https:\/\/www.ufpb.br\/pinacoteca\/acervo\/colecao-bozano-simonsen\/jorge-tacla\/","title":{"rendered":"Jorge Tacla"},"content":{"rendered":"<p>Jorge Tacla \u00e9 pintor, nasceu em 1958 em Santiago, Chile. Durante o per\u00edodo de 1976 \u00e0 1979 estuda na Escola de Belas Artes da Universidade do Chile. Em 1981 muda-se para Nova York, \u00e9 nesse momento que sua produ\u00e7\u00e3o art\u00edstica come\u00e7a a ganhar maior mobilidade, suas pinturas passam a ser exibidas internacionalmente em v\u00e1rios museus, bienais e galerias.<\/p>\n<p>O corpo de sua produ\u00e7\u00e3o se constr\u00f3i a partir dos questionamentos te\u00f3ricos envolvendo a ideia do trauma, da cat\u00e1strofe (seja ela natural ou n\u00e3o) como catalisadora de novas situa\u00e7\u00f5es, bem como agente revelador de sistemas estruturais que em momentos de normalidade ficam mascarados. Para isso faz uso de uma linguagem visual obsessiva, sendo a repeti\u00e7\u00e3o de imagens, gestos e espa\u00e7os marcante em suas obras, por\u00e9m essa repeti\u00e7\u00e3o \u00e9 tamb\u00e9m representativa de sua inten\u00e7\u00e3o de utilizar o visual na pintura para criar imagens an\u00e1logas \u00e0quelas que o trauma proporciona.<\/p>\n<p>Durante o decorrer de sua carreira conquistou diversos pr\u00eamios como: New York Foundation for the Arts (1987, 1991); o Eco Art Award, Rio de Janeiro, Brasil (1992); e o John Simon Guggenheim Memorial Foundation (1988), entre outros.<\/p>\n<div id=\"plone-content\">\n<div id=\"portal-columns\" class=\"row\">\n<div id=\"portal-column-content\" class=\"cell width-3:4 position-1:4\">\n<div class=\"\">\n<div id=\"content\">\n<div id=\"content-core\">\n<div id=\"parent-fieldname-text\">\n<p><span class=\"span_bio_text discreet\">[Fonte: https:\/\/jorgetacla.com\/ABOUT\u00a0e\u00a0 http:\/\/www.artnet.com\/artists\/jorge-tacla\/biography]<\/span><\/p>\n<\/div>\n<\/div>\n<\/div>\n<\/div>\n<div id=\"viewlet-below-content\"><\/div>\n<\/div>\n<\/div>\n<\/div>\n<div class=\"clear\"><\/div>\n\n\n<figure class=\"wp-block-image size-large\"><img loading=\"lazy\" decoding=\"async\" width=\"726\" height=\"1024\" src=\"https:\/\/www.ufpb.br\/pinacoteca2\/wp-content\/uploads\/sites\/79\/sites\/210\/2024\/10\/jorge-tacla-representacion-y-ajuntes-726x1024.jpeg\" alt=\"\" class=\"wp-image-763\" srcset=\"https:\/\/www.ufpb.br\/pinacoteca\/wp-content\/uploads\/sites\/79\/sites\/210\/2024\/10\/jorge-tacla-representacion-y-ajuntes-726x1024.jpeg 726w, https:\/\/www.ufpb.br\/pinacoteca\/wp-content\/uploads\/sites\/79\/sites\/210\/2024\/10\/jorge-tacla-representacion-y-ajuntes-213x300.jpeg 213w, https:\/\/www.ufpb.br\/pinacoteca\/wp-content\/uploads\/sites\/79\/sites\/210\/2024\/10\/jorge-tacla-representacion-y-ajuntes-768x1083.jpeg 768w, https:\/\/www.ufpb.br\/pinacoteca\/wp-content\/uploads\/sites\/79\/sites\/210\/2024\/10\/jorge-tacla-representacion-y-ajuntes-1089x1536.jpeg 1089w, https:\/\/www.ufpb.br\/pinacoteca\/wp-content\/uploads\/sites\/79\/sites\/210\/2024\/10\/jorge-tacla-representacion-y-ajuntes-1452x2048.jpeg 1452w, https:\/\/www.ufpb.br\/pinacoteca\/wp-content\/uploads\/sites\/79\/sites\/210\/2024\/10\/jorge-tacla-representacion-y-ajuntes-scaled.jpeg 1816w\" sizes=\"auto, (max-width: 726px) 100vw, 726px\" \/><figcaption class=\"wp-element-caption\">&#8220;<strong>Represent\u00e1cion y ajuntes<\/strong>&#8220;, 1993. T\u00e9cnica: serigrafia a cores. Dimens\u00f5es: 100 cm x 70 cm. Doa\u00e7\u00e3o Cia Bozano. Foto: Maycon Albuquerque.<\/figcaption><\/figure>\n","protected":false},"excerpt":{"rendered":"<p>Jorge Tacla \u00e9 pintor, nasceu em 1958 em Santiago, Chile. Durante o per\u00edodo de 1976 [&hellip;]<\/p>\n","protected":false},"author":143,"featured_media":0,"parent":133,"menu_order":0,"comment_status":"closed","ping_status":"closed","template":"","meta":{"footnotes":""},"class_list":["post-488","page","type-page","status-publish","hentry"],"_links":{"self":[{"href":"https:\/\/www.ufpb.br\/pinacoteca\/wp-json\/wp\/v2\/pages\/488","targetHints":{"allow":["GET"]}}],"collection":[{"href":"https:\/\/www.ufpb.br\/pinacoteca\/wp-json\/wp\/v2\/pages"}],"about":[{"href":"https:\/\/www.ufpb.br\/pinacoteca\/wp-json\/wp\/v2\/types\/page"}],"author":[{"embeddable":true,"href":"https:\/\/www.ufpb.br\/pinacoteca\/wp-json\/wp\/v2\/users\/143"}],"replies":[{"embeddable":true,"href":"https:\/\/www.ufpb.br\/pinacoteca\/wp-json\/wp\/v2\/comments?post=488"}],"version-history":[{"count":2,"href":"https:\/\/www.ufpb.br\/pinacoteca\/wp-json\/wp\/v2\/pages\/488\/revisions"}],"predecessor-version":[{"id":765,"href":"https:\/\/www.ufpb.br\/pinacoteca\/wp-json\/wp\/v2\/pages\/488\/revisions\/765"}],"up":[{"embeddable":true,"href":"https:\/\/www.ufpb.br\/pinacoteca\/wp-json\/wp\/v2\/pages\/133"}],"wp:attachment":[{"href":"https:\/\/www.ufpb.br\/pinacoteca\/wp-json\/wp\/v2\/media?parent=488"}],"curies":[{"name":"wp","href":"https:\/\/api.w.org\/{rel}","templated":true}]}}