{"id":495,"date":"2024-09-27T10:09:58","date_gmt":"2024-09-27T13:09:58","guid":{"rendered":"https:\/\/www.ufpb.br\/pinacoteca2\/?page_id=495"},"modified":"2025-08-06T15:35:40","modified_gmt":"2025-08-06T18:35:40","slug":"kenneth-kemble","status":"publish","type":"page","link":"https:\/\/www.ufpb.br\/pinacoteca\/acervo\/colecao-bozano-simonsen\/kenneth-kemble\/","title":{"rendered":"Kenneth Kemble"},"content":{"rendered":"\n<p>Nascido em 10 de julho de 1923 na din\u00e2mica Buenos Aires (Argentina) dos anos 20, Kenneth Kemble iniciou seus estudos aos 27 anos com o not\u00f3rio pintor argentino Raul Rassu. No ano seguinte, viajou para Fran\u00e7a e frequentou a Academia de Andr\u00e9 Lothe em Paris.&nbsp;<\/p>\n\n\n\n<p>Retornando \u00e0 Argentina, Kemble iniciou uma s\u00e9rie de experi\u00eancias art\u00edsticas que, envolvendo colagens e pintura, levaram-no a colaborar com a introdu\u00e7\u00e3o do Conceitualismo no cen\u00e1rio art\u00edstico argentino, tendo seu auge nas d\u00e9cadas de 60 e 70 do s\u00e9culo XX. Durante as d\u00e9cadas de 60, 70 e 80, Kenneth vivenciou o per\u00edodo mais din\u00e2mico de sua trajet\u00f3ria, fazendo exposi\u00e7\u00f5es individuais dentro e fora da Argentina, atuando como cr\u00edtico de Arte do jornal Buenos Aires Herald (1960-1972), lecionando na Escola de Belas Artes Ernesto de la C\u00e1rcova (1962), trabalhando como diretor do Museu de Lujan (1968-1972) e, em 1985, sendo premiado como melhor artista do ano pela Associa\u00e7\u00e3o Argentina de Cr\u00edticos de Arte.\u00a0<\/p>\n\n\n\n<p>Em 1994, j\u00e1 com 71 anos, Kemble recebeu o Grande Pr\u00eamio de Honra do Sal\u00e3o de Artes Pl\u00e1sticas e, entre 1995 e 1998, tamb\u00e9m realizou duas grandes exposi\u00e7\u00f5es retrospectivas, uma na Galeria Nacional de Exposi\u00e7\u00f5es e, outra, no Centro Cultural Recoleta. A d\u00e9cada de 90 tamb\u00e9m foi marcante pela despedida f\u00edsica do artista, que faleceu em abril de 1998. No entanto, o artista continua vivo atrav\u00e9s de seus poemas, escritos e milhares de obras produzidas em sua carreira.<\/p>\n\n\n\n<figure class=\"wp-block-image size-full is-resized\"><img loading=\"lazy\" decoding=\"async\" width=\"768\" height=\"548\" src=\"https:\/\/www.ufpb.br\/pinacoteca2\/wp-content\/uploads\/sites\/79\/sites\/210\/2024\/10\/kenneth-kemble-el-sofa-de-me-abuela.jpeg\" alt=\"\" class=\"wp-image-767\" style=\"width:740px;height:auto\" srcset=\"https:\/\/www.ufpb.br\/pinacoteca\/wp-content\/uploads\/sites\/79\/sites\/210\/2024\/10\/kenneth-kemble-el-sofa-de-me-abuela.jpeg 768w, https:\/\/www.ufpb.br\/pinacoteca\/wp-content\/uploads\/sites\/79\/sites\/210\/2024\/10\/kenneth-kemble-el-sofa-de-me-abuela-300x214.jpeg 300w\" sizes=\"auto, (max-width: 768px) 100vw, 768px\" \/><figcaption class=\"wp-element-caption\">&#8220;<strong>El sof\u00e1 de me Abuela<\/strong>&#8220;, 1992. T\u00e9cnica: serigrafia a cores. Dimens\u00f5es: 70 cm x 100 cm. Doa\u00e7\u00e3o Cia Bozano. Foto: Maycon Albuquerque.<\/figcaption><\/figure>\n","protected":false},"excerpt":{"rendered":"<p>Nascido em 10 de julho de 1923 na din\u00e2mica Buenos Aires (Argentina) dos anos 20, [&hellip;]<\/p>\n","protected":false},"author":143,"featured_media":0,"parent":133,"menu_order":0,"comment_status":"closed","ping_status":"closed","template":"","meta":{"footnotes":""},"class_list":["post-495","page","type-page","status-publish","hentry"],"_links":{"self":[{"href":"https:\/\/www.ufpb.br\/pinacoteca\/wp-json\/wp\/v2\/pages\/495","targetHints":{"allow":["GET"]}}],"collection":[{"href":"https:\/\/www.ufpb.br\/pinacoteca\/wp-json\/wp\/v2\/pages"}],"about":[{"href":"https:\/\/www.ufpb.br\/pinacoteca\/wp-json\/wp\/v2\/types\/page"}],"author":[{"embeddable":true,"href":"https:\/\/www.ufpb.br\/pinacoteca\/wp-json\/wp\/v2\/users\/143"}],"replies":[{"embeddable":true,"href":"https:\/\/www.ufpb.br\/pinacoteca\/wp-json\/wp\/v2\/comments?post=495"}],"version-history":[{"count":5,"href":"https:\/\/www.ufpb.br\/pinacoteca\/wp-json\/wp\/v2\/pages\/495\/revisions"}],"predecessor-version":[{"id":3359,"href":"https:\/\/www.ufpb.br\/pinacoteca\/wp-json\/wp\/v2\/pages\/495\/revisions\/3359"}],"up":[{"embeddable":true,"href":"https:\/\/www.ufpb.br\/pinacoteca\/wp-json\/wp\/v2\/pages\/133"}],"wp:attachment":[{"href":"https:\/\/www.ufpb.br\/pinacoteca\/wp-json\/wp\/v2\/media?parent=495"}],"curies":[{"name":"wp","href":"https:\/\/api.w.org\/{rel}","templated":true}]}}