{"id":510,"date":"2024-09-27T10:11:26","date_gmt":"2024-09-27T13:11:26","guid":{"rendered":"https:\/\/www.ufpb.br\/pinacoteca2\/?page_id=510"},"modified":"2025-08-25T09:50:57","modified_gmt":"2025-08-25T12:50:57","slug":"nelson-ramos","status":"publish","type":"page","link":"https:\/\/www.ufpb.br\/pinacoteca\/acervo\/colecao-bozano-simonsen\/nelson-ramos\/","title":{"rendered":"Nelson Ramos"},"content":{"rendered":"\n<p><\/p>\n\n\n\n<p>Nelson Ramos foi um artista renomado formado pela Escola Nacional de Belas Artes do Uruguai nos anos 50. J\u00e1 em 1959, recebeu uma bolsa para estudar gravura com Iber\u00ea Camargo e Johnny Friedlander no Rio de Janeiro, onde trabalhou como ilustrador de jornais brasileiros. Na d\u00e9cada posterior continuou seus estudos com uma bolsa do Minist\u00e9rio da Educa\u00e7\u00e3o e Cultura que possibilitou viajar por diversos pa\u00edses, incluindo Espanha, It\u00e1lia e Fran\u00e7a. Em 1981 foi contratado pelo College of Art and Design, em Minneapolis nos Estados Unidos e no ano seguinte foi artista residente no Massachusetts College of Art, em Boston.<br>Dos diversos pr\u00eamios recebidos por ele est\u00e3o: o Grande Pr\u00eamio de Pintura na I Bienal de Jovens Pintores do Uruguai, em 1961; o Pr\u00eamio Aquisi\u00e7\u00e3o do Sal\u00e3o Municipal de 1956, 1958, 1962 e 1967, em Montevid\u00e9u; o pr\u00eamio da ECO ART do Rio de Janeiro, em 1992; o Pr\u00eamio Desenho arte contempor\u00e2nea americana e Espanha em Madrid, em 1963; o pr\u00eamio Grand Prix XXXI Sal\u00e3o Nacional de Artes Pl\u00e1sticas em 1967; o pr\u00eamio MID-AMERICA ALLIANCE Arts Award nos EUA, em 1991; entre muitos outros. Tamb\u00e9m recebeu o pr\u00eamio Irmandade da B nai B rith do Uruguai, e em 1996, foi premiado com o Figari.<br>Al\u00e9m disso, participou das seguintes Bienais: C\u00f3rdoba (Argentina), S\u00e3o Paulo (VII, X, XVIII), Veneza (XLVII), Havana (IV), Medell\u00edn (Colombia), entre outras. Suas obras tamb\u00e9m estiveram presentes nas exposi\u00e7\u00f5es: do Pal\u00e1cio de Exposi\u00e7\u00f5es em Roma, no ano de 1964; no VII Festival Internacional de Pintura em Cagnes-sur-Mer na Fran\u00e7a; na Galeria Tretyakov, em Moscou, em 1988, e assim por diante.<br>Ainda se \u00e9 poss\u00edvel encontrar obras de Ramos em museus do Uruguai, Argentina, Brasil, Espanha e Estados Unidos.<\/p>\n\n\n<p>1932-2006.<\/p>\n\n\n<figure class=\"wp-block-image size-large\"><img loading=\"lazy\" decoding=\"async\" width=\"711\" height=\"1024\" src=\"https:\/\/www.ufpb.br\/pinacoteca2\/wp-content\/uploads\/sites\/79\/sites\/210\/2024\/10\/nelson-ramos-alerta-711x1024.jpeg\" alt=\"\" class=\"wp-image-793\" srcset=\"https:\/\/www.ufpb.br\/pinacoteca\/wp-content\/uploads\/sites\/79\/sites\/210\/2024\/10\/nelson-ramos-alerta-711x1024.jpeg 711w, https:\/\/www.ufpb.br\/pinacoteca\/wp-content\/uploads\/sites\/79\/sites\/210\/2024\/10\/nelson-ramos-alerta-208x300.jpeg 208w, https:\/\/www.ufpb.br\/pinacoteca\/wp-content\/uploads\/sites\/79\/sites\/210\/2024\/10\/nelson-ramos-alerta-768x1105.jpeg 768w, https:\/\/www.ufpb.br\/pinacoteca\/wp-content\/uploads\/sites\/79\/sites\/210\/2024\/10\/nelson-ramos-alerta-1067x1536.jpeg 1067w, https:\/\/www.ufpb.br\/pinacoteca\/wp-content\/uploads\/sites\/79\/sites\/210\/2024\/10\/nelson-ramos-alerta-1423x2048.jpeg 1423w, https:\/\/www.ufpb.br\/pinacoteca\/wp-content\/uploads\/sites\/79\/sites\/210\/2024\/10\/nelson-ramos-alerta-scaled.jpeg 1779w\" sizes=\"auto, (max-width: 711px) 100vw, 711px\" \/><figcaption class=\"wp-element-caption\">&#8220;<strong>Alerta<\/strong>&#8220;, 1992. T\u00e9cnica: serigrafia a cores. Dimens\u00f5es: 100 cm x 70 cm. Doa\u00e7\u00e3o Cia Bozano. Foto: Maycon Albuquerque.<\/figcaption><\/figure>\n","protected":false},"excerpt":{"rendered":"<p>Nelson Ramos foi um artista renomado formado pela Escola Nacional de Belas Artes do Uruguai [&hellip;]<\/p>\n","protected":false},"author":143,"featured_media":0,"parent":133,"menu_order":0,"comment_status":"closed","ping_status":"closed","template":"","meta":{"footnotes":""},"class_list":["post-510","page","type-page","status-publish","hentry"],"_links":{"self":[{"href":"https:\/\/www.ufpb.br\/pinacoteca\/wp-json\/wp\/v2\/pages\/510","targetHints":{"allow":["GET"]}}],"collection":[{"href":"https:\/\/www.ufpb.br\/pinacoteca\/wp-json\/wp\/v2\/pages"}],"about":[{"href":"https:\/\/www.ufpb.br\/pinacoteca\/wp-json\/wp\/v2\/types\/page"}],"author":[{"embeddable":true,"href":"https:\/\/www.ufpb.br\/pinacoteca\/wp-json\/wp\/v2\/users\/143"}],"replies":[{"embeddable":true,"href":"https:\/\/www.ufpb.br\/pinacoteca\/wp-json\/wp\/v2\/comments?post=510"}],"version-history":[{"count":3,"href":"https:\/\/www.ufpb.br\/pinacoteca\/wp-json\/wp\/v2\/pages\/510\/revisions"}],"predecessor-version":[{"id":3394,"href":"https:\/\/www.ufpb.br\/pinacoteca\/wp-json\/wp\/v2\/pages\/510\/revisions\/3394"}],"up":[{"embeddable":true,"href":"https:\/\/www.ufpb.br\/pinacoteca\/wp-json\/wp\/v2\/pages\/133"}],"wp:attachment":[{"href":"https:\/\/www.ufpb.br\/pinacoteca\/wp-json\/wp\/v2\/media?parent=510"}],"curies":[{"name":"wp","href":"https:\/\/api.w.org\/{rel}","templated":true}]}}