{"id":851,"date":"2024-10-09T09:53:05","date_gmt":"2024-10-09T12:53:05","guid":{"rendered":"https:\/\/www.ufpb.br\/pinacoteca2\/?page_id=851"},"modified":"2024-10-09T10:02:51","modified_gmt":"2024-10-09T13:02:51","slug":"denilson-baniwa","status":"publish","type":"page","link":"https:\/\/www.ufpb.br\/pinacoteca\/acervo\/colecao-pinacoteca-ufpb\/denilson-baniwa\/","title":{"rendered":"Denilson Baniwa"},"content":{"rendered":"\n<p><strong>Aldeia Dar\u00ed, Barcelos, Amazonas, 1984<\/strong><\/p>\n\n\n\n<p>Denilson Monteiro Baniwa \u00e9 Artista visual e curador. Comp\u00f5e sua obra trespassando linguagens visuais da tradi\u00e7\u00e3o ocidental com as de seu povo, utilizando performance, pintura, proje\u00e7\u00f5es a laser, imagens digitais. Ativista, aborda a quest\u00e3o dos direitos dos povos origin\u00e1rios; o impacto do sistema colonial e a valoriza\u00e7\u00e3o da cultura ind\u00edgena, propondo tamb\u00e9m reflex\u00f5es sobre a condi\u00e7\u00e3o atual do ind\u00edgena.<\/p>\n\n\n\n<p>Denilson Beniwa apresenta complexas quest\u00f5es sobre a arte e a representatividade, usando tecnologias e espa\u00e7os simb\u00f3licos da arte como ferramenta de resist\u00eancia, al\u00e9m do pr\u00f3prio tr\u00e2nsito entre a cidade e seu lugar de origem, seu repert\u00f3rio e tradi\u00e7\u00f5es, em suas complementaridades e contrastes.<\/p>\n\n\n\n<h4 class=\"wp-block-heading\">Obras<\/h4>\n\n\n\n<figure class=\"wp-block-image size-full\"><img loading=\"lazy\" decoding=\"async\" width=\"763\" height=\"542\" src=\"https:\/\/www.ufpb.br\/pinacoteca2\/wp-content\/uploads\/sites\/79\/sites\/210\/2024\/10\/image-13.png\" alt=\"\" class=\"wp-image-854\" srcset=\"https:\/\/www.ufpb.br\/pinacoteca\/wp-content\/uploads\/sites\/79\/sites\/210\/2024\/10\/image-13.png 763w, https:\/\/www.ufpb.br\/pinacoteca\/wp-content\/uploads\/sites\/79\/sites\/210\/2024\/10\/image-13-300x213.png 300w\" sizes=\"auto, (max-width: 763px) 100vw, 763px\" \/><figcaption class=\"wp-element-caption\">&#8220;<strong>Yawaret\u00e9<\/strong>&#8220;, s\/d. T\u00e9cnica: Infogravura. Dimens\u00f5es: 29,5 x 20,8cm<\/figcaption><\/figure>\n\n\n\n<p><\/p>\n","protected":false},"excerpt":{"rendered":"<p>Aldeia Dar\u00ed, Barcelos, Amazonas, 1984 Denilson Monteiro Baniwa \u00e9 Artista visual e curador. Comp\u00f5e sua [&hellip;]<\/p>\n","protected":false},"author":143,"featured_media":0,"parent":71,"menu_order":0,"comment_status":"closed","ping_status":"closed","template":"","meta":{"footnotes":""},"class_list":["post-851","page","type-page","status-publish","hentry"],"_links":{"self":[{"href":"https:\/\/www.ufpb.br\/pinacoteca\/wp-json\/wp\/v2\/pages\/851","targetHints":{"allow":["GET"]}}],"collection":[{"href":"https:\/\/www.ufpb.br\/pinacoteca\/wp-json\/wp\/v2\/pages"}],"about":[{"href":"https:\/\/www.ufpb.br\/pinacoteca\/wp-json\/wp\/v2\/types\/page"}],"author":[{"embeddable":true,"href":"https:\/\/www.ufpb.br\/pinacoteca\/wp-json\/wp\/v2\/users\/143"}],"replies":[{"embeddable":true,"href":"https:\/\/www.ufpb.br\/pinacoteca\/wp-json\/wp\/v2\/comments?post=851"}],"version-history":[{"count":3,"href":"https:\/\/www.ufpb.br\/pinacoteca\/wp-json\/wp\/v2\/pages\/851\/revisions"}],"predecessor-version":[{"id":861,"href":"https:\/\/www.ufpb.br\/pinacoteca\/wp-json\/wp\/v2\/pages\/851\/revisions\/861"}],"up":[{"embeddable":true,"href":"https:\/\/www.ufpb.br\/pinacoteca\/wp-json\/wp\/v2\/pages\/71"}],"wp:attachment":[{"href":"https:\/\/www.ufpb.br\/pinacoteca\/wp-json\/wp\/v2\/media?parent=851"}],"curies":[{"name":"wp","href":"https:\/\/api.w.org\/{rel}","templated":true}]}}