{"id":868,"date":"2024-10-09T11:11:06","date_gmt":"2024-10-09T14:11:06","guid":{"rendered":"https:\/\/www.ufpb.br\/pinacoteca2\/?page_id=868"},"modified":"2024-10-09T11:11:06","modified_gmt":"2024-10-09T14:11:06","slug":"madriano-basilio","status":"publish","type":"page","link":"https:\/\/www.ufpb.br\/pinacoteca\/acervo\/colecao-pinacoteca-ufpb\/madriano-basilio\/","title":{"rendered":"Madriano Basilio"},"content":{"rendered":"\n<p><strong>Guarabira &#8211; PB, 1974 &#8211; 2022<\/strong><\/p>\n\n\n\n<p>Madriano Basilio da Silva Alves nasceu em Guarabira, Para\u00edba. Assina suas obras como M. Bas\u00edlio e \u00e9 um artista visual, ceramista. Participou das seguintes exposi\u00e7\u00f5es: 15 artistas dos anos 90 (9\/12\/1999 \u2013 30\/12\/1999), 6\u00aa FENART: arte do povo brasileiro! (27\/5\/2000 \u2013 3\/6\/2000-0, Arte Cer\u00e2mica (10\/3\/2005 \u2013 24\/4\/2005), 3\u00ba Sal\u00e3o Nacional de Cer\u00e2mica (30\/6\/2010 \u2013 3\/10\/2010) e Bienal\u00a0<em>Na\u00effs<\/em>\u00a0do Brasil 2016 (19\/8\/2016 \u2013 27\/11\/2016).<\/p>\n\n\n\n<h4 class=\"wp-block-heading\">Obras<\/h4>\n\n\n\n<figure class=\"wp-block-image size-large is-resized\"><img loading=\"lazy\" decoding=\"async\" width=\"2250\" height=\"2250\" src=\"https:\/\/www.ufpb.br\/pinacoteca2\/wp-content\/uploads\/sites\/79\/sites\/210\/2024\/10\/madriano-basilio-edited.jpeg\" alt=\"\" class=\"wp-image-871\" style=\"width:555px;height:auto\" srcset=\"https:\/\/www.ufpb.br\/pinacoteca\/wp-content\/uploads\/sites\/79\/sites\/210\/2024\/10\/madriano-basilio-edited.jpeg 2250w, https:\/\/www.ufpb.br\/pinacoteca\/wp-content\/uploads\/sites\/79\/sites\/210\/2024\/10\/madriano-basilio-edited-300x300.jpeg 300w, https:\/\/www.ufpb.br\/pinacoteca\/wp-content\/uploads\/sites\/79\/sites\/210\/2024\/10\/madriano-basilio-edited-1024x1024.jpeg 1024w, https:\/\/www.ufpb.br\/pinacoteca\/wp-content\/uploads\/sites\/79\/sites\/210\/2024\/10\/madriano-basilio-edited-150x150.jpeg 150w, https:\/\/www.ufpb.br\/pinacoteca\/wp-content\/uploads\/sites\/79\/sites\/210\/2024\/10\/madriano-basilio-edited-768x768.jpeg 768w, https:\/\/www.ufpb.br\/pinacoteca\/wp-content\/uploads\/sites\/79\/sites\/210\/2024\/10\/madriano-basilio-edited-1536x1536.jpeg 1536w, https:\/\/www.ufpb.br\/pinacoteca\/wp-content\/uploads\/sites\/79\/sites\/210\/2024\/10\/madriano-basilio-edited-2048x2048.jpeg 2048w\" sizes=\"auto, (max-width: 2250px) 100vw, 2250px\" \/><figcaption class=\"wp-element-caption\"><strong>Sem t\u00edtulo<\/strong>, 2019. T\u00e9cnica: Pintura sobre tela. Dimens\u00f5es: 17,5 x 14,5cm<\/figcaption><\/figure>\n\n\n\n<figure class=\"wp-block-image size-large is-resized\"><img loading=\"lazy\" decoding=\"async\" width=\"2250\" height=\"2250\" src=\"https:\/\/www.ufpb.br\/pinacoteca2\/wp-content\/uploads\/sites\/79\/sites\/210\/2024\/10\/madriano-basilio-2-edited.jpeg\" alt=\"\" class=\"wp-image-873\" style=\"width:555px;height:auto\" srcset=\"https:\/\/www.ufpb.br\/pinacoteca\/wp-content\/uploads\/sites\/79\/sites\/210\/2024\/10\/madriano-basilio-2-edited.jpeg 2250w, https:\/\/www.ufpb.br\/pinacoteca\/wp-content\/uploads\/sites\/79\/sites\/210\/2024\/10\/madriano-basilio-2-edited-300x300.jpeg 300w, https:\/\/www.ufpb.br\/pinacoteca\/wp-content\/uploads\/sites\/79\/sites\/210\/2024\/10\/madriano-basilio-2-edited-1024x1024.jpeg 1024w, https:\/\/www.ufpb.br\/pinacoteca\/wp-content\/uploads\/sites\/79\/sites\/210\/2024\/10\/madriano-basilio-2-edited-150x150.jpeg 150w, https:\/\/www.ufpb.br\/pinacoteca\/wp-content\/uploads\/sites\/79\/sites\/210\/2024\/10\/madriano-basilio-2-edited-768x768.jpeg 768w, https:\/\/www.ufpb.br\/pinacoteca\/wp-content\/uploads\/sites\/79\/sites\/210\/2024\/10\/madriano-basilio-2-edited-1536x1536.jpeg 1536w, https:\/\/www.ufpb.br\/pinacoteca\/wp-content\/uploads\/sites\/79\/sites\/210\/2024\/10\/madriano-basilio-2-edited-2048x2048.jpeg 2048w\" sizes=\"auto, (max-width: 2250px) 100vw, 2250px\" \/><figcaption class=\"wp-element-caption\"><strong>Sem titulo<\/strong>, 2019. T\u00e9cnica: Acr\u00edlico sobre tela. Dimens\u00f5es: 10,3 x 15cm<\/figcaption><\/figure>\n\n\n\n<figure class=\"wp-block-image size-large is-resized\"><img loading=\"lazy\" decoding=\"async\" width=\"2250\" height=\"2250\" src=\"https:\/\/www.ufpb.br\/pinacoteca2\/wp-content\/uploads\/sites\/79\/sites\/210\/2024\/10\/madriano-basilio-3-edited.jpeg\" alt=\"\" class=\"wp-image-875\" style=\"width:558px;height:auto\" srcset=\"https:\/\/www.ufpb.br\/pinacoteca\/wp-content\/uploads\/sites\/79\/sites\/210\/2024\/10\/madriano-basilio-3-edited.jpeg 2250w, https:\/\/www.ufpb.br\/pinacoteca\/wp-content\/uploads\/sites\/79\/sites\/210\/2024\/10\/madriano-basilio-3-edited-300x300.jpeg 300w, https:\/\/www.ufpb.br\/pinacoteca\/wp-content\/uploads\/sites\/79\/sites\/210\/2024\/10\/madriano-basilio-3-edited-1024x1024.jpeg 1024w, https:\/\/www.ufpb.br\/pinacoteca\/wp-content\/uploads\/sites\/79\/sites\/210\/2024\/10\/madriano-basilio-3-edited-150x150.jpeg 150w, https:\/\/www.ufpb.br\/pinacoteca\/wp-content\/uploads\/sites\/79\/sites\/210\/2024\/10\/madriano-basilio-3-edited-768x768.jpeg 768w, https:\/\/www.ufpb.br\/pinacoteca\/wp-content\/uploads\/sites\/79\/sites\/210\/2024\/10\/madriano-basilio-3-edited-1536x1536.jpeg 1536w, https:\/\/www.ufpb.br\/pinacoteca\/wp-content\/uploads\/sites\/79\/sites\/210\/2024\/10\/madriano-basilio-3-edited-2048x2048.jpeg 2048w\" sizes=\"auto, (max-width: 2250px) 100vw, 2250px\" \/><figcaption class=\"wp-element-caption\"><strong>Sem titulo<\/strong>, 2016. T\u00e9cnica: Acr\u00edlico sobre tela. Dimens\u00f5es: 10 x 15cm<\/figcaption><\/figure>\n\n\n\n<figure class=\"wp-block-image size-large is-resized\"><img loading=\"lazy\" decoding=\"async\" width=\"2560\" height=\"2560\" src=\"https:\/\/www.ufpb.br\/pinacoteca2\/wp-content\/uploads\/sites\/79\/sites\/210\/2024\/10\/WhatsApp-Image-2024-04-24-at-08.48.35-1-edited-scaled.jpeg\" alt=\"\" class=\"wp-image-877\" style=\"width:558px;height:auto\" srcset=\"https:\/\/www.ufpb.br\/pinacoteca\/wp-content\/uploads\/sites\/79\/sites\/210\/2024\/10\/WhatsApp-Image-2024-04-24-at-08.48.35-1-edited-scaled.jpeg 2560w, https:\/\/www.ufpb.br\/pinacoteca\/wp-content\/uploads\/sites\/79\/sites\/210\/2024\/10\/WhatsApp-Image-2024-04-24-at-08.48.35-1-edited-300x300.jpeg 300w, https:\/\/www.ufpb.br\/pinacoteca\/wp-content\/uploads\/sites\/79\/sites\/210\/2024\/10\/WhatsApp-Image-2024-04-24-at-08.48.35-1-edited-1024x1024.jpeg 1024w, https:\/\/www.ufpb.br\/pinacoteca\/wp-content\/uploads\/sites\/79\/sites\/210\/2024\/10\/WhatsApp-Image-2024-04-24-at-08.48.35-1-edited-150x150.jpeg 150w, https:\/\/www.ufpb.br\/pinacoteca\/wp-content\/uploads\/sites\/79\/sites\/210\/2024\/10\/WhatsApp-Image-2024-04-24-at-08.48.35-1-edited-768x768.jpeg 768w, https:\/\/www.ufpb.br\/pinacoteca\/wp-content\/uploads\/sites\/79\/sites\/210\/2024\/10\/WhatsApp-Image-2024-04-24-at-08.48.35-1-edited-1536x1536.jpeg 1536w, https:\/\/www.ufpb.br\/pinacoteca\/wp-content\/uploads\/sites\/79\/sites\/210\/2024\/10\/WhatsApp-Image-2024-04-24-at-08.48.35-1-edited-2048x2048.jpeg 2048w\" sizes=\"auto, (max-width: 2560px) 100vw, 2560px\" \/><figcaption class=\"wp-element-caption\"><strong>Sem t\u00edtulo<\/strong>, 2019. T\u00e9cnica: Acr\u00edlica sobre tela. Dimens\u00f5es: 12,1 x 9cm<\/figcaption><\/figure>\n\n\n\n<figure class=\"wp-block-image size-large is-resized\"><img loading=\"lazy\" decoding=\"async\" width=\"1024\" height=\"766\" src=\"https:\/\/www.ufpb.br\/pinacoteca2\/wp-content\/uploads\/sites\/79\/sites\/210\/2024\/10\/WhatsApp-Image-2024-04-24-at-08.48.35-1024x766.jpeg\" alt=\"\" class=\"wp-image-878\" style=\"width:560px;height:auto\" srcset=\"https:\/\/www.ufpb.br\/pinacoteca\/wp-content\/uploads\/sites\/79\/sites\/210\/2024\/10\/WhatsApp-Image-2024-04-24-at-08.48.35-1024x766.jpeg 1024w, https:\/\/www.ufpb.br\/pinacoteca\/wp-content\/uploads\/sites\/79\/sites\/210\/2024\/10\/WhatsApp-Image-2024-04-24-at-08.48.35-300x224.jpeg 300w, https:\/\/www.ufpb.br\/pinacoteca\/wp-content\/uploads\/sites\/79\/sites\/210\/2024\/10\/WhatsApp-Image-2024-04-24-at-08.48.35-768x575.jpeg 768w, https:\/\/www.ufpb.br\/pinacoteca\/wp-content\/uploads\/sites\/79\/sites\/210\/2024\/10\/WhatsApp-Image-2024-04-24-at-08.48.35-1536x1149.jpeg 1536w, https:\/\/www.ufpb.br\/pinacoteca\/wp-content\/uploads\/sites\/79\/sites\/210\/2024\/10\/WhatsApp-Image-2024-04-24-at-08.48.35-2048x1532.jpeg 2048w\" sizes=\"auto, (max-width: 1024px) 100vw, 1024px\" \/><figcaption class=\"wp-element-caption\"><strong>Sem t\u00edtulo<\/strong>, 2019. T\u00e9cnica: Acr\u00edlica sobre tela. Dimens\u00f5es: 12 x 9cm<\/figcaption><\/figure>\n\n\n\n<figure class=\"wp-block-image size-large is-resized\"><img loading=\"lazy\" decoding=\"async\" width=\"1024\" height=\"766\" src=\"https:\/\/www.ufpb.br\/pinacoteca2\/wp-content\/uploads\/sites\/79\/sites\/210\/2024\/10\/WhatsApp-Image-2024-04-24-at-08.48.34-1-1024x766.jpeg\" alt=\"\" class=\"wp-image-879\" style=\"width:560px;height:auto\" srcset=\"https:\/\/www.ufpb.br\/pinacoteca\/wp-content\/uploads\/sites\/79\/sites\/210\/2024\/10\/WhatsApp-Image-2024-04-24-at-08.48.34-1-1024x766.jpeg 1024w, https:\/\/www.ufpb.br\/pinacoteca\/wp-content\/uploads\/sites\/79\/sites\/210\/2024\/10\/WhatsApp-Image-2024-04-24-at-08.48.34-1-300x224.jpeg 300w, https:\/\/www.ufpb.br\/pinacoteca\/wp-content\/uploads\/sites\/79\/sites\/210\/2024\/10\/WhatsApp-Image-2024-04-24-at-08.48.34-1-768x575.jpeg 768w, https:\/\/www.ufpb.br\/pinacoteca\/wp-content\/uploads\/sites\/79\/sites\/210\/2024\/10\/WhatsApp-Image-2024-04-24-at-08.48.34-1-1536x1149.jpeg 1536w, https:\/\/www.ufpb.br\/pinacoteca\/wp-content\/uploads\/sites\/79\/sites\/210\/2024\/10\/WhatsApp-Image-2024-04-24-at-08.48.34-1-2048x1532.jpeg 2048w\" sizes=\"auto, (max-width: 1024px) 100vw, 1024px\" \/><figcaption class=\"wp-element-caption\"><strong>Sem t\u00edtulo<\/strong>, 2018. T\u00e9cnica: Acr\u00edlica sobre tela. Dimens\u00f5es: 12 x 9cm<\/figcaption><\/figure>\n\n\n\n<figure class=\"wp-block-image size-large is-resized\"><img loading=\"lazy\" decoding=\"async\" width=\"1024\" height=\"766\" src=\"https:\/\/www.ufpb.br\/pinacoteca2\/wp-content\/uploads\/sites\/79\/sites\/210\/2024\/10\/WhatsApp-Image-2024-04-24-at-08.48.24-1024x766.jpeg\" alt=\"\" class=\"wp-image-880\" style=\"width:565px;height:auto\" srcset=\"https:\/\/www.ufpb.br\/pinacoteca\/wp-content\/uploads\/sites\/79\/sites\/210\/2024\/10\/WhatsApp-Image-2024-04-24-at-08.48.24-1024x766.jpeg 1024w, https:\/\/www.ufpb.br\/pinacoteca\/wp-content\/uploads\/sites\/79\/sites\/210\/2024\/10\/WhatsApp-Image-2024-04-24-at-08.48.24-300x224.jpeg 300w, https:\/\/www.ufpb.br\/pinacoteca\/wp-content\/uploads\/sites\/79\/sites\/210\/2024\/10\/WhatsApp-Image-2024-04-24-at-08.48.24-768x575.jpeg 768w, https:\/\/www.ufpb.br\/pinacoteca\/wp-content\/uploads\/sites\/79\/sites\/210\/2024\/10\/WhatsApp-Image-2024-04-24-at-08.48.24-1536x1149.jpeg 1536w, https:\/\/www.ufpb.br\/pinacoteca\/wp-content\/uploads\/sites\/79\/sites\/210\/2024\/10\/WhatsApp-Image-2024-04-24-at-08.48.24-2048x1532.jpeg 2048w\" sizes=\"auto, (max-width: 1024px) 100vw, 1024px\" \/><figcaption class=\"wp-element-caption\"><strong>Sem t\u00edtulo<\/strong>, 2019. T\u00e9cnica: Acr\u00edlica sobre tela. Dimens\u00f5es: 12 x 9cm<\/figcaption><\/figure>\n\n\n\n<figure class=\"wp-block-image size-large is-resized\"><img loading=\"lazy\" decoding=\"async\" width=\"1024\" height=\"771\" src=\"https:\/\/www.ufpb.br\/pinacoteca2\/wp-content\/uploads\/sites\/79\/sites\/210\/2024\/10\/WhatsApp-Image-2024-07-11-at-09.05.05-1024x771.jpeg\" alt=\"\" class=\"wp-image-881\" style=\"width:570px;height:auto\" srcset=\"https:\/\/www.ufpb.br\/pinacoteca\/wp-content\/uploads\/sites\/79\/sites\/210\/2024\/10\/WhatsApp-Image-2024-07-11-at-09.05.05-1024x771.jpeg 1024w, https:\/\/www.ufpb.br\/pinacoteca\/wp-content\/uploads\/sites\/79\/sites\/210\/2024\/10\/WhatsApp-Image-2024-07-11-at-09.05.05-300x226.jpeg 300w, https:\/\/www.ufpb.br\/pinacoteca\/wp-content\/uploads\/sites\/79\/sites\/210\/2024\/10\/WhatsApp-Image-2024-07-11-at-09.05.05-768x578.jpeg 768w, https:\/\/www.ufpb.br\/pinacoteca\/wp-content\/uploads\/sites\/79\/sites\/210\/2024\/10\/WhatsApp-Image-2024-07-11-at-09.05.05-1536x1156.jpeg 1536w, https:\/\/www.ufpb.br\/pinacoteca\/wp-content\/uploads\/sites\/79\/sites\/210\/2024\/10\/WhatsApp-Image-2024-07-11-at-09.05.05.jpeg 1600w\" sizes=\"auto, (max-width: 1024px) 100vw, 1024px\" \/><figcaption class=\"wp-element-caption\">&#8220;<strong>Circo de Anjos IV<\/strong>&#8220;, 2016. T\u00e9cnica: Acr\u00edlica sobre tela. Dimens\u00f5es: 20,3 x 15cm<\/figcaption><\/figure>\n\n\n\n<figure class=\"wp-block-image size-large is-resized\"><img loading=\"lazy\" decoding=\"async\" width=\"1002\" height=\"1024\" src=\"https:\/\/www.ufpb.br\/pinacoteca2\/wp-content\/uploads\/sites\/79\/sites\/210\/2024\/10\/WhatsApp-Image-2024-07-11-at-09.05.05-1-1002x1024.jpeg\" alt=\"\" class=\"wp-image-882\" style=\"width:574px;height:auto\" srcset=\"https:\/\/www.ufpb.br\/pinacoteca\/wp-content\/uploads\/sites\/79\/sites\/210\/2024\/10\/WhatsApp-Image-2024-07-11-at-09.05.05-1-1002x1024.jpeg 1002w, https:\/\/www.ufpb.br\/pinacoteca\/wp-content\/uploads\/sites\/79\/sites\/210\/2024\/10\/WhatsApp-Image-2024-07-11-at-09.05.05-1-294x300.jpeg 294w, https:\/\/www.ufpb.br\/pinacoteca\/wp-content\/uploads\/sites\/79\/sites\/210\/2024\/10\/WhatsApp-Image-2024-07-11-at-09.05.05-1-768x785.jpeg 768w, https:\/\/www.ufpb.br\/pinacoteca\/wp-content\/uploads\/sites\/79\/sites\/210\/2024\/10\/WhatsApp-Image-2024-07-11-at-09.05.05-1.jpeg 1504w\" sizes=\"auto, (max-width: 1002px) 100vw, 1002px\" \/><figcaption class=\"wp-element-caption\">&#8220;<strong>Ben\u00e7\u00e3o de Anjo<\/strong>&#8220;, 2017. T\u00e9cnica: Acr\u00edlica sobre tela. Dimens\u00f5es: 15 x 15cm<\/figcaption><\/figure>\n\n\n\n<figure class=\"wp-block-image size-large is-resized\"><img loading=\"lazy\" decoding=\"async\" width=\"1024\" height=\"868\" src=\"https:\/\/www.ufpb.br\/pinacoteca2\/wp-content\/uploads\/sites\/79\/sites\/210\/2024\/10\/WhatsApp-Image-2024-07-11-at-09.05.04-1024x868.jpeg\" alt=\"\" class=\"wp-image-883\" style=\"width:580px;height:auto\" srcset=\"https:\/\/www.ufpb.br\/pinacoteca\/wp-content\/uploads\/sites\/79\/sites\/210\/2024\/10\/WhatsApp-Image-2024-07-11-at-09.05.04-1024x868.jpeg 1024w, https:\/\/www.ufpb.br\/pinacoteca\/wp-content\/uploads\/sites\/79\/sites\/210\/2024\/10\/WhatsApp-Image-2024-07-11-at-09.05.04-300x254.jpeg 300w, https:\/\/www.ufpb.br\/pinacoteca\/wp-content\/uploads\/sites\/79\/sites\/210\/2024\/10\/WhatsApp-Image-2024-07-11-at-09.05.04-768x651.jpeg 768w, https:\/\/www.ufpb.br\/pinacoteca\/wp-content\/uploads\/sites\/79\/sites\/210\/2024\/10\/WhatsApp-Image-2024-07-11-at-09.05.04-1536x1302.jpeg 1536w, https:\/\/www.ufpb.br\/pinacoteca\/wp-content\/uploads\/sites\/79\/sites\/210\/2024\/10\/WhatsApp-Image-2024-07-11-at-09.05.04.jpeg 1600w\" sizes=\"auto, (max-width: 1024px) 100vw, 1024px\" \/><figcaption class=\"wp-element-caption\"><strong>Sem titulo<\/strong>, 2018. T\u00e9cnica: Acr\u00edlica sobre tela. Dimens\u00f5es: 10 x 10cm<\/figcaption><\/figure>\n\n\n\n<figure class=\"wp-block-image size-large is-resized\"><img loading=\"lazy\" decoding=\"async\" width=\"2560\" height=\"1915\" src=\"https:\/\/www.ufpb.br\/pinacoteca2\/wp-content\/uploads\/sites\/79\/sites\/210\/2024\/10\/WhatsApp-Image-2024-07-11-at-09.05.03-edited-scaled.jpeg\" alt=\"\" class=\"wp-image-885\" style=\"width:583px;height:auto\" srcset=\"https:\/\/www.ufpb.br\/pinacoteca\/wp-content\/uploads\/sites\/79\/sites\/210\/2024\/10\/WhatsApp-Image-2024-07-11-at-09.05.03-edited-scaled.jpeg 2560w, https:\/\/www.ufpb.br\/pinacoteca\/wp-content\/uploads\/sites\/79\/sites\/210\/2024\/10\/WhatsApp-Image-2024-07-11-at-09.05.03-edited-300x224.jpeg 300w, https:\/\/www.ufpb.br\/pinacoteca\/wp-content\/uploads\/sites\/79\/sites\/210\/2024\/10\/WhatsApp-Image-2024-07-11-at-09.05.03-edited-1024x766.jpeg 1024w, https:\/\/www.ufpb.br\/pinacoteca\/wp-content\/uploads\/sites\/79\/sites\/210\/2024\/10\/WhatsApp-Image-2024-07-11-at-09.05.03-edited-768x575.jpeg 768w, https:\/\/www.ufpb.br\/pinacoteca\/wp-content\/uploads\/sites\/79\/sites\/210\/2024\/10\/WhatsApp-Image-2024-07-11-at-09.05.03-edited-1536x1149.jpeg 1536w, https:\/\/www.ufpb.br\/pinacoteca\/wp-content\/uploads\/sites\/79\/sites\/210\/2024\/10\/WhatsApp-Image-2024-07-11-at-09.05.03-edited-2048x1532.jpeg 2048w\" sizes=\"auto, (max-width: 2560px) 100vw, 2560px\" \/><figcaption class=\"wp-element-caption\"><strong>Sem t\u00edtulo<\/strong>, 2018. T\u00e9cnica: Acr\u00edlica sobre tela. Dimens\u00f5es: 17 x 14,4cm<\/figcaption><\/figure>\n\n\n\n<figure class=\"wp-block-image size-large is-resized\"><img loading=\"lazy\" decoding=\"async\" width=\"1915\" height=\"2560\" src=\"https:\/\/www.ufpb.br\/pinacoteca2\/wp-content\/uploads\/sites\/79\/sites\/210\/2024\/10\/WhatsApp-Image-2024-07-11-at-09.05.03-1-edited-scaled.jpeg\" alt=\"\" class=\"wp-image-887\" style=\"width:575px;height:auto\" srcset=\"https:\/\/www.ufpb.br\/pinacoteca\/wp-content\/uploads\/sites\/79\/sites\/210\/2024\/10\/WhatsApp-Image-2024-07-11-at-09.05.03-1-edited-scaled.jpeg 1915w, https:\/\/www.ufpb.br\/pinacoteca\/wp-content\/uploads\/sites\/79\/sites\/210\/2024\/10\/WhatsApp-Image-2024-07-11-at-09.05.03-1-edited-224x300.jpeg 224w, https:\/\/www.ufpb.br\/pinacoteca\/wp-content\/uploads\/sites\/79\/sites\/210\/2024\/10\/WhatsApp-Image-2024-07-11-at-09.05.03-1-edited-766x1024.jpeg 766w, https:\/\/www.ufpb.br\/pinacoteca\/wp-content\/uploads\/sites\/79\/sites\/210\/2024\/10\/WhatsApp-Image-2024-07-11-at-09.05.03-1-edited-768x1027.jpeg 768w, https:\/\/www.ufpb.br\/pinacoteca\/wp-content\/uploads\/sites\/79\/sites\/210\/2024\/10\/WhatsApp-Image-2024-07-11-at-09.05.03-1-edited-1149x1536.jpeg 1149w, https:\/\/www.ufpb.br\/pinacoteca\/wp-content\/uploads\/sites\/79\/sites\/210\/2024\/10\/WhatsApp-Image-2024-07-11-at-09.05.03-1-edited-1532x2048.jpeg 1532w\" sizes=\"auto, (max-width: 1915px) 100vw, 1915px\" \/><figcaption class=\"wp-element-caption\"><strong>Sem t\u00edtulo<\/strong>, 2018. T\u00e9cnica: Acr\u00edlica sobre tela. Dimens\u00f5es: 14,3 x 17,5cm<\/figcaption><\/figure>\n\n\n\n<figure class=\"wp-block-image size-large is-resized\"><img loading=\"lazy\" decoding=\"async\" width=\"2560\" height=\"2560\" src=\"https:\/\/www.ufpb.br\/pinacoteca2\/wp-content\/uploads\/sites\/79\/sites\/210\/2024\/10\/WhatsApp-Image-2024-07-11-at-09.05.02-edited-scaled.jpeg\" alt=\"\" class=\"wp-image-889\" style=\"width:564px;height:auto\" srcset=\"https:\/\/www.ufpb.br\/pinacoteca\/wp-content\/uploads\/sites\/79\/sites\/210\/2024\/10\/WhatsApp-Image-2024-07-11-at-09.05.02-edited-scaled.jpeg 2560w, https:\/\/www.ufpb.br\/pinacoteca\/wp-content\/uploads\/sites\/79\/sites\/210\/2024\/10\/WhatsApp-Image-2024-07-11-at-09.05.02-edited-300x300.jpeg 300w, https:\/\/www.ufpb.br\/pinacoteca\/wp-content\/uploads\/sites\/79\/sites\/210\/2024\/10\/WhatsApp-Image-2024-07-11-at-09.05.02-edited-1024x1024.jpeg 1024w, https:\/\/www.ufpb.br\/pinacoteca\/wp-content\/uploads\/sites\/79\/sites\/210\/2024\/10\/WhatsApp-Image-2024-07-11-at-09.05.02-edited-150x150.jpeg 150w, https:\/\/www.ufpb.br\/pinacoteca\/wp-content\/uploads\/sites\/79\/sites\/210\/2024\/10\/WhatsApp-Image-2024-07-11-at-09.05.02-edited-768x768.jpeg 768w, https:\/\/www.ufpb.br\/pinacoteca\/wp-content\/uploads\/sites\/79\/sites\/210\/2024\/10\/WhatsApp-Image-2024-07-11-at-09.05.02-edited-1536x1536.jpeg 1536w, https:\/\/www.ufpb.br\/pinacoteca\/wp-content\/uploads\/sites\/79\/sites\/210\/2024\/10\/WhatsApp-Image-2024-07-11-at-09.05.02-edited-2048x2048.jpeg 2048w\" sizes=\"auto, (max-width: 2560px) 100vw, 2560px\" \/><figcaption class=\"wp-element-caption\"><strong>Sem t\u00edtulo<\/strong>, 2019. T\u00e9cnica: Acr\u00edlica sobre tela. Dimens\u00f5es: 17,5&#215;17,5cm<\/figcaption><\/figure>\n\n\n\n<figure class=\"wp-block-image size-large is-resized\"><img loading=\"lazy\" decoding=\"async\" width=\"2560\" height=\"2560\" src=\"https:\/\/www.ufpb.br\/pinacoteca2\/wp-content\/uploads\/sites\/79\/sites\/210\/2024\/10\/WhatsApp-Image-2024-07-11-at-09.05.02-1-edited-scaled.jpeg\" alt=\"\" class=\"wp-image-891\" style=\"width:560px;height:auto\" srcset=\"https:\/\/www.ufpb.br\/pinacoteca\/wp-content\/uploads\/sites\/79\/sites\/210\/2024\/10\/WhatsApp-Image-2024-07-11-at-09.05.02-1-edited-scaled.jpeg 2560w, https:\/\/www.ufpb.br\/pinacoteca\/wp-content\/uploads\/sites\/79\/sites\/210\/2024\/10\/WhatsApp-Image-2024-07-11-at-09.05.02-1-edited-300x300.jpeg 300w, https:\/\/www.ufpb.br\/pinacoteca\/wp-content\/uploads\/sites\/79\/sites\/210\/2024\/10\/WhatsApp-Image-2024-07-11-at-09.05.02-1-edited-1024x1024.jpeg 1024w, https:\/\/www.ufpb.br\/pinacoteca\/wp-content\/uploads\/sites\/79\/sites\/210\/2024\/10\/WhatsApp-Image-2024-07-11-at-09.05.02-1-edited-150x150.jpeg 150w, https:\/\/www.ufpb.br\/pinacoteca\/wp-content\/uploads\/sites\/79\/sites\/210\/2024\/10\/WhatsApp-Image-2024-07-11-at-09.05.02-1-edited-768x768.jpeg 768w, https:\/\/www.ufpb.br\/pinacoteca\/wp-content\/uploads\/sites\/79\/sites\/210\/2024\/10\/WhatsApp-Image-2024-07-11-at-09.05.02-1-edited-1536x1536.jpeg 1536w, https:\/\/www.ufpb.br\/pinacoteca\/wp-content\/uploads\/sites\/79\/sites\/210\/2024\/10\/WhatsApp-Image-2024-07-11-at-09.05.02-1-edited-2048x2048.jpeg 2048w\" sizes=\"auto, (max-width: 2560px) 100vw, 2560px\" \/><figcaption class=\"wp-element-caption\">&#8220;<strong>Andar dos Deuses<\/strong>&#8220;, 2017. T\u00e9cnica: Acr\u00edlica sobre tela. Dimens\u00f5es: 17,5 x 17,5cm<\/figcaption><\/figure>\n","protected":false},"excerpt":{"rendered":"<p>Guarabira &#8211; PB, 1974 &#8211; 2022 Madriano Basilio da Silva Alves nasceu em Guarabira, Para\u00edba. [&hellip;]<\/p>\n","protected":false},"author":143,"featured_media":0,"parent":71,"menu_order":0,"comment_status":"closed","ping_status":"closed","template":"","meta":{"footnotes":""},"class_list":["post-868","page","type-page","status-publish","hentry"],"_links":{"self":[{"href":"https:\/\/www.ufpb.br\/pinacoteca\/wp-json\/wp\/v2\/pages\/868","targetHints":{"allow":["GET"]}}],"collection":[{"href":"https:\/\/www.ufpb.br\/pinacoteca\/wp-json\/wp\/v2\/pages"}],"about":[{"href":"https:\/\/www.ufpb.br\/pinacoteca\/wp-json\/wp\/v2\/types\/page"}],"author":[{"embeddable":true,"href":"https:\/\/www.ufpb.br\/pinacoteca\/wp-json\/wp\/v2\/users\/143"}],"replies":[{"embeddable":true,"href":"https:\/\/www.ufpb.br\/pinacoteca\/wp-json\/wp\/v2\/comments?post=868"}],"version-history":[{"count":2,"href":"https:\/\/www.ufpb.br\/pinacoteca\/wp-json\/wp\/v2\/pages\/868\/revisions"}],"predecessor-version":[{"id":892,"href":"https:\/\/www.ufpb.br\/pinacoteca\/wp-json\/wp\/v2\/pages\/868\/revisions\/892"}],"up":[{"embeddable":true,"href":"https:\/\/www.ufpb.br\/pinacoteca\/wp-json\/wp\/v2\/pages\/71"}],"wp:attachment":[{"href":"https:\/\/www.ufpb.br\/pinacoteca\/wp-json\/wp\/v2\/media?parent=868"}],"curies":[{"name":"wp","href":"https:\/\/api.w.org\/{rel}","templated":true}]}}