{"id":88,"date":"2024-09-26T08:38:52","date_gmt":"2024-09-26T11:38:52","guid":{"rendered":"https:\/\/www.ufpb.br\/pinacoteca2\/?page_id=88"},"modified":"2026-04-06T10:50:31","modified_gmt":"2026-04-06T13:50:31","slug":"archidy-picado","status":"publish","type":"page","link":"https:\/\/www.ufpb.br\/pinacoteca\/acervo\/colecao-pinacoteca-ufpb\/archidy-picado\/","title":{"rendered":"Archidy Picado"},"content":{"rendered":"\n<hr class=\"wp-block-separator has-alpha-channel-opacity\" \/>\n\n\n\n<div style=\"height:30px\" aria-hidden=\"true\" class=\"wp-block-spacer\"><\/div>\n\n\n\n<p><strong>Petr\u00f3polis &#8211; RJ,&nbsp;1937-1985<\/strong><\/p>\n\n\n\n<p>O artista Archidy Picado foi uma das figuras centrais para a consolida\u00e7\u00e3o das artesvisuais modernas na Para\u00edba, destacando-se n\u00e3o apenas como pintor, mas tamb\u00e9mcomo poeta, cr\u00edtico de arte, professor e intelectual atuante. Nascido em Petr\u00f3polis(RJ), em 1937, e radicado em Jo\u00e3o Pessoa (PB), Picado teve uma forma\u00e7\u00e3o s\u00f3lida quetransitava entre literatura e artes visuais, o que influenciou diretamente o car\u00e1terinterdisciplinar de sua produ\u00e7\u00e3o art\u00edstica. Sua atua\u00e7\u00e3o foi decisiva nainstitucionaliza\u00e7\u00e3o do ensino de arte na regi\u00e3o, tendo participado da cria\u00e7\u00e3o do setorde artes pl\u00e1sticas da Universidade Federal da Para\u00edba, onde tamb\u00e9m lecionou.<\/p>\n\n\n\n<p>Para\u00edba Criativa<\/p>\n\n\n\n<p>No campo das artes visuais, Archidy Picado foi respons\u00e1vel por introduzir e difundir o expressionismo e outras tend\u00eancias modernas no contexto paraibano, contribuindo para a ruptura com modelos acad\u00eamicos tradicionais. Sua forma\u00e7\u00e3o incluiu experi\u00eancias no Museu de Arte Moderna do Rio de Janeiro, onde teve contato com importantes nomes da arte brasileira, o que ampliou seu repert\u00f3rio est\u00e9tico e conceitual. UFPB Suas obras s\u00e3o marcadas por uma forte carga expressiva, valorizando a subjetividade, a emo\u00e7\u00e3o e a liberdade formal, caracter\u00edsticas que dialogam diretamente com os princ\u00edpios da arte moderna.<\/p>\n\n\n\n<p>Al\u00e9m de sua produ\u00e7\u00e3o art\u00edstica, Picado teve papel fundamental na articula\u00e7\u00e3o do meio cultural local, sendo um dos respons\u00e1veis pela cria\u00e7\u00e3o da Sociedade Cultural Juvenil, iniciativa inovadora que promovia pr\u00e1ticas experimentais, como o ensino de desenho com modelo vivo. UFPB Essa atua\u00e7\u00e3o demonstra seu compromisso com a forma\u00e7\u00e3o de novos artistas e com a constru\u00e7\u00e3o de um ambiente art\u00edstico mais din\u00e2mico e aberto \u00e0 experimenta\u00e7\u00e3o. Sua influ\u00eancia ultrapassou o campo das artes visuais, alcan\u00e7ando tamb\u00e9m a literatura e o cinema, especialmente com produ\u00e7\u00f5es em Super-8, consolidando uma trajet\u00f3ria marcada pela diversidade de linguagens. Ap\u00f3s sua morte, em 1985, seu legado foi reconhecido de forma simb\u00f3lica e institucional com a cria\u00e7\u00e3o da Galeria Archidy Picado, importante espa\u00e7o cultural da Para\u00edba dedicado \u00e0 difus\u00e3o das artes visuais. Governo da Para\u00edba dessa forma, Archidy Picado permanece como uma refer\u00eancia fundamental para compreender os processos de moderniza\u00e7\u00e3o art\u00edstica no Nordeste brasileiro, sendo lembrado como um agente transformador que articulou produ\u00e7\u00e3o, ensino e cr\u00edtica em um mesmo projeto cultural.<\/p>\n\n\n\n<h2 class=\"wp-block-heading\"><div class=\"linha-header\">Obras:<\/div><\/h2>\n\n\n\n<figure class=\"wp-block-image size-full\"><img loading=\"lazy\" decoding=\"async\" width=\"524\" height=\"768\" src=\"https:\/\/www.ufpb.br\/pinacoteca2\/wp-content\/uploads\/sites\/79\/sites\/210\/2024\/10\/298fa9d5-8271-4387-aeb0-98cccb2b8c5c.jpeg\" alt=\"\" class=\"wp-image-621\" srcset=\"https:\/\/www.ufpb.br\/pinacoteca\/wp-content\/uploads\/sites\/79\/sites\/210\/2024\/10\/298fa9d5-8271-4387-aeb0-98cccb2b8c5c.jpeg 524w, https:\/\/www.ufpb.br\/pinacoteca\/wp-content\/uploads\/sites\/79\/sites\/210\/2024\/10\/298fa9d5-8271-4387-aeb0-98cccb2b8c5c-205x300.jpeg 205w\" sizes=\"auto, (max-width: 524px) 100vw, 524px\" \/><figcaption class=\"wp-element-caption\">Sem titulo, s\/d. T\u00e9cnica: \u00d3leo sobre tela. Dimens\u00f5es: 53&#215;36 cm. N\u00famero de registro: 023. Doa\u00e7\u00e3o do Artista. Foto: Maycon Albuquerque <\/figcaption><\/figure>\n","protected":false},"excerpt":{"rendered":"<p>Petr\u00f3polis &#8211; RJ,&nbsp;1937-1985 O artista Archidy Picado foi uma das figuras centrais para a consolida\u00e7\u00e3o [&hellip;]<\/p>\n","protected":false},"author":143,"featured_media":0,"parent":71,"menu_order":0,"comment_status":"closed","ping_status":"closed","template":"","meta":{"footnotes":""},"class_list":["post-88","page","type-page","status-publish","hentry"],"_links":{"self":[{"href":"https:\/\/www.ufpb.br\/pinacoteca\/wp-json\/wp\/v2\/pages\/88","targetHints":{"allow":["GET"]}}],"collection":[{"href":"https:\/\/www.ufpb.br\/pinacoteca\/wp-json\/wp\/v2\/pages"}],"about":[{"href":"https:\/\/www.ufpb.br\/pinacoteca\/wp-json\/wp\/v2\/types\/page"}],"author":[{"embeddable":true,"href":"https:\/\/www.ufpb.br\/pinacoteca\/wp-json\/wp\/v2\/users\/143"}],"replies":[{"embeddable":true,"href":"https:\/\/www.ufpb.br\/pinacoteca\/wp-json\/wp\/v2\/comments?post=88"}],"version-history":[{"count":6,"href":"https:\/\/www.ufpb.br\/pinacoteca\/wp-json\/wp\/v2\/pages\/88\/revisions"}],"predecessor-version":[{"id":4224,"href":"https:\/\/www.ufpb.br\/pinacoteca\/wp-json\/wp\/v2\/pages\/88\/revisions\/4224"}],"up":[{"embeddable":true,"href":"https:\/\/www.ufpb.br\/pinacoteca\/wp-json\/wp\/v2\/pages\/71"}],"wp:attachment":[{"href":"https:\/\/www.ufpb.br\/pinacoteca\/wp-json\/wp\/v2\/media?parent=88"}],"curies":[{"name":"wp","href":"https:\/\/api.w.org\/{rel}","templated":true}]}}