{"id":899,"date":"2024-10-09T11:17:03","date_gmt":"2024-10-09T14:17:03","guid":{"rendered":"https:\/\/www.ufpb.br\/pinacoteca2\/?page_id=899"},"modified":"2025-11-26T09:47:26","modified_gmt":"2025-11-26T12:47:26","slug":"amaro-borges","status":"publish","type":"page","link":"https:\/\/www.ufpb.br\/pinacoteca\/acervo\/colecao-pinacoteca-ufpb\/amaro-borges\/","title":{"rendered":"Amaro Borges"},"content":{"rendered":"\n<hr class=\"wp-block-separator has-alpha-channel-opacity\" \/>\n\n\n\n<div style=\"height:30px\" aria-hidden=\"true\" class=\"wp-block-spacer\"><\/div>\n\n\n\n<p>Amaro Francisco Borges, conhecido como Amaro Borges, nasceu em 12 de mar\u00e7o de 1939 no munic\u00edpio de Bezerros, em Pernambuco. Filho de uma fam\u00edlia humilde, trabalhou desde cedo no corte da palha da cana-de-a\u00e7\u00facar no Engenho Catende, atividade que exerceu entre os sete e os treze anos. Posteriormente, ajudava o irm\u00e3o J. Borges, tamb\u00e9m renomado xilogravador, na produ\u00e7\u00e3o de tijolos e cestos de cip\u00f3. Na juventude, mudou-se para Recife em busca de melhores condi\u00e7\u00f5es de vida e passou a trabalhar como pedreiro. Entretanto, desenvolveu uma forte alergia ao cimento, especialmente nas m\u00e3os, o que o obrigou a abandonar a profiss\u00e3o e retornar a Bezerros.<\/p>\n\n\n\n<p>De volta \u00e0 sua cidade natal, Amaro se aproximou do universo das artes populares e se dedicou \u00e0 xilogravura, produzindo um acervo de matrizes que hoje ultrapassa as duzentas pe\u00e7as. Sua obra \u00e9 marcada pela valoriza\u00e7\u00e3o da cultura nordestina, abordando temas como a seca, a luta dos retirantes, o sofrimento e a resist\u00eancia do povo do Sert\u00e3o. Suas xilogravuras, em grande parte em preto e branco, chamam a aten\u00e7\u00e3o pela simplicidade de tra\u00e7os e pelo impacto visual. Al\u00e9m do papel, o artista tamb\u00e9m imprime suas matrizes em tecidos de algod\u00e3o, tanto em vers\u00f5es monocrom\u00e1ticas quanto coloridas.<\/p>\n\n\n\n<p>O reconhecimento de sua trajet\u00f3ria o levou a atuar como assessor de arte popular sob Ariano Suassuna, durante a gest\u00e3o deste como Secret\u00e1rio de Cultura do Recife, entre 1994 e 1998. Atualmente, sua oficina em Bezerros mant\u00e9m viva a tradi\u00e7\u00e3o da xilogravura, consolidando-o como um dos grandes representantes da arte popular nordestina.<\/p>\n\n\n\n<div style=\"height:37px\" aria-hidden=\"true\" class=\"wp-block-spacer\"><\/div>\n\n\n\n<h4 class=\"wp-block-heading\">Obras:<\/h4>\n\n\n\n<figure class=\"wp-block-image size-large\"><img loading=\"lazy\" decoding=\"async\" width=\"1706\" height=\"2560\" src=\"https:\/\/www.ufpb.br\/pinacoteca2\/wp-content\/uploads\/sites\/79\/sites\/210\/2024\/10\/WhatsApp-Image-2024-07-11-at-09.05.03-2-edited-scaled.jpeg\" alt=\"\" class=\"wp-image-902\" srcset=\"https:\/\/www.ufpb.br\/pinacoteca\/wp-content\/uploads\/sites\/79\/sites\/210\/2024\/10\/WhatsApp-Image-2024-07-11-at-09.05.03-2-edited-scaled.jpeg 1706w, https:\/\/www.ufpb.br\/pinacoteca\/wp-content\/uploads\/sites\/79\/sites\/210\/2024\/10\/WhatsApp-Image-2024-07-11-at-09.05.03-2-edited-200x300.jpeg 200w, https:\/\/www.ufpb.br\/pinacoteca\/wp-content\/uploads\/sites\/79\/sites\/210\/2024\/10\/WhatsApp-Image-2024-07-11-at-09.05.03-2-edited-682x1024.jpeg 682w, https:\/\/www.ufpb.br\/pinacoteca\/wp-content\/uploads\/sites\/79\/sites\/210\/2024\/10\/WhatsApp-Image-2024-07-11-at-09.05.03-2-edited-768x1153.jpeg 768w, https:\/\/www.ufpb.br\/pinacoteca\/wp-content\/uploads\/sites\/79\/sites\/210\/2024\/10\/WhatsApp-Image-2024-07-11-at-09.05.03-2-edited-1023x1536.jpeg 1023w, https:\/\/www.ufpb.br\/pinacoteca\/wp-content\/uploads\/sites\/79\/sites\/210\/2024\/10\/WhatsApp-Image-2024-07-11-at-09.05.03-2-edited-1365x2048.jpeg 1365w\" sizes=\"auto, (max-width: 1706px) 100vw, 1706px\" \/><figcaption class=\"wp-element-caption\"><strong>Sem t\u00edtulo<\/strong>, 2019. T\u00e9cnica: Acr\u00edlica sobre tela. Dimens\u00f5es: 9,6 x 13cm<\/figcaption><\/figure>\n\n\n\n<div style=\"height:30px\" aria-hidden=\"true\" class=\"wp-block-spacer\"><\/div>\n","protected":false},"excerpt":{"rendered":"<p>Amaro Francisco Borges, conhecido como Amaro Borges, nasceu em 12 de mar\u00e7o de 1939 no [&hellip;]<\/p>\n","protected":false},"author":143,"featured_media":0,"parent":71,"menu_order":0,"comment_status":"closed","ping_status":"closed","template":"","meta":{"footnotes":""},"class_list":["post-899","page","type-page","status-publish","hentry"],"_links":{"self":[{"href":"https:\/\/www.ufpb.br\/pinacoteca\/wp-json\/wp\/v2\/pages\/899","targetHints":{"allow":["GET"]}}],"collection":[{"href":"https:\/\/www.ufpb.br\/pinacoteca\/wp-json\/wp\/v2\/pages"}],"about":[{"href":"https:\/\/www.ufpb.br\/pinacoteca\/wp-json\/wp\/v2\/types\/page"}],"author":[{"embeddable":true,"href":"https:\/\/www.ufpb.br\/pinacoteca\/wp-json\/wp\/v2\/users\/143"}],"replies":[{"embeddable":true,"href":"https:\/\/www.ufpb.br\/pinacoteca\/wp-json\/wp\/v2\/comments?post=899"}],"version-history":[{"count":5,"href":"https:\/\/www.ufpb.br\/pinacoteca\/wp-json\/wp\/v2\/pages\/899\/revisions"}],"predecessor-version":[{"id":3688,"href":"https:\/\/www.ufpb.br\/pinacoteca\/wp-json\/wp\/v2\/pages\/899\/revisions\/3688"}],"up":[{"embeddable":true,"href":"https:\/\/www.ufpb.br\/pinacoteca\/wp-json\/wp\/v2\/pages\/71"}],"wp:attachment":[{"href":"https:\/\/www.ufpb.br\/pinacoteca\/wp-json\/wp\/v2\/media?parent=899"}],"curies":[{"name":"wp","href":"https:\/\/api.w.org\/{rel}","templated":true}]}}