{"id":90,"date":"2024-09-26T08:40:28","date_gmt":"2024-09-26T11:40:28","guid":{"rendered":"https:\/\/www.ufpb.br\/pinacoteca2\/?page_id=90"},"modified":"2026-03-10T10:19:00","modified_gmt":"2026-03-10T13:19:00","slug":"astrid","status":"publish","type":"page","link":"https:\/\/www.ufpb.br\/pinacoteca\/acervo\/colecao-pinacoteca-ufpb\/astrid\/","title":{"rendered":"Astrid Linsenmayer"},"content":{"rendered":"\n<hr class=\"wp-block-separator has-alpha-channel-opacity\" \/>\n\n\n\n<div style=\"height:30px\" aria-hidden=\"true\" class=\"wp-block-spacer\"><\/div>\n\n\n\n<p><strong>Porto Alegre &#8211; RS, 1936<\/strong><\/p>\n\n\n\n<p>Astrid Linsenmayer come\u00e7ou a estudar artes com Vasco Prado em 1964. A artista visual utiliza diversas linguagens como escultura, pintura e cer\u00e2mica. Participa de mais de vinte e cinco exposi\u00e7\u00f5es individuais entre elas em 1973 na Liga de Fomento Punta del Este.<\/p>\n\n\n\n<div style=\"height:10px\" aria-hidden=\"true\" class=\"wp-block-spacer\"><\/div>\n\n\n\n<h2 class=\"wp-block-heading\"><div class=\"linha-header\">Obras:<\/div><\/h2>\n\n\n\n<figure class=\"wp-block-image size-full is-resized\"><img loading=\"lazy\" decoding=\"async\" width=\"510\" height=\"352\" src=\"https:\/\/www.ufpb.br\/pinacoteca2\/wp-content\/uploads\/sites\/79\/sites\/210\/2024\/10\/8b82068d-202d-4f2e-89c9-ac777cd8be8c.jpeg\" alt=\"\" class=\"wp-image-624\" style=\"width:740px;height:auto\" srcset=\"https:\/\/www.ufpb.br\/pinacoteca\/wp-content\/uploads\/sites\/79\/sites\/210\/2024\/10\/8b82068d-202d-4f2e-89c9-ac777cd8be8c.jpeg 510w, https:\/\/www.ufpb.br\/pinacoteca\/wp-content\/uploads\/sites\/79\/sites\/210\/2024\/10\/8b82068d-202d-4f2e-89c9-ac777cd8be8c-300x207.jpeg 300w\" sizes=\"auto, (max-width: 510px) 100vw, 510px\" \/><figcaption class=\"wp-element-caption\">Sem t\u00edtulo, 1985. T\u00e9cnica: nanquim sobre papel. Dimens\u00f5es: 33&#215;47,5 cm. Doa\u00e7\u00e3o Rosires Andrade.<\/figcaption><\/figure>\n\n\n\n<div style=\"height:30px\" aria-hidden=\"true\" class=\"wp-block-spacer\"><\/div>\n","protected":false},"excerpt":{"rendered":"<p>Porto Alegre &#8211; RS, 1936 Astrid Linsenmayer come\u00e7ou a estudar artes com Vasco Prado em [&hellip;]<\/p>\n","protected":false},"author":143,"featured_media":0,"parent":71,"menu_order":0,"comment_status":"closed","ping_status":"closed","template":"","meta":{"footnotes":""},"class_list":["post-90","page","type-page","status-publish","hentry"],"_links":{"self":[{"href":"https:\/\/www.ufpb.br\/pinacoteca\/wp-json\/wp\/v2\/pages\/90","targetHints":{"allow":["GET"]}}],"collection":[{"href":"https:\/\/www.ufpb.br\/pinacoteca\/wp-json\/wp\/v2\/pages"}],"about":[{"href":"https:\/\/www.ufpb.br\/pinacoteca\/wp-json\/wp\/v2\/types\/page"}],"author":[{"embeddable":true,"href":"https:\/\/www.ufpb.br\/pinacoteca\/wp-json\/wp\/v2\/users\/143"}],"replies":[{"embeddable":true,"href":"https:\/\/www.ufpb.br\/pinacoteca\/wp-json\/wp\/v2\/comments?post=90"}],"version-history":[{"count":9,"href":"https:\/\/www.ufpb.br\/pinacoteca\/wp-json\/wp\/v2\/pages\/90\/revisions"}],"predecessor-version":[{"id":3858,"href":"https:\/\/www.ufpb.br\/pinacoteca\/wp-json\/wp\/v2\/pages\/90\/revisions\/3858"}],"up":[{"embeddable":true,"href":"https:\/\/www.ufpb.br\/pinacoteca\/wp-json\/wp\/v2\/pages\/71"}],"wp:attachment":[{"href":"https:\/\/www.ufpb.br\/pinacoteca\/wp-json\/wp\/v2\/media?parent=90"}],"curies":[{"name":"wp","href":"https:\/\/api.w.org\/{rel}","templated":true}]}}