{"id":908,"date":"2024-10-09T11:25:47","date_gmt":"2024-10-09T14:25:47","guid":{"rendered":"https:\/\/www.ufpb.br\/pinacoteca2\/?page_id=908"},"modified":"2024-10-09T11:25:47","modified_gmt":"2024-10-09T14:25:47","slug":"luiza-morgado","status":"publish","type":"page","link":"https:\/\/www.ufpb.br\/pinacoteca\/acervo\/colecao-pinacoteca-ufpb\/luiza-morgado\/","title":{"rendered":"Luiza Morgado"},"content":{"rendered":"\n<p><strong>Recife &#8211; PE, 1991<\/strong><\/p>\n\n\n\n<p>Luiza Morgado sempre desenhou, mas s\u00f3 come\u00e7ou a levar isso a s\u00e9rio depois de ser m\u00e3e, acompanhando as garatujas da filha com desenhos livres. Usa a arte como ferramenta pol\u00edtica e po\u00e9tica, colocando em di\u00e1logo processos internos e externos. Formada em Letras (UFPE) e atualmente terminando Artes Visuais (IFPE), ela descobriu na gravura uma identifica\u00e7\u00e3o que sentia falta em outras t\u00e9cnicas. Hoje em dia, integra a Gr\u00e1fica Lenta e o Coletivo Gravos.<\/p>\n\n\n\n<p><\/p>\n\n\n\n<h4 class=\"wp-block-heading\">Obras<\/h4>\n\n\n\n<figure class=\"wp-block-image size-large is-resized\"><img loading=\"lazy\" decoding=\"async\" width=\"831\" height=\"1024\" src=\"https:\/\/www.ufpb.br\/pinacoteca2\/wp-content\/uploads\/sites\/79\/sites\/210\/2024\/10\/WhatsApp-Image-2024-07-10-at-08.39.41-831x1024.jpeg\" alt=\"\" class=\"wp-image-910\" style=\"width:682px;height:auto\" srcset=\"https:\/\/www.ufpb.br\/pinacoteca\/wp-content\/uploads\/sites\/79\/sites\/210\/2024\/10\/WhatsApp-Image-2024-07-10-at-08.39.41-831x1024.jpeg 831w, https:\/\/www.ufpb.br\/pinacoteca\/wp-content\/uploads\/sites\/79\/sites\/210\/2024\/10\/WhatsApp-Image-2024-07-10-at-08.39.41-244x300.jpeg 244w, https:\/\/www.ufpb.br\/pinacoteca\/wp-content\/uploads\/sites\/79\/sites\/210\/2024\/10\/WhatsApp-Image-2024-07-10-at-08.39.41-768x946.jpeg 768w, https:\/\/www.ufpb.br\/pinacoteca\/wp-content\/uploads\/sites\/79\/sites\/210\/2024\/10\/WhatsApp-Image-2024-07-10-at-08.39.41-1247x1536.jpeg 1247w, https:\/\/www.ufpb.br\/pinacoteca\/wp-content\/uploads\/sites\/79\/sites\/210\/2024\/10\/WhatsApp-Image-2024-07-10-at-08.39.41-1662x2048.jpeg 1662w\" sizes=\"auto, (max-width: 831px) 100vw, 831px\" \/><figcaption class=\"wp-element-caption\">&#8220;<strong>Saideira<\/strong>&#8220;, s\/d. T\u00e9cnica: Litogravura. Dimens\u00f5es: 21 x 25cm<\/figcaption><\/figure>\n","protected":false},"excerpt":{"rendered":"<p>Recife &#8211; PE, 1991 Luiza Morgado sempre desenhou, mas s\u00f3 come\u00e7ou a levar isso a [&hellip;]<\/p>\n","protected":false},"author":143,"featured_media":0,"parent":71,"menu_order":0,"comment_status":"closed","ping_status":"closed","template":"","meta":{"footnotes":""},"class_list":["post-908","page","type-page","status-publish","hentry"],"_links":{"self":[{"href":"https:\/\/www.ufpb.br\/pinacoteca\/wp-json\/wp\/v2\/pages\/908","targetHints":{"allow":["GET"]}}],"collection":[{"href":"https:\/\/www.ufpb.br\/pinacoteca\/wp-json\/wp\/v2\/pages"}],"about":[{"href":"https:\/\/www.ufpb.br\/pinacoteca\/wp-json\/wp\/v2\/types\/page"}],"author":[{"embeddable":true,"href":"https:\/\/www.ufpb.br\/pinacoteca\/wp-json\/wp\/v2\/users\/143"}],"replies":[{"embeddable":true,"href":"https:\/\/www.ufpb.br\/pinacoteca\/wp-json\/wp\/v2\/comments?post=908"}],"version-history":[{"count":2,"href":"https:\/\/www.ufpb.br\/pinacoteca\/wp-json\/wp\/v2\/pages\/908\/revisions"}],"predecessor-version":[{"id":911,"href":"https:\/\/www.ufpb.br\/pinacoteca\/wp-json\/wp\/v2\/pages\/908\/revisions\/911"}],"up":[{"embeddable":true,"href":"https:\/\/www.ufpb.br\/pinacoteca\/wp-json\/wp\/v2\/pages\/71"}],"wp:attachment":[{"href":"https:\/\/www.ufpb.br\/pinacoteca\/wp-json\/wp\/v2\/media?parent=908"}],"curies":[{"name":"wp","href":"https:\/\/api.w.org\/{rel}","templated":true}]}}