{"id":92,"date":"2024-09-26T08:40:43","date_gmt":"2024-09-26T11:40:43","guid":{"rendered":"https:\/\/www.ufpb.br\/pinacoteca2\/?page_id=92"},"modified":"2025-06-13T11:01:29","modified_gmt":"2025-06-13T14:01:29","slug":"aurora-caballero","status":"publish","type":"page","link":"https:\/\/www.ufpb.br\/pinacoteca\/acervo\/colecao-pinacoteca-ufpb\/aurora-caballero\/","title":{"rendered":"Aurora Caballero"},"content":{"rendered":"\n<hr class=\"wp-block-separator has-alpha-channel-opacity\" \/>\n\n\n\n<div style=\"height:30px\" aria-hidden=\"true\" class=\"wp-block-spacer\"><\/div>\n\n\n\n<p><strong>Jo\u00e3o Pessoa &#8211; PB, 1992.<\/strong><\/p>\n\n\n\n<p>Aurora Caballero \u00e9 bacharela em Artes Visuais pela UFPB. A artista faz uso de diversas linguagens como pintura, gravura e v\u00eddeo. Estudou biologia, n\u00e3o conclui o curso mas segue empregando a natureza em&nbsp;&nbsp;suas produ\u00e7\u00f5es, com seres h\u00edbridos desfrutando de formas e texturas. A subjetividade do imagin\u00e1rio possibilita a elabora\u00e7\u00e3o de outros seres que ainda n\u00e3o foram descobertos ou n\u00e3o existem.<\/p>\n\n\n\n<h2 class=\"wp-block-heading\"><div class=\"linha-header\">Obras:<\/div><\/h2>\n\n\n\n<figure class=\"wp-block-image size-full\"><img loading=\"lazy\" decoding=\"async\" width=\"419\" height=\"510\" src=\"https:\/\/www.ufpb.br\/pinacoteca2\/wp-content\/uploads\/sites\/79\/sites\/210\/2024\/10\/f13100ec-a407-47ef-a715-0db189fb9309-1.jpeg\" alt=\"\" class=\"wp-image-629\" srcset=\"https:\/\/www.ufpb.br\/pinacoteca\/wp-content\/uploads\/sites\/79\/sites\/210\/2024\/10\/f13100ec-a407-47ef-a715-0db189fb9309-1.jpeg 419w, https:\/\/www.ufpb.br\/pinacoteca\/wp-content\/uploads\/sites\/79\/sites\/210\/2024\/10\/f13100ec-a407-47ef-a715-0db189fb9309-1-246x300.jpeg 246w\" sizes=\"auto, (max-width: 419px) 100vw, 419px\" \/><figcaption class=\"wp-element-caption\">Sem t\u00edtulo, 2019.<strong> <\/strong>T\u00e9cnica: acr\u00edlica sobre tecido. Dimens\u00f5es: 85&#215;68 cm. Doa\u00e7\u00e3o da artista. Foto: Roberto Bezerra.<\/figcaption><\/figure>\n\n\n\n<div style=\"height:30px\" aria-hidden=\"true\" class=\"wp-block-spacer\"><\/div>\n\n\n\n<figure class=\"wp-block-image size-full\"><img loading=\"lazy\" decoding=\"async\" width=\"425\" height=\"511\" src=\"https:\/\/www.ufpb.br\/pinacoteca2\/wp-content\/uploads\/sites\/79\/sites\/210\/2024\/10\/398bdacf-d110-49a4-8fdb-9ea100fbc18d.jpeg\" alt=\"\" class=\"wp-image-631\" srcset=\"https:\/\/www.ufpb.br\/pinacoteca\/wp-content\/uploads\/sites\/79\/sites\/210\/2024\/10\/398bdacf-d110-49a4-8fdb-9ea100fbc18d.jpeg 425w, https:\/\/www.ufpb.br\/pinacoteca\/wp-content\/uploads\/sites\/79\/sites\/210\/2024\/10\/398bdacf-d110-49a4-8fdb-9ea100fbc18d-250x300.jpeg 250w\" sizes=\"auto, (max-width: 425px) 100vw, 425px\" \/><figcaption class=\"wp-element-caption\">Sem t\u00edtulo, 2019. T\u00e9cnica: acr\u00edlica sobre tecido. Dimens\u00f5es: 85x65cm. Doa\u00e7\u00e3o da artista. Foto: Roberto Bezerra.<\/figcaption><\/figure>\n\n\n\n<div style=\"height:30px\" aria-hidden=\"true\" class=\"wp-block-spacer\"><\/div>\n","protected":false},"excerpt":{"rendered":"<p>Jo\u00e3o Pessoa &#8211; PB, 1992. Aurora Caballero \u00e9 bacharela em Artes Visuais pela UFPB. A [&hellip;]<\/p>\n","protected":false},"author":143,"featured_media":0,"parent":71,"menu_order":0,"comment_status":"closed","ping_status":"closed","template":"","meta":{"footnotes":""},"class_list":["post-92","page","type-page","status-publish","hentry"],"_links":{"self":[{"href":"https:\/\/www.ufpb.br\/pinacoteca\/wp-json\/wp\/v2\/pages\/92","targetHints":{"allow":["GET"]}}],"collection":[{"href":"https:\/\/www.ufpb.br\/pinacoteca\/wp-json\/wp\/v2\/pages"}],"about":[{"href":"https:\/\/www.ufpb.br\/pinacoteca\/wp-json\/wp\/v2\/types\/page"}],"author":[{"embeddable":true,"href":"https:\/\/www.ufpb.br\/pinacoteca\/wp-json\/wp\/v2\/users\/143"}],"replies":[{"embeddable":true,"href":"https:\/\/www.ufpb.br\/pinacoteca\/wp-json\/wp\/v2\/comments?post=92"}],"version-history":[{"count":8,"href":"https:\/\/www.ufpb.br\/pinacoteca\/wp-json\/wp\/v2\/pages\/92\/revisions"}],"predecessor-version":[{"id":3174,"href":"https:\/\/www.ufpb.br\/pinacoteca\/wp-json\/wp\/v2\/pages\/92\/revisions\/3174"}],"up":[{"embeddable":true,"href":"https:\/\/www.ufpb.br\/pinacoteca\/wp-json\/wp\/v2\/pages\/71"}],"wp:attachment":[{"href":"https:\/\/www.ufpb.br\/pinacoteca\/wp-json\/wp\/v2\/media?parent=92"}],"curies":[{"name":"wp","href":"https:\/\/api.w.org\/{rel}","templated":true}]}}