{"id":926,"date":"2024-10-10T09:56:25","date_gmt":"2024-10-10T12:56:25","guid":{"rendered":"https:\/\/www.ufpb.br\/pinacoteca2\/?page_id=926"},"modified":"2026-04-06T09:02:57","modified_gmt":"2026-04-06T12:02:57","slug":"robson-xavier","status":"publish","type":"page","link":"https:\/\/www.ufpb.br\/pinacoteca\/acervo\/colecao-pinacoteca-ufpb\/robson-xavier\/","title":{"rendered":"Robson Xavier"},"content":{"rendered":"\n<hr class=\"wp-block-separator has-alpha-channel-opacity\" \/>\n\n\n\n<p><\/p>\n\n\n\n<p>Natural de Patos-PB (1970), vive e trabalha atualmente em Jo\u00e3o Pessoa, o artista paraibano segue atuando como professor no curso de artes visuais na Universidade Federal da Para\u00edba e como arte educador. Possui uma longa trajet\u00f3ria de forma\u00e7\u00f5es em diferentes \u00e1reas dentro e fora da Para\u00edba que se inicia pela sua gradua\u00e7\u00e3o em Educa\u00e7\u00e3o Art\u00edstica pela UFPB (1993) e especializa\u00e7\u00f5es em Educa\u00e7\u00e3o Especial (1995), Sociologia (1997), Especializa\u00e7\u00e3o em Educa\u00e7\u00e3o e Tecnologias da Informa\u00e7\u00e3o e Comunica\u00e7\u00e3o (2004). Al\u00e9m disso, seguiu com outras forma\u00e7\u00f5es acad\u00eamicas dentro e fora da UFPB como Aperfei\u00e7oamento em Forma\u00e7\u00e3o em Arteterapia no Rio de Janeiro (2003), mestrado em Hist\u00f3ria pela UFPB (2005), p\u00f3s-gradua\u00e7\u00e3o pela USP em S\u00e3o Paulo (2015). Sua trajet\u00f3ria na forma\u00e7\u00e3o termina com gradua\u00e7\u00e3o em Museologia pela Uniasselvi Famesul (2022) e Especializa\u00e7\u00e3o em andamento em MBA em CURADORIA, MUSEOLOGIA E GEST\u00c3O DE EXPOSI\u00c7\u00d5ES pela Universidade Est\u00e1cio de S\u00e1 (2025).<\/p>\n\n\n\n<p><br>Durante sua trajet\u00f3ria, ocupou cargos dentro e fora do Campus Acad\u00eamico como coordenador da Pinacoteca UFPB entre 2015-2017, coordenador da Galeria Lavandeira no CCTA\/ UFPB entre 2022-2023. Al\u00e9m de Membro da Associa\u00e7\u00e3o Nacional de Pesquisadores em Artes Pl\u00e1sticas &#8211; ANPAP, foi presidente na gest\u00e3o entre 2021-2022 e vice-Presidente Gest\u00e3o entre 2023-2024, como vice-presidente entre 2021-2022 como s\u00f3cio fundador da Associa\u00e7\u00e3o de Arteterapia da Para\u00edba e como presidente entre 2023-2025. Ocupou lugar como membro do conselho curatorial do Museu de Arte Moderna Alo\u00edsio Magalh\u00e3es (MAMAM &#8211; Recife PE), membro da International Association of Art Critics (AICA), membro da Associa\u00e7\u00e3o Brasileira de Cr\u00edticos de Arte (ABCA) al\u00e9m de ser o criador e coordenador do Laborat\u00f3rio de Artes Visuais Aplicadas e Integrativas (LAVAIs) CCTA\/UFPB e criador e l\u00edder do Grupo de Pesquisa em Arte, Museus e Inclus\u00e3o (AMI). Sua trajet\u00f3ria art\u00edstica come\u00e7a a se desenvolver no final de 1980 com as pinturas e desenhos que tinha forte influ\u00eancia da arte popular paraibana enquanto ainda residia no sert\u00e3o paraibano antes de sua chegada em Jo\u00e3o Pessoa, utilizando de materiais e t\u00e9cnicas mistas, o artista retrata temas de diversidade de g\u00eanero e quest\u00f5es pol\u00edticas que aparecem em publica\u00e7\u00f5es na internet e redes sociais juntamente ao seu imagin\u00e1rio nordestino que s\u00e3o trabalhadas usando a t\u00e9cnica do positivo\/negativo. Entre 1988 a 2004 atual como arte educador em diversas escolas p\u00fablicas e privadas na capital de Jo\u00e3o Pessoa, lecionando artes visuais da Educa\u00e7\u00e3o Infantil ao Ensino M\u00e9dio, conquistando um pr\u00eamio no ano de 1993, em primeiro lugar, na Categoria Ensino Fundamental, com o Pr\u00eamio Arte na Escola Cidad\u00e3, do Instituto Arte na<br>Escola, S\u00e3o Paulo.<\/p>\n\n\n\n<p><br>Al\u00e9m de ter escrito livros como &#8220;pesquisa em artes visuais: di\u00e1logos internacionais&#8221; (2020); &#8220;Arte e Diversidade&#8221; (2018), \u201cPesquisas e Metodologias em Artes Visuais\u201d (2014), \u201cArteterapia &amp; Educa\u00e7\u00e3o Inclusiva\u201d (2010) e autor de diversos artigos sobre artes visuais publicados em peri\u00f3dicos nacionais e internacionais, o artista se tornou conhecido por exposi\u00e7\u00f5es individuais como na Galeria da Caixa Cultural de Jo\u00e3o Pessoa (1999), Casa da P\u00f3lvora (2023), Galeria Hermano Jos\u00e9 (1988), al\u00e9m de em outros estados como Universidade Regional do Cariri (URCA) no Cear\u00e1 (2022), na Galeria Capibaribe na Universidade Federal de Pernambuco\/ UFPE (2019) al\u00e9m de outras exposi\u00e7\u00f5es individuais e coletivas.<\/p>\n\n\n\n<div style=\"height:17px\" aria-hidden=\"true\" class=\"wp-block-spacer\"><\/div>\n\n\n\n<h4 class=\"wp-block-heading\">Obras<\/h4>\n\n\n\n<figure class=\"wp-block-image size-large is-resized\"><img loading=\"lazy\" decoding=\"async\" width=\"1013\" height=\"1024\" src=\"https:\/\/www.ufpb.br\/pinacoteca2\/wp-content\/uploads\/sites\/79\/sites\/210\/2024\/10\/Paraiso-I-Robson-Xavier-1013x1024.png\" alt=\"\" class=\"wp-image-937\" style=\"width:740px;height:auto\" srcset=\"https:\/\/www.ufpb.br\/pinacoteca\/wp-content\/uploads\/sites\/79\/sites\/210\/2024\/10\/Paraiso-I-Robson-Xavier-1013x1024.png 1013w, https:\/\/www.ufpb.br\/pinacoteca\/wp-content\/uploads\/sites\/79\/sites\/210\/2024\/10\/Paraiso-I-Robson-Xavier-297x300.png 297w, https:\/\/www.ufpb.br\/pinacoteca\/wp-content\/uploads\/sites\/79\/sites\/210\/2024\/10\/Paraiso-I-Robson-Xavier-768x776.png 768w, https:\/\/www.ufpb.br\/pinacoteca\/wp-content\/uploads\/sites\/79\/sites\/210\/2024\/10\/Paraiso-I-Robson-Xavier-1520x1536.png 1520w, https:\/\/www.ufpb.br\/pinacoteca\/wp-content\/uploads\/sites\/79\/sites\/210\/2024\/10\/Paraiso-I-Robson-Xavier-2026x2048.png 2026w\" sizes=\"auto, (max-width: 1013px) 100vw, 1013px\" \/><figcaption class=\"wp-element-caption\">&#8220;<strong>Para\u00edso I<\/strong>&#8221; (S\u00e9rie Derivas), 2023. T\u00e9cnica: Acr\u00edlica s\/tela. Dimens\u00f5es: 80 x 70cm<\/figcaption><\/figure>\n\n\n\n<figure class=\"wp-block-image size-full\"><img loading=\"lazy\" decoding=\"async\" width=\"586\" height=\"768\" src=\"https:\/\/www.ufpb.br\/pinacoteca2\/wp-content\/uploads\/sites\/79\/sites\/210\/2024\/10\/robson-xavier-no-topo.jpeg\" alt=\"\" class=\"wp-image-955\" srcset=\"https:\/\/www.ufpb.br\/pinacoteca\/wp-content\/uploads\/sites\/79\/sites\/210\/2024\/10\/robson-xavier-no-topo.jpeg 586w, https:\/\/www.ufpb.br\/pinacoteca\/wp-content\/uploads\/sites\/79\/sites\/210\/2024\/10\/robson-xavier-no-topo-229x300.jpeg 229w\" sizes=\"auto, (max-width: 586px) 100vw, 586px\" \/><figcaption class=\"wp-element-caption\">&#8220;<strong>No Topo<\/strong>&#8221; (S\u00e9rie Derivas), 2023. T\u00e9cnica: Acr\u00edlica s\/tela. Dimens\u00f5es: 70x50cm<\/figcaption><\/figure>\n\n\n\n<figure class=\"wp-block-image size-large\"><img loading=\"lazy\" decoding=\"async\" width=\"1024\" height=\"767\" src=\"https:\/\/www.ufpb.br\/pinacoteca2\/wp-content\/uploads\/sites\/79\/sites\/210\/2024\/10\/robson-xavier-a-fuga-1024x767.jpeg\" alt=\"\" class=\"wp-image-941\" srcset=\"https:\/\/www.ufpb.br\/pinacoteca\/wp-content\/uploads\/sites\/79\/sites\/210\/2024\/10\/robson-xavier-a-fuga-1024x767.jpeg 1024w, https:\/\/www.ufpb.br\/pinacoteca\/wp-content\/uploads\/sites\/79\/sites\/210\/2024\/10\/robson-xavier-a-fuga-300x225.jpeg 300w, https:\/\/www.ufpb.br\/pinacoteca\/wp-content\/uploads\/sites\/79\/sites\/210\/2024\/10\/robson-xavier-a-fuga-768x575.jpeg 768w, https:\/\/www.ufpb.br\/pinacoteca\/wp-content\/uploads\/sites\/79\/sites\/210\/2024\/10\/robson-xavier-a-fuga-1536x1150.jpeg 1536w, https:\/\/www.ufpb.br\/pinacoteca\/wp-content\/uploads\/sites\/79\/sites\/210\/2024\/10\/robson-xavier-a-fuga-2048x1533.jpeg 2048w\" sizes=\"auto, (max-width: 1024px) 100vw, 1024px\" \/><figcaption class=\"wp-element-caption\">&#8220;<strong>A Fuga<\/strong>&#8221; (S\u00e9rie Aquarelas), 2022. T\u00e9cnica: Aquarela s\/papel aquarel\u00e1vel. Dimens\u00f5es: 41 x 29cm<\/figcaption><\/figure>\n\n\n\n<figure class=\"wp-block-image size-large\"><img loading=\"lazy\" decoding=\"async\" width=\"1024\" height=\"767\" src=\"https:\/\/www.ufpb.br\/pinacoteca2\/wp-content\/uploads\/sites\/79\/sites\/210\/2024\/10\/robson-xavier-lancar-1024x767.jpeg\" alt=\"\" class=\"wp-image-946\" srcset=\"https:\/\/www.ufpb.br\/pinacoteca\/wp-content\/uploads\/sites\/79\/sites\/210\/2024\/10\/robson-xavier-lancar-1024x767.jpeg 1024w, https:\/\/www.ufpb.br\/pinacoteca\/wp-content\/uploads\/sites\/79\/sites\/210\/2024\/10\/robson-xavier-lancar-300x225.jpeg 300w, https:\/\/www.ufpb.br\/pinacoteca\/wp-content\/uploads\/sites\/79\/sites\/210\/2024\/10\/robson-xavier-lancar-768x575.jpeg 768w, https:\/\/www.ufpb.br\/pinacoteca\/wp-content\/uploads\/sites\/79\/sites\/210\/2024\/10\/robson-xavier-lancar-1536x1150.jpeg 1536w, https:\/\/www.ufpb.br\/pinacoteca\/wp-content\/uploads\/sites\/79\/sites\/210\/2024\/10\/robson-xavier-lancar-2048x1533.jpeg 2048w\" sizes=\"auto, (max-width: 1024px) 100vw, 1024px\" \/><figcaption class=\"wp-element-caption\">&#8220;<strong>Lan\u00e7ar<\/strong>&#8221; (S\u00e9rie Aquarelas), 2022. T\u00e9cnica: Aquarela s\/papel aquarel\u00e1vel. Dimens\u00f5es: 41 x 29cm<\/figcaption><\/figure>\n\n\n\n<figure class=\"wp-block-image size-large\"><img loading=\"lazy\" decoding=\"async\" width=\"1024\" height=\"767\" src=\"https:\/\/www.ufpb.br\/pinacoteca2\/wp-content\/uploads\/sites\/79\/sites\/210\/2024\/10\/robson-xavier-oi-1024x767.jpeg\" alt=\"\" class=\"wp-image-948\" srcset=\"https:\/\/www.ufpb.br\/pinacoteca\/wp-content\/uploads\/sites\/79\/sites\/210\/2024\/10\/robson-xavier-oi-1024x767.jpeg 1024w, https:\/\/www.ufpb.br\/pinacoteca\/wp-content\/uploads\/sites\/79\/sites\/210\/2024\/10\/robson-xavier-oi-300x225.jpeg 300w, https:\/\/www.ufpb.br\/pinacoteca\/wp-content\/uploads\/sites\/79\/sites\/210\/2024\/10\/robson-xavier-oi-768x575.jpeg 768w, https:\/\/www.ufpb.br\/pinacoteca\/wp-content\/uploads\/sites\/79\/sites\/210\/2024\/10\/robson-xavier-oi-1536x1150.jpeg 1536w, https:\/\/www.ufpb.br\/pinacoteca\/wp-content\/uploads\/sites\/79\/sites\/210\/2024\/10\/robson-xavier-oi-2048x1533.jpeg 2048w\" sizes=\"auto, (max-width: 1024px) 100vw, 1024px\" \/><figcaption class=\"wp-element-caption\">&#8220;<strong>Oi<\/strong>&#8221; (S\u00e9rie Aquarelas), 2022. T\u00e9cnica: Aquarela s\/papel aquarel\u00e1vel. Dimens\u00f5es: 41 x 29cm<\/figcaption><\/figure>\n\n\n\n<figure class=\"wp-block-image size-large\"><img loading=\"lazy\" decoding=\"async\" width=\"1024\" height=\"767\" src=\"https:\/\/www.ufpb.br\/pinacoteca2\/wp-content\/uploads\/sites\/79\/sites\/210\/2024\/10\/robson-xavier-pose-1024x767.jpeg\" alt=\"\" class=\"wp-image-950\" srcset=\"https:\/\/www.ufpb.br\/pinacoteca\/wp-content\/uploads\/sites\/79\/sites\/210\/2024\/10\/robson-xavier-pose-1024x767.jpeg 1024w, https:\/\/www.ufpb.br\/pinacoteca\/wp-content\/uploads\/sites\/79\/sites\/210\/2024\/10\/robson-xavier-pose-300x225.jpeg 300w, https:\/\/www.ufpb.br\/pinacoteca\/wp-content\/uploads\/sites\/79\/sites\/210\/2024\/10\/robson-xavier-pose-768x575.jpeg 768w, https:\/\/www.ufpb.br\/pinacoteca\/wp-content\/uploads\/sites\/79\/sites\/210\/2024\/10\/robson-xavier-pose-1536x1150.jpeg 1536w, https:\/\/www.ufpb.br\/pinacoteca\/wp-content\/uploads\/sites\/79\/sites\/210\/2024\/10\/robson-xavier-pose-2048x1533.jpeg 2048w\" sizes=\"auto, (max-width: 1024px) 100vw, 1024px\" \/><figcaption class=\"wp-element-caption\">&#8220;<strong>Pose<\/strong>&#8221; (S\u00e9rie Aquarelas), 2022. T\u00e9cnica: Aquarela s\/papel aquarel\u00e1vel. Dimens\u00f5es: 41 x 29cm<\/figcaption><\/figure>\n","protected":false},"excerpt":{"rendered":"<p>Natural de Patos-PB (1970), vive e trabalha atualmente em Jo\u00e3o Pessoa, o artista paraibano segue [&hellip;]<\/p>\n","protected":false},"author":143,"featured_media":0,"parent":71,"menu_order":0,"comment_status":"closed","ping_status":"closed","template":"","meta":{"footnotes":""},"class_list":["post-926","page","type-page","status-publish","hentry"],"_links":{"self":[{"href":"https:\/\/www.ufpb.br\/pinacoteca\/wp-json\/wp\/v2\/pages\/926","targetHints":{"allow":["GET"]}}],"collection":[{"href":"https:\/\/www.ufpb.br\/pinacoteca\/wp-json\/wp\/v2\/pages"}],"about":[{"href":"https:\/\/www.ufpb.br\/pinacoteca\/wp-json\/wp\/v2\/types\/page"}],"author":[{"embeddable":true,"href":"https:\/\/www.ufpb.br\/pinacoteca\/wp-json\/wp\/v2\/users\/143"}],"replies":[{"embeddable":true,"href":"https:\/\/www.ufpb.br\/pinacoteca\/wp-json\/wp\/v2\/comments?post=926"}],"version-history":[{"count":3,"href":"https:\/\/www.ufpb.br\/pinacoteca\/wp-json\/wp\/v2\/pages\/926\/revisions"}],"predecessor-version":[{"id":4185,"href":"https:\/\/www.ufpb.br\/pinacoteca\/wp-json\/wp\/v2\/pages\/926\/revisions\/4185"}],"up":[{"embeddable":true,"href":"https:\/\/www.ufpb.br\/pinacoteca\/wp-json\/wp\/v2\/pages\/71"}],"wp:attachment":[{"href":"https:\/\/www.ufpb.br\/pinacoteca\/wp-json\/wp\/v2\/media?parent=926"}],"curies":[{"name":"wp","href":"https:\/\/api.w.org\/{rel}","templated":true}]}}